{"id":99122,"date":"2026-04-15T10:27:24","date_gmt":"2026-04-15T08:27:25","guid":{"rendered":"https:\/\/www.refrigerantboys.com\/?post_type=product&#038;p=99122"},"modified":"2026-04-15T11:43:48","modified_gmt":"2026-04-15T09:43:48","slug":"bouteille-de-gaz-refrigerant-r1234yf-de-2-kg-vanne-1-2-acme-gauche-certifiee-t-ped","status":"publish","type":"product","link":"https:\/\/www.refrigerantboys.com\/fr\/acheter\/fluides-frigorigenes\/r1234yf\/bouteille-de-gaz-refrigerant-r1234yf-de-2-kg-vanne-1-2-acme-gauche-certifiee-t-ped\/","title":{"rendered":"Bouteille de Gaz R\u00e9frig\u00e9rant R1234yf de 2 kg \u2013 Vanne 1\/2&#8243; ACME Gauche (Certifi\u00e9e T-PED)"},"content":{"rendered":"<p data-path-to-node=\"11\">Cette bouteille de gaz <b data-path-to-node=\"11\" data-index-in-node=\"344\">R1234yf<\/b> est con\u00e7ue pour les v\u00e9hicules homologu\u00e9s apr\u00e8s 2011, respectant les normes \u00e9cologiques (<span class=\"math-inline\" data-math=\"GWP &lt; 1\" data-index-in-node=\"440\">GWP &lt; 1<\/span>).<\/p>\n<ul data-path-to-node=\"12\">\n<li>\n<p data-path-to-node=\"12,0,0\"><b data-path-to-node=\"12,0,0\" data-index-in-node=\"0\">Vente Libre:<\/b> Ce format est disponible \u00e0 l&#8217;achat libre, sans n\u00e9cessit\u00e9 de licence F-Gas ou de justificatif professionnel.<\/p>\n<\/li>\n<li>\n<p data-path-to-node=\"12,1,0\"><b data-path-to-node=\"12,1,0\" data-index-in-node=\"0\">Contenu:<\/b> 2 kg de gaz R1234yf pur.<\/p>\n<\/li>\n<li>\n<p data-path-to-node=\"12,2,0\"><b data-path-to-node=\"12,2,0\" data-index-in-node=\"0\">Raccord Vanne:<\/b> 1\/2&#8243; ACME Gauche (standard sp\u00e9cifique R1234yf).<\/p>\n<\/li>\n<li>\n<p data-path-to-node=\"12,3,0\"><b data-path-to-node=\"12,3,0\" data-index-in-node=\"0\">Certifications:<\/b> R\u00e9cipient certifi\u00e9 selon la r\u00e9glementation <b data-path-to-node=\"12,3,0\" data-index-in-node=\"59\">T-PED \/ EN 13322-1<\/b>.<\/p>\n<\/li>\n<li>\n<p data-path-to-node=\"12,4,0\"><b data-path-to-node=\"12,4,0\" data-index-in-node=\"0\">Qualit\u00e9 garantie:<\/b> Haute puret\u00e9 pour prot\u00e9ger le compresseur et les composants.<\/p>\n<\/li>\n<\/ul>\n<p><iframe loading=\"lazy\" title=\"Lecteur vid\u00e9o YouTube\" src=\"https:\/\/www.youtube.com\/embed\/9b67gkTUURI\" width=\"300\" height=\"200\" frameborder=\"0\" allowfullscreen=\"allowfullscreen\"><\/iframe><\/p>\n<pre><span style=\"color: #339966; font-size: 20px;\"><strong>GWP 0,5 IPCC\r\n<\/strong><\/span><i style=\"font-family: Georgia, 'Times New Roman', 'Bitstream Charter', Times, serif;\" data-path-to-node=\"7,2,1,0\" data-index-in-node=\"46\">(Valeur mise \u00e0 jour selon le r\u00e8glement UE 2024\/573 - GIEC AR6)<\/i><\/pre>\n<p>&nbsp;<\/p>\n<pre><span style=\"color: #339966; font-size: 20px;\"><strong>\u00a0<\/strong><\/span><\/pre>\n","protected":false},"excerpt":{"rendered":"<p>Solution professionnelle de 2 kg pour la recharge des syst\u00e8mes de climatisation. Gaz r\u00e9frig\u00e9rant HFO-1234yf haute puret\u00e9. <b data-path-to-node=\"11\" data-index-in-node=\"237\">Achat libre sans obligation de certificat ou d&#8217;attestation.<\/b><\/p>\n","protected":false},"featured_media":99135,"template":"","meta":[],"product_cat":[150,164],"product_tag":[],"acf":{"ai_note":""},"yoast_head":"<!-- This site is optimized with the Yoast SEO plugin v20.2 - https:\/\/yoast.com\/wordpress\/plugins\/seo\/ -->\n<title>Bouteille de Gaz R\u00e9frig\u00e9rant R1234yf de 2 kg \u2013 Vanne 1\/2&quot; ACME Gauche (Certifi\u00e9e T-PED) | Refrigerant Boys<\/title>\n<meta name=\"description\" content=\"Solution professionnelle de 2 kg pour la recharge des syst\u00e8mes de climatisation. Gaz r\u00e9frig\u00e9rant HFO-1234yf haute puret\u00e9. Achat libre sans obligation de certificat ou d&#039;attestation.\" \/>\n<meta name=\"robots\" content=\"index, follow, max-snippet:-1, max-image-preview:large, max-video-preview:-1\" \/>\n<link rel=\"canonical\" href=\"https:\/\/www.refrigerantboys.com\/fr\/acheter\/fluides-frigorigenes\/r1234yf\/bouteille-de-gaz-refrigerant-r1234yf-de-2-kg-vanne-1-2-acme-gauche-certifiee-t-ped\/\" \/>\n<meta property=\"og:locale\" content=\"fr_FR\" \/>\n<meta property=\"og:type\" content=\"article\" \/>\n<meta property=\"og:title\" content=\"Bouteille de Gaz R\u00e9frig\u00e9rant R1234yf de 2 kg \u2013 Vanne 1\/2&quot; ACME Gauche (Certifi\u00e9e T-PED) | Refrigerant Boys\" \/>\n<meta property=\"og:description\" content=\"Solution professionnelle de 2 kg pour la recharge des syst\u00e8mes de climatisation. Gaz r\u00e9frig\u00e9rant HFO-1234yf haute puret\u00e9. Achat libre sans obligation de certificat ou d&#039;attestation.\" \/>\n<meta property=\"og:url\" content=\"https:\/\/www.refrigerantboys.com\/fr\/acheter\/fluides-frigorigenes\/r1234yf\/bouteille-de-gaz-refrigerant-r1234yf-de-2-kg-vanne-1-2-acme-gauche-certifiee-t-ped\/\" \/>\n<meta property=\"og:site_name\" content=\"Refrigerant Boys\" \/>\n<meta property=\"article:modified_time\" content=\"2026-04-15T09:43:48+00:00\" \/>\n<meta property=\"og:image\" content=\"https:\/\/www.refrigerantboys.com\/wp-content\/uploads\/2026\/04\/BB1234K2.webp\" \/>\n\t<meta property=\"og:image:width\" content=\"1119\" \/>\n\t<meta property=\"og:image:height\" content=\"2505\" \/>\n\t<meta property=\"og:image:type\" content=\"image\/webp\" \/>\n<meta name=\"twitter:card\" content=\"summary_large_image\" \/>\n<meta name=\"twitter:label1\" content=\"Dur\u00e9e de lecture estim\u00e9e\" \/>\n\t<meta name=\"twitter:data1\" content=\"1 minute\" \/>\n<script type=\"application\/ld+json\" class=\"yoast-schema-graph\">{\"@context\":\"https:\/\/schema.org\",\"@graph\":[{\"@type\":\"WebPage\",\"@id\":\"https:\/\/www.refrigerantboys.com\/fr\/acheter\/fluides-frigorigenes\/r1234yf\/bouteille-de-gaz-refrigerant-r1234yf-de-2-kg-vanne-1-2-acme-gauche-certifiee-t-ped\/\",\"url\":\"https:\/\/www.refrigerantboys.com\/fr\/acheter\/fluides-frigorigenes\/r1234yf\/bouteille-de-gaz-refrigerant-r1234yf-de-2-kg-vanne-1-2-acme-gauche-certifiee-t-ped\/\",\"name\":\"Bouteille de Gaz R\u00e9frig\u00e9rant R1234yf de 2 kg \u2013 Vanne 1\/2\\\" ACME Gauche (Certifi\u00e9e T-PED) | Refrigerant Boys\",\"isPartOf\":{\"@id\":\"https:\/\/www.refrigerantboys.com\/fr\/#website\"},\"datePublished\":\"2026-04-15T08:27:25+00:00\",\"dateModified\":\"2026-04-15T09:43:48+00:00\",\"description\":\"Solution professionnelle de 2 kg pour la recharge des syst\u00e8mes de climatisation. Gaz r\u00e9frig\u00e9rant HFO-1234yf haute puret\u00e9. Achat libre sans obligation de certificat ou d'attestation.\",\"breadcrumb\":{\"@id\":\"https:\/\/www.refrigerantboys.com\/fr\/acheter\/fluides-frigorigenes\/r1234yf\/bouteille-de-gaz-refrigerant-r1234yf-de-2-kg-vanne-1-2-acme-gauche-certifiee-t-ped\/#breadcrumb\"},\"inLanguage\":\"fr-FR\",\"potentialAction\":[{\"@type\":\"ReadAction\",\"target\":[\"https:\/\/www.refrigerantboys.com\/fr\/acheter\/fluides-frigorigenes\/r1234yf\/bouteille-de-gaz-refrigerant-r1234yf-de-2-kg-vanne-1-2-acme-gauche-certifiee-t-ped\/\"]}]},{\"@type\":\"BreadcrumbList\",\"@id\":\"https:\/\/www.refrigerantboys.com\/fr\/acheter\/fluides-frigorigenes\/r1234yf\/bouteille-de-gaz-refrigerant-r1234yf-de-2-kg-vanne-1-2-acme-gauche-certifiee-t-ped\/#breadcrumb\",\"itemListElement\":[{\"@type\":\"ListItem\",\"position\":1,\"name\":\"Home\",\"item\":\"https:\/\/www.refrigerantboys.com\/fr\/\"},{\"@type\":\"ListItem\",\"position\":2,\"name\":\"Boutique\",\"item\":\"https:\/\/www.refrigerantboys.com\/fr\/boutique\/\"},{\"@type\":\"ListItem\",\"position\":3,\"name\":\"Bouteille de Gaz R\u00e9frig\u00e9rant R1234yf de 2 kg \u2013 Vanne 1\/2&#8243; ACME Gauche (Certifi\u00e9e T-PED)\"}]},{\"@type\":\"WebSite\",\"@id\":\"https:\/\/www.refrigerantboys.com\/fr\/#website\",\"url\":\"https:\/\/www.refrigerantboys.com\/fr\/\",\"name\":\"Refrigerant Boys\",\"description\":\"Vendita gas refrigeranti\",\"potentialAction\":[{\"@type\":\"SearchAction\",\"target\":{\"@type\":\"EntryPoint\",\"urlTemplate\":\"https:\/\/www.refrigerantboys.com\/fr\/?s={search_term_string}\"},\"query-input\":\"required name=search_term_string\"}],\"inLanguage\":\"fr-FR\"}]}<\/script>\n<!-- \/ Yoast SEO plugin. -->","yoast_head_json":{"title":"Bouteille de Gaz R\u00e9frig\u00e9rant R1234yf de 2 kg \u2013 Vanne 1\/2\" ACME Gauche (Certifi\u00e9e T-PED) | Refrigerant Boys","description":"Solution professionnelle de 2 kg pour la recharge des syst\u00e8mes de climatisation. Gaz r\u00e9frig\u00e9rant HFO-1234yf haute puret\u00e9. Achat libre sans obligation de certificat ou d'attestation.","robots":{"index":"index","follow":"follow","max-snippet":"max-snippet:-1","max-image-preview":"max-image-preview:large","max-video-preview":"max-video-preview:-1"},"canonical":"https:\/\/www.refrigerantboys.com\/fr\/acheter\/fluides-frigorigenes\/r1234yf\/bouteille-de-gaz-refrigerant-r1234yf-de-2-kg-vanne-1-2-acme-gauche-certifiee-t-ped\/","og_locale":"fr_FR","og_type":"article","og_title":"Bouteille de Gaz R\u00e9frig\u00e9rant R1234yf de 2 kg \u2013 Vanne 1\/2\" ACME Gauche (Certifi\u00e9e T-PED) | Refrigerant Boys","og_description":"Solution professionnelle de 2 kg pour la recharge des syst\u00e8mes de climatisation. Gaz r\u00e9frig\u00e9rant HFO-1234yf haute puret\u00e9. Achat libre sans obligation de certificat ou d'attestation.","og_url":"https:\/\/www.refrigerantboys.com\/fr\/acheter\/fluides-frigorigenes\/r1234yf\/bouteille-de-gaz-refrigerant-r1234yf-de-2-kg-vanne-1-2-acme-gauche-certifiee-t-ped\/","og_site_name":"Refrigerant Boys","article_modified_time":"2026-04-15T09:43:48+00:00","og_image":[{"width":1119,"height":2505,"url":"https:\/\/www.refrigerantboys.com\/wp-content\/uploads\/2026\/04\/BB1234K2.webp","type":"image\/webp"}],"twitter_card":"summary_large_image","twitter_misc":{"Dur\u00e9e de lecture estim\u00e9e":"1 minute"},"schema":{"@context":"https:\/\/schema.org","@graph":[{"@type":"WebPage","@id":"https:\/\/www.refrigerantboys.com\/fr\/acheter\/fluides-frigorigenes\/r1234yf\/bouteille-de-gaz-refrigerant-r1234yf-de-2-kg-vanne-1-2-acme-gauche-certifiee-t-ped\/","url":"https:\/\/www.refrigerantboys.com\/fr\/acheter\/fluides-frigorigenes\/r1234yf\/bouteille-de-gaz-refrigerant-r1234yf-de-2-kg-vanne-1-2-acme-gauche-certifiee-t-ped\/","name":"Bouteille de Gaz R\u00e9frig\u00e9rant R1234yf de 2 kg \u2013 Vanne 1\/2\" ACME Gauche (Certifi\u00e9e T-PED) | Refrigerant Boys","isPartOf":{"@id":"https:\/\/www.refrigerantboys.com\/fr\/#website"},"datePublished":"2026-04-15T08:27:25+00:00","dateModified":"2026-04-15T09:43:48+00:00","description":"Solution professionnelle de 2 kg pour la recharge des syst\u00e8mes de climatisation. Gaz r\u00e9frig\u00e9rant HFO-1234yf haute puret\u00e9. Achat libre sans obligation de certificat ou d'attestation.","breadcrumb":{"@id":"https:\/\/www.refrigerantboys.com\/fr\/acheter\/fluides-frigorigenes\/r1234yf\/bouteille-de-gaz-refrigerant-r1234yf-de-2-kg-vanne-1-2-acme-gauche-certifiee-t-ped\/#breadcrumb"},"inLanguage":"fr-FR","potentialAction":[{"@type":"ReadAction","target":["https:\/\/www.refrigerantboys.com\/fr\/acheter\/fluides-frigorigenes\/r1234yf\/bouteille-de-gaz-refrigerant-r1234yf-de-2-kg-vanne-1-2-acme-gauche-certifiee-t-ped\/"]}]},{"@type":"BreadcrumbList","@id":"https:\/\/www.refrigerantboys.com\/fr\/acheter\/fluides-frigorigenes\/r1234yf\/bouteille-de-gaz-refrigerant-r1234yf-de-2-kg-vanne-1-2-acme-gauche-certifiee-t-ped\/#breadcrumb","itemListElement":[{"@type":"ListItem","position":1,"name":"Home","item":"https:\/\/www.refrigerantboys.com\/fr\/"},{"@type":"ListItem","position":2,"name":"Boutique","item":"https:\/\/www.refrigerantboys.com\/fr\/boutique\/"},{"@type":"ListItem","position":3,"name":"Bouteille de Gaz R\u00e9frig\u00e9rant R1234yf de 2 kg \u2013 Vanne 1\/2&#8243; ACME Gauche (Certifi\u00e9e T-PED)"}]},{"@type":"WebSite","@id":"https:\/\/www.refrigerantboys.com\/fr\/#website","url":"https:\/\/www.refrigerantboys.com\/fr\/","name":"Refrigerant Boys","description":"Vendita gas refrigeranti","potentialAction":[{"@type":"SearchAction","target":{"@type":"EntryPoint","urlTemplate":"https:\/\/www.refrigerantboys.com\/fr\/?s={search_term_string}"},"query-input":"required name=search_term_string"}],"inLanguage":"fr-FR"}]}},"_links":{"self":[{"href":"https:\/\/www.refrigerantboys.com\/fr\/wp-json\/wp\/v2\/product\/99122"}],"collection":[{"href":"https:\/\/www.refrigerantboys.com\/fr\/wp-json\/wp\/v2\/product"}],"about":[{"href":"https:\/\/www.refrigerantboys.com\/fr\/wp-json\/wp\/v2\/types\/product"}],"wp:featuredmedia":[{"embeddable":true,"href":"https:\/\/www.refrigerantboys.com\/fr\/wp-json\/wp\/v2\/media\/99135"}],"wp:attachment":[{"href":"https:\/\/www.refrigerantboys.com\/fr\/wp-json\/wp\/v2\/media?parent=99122"}],"wp:term":[{"taxonomy":"product_cat","embeddable":true,"href":"https:\/\/www.refrigerantboys.com\/fr\/wp-json\/wp\/v2\/product_cat?post=99122"},{"taxonomy":"product_tag","embeddable":true,"href":"https:\/\/www.refrigerantboys.com\/fr\/wp-json\/wp\/v2\/product_tag?post=99122"}],"curies":[{"name":"wp","href":"https:\/\/api.w.org\/{rel}","templated":true}]}}