{"id":98263,"date":"2026-03-06T15:32:42","date_gmt":"2026-03-06T14:36:16","guid":{"rendered":"https:\/\/www.refrigerantboys.com\/?post_type=product&#038;p=98263"},"modified":"2026-03-06T15:36:16","modified_gmt":"2026-03-06T14:36:16","slug":"gaz-refrigerant-r600a-420g-bouteille-t-ped-vanne-aerosol-7-16-unf","status":"publish","type":"product","link":"https:\/\/www.refrigerantboys.com\/fr\/acheter\/fluides-frigorigenes\/r600a\/gaz-refrigerant-r600a-420g-bouteille-t-ped-vanne-aerosol-7-16-unf\/","title":{"rendered":"Gaz R\u00e9frig\u00e9rant R600a 420g \u2013 Bouteille T-PED Vanne A\u00e9rosol 7\/16&#8243; UNF"},"content":{"rendered":"<p>Le R600a est le fluide naturel privil\u00e9gi\u00e9 pour la r\u00e9frig\u00e9ration domestique. Cette bouteille garantit une puret\u00e9 de 99,5% pour un fonctionnement optimal du circuit frigorifique. Le raccord standard 7\/16&#8243; UNF assure une compatibilit\u00e9 universelle avec les outils de maintenance. Conforme aux r\u00e9glementations F-Gas, il offre une alternative durable et performante.<\/p>\n","protected":false},"excerpt":{"rendered":"<p>Gaz R600a pur (Isobutane) en format 420g, certifi\u00e9 <b data-path-to-node=\"10,1,0\" data-index-in-node=\"72\">T-PED \/ EN 13322-1<\/b>. \u00c9quip\u00e9 d&#8217;une vanne type a\u00e9rosol avec raccord <b data-path-to-node=\"10,1,0\" data-index-in-node=\"137\">7\/16&#8243; UNF<\/b>. Solution \u00e9cologique avec un <b data-path-to-node=\"10,1,0\" data-index-in-node=\"176\">GWP de 3<\/b>, id\u00e9ale pour l&#8217;entretien des r\u00e9frig\u00e9rateurs domestiques et petits cong\u00e9lateurs.<\/p>\n","protected":false},"featured_media":68574,"template":"","meta":[],"product_cat":[150,163],"product_tag":[],"acf":{"ai_note":""},"yoast_head":"<!-- This site is optimized with the Yoast SEO plugin v20.2 - https:\/\/yoast.com\/wordpress\/plugins\/seo\/ -->\n<title>Gaz R\u00e9frig\u00e9rant R600a 420g \u2013 Bouteille T-PED Vanne A\u00e9rosol 7\/16&quot; UNF | Refrigerant Boys<\/title>\n<meta name=\"description\" content=\"Gaz R600a pur (Isobutane) en format 420g, certifi\u00e9 T-PED \/ EN 13322-1. \u00c9quip\u00e9 d&#039;une vanne type a\u00e9rosol avec raccord 7\/16&quot; UNF. Solution \u00e9cologique avec un GWP de 3, id\u00e9ale pour l&#039;entretien des r\u00e9frig\u00e9rateurs domestiques et petits cong\u00e9lateurs.\" \/>\n<meta name=\"robots\" content=\"index, follow, max-snippet:-1, max-image-preview:large, max-video-preview:-1\" \/>\n<link rel=\"canonical\" href=\"https:\/\/www.refrigerantboys.com\/fr\/acheter\/fluides-frigorigenes\/r600a\/gaz-refrigerant-r600a-420g-bouteille-t-ped-vanne-aerosol-7-16-unf\/\" \/>\n<meta property=\"og:locale\" content=\"fr_FR\" \/>\n<meta property=\"og:type\" content=\"article\" \/>\n<meta property=\"og:title\" content=\"Gaz R\u00e9frig\u00e9rant R600a 420g \u2013 Bouteille T-PED Vanne A\u00e9rosol 7\/16&quot; UNF | Refrigerant Boys\" \/>\n<meta property=\"og:description\" content=\"Gaz R600a pur (Isobutane) en format 420g, certifi\u00e9 T-PED \/ EN 13322-1. \u00c9quip\u00e9 d&#039;une vanne type a\u00e9rosol avec raccord 7\/16&quot; UNF. Solution \u00e9cologique avec un GWP de 3, id\u00e9ale pour l&#039;entretien des r\u00e9frig\u00e9rateurs domestiques et petits cong\u00e9lateurs.\" \/>\n<meta property=\"og:url\" content=\"https:\/\/www.refrigerantboys.com\/fr\/acheter\/fluides-frigorigenes\/r600a\/gaz-refrigerant-r600a-420g-bouteille-t-ped-vanne-aerosol-7-16-unf\/\" \/>\n<meta property=\"og:site_name\" content=\"Refrigerant Boys\" \/>\n<meta property=\"og:image\" content=\"https:\/\/www.refrigerantboys.com\/wp-content\/uploads\/2017\/10\/BB600K42-1.png\" \/>\n\t<meta property=\"og:image:width\" content=\"493\" \/>\n\t<meta property=\"og:image:height\" content=\"1053\" \/>\n\t<meta property=\"og:image:type\" content=\"image\/png\" \/>\n<meta name=\"twitter:card\" content=\"summary_large_image\" \/>\n<meta name=\"twitter:label1\" content=\"Dur\u00e9e de lecture estim\u00e9e\" \/>\n\t<meta name=\"twitter:data1\" content=\"1 minute\" \/>\n<script type=\"application\/ld+json\" class=\"yoast-schema-graph\">{\"@context\":\"https:\/\/schema.org\",\"@graph\":[{\"@type\":\"WebPage\",\"@id\":\"https:\/\/www.refrigerantboys.com\/fr\/acheter\/fluides-frigorigenes\/r600a\/gaz-refrigerant-r600a-420g-bouteille-t-ped-vanne-aerosol-7-16-unf\/\",\"url\":\"https:\/\/www.refrigerantboys.com\/fr\/acheter\/fluides-frigorigenes\/r600a\/gaz-refrigerant-r600a-420g-bouteille-t-ped-vanne-aerosol-7-16-unf\/\",\"name\":\"Gaz R\u00e9frig\u00e9rant R600a 420g \u2013 Bouteille T-PED Vanne A\u00e9rosol 7\/16\\\" UNF | Refrigerant Boys\",\"isPartOf\":{\"@id\":\"https:\/\/www.refrigerantboys.com\/fr\/#website\"},\"datePublished\":\"2026-03-06T14:36:16+00:00\",\"dateModified\":\"2026-03-06T14:36:16+00:00\",\"description\":\"Gaz R600a pur (Isobutane) en format 420g, certifi\u00e9 T-PED \/ EN 13322-1. \u00c9quip\u00e9 d'une vanne type a\u00e9rosol avec raccord 7\/16\\\" UNF. Solution \u00e9cologique avec un GWP de 3, id\u00e9ale pour l'entretien des r\u00e9frig\u00e9rateurs domestiques et petits cong\u00e9lateurs.\",\"breadcrumb\":{\"@id\":\"https:\/\/www.refrigerantboys.com\/fr\/acheter\/fluides-frigorigenes\/r600a\/gaz-refrigerant-r600a-420g-bouteille-t-ped-vanne-aerosol-7-16-unf\/#breadcrumb\"},\"inLanguage\":\"fr-FR\",\"potentialAction\":[{\"@type\":\"ReadAction\",\"target\":[\"https:\/\/www.refrigerantboys.com\/fr\/acheter\/fluides-frigorigenes\/r600a\/gaz-refrigerant-r600a-420g-bouteille-t-ped-vanne-aerosol-7-16-unf\/\"]}]},{\"@type\":\"BreadcrumbList\",\"@id\":\"https:\/\/www.refrigerantboys.com\/fr\/acheter\/fluides-frigorigenes\/r600a\/gaz-refrigerant-r600a-420g-bouteille-t-ped-vanne-aerosol-7-16-unf\/#breadcrumb\",\"itemListElement\":[{\"@type\":\"ListItem\",\"position\":1,\"name\":\"Home\",\"item\":\"https:\/\/www.refrigerantboys.com\/fr\/\"},{\"@type\":\"ListItem\",\"position\":2,\"name\":\"Boutique\",\"item\":\"https:\/\/www.refrigerantboys.com\/fr\/boutique\/\"},{\"@type\":\"ListItem\",\"position\":3,\"name\":\"Gaz R\u00e9frig\u00e9rant R600a 420g \u2013 Bouteille T-PED Vanne A\u00e9rosol 7\/16&#8243; UNF\"}]},{\"@type\":\"WebSite\",\"@id\":\"https:\/\/www.refrigerantboys.com\/fr\/#website\",\"url\":\"https:\/\/www.refrigerantboys.com\/fr\/\",\"name\":\"Refrigerant Boys\",\"description\":\"Vendita gas refrigeranti\",\"potentialAction\":[{\"@type\":\"SearchAction\",\"target\":{\"@type\":\"EntryPoint\",\"urlTemplate\":\"https:\/\/www.refrigerantboys.com\/fr\/?s={search_term_string}\"},\"query-input\":\"required name=search_term_string\"}],\"inLanguage\":\"fr-FR\"}]}<\/script>\n<!-- \/ Yoast SEO plugin. -->","yoast_head_json":{"title":"Gaz R\u00e9frig\u00e9rant R600a 420g \u2013 Bouteille T-PED Vanne A\u00e9rosol 7\/16\" UNF | Refrigerant Boys","description":"Gaz R600a pur (Isobutane) en format 420g, certifi\u00e9 T-PED \/ EN 13322-1. \u00c9quip\u00e9 d'une vanne type a\u00e9rosol avec raccord 7\/16\" UNF. Solution \u00e9cologique avec un GWP de 3, id\u00e9ale pour l'entretien des r\u00e9frig\u00e9rateurs domestiques et petits cong\u00e9lateurs.","robots":{"index":"index","follow":"follow","max-snippet":"max-snippet:-1","max-image-preview":"max-image-preview:large","max-video-preview":"max-video-preview:-1"},"canonical":"https:\/\/www.refrigerantboys.com\/fr\/acheter\/fluides-frigorigenes\/r600a\/gaz-refrigerant-r600a-420g-bouteille-t-ped-vanne-aerosol-7-16-unf\/","og_locale":"fr_FR","og_type":"article","og_title":"Gaz R\u00e9frig\u00e9rant R600a 420g \u2013 Bouteille T-PED Vanne A\u00e9rosol 7\/16\" UNF | Refrigerant Boys","og_description":"Gaz R600a pur (Isobutane) en format 420g, certifi\u00e9 T-PED \/ EN 13322-1. \u00c9quip\u00e9 d'une vanne type a\u00e9rosol avec raccord 7\/16\" UNF. Solution \u00e9cologique avec un GWP de 3, id\u00e9ale pour l'entretien des r\u00e9frig\u00e9rateurs domestiques et petits cong\u00e9lateurs.","og_url":"https:\/\/www.refrigerantboys.com\/fr\/acheter\/fluides-frigorigenes\/r600a\/gaz-refrigerant-r600a-420g-bouteille-t-ped-vanne-aerosol-7-16-unf\/","og_site_name":"Refrigerant Boys","og_image":[{"width":493,"height":1053,"url":"https:\/\/www.refrigerantboys.com\/wp-content\/uploads\/2017\/10\/BB600K42-1.png","type":"image\/png"}],"twitter_card":"summary_large_image","twitter_misc":{"Dur\u00e9e de lecture estim\u00e9e":"1 minute"},"schema":{"@context":"https:\/\/schema.org","@graph":[{"@type":"WebPage","@id":"https:\/\/www.refrigerantboys.com\/fr\/acheter\/fluides-frigorigenes\/r600a\/gaz-refrigerant-r600a-420g-bouteille-t-ped-vanne-aerosol-7-16-unf\/","url":"https:\/\/www.refrigerantboys.com\/fr\/acheter\/fluides-frigorigenes\/r600a\/gaz-refrigerant-r600a-420g-bouteille-t-ped-vanne-aerosol-7-16-unf\/","name":"Gaz R\u00e9frig\u00e9rant R600a 420g \u2013 Bouteille T-PED Vanne A\u00e9rosol 7\/16\" UNF | Refrigerant Boys","isPartOf":{"@id":"https:\/\/www.refrigerantboys.com\/fr\/#website"},"datePublished":"2026-03-06T14:36:16+00:00","dateModified":"2026-03-06T14:36:16+00:00","description":"Gaz R600a pur (Isobutane) en format 420g, certifi\u00e9 T-PED \/ EN 13322-1. \u00c9quip\u00e9 d'une vanne type a\u00e9rosol avec raccord 7\/16\" UNF. Solution \u00e9cologique avec un GWP de 3, id\u00e9ale pour l'entretien des r\u00e9frig\u00e9rateurs domestiques et petits cong\u00e9lateurs.","breadcrumb":{"@id":"https:\/\/www.refrigerantboys.com\/fr\/acheter\/fluides-frigorigenes\/r600a\/gaz-refrigerant-r600a-420g-bouteille-t-ped-vanne-aerosol-7-16-unf\/#breadcrumb"},"inLanguage":"fr-FR","potentialAction":[{"@type":"ReadAction","target":["https:\/\/www.refrigerantboys.com\/fr\/acheter\/fluides-frigorigenes\/r600a\/gaz-refrigerant-r600a-420g-bouteille-t-ped-vanne-aerosol-7-16-unf\/"]}]},{"@type":"BreadcrumbList","@id":"https:\/\/www.refrigerantboys.com\/fr\/acheter\/fluides-frigorigenes\/r600a\/gaz-refrigerant-r600a-420g-bouteille-t-ped-vanne-aerosol-7-16-unf\/#breadcrumb","itemListElement":[{"@type":"ListItem","position":1,"name":"Home","item":"https:\/\/www.refrigerantboys.com\/fr\/"},{"@type":"ListItem","position":2,"name":"Boutique","item":"https:\/\/www.refrigerantboys.com\/fr\/boutique\/"},{"@type":"ListItem","position":3,"name":"Gaz R\u00e9frig\u00e9rant R600a 420g \u2013 Bouteille T-PED Vanne A\u00e9rosol 7\/16&#8243; UNF"}]},{"@type":"WebSite","@id":"https:\/\/www.refrigerantboys.com\/fr\/#website","url":"https:\/\/www.refrigerantboys.com\/fr\/","name":"Refrigerant Boys","description":"Vendita gas refrigeranti","potentialAction":[{"@type":"SearchAction","target":{"@type":"EntryPoint","urlTemplate":"https:\/\/www.refrigerantboys.com\/fr\/?s={search_term_string}"},"query-input":"required name=search_term_string"}],"inLanguage":"fr-FR"}]}},"_links":{"self":[{"href":"https:\/\/www.refrigerantboys.com\/fr\/wp-json\/wp\/v2\/product\/98263"}],"collection":[{"href":"https:\/\/www.refrigerantboys.com\/fr\/wp-json\/wp\/v2\/product"}],"about":[{"href":"https:\/\/www.refrigerantboys.com\/fr\/wp-json\/wp\/v2\/types\/product"}],"wp:featuredmedia":[{"embeddable":true,"href":"https:\/\/www.refrigerantboys.com\/fr\/wp-json\/wp\/v2\/media\/68574"}],"wp:attachment":[{"href":"https:\/\/www.refrigerantboys.com\/fr\/wp-json\/wp\/v2\/media?parent=98263"}],"wp:term":[{"taxonomy":"product_cat","embeddable":true,"href":"https:\/\/www.refrigerantboys.com\/fr\/wp-json\/wp\/v2\/product_cat?post=98263"},{"taxonomy":"product_tag","embeddable":true,"href":"https:\/\/www.refrigerantboys.com\/fr\/wp-json\/wp\/v2\/product_tag?post=98263"}],"curies":[{"name":"wp","href":"https:\/\/api.w.org\/{rel}","templated":true}]}}