{"id":98254,"date":"2026-03-06T15:10:11","date_gmt":"2026-03-06T14:16:27","guid":{"rendered":"https:\/\/www.refrigerantboys.com\/?post_type=product&#038;p=98254"},"modified":"2026-03-06T15:18:09","modified_gmt":"2026-03-06T14:18:09","slug":"gaz-refrigerant-r290-370g-bouteille-t-ped-avec-vanne-1-2-acme-gauche","status":"publish","type":"product","link":"https:\/\/www.refrigerantboys.com\/fr\/acheter\/fluides-frigorigenes\/r290\/gaz-refrigerant-r290-370g-bouteille-t-ped-avec-vanne-1-2-acme-gauche\/","title":{"rendered":"Gaz R\u00e9frig\u00e9rant R290 370g \u2013 Bouteille T-PED avec Vanne 1\/2&#8243; ACME Gauche"},"content":{"rendered":"<p data-path-to-node=\"9\">Le gaz r\u00e9frig\u00e9rant <b data-path-to-node=\"9\" data-index-in-node=\"44\">R290 (Propane)<\/b> \u00e8 la solution \u00e9cologique haute performance pour les syst\u00e8mes de r\u00e9frig\u00e9ration et de climatisation modernes. Avec un GWP extr\u00eamement bas (= 3), il constitue l&#8217;alternative durable aux gaz HFC classiques.<\/p>\n<p data-path-to-node=\"10\">Cette bouteille de 370g est fabriqu\u00e9e conform\u00e9ment aux normes de s\u00e9curit\u00e9 <b data-path-to-node=\"10\" data-index-in-node=\"74\">EN 13322-1 (T-PED)<\/b>, garantissant une r\u00e9sistance maximale \u00e0 la pression. Elle est \u00e9quip\u00e9e d&#8217;une vanne professionnelle <b data-path-to-node=\"10\" data-index-in-node=\"191\">1\/2&#8243; ACME Pas \u00e0 Gauche (LH)<\/b>, con\u00e7ue sp\u00e9cifiquement pour les gaz inflammables afin d&#8217;\u00e9viter toute erreur de raccordement.<\/p>\n<ul data-path-to-node=\"11\">\n<li>\n<p data-path-to-node=\"11,0,0\"><b data-path-to-node=\"11,0,0\" data-index-in-node=\"0\">Efficacit\u00e9 \u00c9nerg\u00e9tique :<\/b> Optimise le rendement thermique et r\u00e9duit la consommation.<\/p>\n<\/li>\n<li>\n<p data-path-to-node=\"11,1,0\"><b data-path-to-node=\"11,1,0\" data-index-in-node=\"0\">\u00c9co-responsable :<\/b> Impact nul sur la couche d&#8217;ozone (ODP = 0).<\/p>\n<\/li>\n<li>\n<p data-path-to-node=\"11,2,0\"><b data-path-to-node=\"11,2,0\" data-index-in-node=\"0\">Qualit\u00e9 Certifi\u00e9e :<\/b> Puret\u00e9 sup\u00e9rieure \u00e0 99,5% pour une long\u00e9vit\u00e9 accrue du compresseur<\/p>\n<\/li>\n<\/ul>\n","protected":false},"excerpt":{"rendered":"<p data-path-to-node=\"10\">Gaz r\u00e9frig\u00e9rant naturel R290 (Propane) haute puret\u00e9 en bouteille de 370g, certifi\u00e9e <b data-path-to-node=\"10\" data-index-in-node=\"105\">T-PED \/ EN 13322-1<\/b>. \u00c9quip\u00e9e d&#8217;une vanne de s\u00e9curit\u00e9 <b data-path-to-node=\"10\" data-index-in-node=\"157\">1\/2&#8243; ACME Gauche<\/b>. Solution \u00e9cologique de r\u00e9f\u00e9rence avec un <b data-path-to-node=\"10\" data-index-in-node=\"216\">GWP de 3<\/b>, id\u00e9ale pour optimiser l&#8217;efficacit\u00e9 \u00e9nerg\u00e9tique et minimiser l&#8217;impact climatique des syst\u00e8mes de r\u00e9frig\u00e9ration.<\/p>\n","protected":false},"featured_media":596,"template":"","meta":[],"product_cat":[150,157],"product_tag":[],"acf":{"ai_note":""},"yoast_head":"<!-- This site is optimized with the Yoast SEO plugin v20.2 - https:\/\/yoast.com\/wordpress\/plugins\/seo\/ -->\n<title>Gaz R\u00e9frig\u00e9rant R290 370g \u2013 Bouteille T-PED avec Vanne 1\/2&quot; ACME Gauche | Refrigerant Boys<\/title>\n<meta name=\"description\" content=\"Gaz r\u00e9frig\u00e9rant naturel R290 (Propane) haute puret\u00e9 en bouteille de 370g, certifi\u00e9e T-PED \/ EN 13322-1. \u00c9quip\u00e9e d&#039;une vanne de s\u00e9curit\u00e9 1\/2&quot; ACME Gauche. Solution \u00e9cologique de r\u00e9f\u00e9rence avec un GWP de 3, id\u00e9ale pour optimiser l&#039;efficacit\u00e9 \u00e9nerg\u00e9tique et minimiser l&#039;impact climatique des syst\u00e8mes de r\u00e9frig\u00e9ration.\" \/>\n<meta name=\"robots\" content=\"index, follow, max-snippet:-1, max-image-preview:large, max-video-preview:-1\" \/>\n<link rel=\"canonical\" href=\"https:\/\/www.refrigerantboys.com\/fr\/acheter\/fluides-frigorigenes\/r290\/gaz-refrigerant-r290-370g-bouteille-t-ped-avec-vanne-1-2-acme-gauche\/\" \/>\n<meta property=\"og:locale\" content=\"fr_FR\" \/>\n<meta property=\"og:type\" content=\"article\" \/>\n<meta property=\"og:title\" content=\"Gaz R\u00e9frig\u00e9rant R290 370g \u2013 Bouteille T-PED avec Vanne 1\/2&quot; ACME Gauche | Refrigerant Boys\" \/>\n<meta property=\"og:description\" content=\"Gaz r\u00e9frig\u00e9rant naturel R290 (Propane) haute puret\u00e9 en bouteille de 370g, certifi\u00e9e T-PED \/ EN 13322-1. \u00c9quip\u00e9e d&#039;une vanne de s\u00e9curit\u00e9 1\/2&quot; ACME Gauche. Solution \u00e9cologique de r\u00e9f\u00e9rence avec un GWP de 3, id\u00e9ale pour optimiser l&#039;efficacit\u00e9 \u00e9nerg\u00e9tique et minimiser l&#039;impact climatique des syst\u00e8mes de r\u00e9frig\u00e9ration.\" \/>\n<meta property=\"og:url\" content=\"https:\/\/www.refrigerantboys.com\/fr\/acheter\/fluides-frigorigenes\/r290\/gaz-refrigerant-r290-370g-bouteille-t-ped-avec-vanne-1-2-acme-gauche\/\" \/>\n<meta property=\"og:site_name\" content=\"Refrigerant Boys\" \/>\n<meta property=\"article:modified_time\" content=\"2026-03-06T14:18:09+00:00\" \/>\n<meta property=\"og:image\" content=\"https:\/\/www.refrigerantboys.com\/wp-content\/uploads\/2017\/10\/0001532_0-1.jpeg\" \/>\n\t<meta property=\"og:image:width\" content=\"427\" \/>\n\t<meta property=\"og:image:height\" content=\"1280\" \/>\n\t<meta property=\"og:image:type\" content=\"image\/jpeg\" \/>\n<meta name=\"twitter:card\" content=\"summary_large_image\" \/>\n<meta name=\"twitter:label1\" content=\"Dur\u00e9e de lecture estim\u00e9e\" \/>\n\t<meta name=\"twitter:data1\" content=\"1 minute\" \/>\n<script type=\"application\/ld+json\" class=\"yoast-schema-graph\">{\"@context\":\"https:\/\/schema.org\",\"@graph\":[{\"@type\":\"WebPage\",\"@id\":\"https:\/\/www.refrigerantboys.com\/fr\/acheter\/fluides-frigorigenes\/r290\/gaz-refrigerant-r290-370g-bouteille-t-ped-avec-vanne-1-2-acme-gauche\/\",\"url\":\"https:\/\/www.refrigerantboys.com\/fr\/acheter\/fluides-frigorigenes\/r290\/gaz-refrigerant-r290-370g-bouteille-t-ped-avec-vanne-1-2-acme-gauche\/\",\"name\":\"Gaz R\u00e9frig\u00e9rant R290 370g \u2013 Bouteille T-PED avec Vanne 1\/2\\\" ACME Gauche | Refrigerant Boys\",\"isPartOf\":{\"@id\":\"https:\/\/www.refrigerantboys.com\/fr\/#website\"},\"datePublished\":\"2026-03-06T14:16:27+00:00\",\"dateModified\":\"2026-03-06T14:18:09+00:00\",\"description\":\"Gaz r\u00e9frig\u00e9rant naturel R290 (Propane) haute puret\u00e9 en bouteille de 370g, certifi\u00e9e T-PED \/ EN 13322-1. \u00c9quip\u00e9e d'une vanne de s\u00e9curit\u00e9 1\/2\\\" ACME Gauche. Solution \u00e9cologique de r\u00e9f\u00e9rence avec un GWP de 3, id\u00e9ale pour optimiser l'efficacit\u00e9 \u00e9nerg\u00e9tique et minimiser l'impact climatique des syst\u00e8mes de r\u00e9frig\u00e9ration.\",\"breadcrumb\":{\"@id\":\"https:\/\/www.refrigerantboys.com\/fr\/acheter\/fluides-frigorigenes\/r290\/gaz-refrigerant-r290-370g-bouteille-t-ped-avec-vanne-1-2-acme-gauche\/#breadcrumb\"},\"inLanguage\":\"fr-FR\",\"potentialAction\":[{\"@type\":\"ReadAction\",\"target\":[\"https:\/\/www.refrigerantboys.com\/fr\/acheter\/fluides-frigorigenes\/r290\/gaz-refrigerant-r290-370g-bouteille-t-ped-avec-vanne-1-2-acme-gauche\/\"]}]},{\"@type\":\"BreadcrumbList\",\"@id\":\"https:\/\/www.refrigerantboys.com\/fr\/acheter\/fluides-frigorigenes\/r290\/gaz-refrigerant-r290-370g-bouteille-t-ped-avec-vanne-1-2-acme-gauche\/#breadcrumb\",\"itemListElement\":[{\"@type\":\"ListItem\",\"position\":1,\"name\":\"Home\",\"item\":\"https:\/\/www.refrigerantboys.com\/fr\/\"},{\"@type\":\"ListItem\",\"position\":2,\"name\":\"Boutique\",\"item\":\"https:\/\/www.refrigerantboys.com\/fr\/boutique\/\"},{\"@type\":\"ListItem\",\"position\":3,\"name\":\"Gaz R\u00e9frig\u00e9rant R290 370g \u2013 Bouteille T-PED avec Vanne 1\/2&#8243; ACME Gauche\"}]},{\"@type\":\"WebSite\",\"@id\":\"https:\/\/www.refrigerantboys.com\/fr\/#website\",\"url\":\"https:\/\/www.refrigerantboys.com\/fr\/\",\"name\":\"Refrigerant Boys\",\"description\":\"Vendita gas refrigeranti\",\"potentialAction\":[{\"@type\":\"SearchAction\",\"target\":{\"@type\":\"EntryPoint\",\"urlTemplate\":\"https:\/\/www.refrigerantboys.com\/fr\/?s={search_term_string}\"},\"query-input\":\"required name=search_term_string\"}],\"inLanguage\":\"fr-FR\"}]}<\/script>\n<!-- \/ Yoast SEO plugin. -->","yoast_head_json":{"title":"Gaz R\u00e9frig\u00e9rant R290 370g \u2013 Bouteille T-PED avec Vanne 1\/2\" ACME Gauche | Refrigerant Boys","description":"Gaz r\u00e9frig\u00e9rant naturel R290 (Propane) haute puret\u00e9 en bouteille de 370g, certifi\u00e9e T-PED \/ EN 13322-1. \u00c9quip\u00e9e d'une vanne de s\u00e9curit\u00e9 1\/2\" ACME Gauche. Solution \u00e9cologique de r\u00e9f\u00e9rence avec un GWP de 3, id\u00e9ale pour optimiser l'efficacit\u00e9 \u00e9nerg\u00e9tique et minimiser l'impact climatique des syst\u00e8mes de r\u00e9frig\u00e9ration.","robots":{"index":"index","follow":"follow","max-snippet":"max-snippet:-1","max-image-preview":"max-image-preview:large","max-video-preview":"max-video-preview:-1"},"canonical":"https:\/\/www.refrigerantboys.com\/fr\/acheter\/fluides-frigorigenes\/r290\/gaz-refrigerant-r290-370g-bouteille-t-ped-avec-vanne-1-2-acme-gauche\/","og_locale":"fr_FR","og_type":"article","og_title":"Gaz R\u00e9frig\u00e9rant R290 370g \u2013 Bouteille T-PED avec Vanne 1\/2\" ACME Gauche | Refrigerant Boys","og_description":"Gaz r\u00e9frig\u00e9rant naturel R290 (Propane) haute puret\u00e9 en bouteille de 370g, certifi\u00e9e T-PED \/ EN 13322-1. \u00c9quip\u00e9e d'une vanne de s\u00e9curit\u00e9 1\/2\" ACME Gauche. Solution \u00e9cologique de r\u00e9f\u00e9rence avec un GWP de 3, id\u00e9ale pour optimiser l'efficacit\u00e9 \u00e9nerg\u00e9tique et minimiser l'impact climatique des syst\u00e8mes de r\u00e9frig\u00e9ration.","og_url":"https:\/\/www.refrigerantboys.com\/fr\/acheter\/fluides-frigorigenes\/r290\/gaz-refrigerant-r290-370g-bouteille-t-ped-avec-vanne-1-2-acme-gauche\/","og_site_name":"Refrigerant Boys","article_modified_time":"2026-03-06T14:18:09+00:00","og_image":[{"width":427,"height":1280,"url":"https:\/\/www.refrigerantboys.com\/wp-content\/uploads\/2017\/10\/0001532_0-1.jpeg","type":"image\/jpeg"}],"twitter_card":"summary_large_image","twitter_misc":{"Dur\u00e9e de lecture estim\u00e9e":"1 minute"},"schema":{"@context":"https:\/\/schema.org","@graph":[{"@type":"WebPage","@id":"https:\/\/www.refrigerantboys.com\/fr\/acheter\/fluides-frigorigenes\/r290\/gaz-refrigerant-r290-370g-bouteille-t-ped-avec-vanne-1-2-acme-gauche\/","url":"https:\/\/www.refrigerantboys.com\/fr\/acheter\/fluides-frigorigenes\/r290\/gaz-refrigerant-r290-370g-bouteille-t-ped-avec-vanne-1-2-acme-gauche\/","name":"Gaz R\u00e9frig\u00e9rant R290 370g \u2013 Bouteille T-PED avec Vanne 1\/2\" ACME Gauche | Refrigerant Boys","isPartOf":{"@id":"https:\/\/www.refrigerantboys.com\/fr\/#website"},"datePublished":"2026-03-06T14:16:27+00:00","dateModified":"2026-03-06T14:18:09+00:00","description":"Gaz r\u00e9frig\u00e9rant naturel R290 (Propane) haute puret\u00e9 en bouteille de 370g, certifi\u00e9e T-PED \/ EN 13322-1. \u00c9quip\u00e9e d'une vanne de s\u00e9curit\u00e9 1\/2\" ACME Gauche. Solution \u00e9cologique de r\u00e9f\u00e9rence avec un GWP de 3, id\u00e9ale pour optimiser l'efficacit\u00e9 \u00e9nerg\u00e9tique et minimiser l'impact climatique des syst\u00e8mes de r\u00e9frig\u00e9ration.","breadcrumb":{"@id":"https:\/\/www.refrigerantboys.com\/fr\/acheter\/fluides-frigorigenes\/r290\/gaz-refrigerant-r290-370g-bouteille-t-ped-avec-vanne-1-2-acme-gauche\/#breadcrumb"},"inLanguage":"fr-FR","potentialAction":[{"@type":"ReadAction","target":["https:\/\/www.refrigerantboys.com\/fr\/acheter\/fluides-frigorigenes\/r290\/gaz-refrigerant-r290-370g-bouteille-t-ped-avec-vanne-1-2-acme-gauche\/"]}]},{"@type":"BreadcrumbList","@id":"https:\/\/www.refrigerantboys.com\/fr\/acheter\/fluides-frigorigenes\/r290\/gaz-refrigerant-r290-370g-bouteille-t-ped-avec-vanne-1-2-acme-gauche\/#breadcrumb","itemListElement":[{"@type":"ListItem","position":1,"name":"Home","item":"https:\/\/www.refrigerantboys.com\/fr\/"},{"@type":"ListItem","position":2,"name":"Boutique","item":"https:\/\/www.refrigerantboys.com\/fr\/boutique\/"},{"@type":"ListItem","position":3,"name":"Gaz R\u00e9frig\u00e9rant R290 370g \u2013 Bouteille T-PED avec Vanne 1\/2&#8243; ACME Gauche"}]},{"@type":"WebSite","@id":"https:\/\/www.refrigerantboys.com\/fr\/#website","url":"https:\/\/www.refrigerantboys.com\/fr\/","name":"Refrigerant Boys","description":"Vendita gas refrigeranti","potentialAction":[{"@type":"SearchAction","target":{"@type":"EntryPoint","urlTemplate":"https:\/\/www.refrigerantboys.com\/fr\/?s={search_term_string}"},"query-input":"required name=search_term_string"}],"inLanguage":"fr-FR"}]}},"_links":{"self":[{"href":"https:\/\/www.refrigerantboys.com\/fr\/wp-json\/wp\/v2\/product\/98254"}],"collection":[{"href":"https:\/\/www.refrigerantboys.com\/fr\/wp-json\/wp\/v2\/product"}],"about":[{"href":"https:\/\/www.refrigerantboys.com\/fr\/wp-json\/wp\/v2\/types\/product"}],"wp:featuredmedia":[{"embeddable":true,"href":"https:\/\/www.refrigerantboys.com\/fr\/wp-json\/wp\/v2\/media\/596"}],"wp:attachment":[{"href":"https:\/\/www.refrigerantboys.com\/fr\/wp-json\/wp\/v2\/media?parent=98254"}],"wp:term":[{"taxonomy":"product_cat","embeddable":true,"href":"https:\/\/www.refrigerantboys.com\/fr\/wp-json\/wp\/v2\/product_cat?post=98254"},{"taxonomy":"product_tag","embeddable":true,"href":"https:\/\/www.refrigerantboys.com\/fr\/wp-json\/wp\/v2\/product_tag?post=98254"}],"curies":[{"name":"wp","href":"https:\/\/api.w.org\/{rel}","templated":true}]}}