{"id":88274,"date":"2025-05-07T17:01:53","date_gmt":"2025-05-07T15:01:55","guid":{"rendered":"https:\/\/www.refrigerantboys.com\/?post_type=product&#038;p=88274"},"modified":"2025-11-08T16:01:10","modified_gmt":"2025-11-08T15:01:10","slug":"bouteille-dazote-rechargeable-5-lt-300-bar","status":"publish","type":"product","link":"https:\/\/www.refrigerantboys.com\/fr\/acheter\/outils\/bouteille-dazote-rechargeable-5-lt-300-bar\/","title":{"rendered":"Bouteille d&#8217;azote rechargeable &#8211; 5 Lt \/ 300 Bar"},"content":{"rendered":"<p>Cylindre rechargeable 99\/36\/CE (TPED)<\/p>\n<div class=\"page product-details-page panel panel-default form-panel\">\n<div class=\"panel-body\">\n<form id=\"product-details-form\" action=\"https:\/\/www.refrigerantboys.it\/it\/bombola-azoto-100-l-110-bar\" method=\"post\" novalidate=\"novalidate\">\n<div data-productid=\"17\">\n<div class=\" product-essential\">\n<div class=\"tab-content\">\n<div id=\"description\" class=\"full-description tab-pane active\">\n<p>\u2728 <strong>Caract\u00e9ristiques principales<\/strong><\/p>\n<ul>\n<li>Capacit\u00e9 : <strong>5 litres<\/strong><\/li>\n<li>Pression de charge maximale : <strong>300 bars<\/strong><\/li>\n<li>Construction robuste et durable, conforme aux normes de s\u00e9curit\u00e9<\/li>\n<li>Valve de haute qualit\u00e9 pour une utilisation s\u00fbre et pratique<\/li>\n<li>Cylindre rechargeable, con\u00e7u pour une utilisation durable.<\/li>\n<\/ul>\n<p><strong>Utilisation recommand\u00e9e<\/strong> Parfait pour les professionnels de la r\u00e9frig\u00e9ration, les ateliers et les laboratoires qui ont besoin d&#8217;une source fiable d&#8217;azote \u00e0 haute pression.<\/p>\n<\/div>\n<\/div>\n<\/div>\n<\/div>\n<\/form>\n<\/div>\n<\/div>\n<div class=\"product-collateral\">\n<div class=\"product-grid home-page-product-grid\"><\/div>\n<\/div>\n","protected":false},"excerpt":{"rendered":"<p>\ud83d\udd27 <strong>Description du produit<\/strong> Bouteille d&#8217;azote rechargeable de <strong>5 litres<\/strong> con\u00e7ue pour une s\u00e9curit\u00e9 et une fiabilit\u00e9 maximales dans les applications professionnelles. Avec une pression de fonctionnement pouvant atteindre <strong>300 bars<\/strong>, elle est id\u00e9ale pour les syst\u00e8mes de r\u00e9frig\u00e9ration, les tests d&#8217;\u00e9tanch\u00e9it\u00e9 et d&#8217;autres applications techniques. <!--more--><\/p>\n","protected":false},"featured_media":88277,"template":"","meta":[],"product_cat":[146],"product_tag":[],"acf":{"ai_note":""},"yoast_head":"<!-- This site is optimized with the Yoast SEO plugin v20.2 - https:\/\/yoast.com\/wordpress\/plugins\/seo\/ -->\n<title>Bouteille d&#039;azote rechargeable - 5 Lt \/ 300 Bar | Refrigerant Boys<\/title>\n<meta name=\"description\" content=\"\ud83d\udd27 Description du produit Bouteille d&#039;azote rechargeable de 5 litres con\u00e7ue pour une s\u00e9curit\u00e9 et une fiabilit\u00e9 maximales dans les applications professionnelles. Avec une pression de fonctionnement pouvant atteindre 300 bars, elle est id\u00e9ale pour les syst\u00e8mes de r\u00e9frig\u00e9ration, les tests d&#039;\u00e9tanch\u00e9it\u00e9 et d&#039;autres applications techniques.\" \/>\n<meta name=\"robots\" content=\"index, follow, max-snippet:-1, max-image-preview:large, max-video-preview:-1\" \/>\n<link rel=\"canonical\" href=\"https:\/\/www.refrigerantboys.com\/fr\/acheter\/outils\/bouteille-dazote-rechargeable-5-lt-300-bar\/\" \/>\n<meta property=\"og:locale\" content=\"fr_FR\" \/>\n<meta property=\"og:type\" content=\"article\" \/>\n<meta property=\"og:title\" content=\"Bouteille d&#039;azote rechargeable - 5 Lt \/ 300 Bar | Refrigerant Boys\" \/>\n<meta property=\"og:description\" content=\"\ud83d\udd27 Description du produit Bouteille d&#039;azote rechargeable de 5 litres con\u00e7ue pour une s\u00e9curit\u00e9 et une fiabilit\u00e9 maximales dans les applications professionnelles. Avec une pression de fonctionnement pouvant atteindre 300 bars, elle est id\u00e9ale pour les syst\u00e8mes de r\u00e9frig\u00e9ration, les tests d&#039;\u00e9tanch\u00e9it\u00e9 et d&#039;autres applications techniques.\" \/>\n<meta property=\"og:url\" content=\"https:\/\/www.refrigerantboys.com\/fr\/acheter\/outils\/bouteille-dazote-rechargeable-5-lt-300-bar\/\" \/>\n<meta property=\"og:site_name\" content=\"Refrigerant Boys\" \/>\n<meta property=\"article:modified_time\" content=\"2025-11-08T15:01:10+00:00\" \/>\n<meta property=\"og:image\" content=\"https:\/\/www.refrigerantboys.com\/wp-content\/uploads\/2025\/05\/az5501.png\" \/>\n\t<meta property=\"og:image:width\" content=\"267\" \/>\n\t<meta property=\"og:image:height\" content=\"766\" \/>\n\t<meta property=\"og:image:type\" content=\"image\/png\" \/>\n<meta name=\"twitter:card\" content=\"summary_large_image\" \/>\n<meta name=\"twitter:label1\" content=\"Dur\u00e9e de lecture estim\u00e9e\" \/>\n\t<meta name=\"twitter:data1\" content=\"1 minute\" \/>\n<script type=\"application\/ld+json\" class=\"yoast-schema-graph\">{\"@context\":\"https:\/\/schema.org\",\"@graph\":[{\"@type\":\"WebPage\",\"@id\":\"https:\/\/www.refrigerantboys.com\/fr\/acheter\/outils\/bouteille-dazote-rechargeable-5-lt-300-bar\/\",\"url\":\"https:\/\/www.refrigerantboys.com\/fr\/acheter\/outils\/bouteille-dazote-rechargeable-5-lt-300-bar\/\",\"name\":\"Bouteille d'azote rechargeable - 5 Lt \/ 300 Bar | Refrigerant Boys\",\"isPartOf\":{\"@id\":\"https:\/\/www.refrigerantboys.com\/fr\/#website\"},\"datePublished\":\"2025-05-07T15:01:55+00:00\",\"dateModified\":\"2025-11-08T15:01:10+00:00\",\"description\":\"\ud83d\udd27 Description du produit Bouteille d'azote rechargeable de 5 litres con\u00e7ue pour une s\u00e9curit\u00e9 et une fiabilit\u00e9 maximales dans les applications professionnelles. Avec une pression de fonctionnement pouvant atteindre 300 bars, elle est id\u00e9ale pour les syst\u00e8mes de r\u00e9frig\u00e9ration, les tests d'\u00e9tanch\u00e9it\u00e9 et d'autres applications techniques.\",\"breadcrumb\":{\"@id\":\"https:\/\/www.refrigerantboys.com\/fr\/acheter\/outils\/bouteille-dazote-rechargeable-5-lt-300-bar\/#breadcrumb\"},\"inLanguage\":\"fr-FR\",\"potentialAction\":[{\"@type\":\"ReadAction\",\"target\":[\"https:\/\/www.refrigerantboys.com\/fr\/acheter\/outils\/bouteille-dazote-rechargeable-5-lt-300-bar\/\"]}]},{\"@type\":\"BreadcrumbList\",\"@id\":\"https:\/\/www.refrigerantboys.com\/fr\/acheter\/outils\/bouteille-dazote-rechargeable-5-lt-300-bar\/#breadcrumb\",\"itemListElement\":[{\"@type\":\"ListItem\",\"position\":1,\"name\":\"Home\",\"item\":\"https:\/\/www.refrigerantboys.com\/fr\/\"},{\"@type\":\"ListItem\",\"position\":2,\"name\":\"Boutique\",\"item\":\"https:\/\/www.refrigerantboys.com\/fr\/boutique\/\"},{\"@type\":\"ListItem\",\"position\":3,\"name\":\"Bouteille d&#8217;azote rechargeable &#8211; 5 Lt \/ 300 Bar\"}]},{\"@type\":\"WebSite\",\"@id\":\"https:\/\/www.refrigerantboys.com\/fr\/#website\",\"url\":\"https:\/\/www.refrigerantboys.com\/fr\/\",\"name\":\"Refrigerant Boys\",\"description\":\"Vendita gas refrigeranti\",\"potentialAction\":[{\"@type\":\"SearchAction\",\"target\":{\"@type\":\"EntryPoint\",\"urlTemplate\":\"https:\/\/www.refrigerantboys.com\/fr\/?s={search_term_string}\"},\"query-input\":\"required name=search_term_string\"}],\"inLanguage\":\"fr-FR\"}]}<\/script>\n<!-- \/ Yoast SEO plugin. -->","yoast_head_json":{"title":"Bouteille d'azote rechargeable - 5 Lt \/ 300 Bar | Refrigerant Boys","description":"\ud83d\udd27 Description du produit Bouteille d'azote rechargeable de 5 litres con\u00e7ue pour une s\u00e9curit\u00e9 et une fiabilit\u00e9 maximales dans les applications professionnelles. Avec une pression de fonctionnement pouvant atteindre 300 bars, elle est id\u00e9ale pour les syst\u00e8mes de r\u00e9frig\u00e9ration, les tests d'\u00e9tanch\u00e9it\u00e9 et d'autres applications techniques.","robots":{"index":"index","follow":"follow","max-snippet":"max-snippet:-1","max-image-preview":"max-image-preview:large","max-video-preview":"max-video-preview:-1"},"canonical":"https:\/\/www.refrigerantboys.com\/fr\/acheter\/outils\/bouteille-dazote-rechargeable-5-lt-300-bar\/","og_locale":"fr_FR","og_type":"article","og_title":"Bouteille d'azote rechargeable - 5 Lt \/ 300 Bar | Refrigerant Boys","og_description":"\ud83d\udd27 Description du produit Bouteille d'azote rechargeable de 5 litres con\u00e7ue pour une s\u00e9curit\u00e9 et une fiabilit\u00e9 maximales dans les applications professionnelles. Avec une pression de fonctionnement pouvant atteindre 300 bars, elle est id\u00e9ale pour les syst\u00e8mes de r\u00e9frig\u00e9ration, les tests d'\u00e9tanch\u00e9it\u00e9 et d'autres applications techniques.","og_url":"https:\/\/www.refrigerantboys.com\/fr\/acheter\/outils\/bouteille-dazote-rechargeable-5-lt-300-bar\/","og_site_name":"Refrigerant Boys","article_modified_time":"2025-11-08T15:01:10+00:00","og_image":[{"width":267,"height":766,"url":"https:\/\/www.refrigerantboys.com\/wp-content\/uploads\/2025\/05\/az5501.png","type":"image\/png"}],"twitter_card":"summary_large_image","twitter_misc":{"Dur\u00e9e de lecture estim\u00e9e":"1 minute"},"schema":{"@context":"https:\/\/schema.org","@graph":[{"@type":"WebPage","@id":"https:\/\/www.refrigerantboys.com\/fr\/acheter\/outils\/bouteille-dazote-rechargeable-5-lt-300-bar\/","url":"https:\/\/www.refrigerantboys.com\/fr\/acheter\/outils\/bouteille-dazote-rechargeable-5-lt-300-bar\/","name":"Bouteille d'azote rechargeable - 5 Lt \/ 300 Bar | Refrigerant Boys","isPartOf":{"@id":"https:\/\/www.refrigerantboys.com\/fr\/#website"},"datePublished":"2025-05-07T15:01:55+00:00","dateModified":"2025-11-08T15:01:10+00:00","description":"\ud83d\udd27 Description du produit Bouteille d'azote rechargeable de 5 litres con\u00e7ue pour une s\u00e9curit\u00e9 et une fiabilit\u00e9 maximales dans les applications professionnelles. Avec une pression de fonctionnement pouvant atteindre 300 bars, elle est id\u00e9ale pour les syst\u00e8mes de r\u00e9frig\u00e9ration, les tests d'\u00e9tanch\u00e9it\u00e9 et d'autres applications techniques.","breadcrumb":{"@id":"https:\/\/www.refrigerantboys.com\/fr\/acheter\/outils\/bouteille-dazote-rechargeable-5-lt-300-bar\/#breadcrumb"},"inLanguage":"fr-FR","potentialAction":[{"@type":"ReadAction","target":["https:\/\/www.refrigerantboys.com\/fr\/acheter\/outils\/bouteille-dazote-rechargeable-5-lt-300-bar\/"]}]},{"@type":"BreadcrumbList","@id":"https:\/\/www.refrigerantboys.com\/fr\/acheter\/outils\/bouteille-dazote-rechargeable-5-lt-300-bar\/#breadcrumb","itemListElement":[{"@type":"ListItem","position":1,"name":"Home","item":"https:\/\/www.refrigerantboys.com\/fr\/"},{"@type":"ListItem","position":2,"name":"Boutique","item":"https:\/\/www.refrigerantboys.com\/fr\/boutique\/"},{"@type":"ListItem","position":3,"name":"Bouteille d&#8217;azote rechargeable &#8211; 5 Lt \/ 300 Bar"}]},{"@type":"WebSite","@id":"https:\/\/www.refrigerantboys.com\/fr\/#website","url":"https:\/\/www.refrigerantboys.com\/fr\/","name":"Refrigerant Boys","description":"Vendita gas refrigeranti","potentialAction":[{"@type":"SearchAction","target":{"@type":"EntryPoint","urlTemplate":"https:\/\/www.refrigerantboys.com\/fr\/?s={search_term_string}"},"query-input":"required name=search_term_string"}],"inLanguage":"fr-FR"}]}},"_links":{"self":[{"href":"https:\/\/www.refrigerantboys.com\/fr\/wp-json\/wp\/v2\/product\/88274"}],"collection":[{"href":"https:\/\/www.refrigerantboys.com\/fr\/wp-json\/wp\/v2\/product"}],"about":[{"href":"https:\/\/www.refrigerantboys.com\/fr\/wp-json\/wp\/v2\/types\/product"}],"wp:featuredmedia":[{"embeddable":true,"href":"https:\/\/www.refrigerantboys.com\/fr\/wp-json\/wp\/v2\/media\/88277"}],"wp:attachment":[{"href":"https:\/\/www.refrigerantboys.com\/fr\/wp-json\/wp\/v2\/media?parent=88274"}],"wp:term":[{"taxonomy":"product_cat","embeddable":true,"href":"https:\/\/www.refrigerantboys.com\/fr\/wp-json\/wp\/v2\/product_cat?post=88274"},{"taxonomy":"product_tag","embeddable":true,"href":"https:\/\/www.refrigerantboys.com\/fr\/wp-json\/wp\/v2\/product_tag?post=88274"}],"curies":[{"name":"wp","href":"https:\/\/api.w.org\/{rel}","templated":true}]}}