{"id":85834,"date":"2025-01-21T15:13:59","date_gmt":"2025-01-21T14:14:02","guid":{"rendered":"https:\/\/www.refrigerantboys.com\/?post_type=product&#038;p=85834"},"modified":"2025-02-03T15:02:48","modified_gmt":"2025-02-03T14:02:48","slug":"refrigerant-r600a-isobutane-en-bouteille-de-25-kg-vanne-217%e2%80%b3-x-1-14%e2%80%b3-gauche","status":"publish","type":"product","link":"https:\/\/www.refrigerantboys.com\/fr\/acheter\/fluides-frigorigenes\/r600a\/refrigerant-r600a-isobutane-en-bouteille-de-25-kg-vanne-217%e2%80%b3-x-1-14%e2%80%b3-gauche\/","title":{"rendered":"R\u00e9frig\u00e9rant R600a Isobutane en bouteille de 25 kg Vanne 21,7\u2033 x 1\/14\u2033 GAUCHE"},"content":{"rendered":"<p><span style=\"font-weight: 400;\">Bouteille de 25 kg de r\u00e9frig\u00e9rant R600a (Isobutane) <\/span>certifi\u00e9e T-PED \/EN 13322-1. Il s&#8217;agit d&#8217;un gaz inflammable (classe A3) utilis\u00e9 dans la r\u00e9frig\u00e9ration commerciale, dans la r\u00e9frig\u00e9ration domestique : cong\u00e9lateurs et refroidisseurs, et dans la climatisation mobile. C&#8217;est un gaz respectueux de l&#8217;environnement. Nos cylindres sont fabriqu\u00e9s \u00e0 partir de mat\u00e9riaux durables et r\u00e9pondent aux normes de s\u00e9curit\u00e9 les plus strictes. Faites confiance \u00e0 RefrigerantBoys pour votre bouteille de gaz R600a et obtenez un produit de qualit\u00e9 sup\u00e9rieure.<\/p>\n","protected":false},"excerpt":{"rendered":"<p><strong><span style=\"color: #000000;\">Bouteille T-PED \/EN 13322-1 de 19 kg de gaz r\u00e9frig\u00e9rant R600a (Isobutane). Produit utilis\u00e9 dans les installations commerciales telles que les vitrines et les chambres froides. C&#8217;est un gaz respectueux de l&#8217;environnement.<span style=\"color: #ff0000;\">\u00a0valve 21.7\u2033 x 1\/14\u2033 GAUCHE<\/span>\u00a0UN 1978<\/span><br \/>\n<\/strong><\/p>\n<p class=\"box-excerpt is-small\"><strong><br \/>\n<span class=\"hps\">PRIX INCLUANT LA BOUTEILLE QUI RESTERA VOTRE PROPRI\u00c9T\u00c9 &#8211; <a href=\"https:\/\/www.refrigerantboys.com\/ricarica-bombole-gas\/\">RECHARGE DE LA BOUTEILLE<\/a><\/span><br \/>\n<\/strong><\/p>\n<pre><span style=\"color: #99cc00; font-size: 20px;\"><strong>GWP[3]<\/strong><\/span><\/pre>\n","protected":false},"featured_media":86169,"template":"","meta":[],"product_cat":[150,163],"product_tag":[],"acf":{"ai_note":""},"yoast_head":"<!-- This site is optimized with the Yoast SEO plugin v20.2 - https:\/\/yoast.com\/wordpress\/plugins\/seo\/ -->\n<title>R\u00e9frig\u00e9rant R600a Isobutane en bouteille de 25 kg Vanne 21,7\u2033 x 1\/14\u2033 GAUCHE | Refrigerant Boys<\/title>\n<meta name=\"description\" content=\"Bouteille T-PED \/EN 13322-1 de 19 kg de gaz r\u00e9frig\u00e9rant R600a (Isobutane). Produit utilis\u00e9 dans les installations commerciales telles que les vitrines et les chambres froides. C&#039;est un gaz respectueux de l&#039;environnement.\u00a0valve 21.7\u2033 x 1\/14\u2033 GAUCHE\u00a0UN 1978   PRIX INCLUANT LA BOUTEILLE QUI RESTERA VOTRE PROPRI\u00c9T\u00c9 - RECHARGE DE LA BOUTEILLE   GWP\" \/>\n<meta name=\"robots\" content=\"index, follow, max-snippet:-1, max-image-preview:large, max-video-preview:-1\" \/>\n<link rel=\"canonical\" href=\"https:\/\/www.refrigerantboys.com\/fr\/acheter\/fluides-frigorigenes\/r600a\/refrigerant-r600a-isobutane-en-bouteille-de-25-kg-vanne-217%e2%80%b3-x-1-14%e2%80%b3-gauche\/\" \/>\n<meta property=\"og:locale\" content=\"fr_FR\" \/>\n<meta property=\"og:type\" content=\"article\" \/>\n<meta property=\"og:title\" content=\"R\u00e9frig\u00e9rant R600a Isobutane en bouteille de 25 kg Vanne 21,7\u2033 x 1\/14\u2033 GAUCHE | Refrigerant Boys\" \/>\n<meta property=\"og:description\" content=\"Bouteille T-PED \/EN 13322-1 de 19 kg de gaz r\u00e9frig\u00e9rant R600a (Isobutane). Produit utilis\u00e9 dans les installations commerciales telles que les vitrines et les chambres froides. C&#039;est un gaz respectueux de l&#039;environnement.\u00a0valve 21.7\u2033 x 1\/14\u2033 GAUCHE\u00a0UN 1978   PRIX INCLUANT LA BOUTEILLE QUI RESTERA VOTRE PROPRI\u00c9T\u00c9 - RECHARGE DE LA BOUTEILLE   GWP\" \/>\n<meta property=\"og:url\" content=\"https:\/\/www.refrigerantboys.com\/fr\/acheter\/fluides-frigorigenes\/r600a\/refrigerant-r600a-isobutane-en-bouteille-de-25-kg-vanne-217%e2%80%b3-x-1-14%e2%80%b3-gauche\/\" \/>\n<meta property=\"og:site_name\" content=\"Refrigerant Boys\" \/>\n<meta property=\"article:modified_time\" content=\"2025-02-03T14:02:48+00:00\" \/>\n<meta property=\"og:image\" content=\"https:\/\/www.refrigerantboys.com\/wp-content\/uploads\/2025\/01\/R600_25kg-1-333x800.png\" \/>\n\t<meta property=\"og:image:width\" content=\"333\" \/>\n\t<meta property=\"og:image:height\" content=\"800\" \/>\n\t<meta property=\"og:image:type\" content=\"image\/png\" \/>\n<meta name=\"twitter:card\" content=\"summary_large_image\" \/>\n<meta name=\"twitter:label1\" content=\"Dur\u00e9e de lecture estim\u00e9e\" \/>\n\t<meta name=\"twitter:data1\" content=\"1 minute\" \/>\n<script type=\"application\/ld+json\" class=\"yoast-schema-graph\">{\"@context\":\"https:\/\/schema.org\",\"@graph\":[{\"@type\":\"WebPage\",\"@id\":\"https:\/\/www.refrigerantboys.com\/fr\/acheter\/fluides-frigorigenes\/r600a\/refrigerant-r600a-isobutane-en-bouteille-de-25-kg-vanne-217%e2%80%b3-x-1-14%e2%80%b3-gauche\/\",\"url\":\"https:\/\/www.refrigerantboys.com\/fr\/acheter\/fluides-frigorigenes\/r600a\/refrigerant-r600a-isobutane-en-bouteille-de-25-kg-vanne-217%e2%80%b3-x-1-14%e2%80%b3-gauche\/\",\"name\":\"R\u00e9frig\u00e9rant R600a Isobutane en bouteille de 25 kg Vanne 21,7\u2033 x 1\/14\u2033 GAUCHE | Refrigerant Boys\",\"isPartOf\":{\"@id\":\"https:\/\/www.refrigerantboys.com\/fr\/#website\"},\"datePublished\":\"2025-01-21T14:14:02+00:00\",\"dateModified\":\"2025-02-03T14:02:48+00:00\",\"description\":\"Bouteille T-PED \/EN 13322-1 de 19 kg de gaz r\u00e9frig\u00e9rant R600a (Isobutane). Produit utilis\u00e9 dans les installations commerciales telles que les vitrines et les chambres froides. C'est un gaz respectueux de l'environnement.\u00a0valve 21.7\u2033 x 1\/14\u2033 GAUCHE\u00a0UN 1978 PRIX INCLUANT LA BOUTEILLE QUI RESTERA VOTRE PROPRI\u00c9T\u00c9 - RECHARGE DE LA BOUTEILLE GWP\",\"breadcrumb\":{\"@id\":\"https:\/\/www.refrigerantboys.com\/fr\/acheter\/fluides-frigorigenes\/r600a\/refrigerant-r600a-isobutane-en-bouteille-de-25-kg-vanne-217%e2%80%b3-x-1-14%e2%80%b3-gauche\/#breadcrumb\"},\"inLanguage\":\"fr-FR\",\"potentialAction\":[{\"@type\":\"ReadAction\",\"target\":[\"https:\/\/www.refrigerantboys.com\/fr\/acheter\/fluides-frigorigenes\/r600a\/refrigerant-r600a-isobutane-en-bouteille-de-25-kg-vanne-217%e2%80%b3-x-1-14%e2%80%b3-gauche\/\"]}]},{\"@type\":\"BreadcrumbList\",\"@id\":\"https:\/\/www.refrigerantboys.com\/fr\/acheter\/fluides-frigorigenes\/r600a\/refrigerant-r600a-isobutane-en-bouteille-de-25-kg-vanne-217%e2%80%b3-x-1-14%e2%80%b3-gauche\/#breadcrumb\",\"itemListElement\":[{\"@type\":\"ListItem\",\"position\":1,\"name\":\"Home\",\"item\":\"https:\/\/www.refrigerantboys.com\/fr\/\"},{\"@type\":\"ListItem\",\"position\":2,\"name\":\"Boutique\",\"item\":\"https:\/\/www.refrigerantboys.com\/fr\/boutique\/\"},{\"@type\":\"ListItem\",\"position\":3,\"name\":\"R\u00e9frig\u00e9rant R600a Isobutane en bouteille de 25 kg Vanne 21,7\u2033 x 1\/14\u2033 GAUCHE\"}]},{\"@type\":\"WebSite\",\"@id\":\"https:\/\/www.refrigerantboys.com\/fr\/#website\",\"url\":\"https:\/\/www.refrigerantboys.com\/fr\/\",\"name\":\"Refrigerant Boys\",\"description\":\"Vendita gas refrigeranti\",\"potentialAction\":[{\"@type\":\"SearchAction\",\"target\":{\"@type\":\"EntryPoint\",\"urlTemplate\":\"https:\/\/www.refrigerantboys.com\/fr\/?s={search_term_string}\"},\"query-input\":\"required name=search_term_string\"}],\"inLanguage\":\"fr-FR\"}]}<\/script>\n<!-- \/ Yoast SEO plugin. -->","yoast_head_json":{"title":"R\u00e9frig\u00e9rant R600a Isobutane en bouteille de 25 kg Vanne 21,7\u2033 x 1\/14\u2033 GAUCHE | Refrigerant Boys","description":"Bouteille T-PED \/EN 13322-1 de 19 kg de gaz r\u00e9frig\u00e9rant R600a (Isobutane). Produit utilis\u00e9 dans les installations commerciales telles que les vitrines et les chambres froides. C'est un gaz respectueux de l'environnement.\u00a0valve 21.7\u2033 x 1\/14\u2033 GAUCHE\u00a0UN 1978   PRIX INCLUANT LA BOUTEILLE QUI RESTERA VOTRE PROPRI\u00c9T\u00c9 - RECHARGE DE LA BOUTEILLE   GWP","robots":{"index":"index","follow":"follow","max-snippet":"max-snippet:-1","max-image-preview":"max-image-preview:large","max-video-preview":"max-video-preview:-1"},"canonical":"https:\/\/www.refrigerantboys.com\/fr\/acheter\/fluides-frigorigenes\/r600a\/refrigerant-r600a-isobutane-en-bouteille-de-25-kg-vanne-217%e2%80%b3-x-1-14%e2%80%b3-gauche\/","og_locale":"fr_FR","og_type":"article","og_title":"R\u00e9frig\u00e9rant R600a Isobutane en bouteille de 25 kg Vanne 21,7\u2033 x 1\/14\u2033 GAUCHE | Refrigerant Boys","og_description":"Bouteille T-PED \/EN 13322-1 de 19 kg de gaz r\u00e9frig\u00e9rant R600a (Isobutane). Produit utilis\u00e9 dans les installations commerciales telles que les vitrines et les chambres froides. C'est un gaz respectueux de l'environnement.\u00a0valve 21.7\u2033 x 1\/14\u2033 GAUCHE\u00a0UN 1978   PRIX INCLUANT LA BOUTEILLE QUI RESTERA VOTRE PROPRI\u00c9T\u00c9 - RECHARGE DE LA BOUTEILLE   GWP","og_url":"https:\/\/www.refrigerantboys.com\/fr\/acheter\/fluides-frigorigenes\/r600a\/refrigerant-r600a-isobutane-en-bouteille-de-25-kg-vanne-217%e2%80%b3-x-1-14%e2%80%b3-gauche\/","og_site_name":"Refrigerant Boys","article_modified_time":"2025-02-03T14:02:48+00:00","og_image":[{"width":333,"height":800,"url":"https:\/\/www.refrigerantboys.com\/wp-content\/uploads\/2025\/01\/R600_25kg-1-333x800.png","type":"image\/png"}],"twitter_card":"summary_large_image","twitter_misc":{"Dur\u00e9e de lecture estim\u00e9e":"1 minute"},"schema":{"@context":"https:\/\/schema.org","@graph":[{"@type":"WebPage","@id":"https:\/\/www.refrigerantboys.com\/fr\/acheter\/fluides-frigorigenes\/r600a\/refrigerant-r600a-isobutane-en-bouteille-de-25-kg-vanne-217%e2%80%b3-x-1-14%e2%80%b3-gauche\/","url":"https:\/\/www.refrigerantboys.com\/fr\/acheter\/fluides-frigorigenes\/r600a\/refrigerant-r600a-isobutane-en-bouteille-de-25-kg-vanne-217%e2%80%b3-x-1-14%e2%80%b3-gauche\/","name":"R\u00e9frig\u00e9rant R600a Isobutane en bouteille de 25 kg Vanne 21,7\u2033 x 1\/14\u2033 GAUCHE | Refrigerant Boys","isPartOf":{"@id":"https:\/\/www.refrigerantboys.com\/fr\/#website"},"datePublished":"2025-01-21T14:14:02+00:00","dateModified":"2025-02-03T14:02:48+00:00","description":"Bouteille T-PED \/EN 13322-1 de 19 kg de gaz r\u00e9frig\u00e9rant R600a (Isobutane). Produit utilis\u00e9 dans les installations commerciales telles que les vitrines et les chambres froides. C'est un gaz respectueux de l'environnement.\u00a0valve 21.7\u2033 x 1\/14\u2033 GAUCHE\u00a0UN 1978 PRIX INCLUANT LA BOUTEILLE QUI RESTERA VOTRE PROPRI\u00c9T\u00c9 - RECHARGE DE LA BOUTEILLE GWP","breadcrumb":{"@id":"https:\/\/www.refrigerantboys.com\/fr\/acheter\/fluides-frigorigenes\/r600a\/refrigerant-r600a-isobutane-en-bouteille-de-25-kg-vanne-217%e2%80%b3-x-1-14%e2%80%b3-gauche\/#breadcrumb"},"inLanguage":"fr-FR","potentialAction":[{"@type":"ReadAction","target":["https:\/\/www.refrigerantboys.com\/fr\/acheter\/fluides-frigorigenes\/r600a\/refrigerant-r600a-isobutane-en-bouteille-de-25-kg-vanne-217%e2%80%b3-x-1-14%e2%80%b3-gauche\/"]}]},{"@type":"BreadcrumbList","@id":"https:\/\/www.refrigerantboys.com\/fr\/acheter\/fluides-frigorigenes\/r600a\/refrigerant-r600a-isobutane-en-bouteille-de-25-kg-vanne-217%e2%80%b3-x-1-14%e2%80%b3-gauche\/#breadcrumb","itemListElement":[{"@type":"ListItem","position":1,"name":"Home","item":"https:\/\/www.refrigerantboys.com\/fr\/"},{"@type":"ListItem","position":2,"name":"Boutique","item":"https:\/\/www.refrigerantboys.com\/fr\/boutique\/"},{"@type":"ListItem","position":3,"name":"R\u00e9frig\u00e9rant R600a Isobutane en bouteille de 25 kg Vanne 21,7\u2033 x 1\/14\u2033 GAUCHE"}]},{"@type":"WebSite","@id":"https:\/\/www.refrigerantboys.com\/fr\/#website","url":"https:\/\/www.refrigerantboys.com\/fr\/","name":"Refrigerant Boys","description":"Vendita gas refrigeranti","potentialAction":[{"@type":"SearchAction","target":{"@type":"EntryPoint","urlTemplate":"https:\/\/www.refrigerantboys.com\/fr\/?s={search_term_string}"},"query-input":"required name=search_term_string"}],"inLanguage":"fr-FR"}]}},"_links":{"self":[{"href":"https:\/\/www.refrigerantboys.com\/fr\/wp-json\/wp\/v2\/product\/85834"}],"collection":[{"href":"https:\/\/www.refrigerantboys.com\/fr\/wp-json\/wp\/v2\/product"}],"about":[{"href":"https:\/\/www.refrigerantboys.com\/fr\/wp-json\/wp\/v2\/types\/product"}],"wp:featuredmedia":[{"embeddable":true,"href":"https:\/\/www.refrigerantboys.com\/fr\/wp-json\/wp\/v2\/media\/86169"}],"wp:attachment":[{"href":"https:\/\/www.refrigerantboys.com\/fr\/wp-json\/wp\/v2\/media?parent=85834"}],"wp:term":[{"taxonomy":"product_cat","embeddable":true,"href":"https:\/\/www.refrigerantboys.com\/fr\/wp-json\/wp\/v2\/product_cat?post=85834"},{"taxonomy":"product_tag","embeddable":true,"href":"https:\/\/www.refrigerantboys.com\/fr\/wp-json\/wp\/v2\/product_tag?post=85834"}],"curies":[{"name":"wp","href":"https:\/\/api.w.org\/{rel}","templated":true}]}}