{"id":74778,"date":"2023-11-20T15:20:08","date_gmt":"2023-11-20T14:20:09","guid":{"rendered":"https:\/\/www.refrigerantboys.com\/?post_type=product&#038;p=74778"},"modified":"2026-02-13T16:05:56","modified_gmt":"2026-02-13T15:05:56","slug":"bombola-ricaricabile-di-gas-r454b-da-30-kg-valvola-valvola-w-217-x-1-14-sx","status":"publish","type":"product","link":"https:\/\/www.refrigerantboys.com\/fr\/acheter\/fluides-frigorigenes\/r410a\/bombola-ricaricabile-di-gas-r454b-da-30-kg-valvola-valvola-w-217-x-1-14-sx\/","title":{"rendered":"Bouteille de Gaz R\u00e9frig\u00e9rant R454B &#8211; 30kg &#8211; (T-PED) &#8211; Vanne W 21,7 x 1\/14&#8243; GAUCHE"},"content":{"rendered":"<ul>\n<li>\n<p data-path-to-node=\"25,0,0\"><b data-path-to-node=\"25,0,0\" data-index-in-node=\"0\">Usage Industriel :<\/b> Format de 30 kg optimis\u00e9 pour le chargement de grandes centrales frigorifiques et de refroidisseurs de liquide de nouvelle g\u00e9n\u00e9ration.<\/p>\n<\/li>\n<li>\n<p data-path-to-node=\"25,1,0\"><b data-path-to-node=\"25,1,0\" data-index-in-node=\"0\">Efficacit\u00e9 Thermique :<\/b> Offre des performances sup\u00e9rieures au R410A avec un impact climatique r\u00e9duit de 78%. Class\u00e9 <b data-path-to-node=\"25,1,0\" data-index-in-node=\"115\">A2L<\/b> (l\u00e9g\u00e8rement inflammable).<\/p>\n<\/li>\n<li>\n<p data-path-to-node=\"25,2,0\"><b data-path-to-node=\"25,2,0\" data-index-in-node=\"0\">Conformit\u00e9 et S\u00e9curit\u00e9 :<\/b> Certifi\u00e9e <b data-path-to-node=\"25,2,0\" data-index-in-node=\"35\">T-PED<\/b>. La vanne \u00e0 filetage gauche pr\u00e9vient tout risque de raccordement accidentel \u00e0 des outils non compatibles A2L.<\/p>\n<\/li>\n<li>\n<p data-path-to-node=\"25,3,0\"><b data-path-to-node=\"25,3,0\" data-index-in-node=\"0\">Note Technique :<\/b> Charge imp\u00e9rative en <b data-path-to-node=\"25,3,0\" data-index-in-node=\"38\">phase liquide<\/b> pour garantir la stabilit\u00e9 et la composition du m\u00e9lange.<\/p>\n<\/li>\n<li>\n<p data-path-to-node=\"25,4,0\"><b data-path-to-node=\"25,4,0\" data-index-in-node=\"0\">Avis :<\/b> R\u00e9serv\u00e9 aux d\u00e9tenteurs d&#8217;une attestation de capacit\u00e9 F-GAS.<\/p>\n<\/li>\n<\/ul>\n","protected":false},"excerpt":{"rendered":"<div><span style=\"color: #166534; font-weight: bold;\">\u2713 Eco-Tax (Reg. UE 2024\/573)<\/span> <span style=\"color: #dc2626; font-weight: bold; margin-left: 5px;\">1,39 \u20ac\/kg<\/span><\/div>\n<p data-path-to-node=\"23\">Bouteille rechargeable haute capacit\u00e9 de <b data-path-to-node=\"23\" data-index-in-node=\"41\">30kg de gaz R454B<\/b>, fluide HFO \u00e0 tr\u00e8s bas GWP (466). Solution industrielle pour pompes \u00e0 chaleur de grande puissance et chillers. Conforme aux normes <b data-path-to-node=\"23\" data-index-in-node=\"190\">T-PED \/ EN 13322-1<\/b>, \u00e9quip\u00e9e d&#8217;une vanne <b data-path-to-node=\"23\" data-index-in-node=\"230\">W 21,7 x 1\/14&#8243; avec filetage \u00e0 gauche<\/b>.<\/p>\n<h3 data-path-to-node=\"24\"><\/h3>\n","protected":false},"featured_media":74781,"template":"","meta":[],"product_cat":[150,786,160,356],"product_tag":[],"acf":{"ai_note":""},"yoast_head":"<!-- This site is optimized with the Yoast SEO plugin v20.2 - https:\/\/yoast.com\/wordpress\/plugins\/seo\/ -->\n<title>Bouteille de Gaz R\u00e9frig\u00e9rant R454B - 30kg - (T-PED) - Vanne W 21,7 x 1\/14&quot; GAUCHE | Refrigerant Boys<\/title>\n<meta name=\"description\" content=\"\u2713 Eco-Tax (Reg. UE 2024\/573) 1,39 \u20ac\/kg Bouteille rechargeable haute capacit\u00e9 de 30kg de gaz R454B, fluide HFO \u00e0 tr\u00e8s bas GWP (466). Solution industrielle pour pompes \u00e0 chaleur de grande puissance et chillers. Conforme aux normes T-PED \/ EN 13322-1, \u00e9quip\u00e9e d&#039;une vanne W 21,7 x 1\/14&quot; avec filetage \u00e0 gauche.\" \/>\n<meta name=\"robots\" content=\"index, follow, max-snippet:-1, max-image-preview:large, max-video-preview:-1\" \/>\n<link rel=\"canonical\" href=\"https:\/\/www.refrigerantboys.com\/fr\/acheter\/fluides-frigorigenes\/r410a\/bombola-ricaricabile-di-gas-r454b-da-30-kg-valvola-valvola-w-217-x-1-14-sx\/\" \/>\n<meta property=\"og:locale\" content=\"fr_FR\" \/>\n<meta property=\"og:type\" content=\"article\" \/>\n<meta property=\"og:title\" content=\"Bouteille de Gaz R\u00e9frig\u00e9rant R454B - 30kg - (T-PED) - Vanne W 21,7 x 1\/14&quot; GAUCHE | Refrigerant Boys\" \/>\n<meta property=\"og:description\" content=\"\u2713 Eco-Tax (Reg. UE 2024\/573) 1,39 \u20ac\/kg Bouteille rechargeable haute capacit\u00e9 de 30kg de gaz R454B, fluide HFO \u00e0 tr\u00e8s bas GWP (466). Solution industrielle pour pompes \u00e0 chaleur de grande puissance et chillers. Conforme aux normes T-PED \/ EN 13322-1, \u00e9quip\u00e9e d&#039;une vanne W 21,7 x 1\/14&quot; avec filetage \u00e0 gauche.\" \/>\n<meta property=\"og:url\" content=\"https:\/\/www.refrigerantboys.com\/fr\/acheter\/fluides-frigorigenes\/r410a\/bombola-ricaricabile-di-gas-r454b-da-30-kg-valvola-valvola-w-217-x-1-14-sx\/\" \/>\n<meta property=\"og:site_name\" content=\"Refrigerant Boys\" \/>\n<meta property=\"article:modified_time\" content=\"2026-02-13T15:05:56+00:00\" \/>\n<meta property=\"og:image\" content=\"https:\/\/www.refrigerantboys.com\/wp-content\/uploads\/2023\/11\/R454B-LOGO.png\" \/>\n\t<meta property=\"og:image:width\" content=\"348\" \/>\n\t<meta property=\"og:image:height\" content=\"604\" \/>\n\t<meta property=\"og:image:type\" content=\"image\/png\" \/>\n<meta name=\"twitter:card\" content=\"summary_large_image\" \/>\n<meta name=\"twitter:label1\" content=\"Dur\u00e9e de lecture estim\u00e9e\" \/>\n\t<meta name=\"twitter:data1\" content=\"1 minute\" \/>\n<script type=\"application\/ld+json\" class=\"yoast-schema-graph\">{\"@context\":\"https:\/\/schema.org\",\"@graph\":[{\"@type\":\"WebPage\",\"@id\":\"https:\/\/www.refrigerantboys.com\/fr\/acheter\/fluides-frigorigenes\/r410a\/bombola-ricaricabile-di-gas-r454b-da-30-kg-valvola-valvola-w-217-x-1-14-sx\/\",\"url\":\"https:\/\/www.refrigerantboys.com\/fr\/acheter\/fluides-frigorigenes\/r410a\/bombola-ricaricabile-di-gas-r454b-da-30-kg-valvola-valvola-w-217-x-1-14-sx\/\",\"name\":\"Bouteille de Gaz R\u00e9frig\u00e9rant R454B - 30kg - (T-PED) - Vanne W 21,7 x 1\/14\\\" GAUCHE | Refrigerant Boys\",\"isPartOf\":{\"@id\":\"https:\/\/www.refrigerantboys.com\/fr\/#website\"},\"datePublished\":\"2023-11-20T14:20:09+00:00\",\"dateModified\":\"2026-02-13T15:05:56+00:00\",\"description\":\"\u2713 Eco-Tax (Reg. UE 2024\/573) 1,39 \u20ac\/kg Bouteille rechargeable haute capacit\u00e9 de 30kg de gaz R454B, fluide HFO \u00e0 tr\u00e8s bas GWP (466). Solution industrielle pour pompes \u00e0 chaleur de grande puissance et chillers. Conforme aux normes T-PED \/ EN 13322-1, \u00e9quip\u00e9e d'une vanne W 21,7 x 1\/14\\\" avec filetage \u00e0 gauche.\",\"breadcrumb\":{\"@id\":\"https:\/\/www.refrigerantboys.com\/fr\/acheter\/fluides-frigorigenes\/r410a\/bombola-ricaricabile-di-gas-r454b-da-30-kg-valvola-valvola-w-217-x-1-14-sx\/#breadcrumb\"},\"inLanguage\":\"fr-FR\",\"potentialAction\":[{\"@type\":\"ReadAction\",\"target\":[\"https:\/\/www.refrigerantboys.com\/fr\/acheter\/fluides-frigorigenes\/r410a\/bombola-ricaricabile-di-gas-r454b-da-30-kg-valvola-valvola-w-217-x-1-14-sx\/\"]}]},{\"@type\":\"BreadcrumbList\",\"@id\":\"https:\/\/www.refrigerantboys.com\/fr\/acheter\/fluides-frigorigenes\/r410a\/bombola-ricaricabile-di-gas-r454b-da-30-kg-valvola-valvola-w-217-x-1-14-sx\/#breadcrumb\",\"itemListElement\":[{\"@type\":\"ListItem\",\"position\":1,\"name\":\"Home\",\"item\":\"https:\/\/www.refrigerantboys.com\/fr\/\"},{\"@type\":\"ListItem\",\"position\":2,\"name\":\"Boutique\",\"item\":\"https:\/\/www.refrigerantboys.com\/fr\/boutique\/\"},{\"@type\":\"ListItem\",\"position\":3,\"name\":\"Bouteille de Gaz R\u00e9frig\u00e9rant R454B &#8211; 30kg &#8211; (T-PED) &#8211; Vanne W 21,7 x 1\/14&#8243; GAUCHE\"}]},{\"@type\":\"WebSite\",\"@id\":\"https:\/\/www.refrigerantboys.com\/fr\/#website\",\"url\":\"https:\/\/www.refrigerantboys.com\/fr\/\",\"name\":\"Refrigerant Boys\",\"description\":\"Vendita gas refrigeranti\",\"potentialAction\":[{\"@type\":\"SearchAction\",\"target\":{\"@type\":\"EntryPoint\",\"urlTemplate\":\"https:\/\/www.refrigerantboys.com\/fr\/?s={search_term_string}\"},\"query-input\":\"required name=search_term_string\"}],\"inLanguage\":\"fr-FR\"}]}<\/script>\n<!-- \/ Yoast SEO plugin. -->","yoast_head_json":{"title":"Bouteille de Gaz R\u00e9frig\u00e9rant R454B - 30kg - (T-PED) - Vanne W 21,7 x 1\/14\" GAUCHE | Refrigerant Boys","description":"\u2713 Eco-Tax (Reg. UE 2024\/573) 1,39 \u20ac\/kg Bouteille rechargeable haute capacit\u00e9 de 30kg de gaz R454B, fluide HFO \u00e0 tr\u00e8s bas GWP (466). Solution industrielle pour pompes \u00e0 chaleur de grande puissance et chillers. Conforme aux normes T-PED \/ EN 13322-1, \u00e9quip\u00e9e d'une vanne W 21,7 x 1\/14\" avec filetage \u00e0 gauche.","robots":{"index":"index","follow":"follow","max-snippet":"max-snippet:-1","max-image-preview":"max-image-preview:large","max-video-preview":"max-video-preview:-1"},"canonical":"https:\/\/www.refrigerantboys.com\/fr\/acheter\/fluides-frigorigenes\/r410a\/bombola-ricaricabile-di-gas-r454b-da-30-kg-valvola-valvola-w-217-x-1-14-sx\/","og_locale":"fr_FR","og_type":"article","og_title":"Bouteille de Gaz R\u00e9frig\u00e9rant R454B - 30kg - (T-PED) - Vanne W 21,7 x 1\/14\" GAUCHE | Refrigerant Boys","og_description":"\u2713 Eco-Tax (Reg. UE 2024\/573) 1,39 \u20ac\/kg Bouteille rechargeable haute capacit\u00e9 de 30kg de gaz R454B, fluide HFO \u00e0 tr\u00e8s bas GWP (466). Solution industrielle pour pompes \u00e0 chaleur de grande puissance et chillers. Conforme aux normes T-PED \/ EN 13322-1, \u00e9quip\u00e9e d'une vanne W 21,7 x 1\/14\" avec filetage \u00e0 gauche.","og_url":"https:\/\/www.refrigerantboys.com\/fr\/acheter\/fluides-frigorigenes\/r410a\/bombola-ricaricabile-di-gas-r454b-da-30-kg-valvola-valvola-w-217-x-1-14-sx\/","og_site_name":"Refrigerant Boys","article_modified_time":"2026-02-13T15:05:56+00:00","og_image":[{"width":348,"height":604,"url":"https:\/\/www.refrigerantboys.com\/wp-content\/uploads\/2023\/11\/R454B-LOGO.png","type":"image\/png"}],"twitter_card":"summary_large_image","twitter_misc":{"Dur\u00e9e de lecture estim\u00e9e":"1 minute"},"schema":{"@context":"https:\/\/schema.org","@graph":[{"@type":"WebPage","@id":"https:\/\/www.refrigerantboys.com\/fr\/acheter\/fluides-frigorigenes\/r410a\/bombola-ricaricabile-di-gas-r454b-da-30-kg-valvola-valvola-w-217-x-1-14-sx\/","url":"https:\/\/www.refrigerantboys.com\/fr\/acheter\/fluides-frigorigenes\/r410a\/bombola-ricaricabile-di-gas-r454b-da-30-kg-valvola-valvola-w-217-x-1-14-sx\/","name":"Bouteille de Gaz R\u00e9frig\u00e9rant R454B - 30kg - (T-PED) - Vanne W 21,7 x 1\/14\" GAUCHE | Refrigerant Boys","isPartOf":{"@id":"https:\/\/www.refrigerantboys.com\/fr\/#website"},"datePublished":"2023-11-20T14:20:09+00:00","dateModified":"2026-02-13T15:05:56+00:00","description":"\u2713 Eco-Tax (Reg. UE 2024\/573) 1,39 \u20ac\/kg Bouteille rechargeable haute capacit\u00e9 de 30kg de gaz R454B, fluide HFO \u00e0 tr\u00e8s bas GWP (466). Solution industrielle pour pompes \u00e0 chaleur de grande puissance et chillers. Conforme aux normes T-PED \/ EN 13322-1, \u00e9quip\u00e9e d'une vanne W 21,7 x 1\/14\" avec filetage \u00e0 gauche.","breadcrumb":{"@id":"https:\/\/www.refrigerantboys.com\/fr\/acheter\/fluides-frigorigenes\/r410a\/bombola-ricaricabile-di-gas-r454b-da-30-kg-valvola-valvola-w-217-x-1-14-sx\/#breadcrumb"},"inLanguage":"fr-FR","potentialAction":[{"@type":"ReadAction","target":["https:\/\/www.refrigerantboys.com\/fr\/acheter\/fluides-frigorigenes\/r410a\/bombola-ricaricabile-di-gas-r454b-da-30-kg-valvola-valvola-w-217-x-1-14-sx\/"]}]},{"@type":"BreadcrumbList","@id":"https:\/\/www.refrigerantboys.com\/fr\/acheter\/fluides-frigorigenes\/r410a\/bombola-ricaricabile-di-gas-r454b-da-30-kg-valvola-valvola-w-217-x-1-14-sx\/#breadcrumb","itemListElement":[{"@type":"ListItem","position":1,"name":"Home","item":"https:\/\/www.refrigerantboys.com\/fr\/"},{"@type":"ListItem","position":2,"name":"Boutique","item":"https:\/\/www.refrigerantboys.com\/fr\/boutique\/"},{"@type":"ListItem","position":3,"name":"Bouteille de Gaz R\u00e9frig\u00e9rant R454B &#8211; 30kg &#8211; (T-PED) &#8211; Vanne W 21,7 x 1\/14&#8243; GAUCHE"}]},{"@type":"WebSite","@id":"https:\/\/www.refrigerantboys.com\/fr\/#website","url":"https:\/\/www.refrigerantboys.com\/fr\/","name":"Refrigerant Boys","description":"Vendita gas refrigeranti","potentialAction":[{"@type":"SearchAction","target":{"@type":"EntryPoint","urlTemplate":"https:\/\/www.refrigerantboys.com\/fr\/?s={search_term_string}"},"query-input":"required name=search_term_string"}],"inLanguage":"fr-FR"}]}},"_links":{"self":[{"href":"https:\/\/www.refrigerantboys.com\/fr\/wp-json\/wp\/v2\/product\/74778"}],"collection":[{"href":"https:\/\/www.refrigerantboys.com\/fr\/wp-json\/wp\/v2\/product"}],"about":[{"href":"https:\/\/www.refrigerantboys.com\/fr\/wp-json\/wp\/v2\/types\/product"}],"wp:featuredmedia":[{"embeddable":true,"href":"https:\/\/www.refrigerantboys.com\/fr\/wp-json\/wp\/v2\/media\/74781"}],"wp:attachment":[{"href":"https:\/\/www.refrigerantboys.com\/fr\/wp-json\/wp\/v2\/media?parent=74778"}],"wp:term":[{"taxonomy":"product_cat","embeddable":true,"href":"https:\/\/www.refrigerantboys.com\/fr\/wp-json\/wp\/v2\/product_cat?post=74778"},{"taxonomy":"product_tag","embeddable":true,"href":"https:\/\/www.refrigerantboys.com\/fr\/wp-json\/wp\/v2\/product_tag?post=74778"}],"curies":[{"name":"wp","href":"https:\/\/api.w.org\/{rel}","templated":true}]}}