{"id":71070,"date":"2023-07-04T11:27:55","date_gmt":"2023-07-04T09:33:54","guid":{"rendered":"https:\/\/www.refrigerantboys.com\/acquista\/non%20class\u00e9\/detendeur-pour-bouteilles-dazote-110-bar\/"},"modified":"2026-02-05T14:59:38","modified_gmt":"2026-02-05T13:59:38","slug":"regulateur-de-pression-pour-bouteilles-dazote-110-bar","status":"publish","type":"product","link":"https:\/\/www.refrigerantboys.com\/fr\/acheter\/outils\/regulateur-de-pression-pour-bouteilles-dazote-110-bar\/","title":{"rendered":"D\u00e9tendeur pour bouteilles d&#8217;azote 110 bar"},"content":{"rendered":"<ul>\n<li>\n<p data-path-to-node=\"10,0,0\"><b data-path-to-node=\"10,0,0\" data-index-in-node=\"0\">Contr\u00f4le de Pr\u00e9cision :<\/b> \u00c9quip\u00e9 d&#8217;un manom\u00e8tre haute visibilit\u00e9 pour surveiller la pression de sortie en temps r\u00e9el.<\/p>\n<\/li>\n<li>\n<p data-path-to-node=\"10,1,0\"><b data-path-to-node=\"10,1,0\" data-index-in-node=\"0\">Raccord Universel :<\/b> Entr\u00e9e femelle M11x1 compatible avec toutes les bouteilles jetables standard.<\/p>\n<\/li>\n<li>\n<p data-path-to-node=\"10,2,0\"><b data-path-to-node=\"10,2,0\" data-index-in-node=\"0\">Sortie :<\/b> \u00c9quip\u00e9 d&#8217;un raccord rapide pour une installation facile du tuyau.<\/p>\n<\/li>\n<li>\n<p data-path-to-node=\"10,3,0\"><b data-path-to-node=\"10,3,0\" data-index-in-node=\"0\">Mat\u00e9riau :<\/b> Corps en laiton robuste pour une durabilit\u00e9 maximale.<\/p>\n<\/li>\n<\/ul>\n","protected":false},"excerpt":{"rendered":"<p><b data-path-to-node=\"8\" data-index-in-node=\"21\">Raccord M11x1<\/b> Contr\u00f4le pr\u00e9cis et fiable pour votre syst\u00e8me de gaz\u00e9ification. Con\u00e7u sp\u00e9cifiquement pour les bouteilles de CO2 jetables de 600g et 1300g, il garantit un d\u00e9bit stable et un r\u00e9glage de pression millim\u00e9trique.<\/p>\n","protected":false},"featured_media":96822,"template":"","meta":[],"product_cat":[146],"product_tag":[],"acf":{"ai_note":""},"yoast_head":"<!-- This site is optimized with the Yoast SEO plugin v20.2 - https:\/\/yoast.com\/wordpress\/plugins\/seo\/ -->\n<title>D\u00e9tendeur pour bouteilles d&#039;azote 110 bar | Refrigerant Boys<\/title>\n<meta name=\"description\" content=\"Raccord M11x1 Contr\u00f4le pr\u00e9cis et fiable pour votre syst\u00e8me de gaz\u00e9ification. Con\u00e7u sp\u00e9cifiquement pour les bouteilles de CO2 jetables de 600g et 1300g, il garantit un d\u00e9bit stable et un r\u00e9glage de pression millim\u00e9trique.\" \/>\n<meta name=\"robots\" content=\"index, follow, max-snippet:-1, max-image-preview:large, max-video-preview:-1\" \/>\n<link rel=\"canonical\" href=\"https:\/\/www.refrigerantboys.com\/fr\/acheter\/outils\/regulateur-de-pression-pour-bouteilles-dazote-110-bar\/\" \/>\n<meta property=\"og:locale\" content=\"fr_FR\" \/>\n<meta property=\"og:type\" content=\"article\" \/>\n<meta property=\"og:title\" content=\"D\u00e9tendeur pour bouteilles d&#039;azote 110 bar | Refrigerant Boys\" \/>\n<meta property=\"og:description\" content=\"Raccord M11x1 Contr\u00f4le pr\u00e9cis et fiable pour votre syst\u00e8me de gaz\u00e9ification. Con\u00e7u sp\u00e9cifiquement pour les bouteilles de CO2 jetables de 600g et 1300g, il garantit un d\u00e9bit stable et un r\u00e9glage de pression millim\u00e9trique.\" \/>\n<meta property=\"og:url\" content=\"https:\/\/www.refrigerantboys.com\/fr\/acheter\/outils\/regulateur-de-pression-pour-bouteilles-dazote-110-bar\/\" \/>\n<meta property=\"og:site_name\" content=\"Refrigerant Boys\" \/>\n<meta property=\"article:modified_time\" content=\"2026-02-05T13:59:38+00:00\" \/>\n<meta property=\"og:image\" content=\"https:\/\/www.refrigerantboys.com\/wp-content\/uploads\/2023\/07\/reg.png\" \/>\n\t<meta property=\"og:image:width\" content=\"227\" \/>\n\t<meta property=\"og:image:height\" content=\"360\" \/>\n\t<meta property=\"og:image:type\" content=\"image\/png\" \/>\n<meta name=\"twitter:card\" content=\"summary_large_image\" \/>\n<meta name=\"twitter:label1\" content=\"Dur\u00e9e de lecture estim\u00e9e\" \/>\n\t<meta name=\"twitter:data1\" content=\"1 minute\" \/>\n<script type=\"application\/ld+json\" class=\"yoast-schema-graph\">{\"@context\":\"https:\/\/schema.org\",\"@graph\":[{\"@type\":\"WebPage\",\"@id\":\"https:\/\/www.refrigerantboys.com\/fr\/acheter\/outils\/regulateur-de-pression-pour-bouteilles-dazote-110-bar\/\",\"url\":\"https:\/\/www.refrigerantboys.com\/fr\/acheter\/outils\/regulateur-de-pression-pour-bouteilles-dazote-110-bar\/\",\"name\":\"D\u00e9tendeur pour bouteilles d'azote 110 bar | Refrigerant Boys\",\"isPartOf\":{\"@id\":\"https:\/\/www.refrigerantboys.com\/fr\/#website\"},\"datePublished\":\"2023-07-04T09:33:54+00:00\",\"dateModified\":\"2026-02-05T13:59:38+00:00\",\"description\":\"Raccord M11x1 Contr\u00f4le pr\u00e9cis et fiable pour votre syst\u00e8me de gaz\u00e9ification. Con\u00e7u sp\u00e9cifiquement pour les bouteilles de CO2 jetables de 600g et 1300g, il garantit un d\u00e9bit stable et un r\u00e9glage de pression millim\u00e9trique.\",\"breadcrumb\":{\"@id\":\"https:\/\/www.refrigerantboys.com\/fr\/acheter\/outils\/regulateur-de-pression-pour-bouteilles-dazote-110-bar\/#breadcrumb\"},\"inLanguage\":\"fr-FR\",\"potentialAction\":[{\"@type\":\"ReadAction\",\"target\":[\"https:\/\/www.refrigerantboys.com\/fr\/acheter\/outils\/regulateur-de-pression-pour-bouteilles-dazote-110-bar\/\"]}]},{\"@type\":\"BreadcrumbList\",\"@id\":\"https:\/\/www.refrigerantboys.com\/fr\/acheter\/outils\/regulateur-de-pression-pour-bouteilles-dazote-110-bar\/#breadcrumb\",\"itemListElement\":[{\"@type\":\"ListItem\",\"position\":1,\"name\":\"Home\",\"item\":\"https:\/\/www.refrigerantboys.com\/fr\/\"},{\"@type\":\"ListItem\",\"position\":2,\"name\":\"Boutique\",\"item\":\"https:\/\/www.refrigerantboys.com\/fr\/boutique\/\"},{\"@type\":\"ListItem\",\"position\":3,\"name\":\"D\u00e9tendeur pour bouteilles d&#8217;azote 110 bar\"}]},{\"@type\":\"WebSite\",\"@id\":\"https:\/\/www.refrigerantboys.com\/fr\/#website\",\"url\":\"https:\/\/www.refrigerantboys.com\/fr\/\",\"name\":\"Refrigerant Boys\",\"description\":\"Vendita gas refrigeranti\",\"potentialAction\":[{\"@type\":\"SearchAction\",\"target\":{\"@type\":\"EntryPoint\",\"urlTemplate\":\"https:\/\/www.refrigerantboys.com\/fr\/?s={search_term_string}\"},\"query-input\":\"required name=search_term_string\"}],\"inLanguage\":\"fr-FR\"}]}<\/script>\n<!-- \/ Yoast SEO plugin. -->","yoast_head_json":{"title":"D\u00e9tendeur pour bouteilles d'azote 110 bar | Refrigerant Boys","description":"Raccord M11x1 Contr\u00f4le pr\u00e9cis et fiable pour votre syst\u00e8me de gaz\u00e9ification. Con\u00e7u sp\u00e9cifiquement pour les bouteilles de CO2 jetables de 600g et 1300g, il garantit un d\u00e9bit stable et un r\u00e9glage de pression millim\u00e9trique.","robots":{"index":"index","follow":"follow","max-snippet":"max-snippet:-1","max-image-preview":"max-image-preview:large","max-video-preview":"max-video-preview:-1"},"canonical":"https:\/\/www.refrigerantboys.com\/fr\/acheter\/outils\/regulateur-de-pression-pour-bouteilles-dazote-110-bar\/","og_locale":"fr_FR","og_type":"article","og_title":"D\u00e9tendeur pour bouteilles d'azote 110 bar | Refrigerant Boys","og_description":"Raccord M11x1 Contr\u00f4le pr\u00e9cis et fiable pour votre syst\u00e8me de gaz\u00e9ification. Con\u00e7u sp\u00e9cifiquement pour les bouteilles de CO2 jetables de 600g et 1300g, il garantit un d\u00e9bit stable et un r\u00e9glage de pression millim\u00e9trique.","og_url":"https:\/\/www.refrigerantboys.com\/fr\/acheter\/outils\/regulateur-de-pression-pour-bouteilles-dazote-110-bar\/","og_site_name":"Refrigerant Boys","article_modified_time":"2026-02-05T13:59:38+00:00","og_image":[{"width":227,"height":360,"url":"https:\/\/www.refrigerantboys.com\/wp-content\/uploads\/2023\/07\/reg.png","type":"image\/png"}],"twitter_card":"summary_large_image","twitter_misc":{"Dur\u00e9e de lecture estim\u00e9e":"1 minute"},"schema":{"@context":"https:\/\/schema.org","@graph":[{"@type":"WebPage","@id":"https:\/\/www.refrigerantboys.com\/fr\/acheter\/outils\/regulateur-de-pression-pour-bouteilles-dazote-110-bar\/","url":"https:\/\/www.refrigerantboys.com\/fr\/acheter\/outils\/regulateur-de-pression-pour-bouteilles-dazote-110-bar\/","name":"D\u00e9tendeur pour bouteilles d'azote 110 bar | Refrigerant Boys","isPartOf":{"@id":"https:\/\/www.refrigerantboys.com\/fr\/#website"},"datePublished":"2023-07-04T09:33:54+00:00","dateModified":"2026-02-05T13:59:38+00:00","description":"Raccord M11x1 Contr\u00f4le pr\u00e9cis et fiable pour votre syst\u00e8me de gaz\u00e9ification. Con\u00e7u sp\u00e9cifiquement pour les bouteilles de CO2 jetables de 600g et 1300g, il garantit un d\u00e9bit stable et un r\u00e9glage de pression millim\u00e9trique.","breadcrumb":{"@id":"https:\/\/www.refrigerantboys.com\/fr\/acheter\/outils\/regulateur-de-pression-pour-bouteilles-dazote-110-bar\/#breadcrumb"},"inLanguage":"fr-FR","potentialAction":[{"@type":"ReadAction","target":["https:\/\/www.refrigerantboys.com\/fr\/acheter\/outils\/regulateur-de-pression-pour-bouteilles-dazote-110-bar\/"]}]},{"@type":"BreadcrumbList","@id":"https:\/\/www.refrigerantboys.com\/fr\/acheter\/outils\/regulateur-de-pression-pour-bouteilles-dazote-110-bar\/#breadcrumb","itemListElement":[{"@type":"ListItem","position":1,"name":"Home","item":"https:\/\/www.refrigerantboys.com\/fr\/"},{"@type":"ListItem","position":2,"name":"Boutique","item":"https:\/\/www.refrigerantboys.com\/fr\/boutique\/"},{"@type":"ListItem","position":3,"name":"D\u00e9tendeur pour bouteilles d&#8217;azote 110 bar"}]},{"@type":"WebSite","@id":"https:\/\/www.refrigerantboys.com\/fr\/#website","url":"https:\/\/www.refrigerantboys.com\/fr\/","name":"Refrigerant Boys","description":"Vendita gas refrigeranti","potentialAction":[{"@type":"SearchAction","target":{"@type":"EntryPoint","urlTemplate":"https:\/\/www.refrigerantboys.com\/fr\/?s={search_term_string}"},"query-input":"required name=search_term_string"}],"inLanguage":"fr-FR"}]}},"_links":{"self":[{"href":"https:\/\/www.refrigerantboys.com\/fr\/wp-json\/wp\/v2\/product\/71070"}],"collection":[{"href":"https:\/\/www.refrigerantboys.com\/fr\/wp-json\/wp\/v2\/product"}],"about":[{"href":"https:\/\/www.refrigerantboys.com\/fr\/wp-json\/wp\/v2\/types\/product"}],"wp:featuredmedia":[{"embeddable":true,"href":"https:\/\/www.refrigerantboys.com\/fr\/wp-json\/wp\/v2\/media\/96822"}],"wp:attachment":[{"href":"https:\/\/www.refrigerantboys.com\/fr\/wp-json\/wp\/v2\/media?parent=71070"}],"wp:term":[{"taxonomy":"product_cat","embeddable":true,"href":"https:\/\/www.refrigerantboys.com\/fr\/wp-json\/wp\/v2\/product_cat?post=71070"},{"taxonomy":"product_tag","embeddable":true,"href":"https:\/\/www.refrigerantboys.com\/fr\/wp-json\/wp\/v2\/product_tag?post=71070"}],"curies":[{"name":"wp","href":"https:\/\/api.w.org\/{rel}","templated":true}]}}