{"id":70126,"date":"2023-06-21T11:57:55","date_gmt":"2023-06-27T10:21:11","guid":{"rendered":"https:\/\/www.refrigerantboys.com\/?post_type=product&#038;p=70126"},"modified":"2023-06-27T12:21:12","modified_gmt":"2023-06-27T10:21:12","slug":"filtre-deshydrateur-a-cartouche-solide-avec-100-de-tamis-moleculaire-3-8","status":"publish","type":"product","link":"https:\/\/www.refrigerantboys.com\/fr\/acheter\/composants-de-refrigeration\/filtres-fr\/filtre-deshydrateur-a-cartouche-solide-avec-100-de-tamis-moleculaire-3-8\/","title":{"rendered":"FILTRE D\u00c9SHYDRATEUR \u00c0 CARTOUCHE SOLIDE AVEC 100% DE TAMIS MOL\u00c9CULAIRE 3\/8"},"content":{"rendered":"<p>Con\u00e7u pour \u00eatre install\u00e9 sur des syst\u00e8mes de r\u00e9frig\u00e9ration commerciale et de climatisation civile et industrielle utilisant des fluides frigorig\u00e8nes HFC, en particulier R134A, R404A, R407C, R410A et R507, m\u00e9lang\u00e9s \u00e0 des huiles POE.<\/p>\n","protected":false},"excerpt":{"rendered":"<p><strong>FILTRE D\u00c9SHYDRATEUR \u00c0 CARTOUCHE SOLIDE CASTEL CONNEXION 3\/8<\/strong><\/p>\n<p><span style=\"color: #ff0000;\"><strong>&#8211; Diam\u00e8tre 73 mm<\/strong><\/span><\/p>\n<p><span style=\"color: #ff0000;\"><strong>&#8211; Longueur 168 mm<\/strong><\/span><\/p>\n<p><strong>&#8211; Connexion : 3\/8&#8243;<\/strong><\/p>\n<p><strong>&#8211; TS [\u00b0C] : min. -40\u00b0 max. +80\u00b0<\/strong><\/p>\n<p><strong>&#8211; PS [bar]: 45.<\/strong><\/p>\n","protected":false},"featured_media":70663,"template":"","meta":[],"product_cat":[316,339],"product_tag":[],"acf":{"ai_note":""},"yoast_head":"<!-- This site is optimized with the Yoast SEO plugin v20.2 - https:\/\/yoast.com\/wordpress\/plugins\/seo\/ -->\n<title>FILTRE D\u00c9SHYDRATEUR \u00c0 CARTOUCHE SOLIDE AVEC 100% DE TAMIS MOL\u00c9CULAIRE 3\/8 | Refrigerant Boys<\/title>\n<meta name=\"description\" content=\"FILTRE D\u00c9SHYDRATEUR \u00c0 CARTOUCHE SOLIDE CASTEL CONNEXION 3\/8  - Diam\u00e8tre 73 mm  - Longueur 168 mm  - Connexion : 3\/8&quot;  - TS : min. -40\u00b0 max. +80\u00b0  - PS : 45.\" \/>\n<meta name=\"robots\" content=\"index, follow, max-snippet:-1, max-image-preview:large, max-video-preview:-1\" \/>\n<link rel=\"canonical\" href=\"https:\/\/www.refrigerantboys.com\/fr\/acheter\/composants-de-refrigeration\/filtres-fr\/filtre-deshydrateur-a-cartouche-solide-avec-100-de-tamis-moleculaire-3-8\/\" \/>\n<meta property=\"og:locale\" content=\"fr_FR\" \/>\n<meta property=\"og:type\" content=\"article\" \/>\n<meta property=\"og:title\" content=\"FILTRE D\u00c9SHYDRATEUR \u00c0 CARTOUCHE SOLIDE AVEC 100% DE TAMIS MOL\u00c9CULAIRE 3\/8 | Refrigerant Boys\" \/>\n<meta property=\"og:description\" content=\"FILTRE D\u00c9SHYDRATEUR \u00c0 CARTOUCHE SOLIDE CASTEL CONNEXION 3\/8  - Diam\u00e8tre 73 mm  - Longueur 168 mm  - Connexion : 3\/8&quot;  - TS : min. -40\u00b0 max. +80\u00b0  - PS : 45.\" \/>\n<meta property=\"og:url\" content=\"https:\/\/www.refrigerantboys.com\/fr\/acheter\/composants-de-refrigeration\/filtres-fr\/filtre-deshydrateur-a-cartouche-solide-avec-100-de-tamis-moleculaire-3-8\/\" \/>\n<meta property=\"og:site_name\" content=\"Refrigerant Boys\" \/>\n<meta property=\"article:modified_time\" content=\"2023-06-27T10:21:12+00:00\" \/>\n<meta property=\"og:image\" content=\"https:\/\/www.refrigerantboys.com\/wp-content\/uploads\/2023\/06\/FILTRO-.png\" \/>\n\t<meta property=\"og:image:width\" content=\"209\" \/>\n\t<meta property=\"og:image:height\" content=\"501\" \/>\n\t<meta property=\"og:image:type\" content=\"image\/png\" \/>\n<meta name=\"twitter:card\" content=\"summary_large_image\" \/>\n<meta name=\"twitter:label1\" content=\"Dur\u00e9e de lecture estim\u00e9e\" \/>\n\t<meta name=\"twitter:data1\" content=\"1 minute\" \/>\n<script type=\"application\/ld+json\" class=\"yoast-schema-graph\">{\"@context\":\"https:\/\/schema.org\",\"@graph\":[{\"@type\":\"WebPage\",\"@id\":\"https:\/\/www.refrigerantboys.com\/fr\/acheter\/composants-de-refrigeration\/filtres-fr\/filtre-deshydrateur-a-cartouche-solide-avec-100-de-tamis-moleculaire-3-8\/\",\"url\":\"https:\/\/www.refrigerantboys.com\/fr\/acheter\/composants-de-refrigeration\/filtres-fr\/filtre-deshydrateur-a-cartouche-solide-avec-100-de-tamis-moleculaire-3-8\/\",\"name\":\"FILTRE D\u00c9SHYDRATEUR \u00c0 CARTOUCHE SOLIDE AVEC 100% DE TAMIS MOL\u00c9CULAIRE 3\/8 | Refrigerant Boys\",\"isPartOf\":{\"@id\":\"https:\/\/www.refrigerantboys.com\/fr\/#website\"},\"datePublished\":\"2023-06-27T10:21:11+00:00\",\"dateModified\":\"2023-06-27T10:21:12+00:00\",\"description\":\"FILTRE D\u00c9SHYDRATEUR \u00c0 CARTOUCHE SOLIDE CASTEL CONNEXION 3\/8 - Diam\u00e8tre 73 mm - Longueur 168 mm - Connexion : 3\/8\\\" - TS : min. -40\u00b0 max. +80\u00b0 - PS : 45.\",\"breadcrumb\":{\"@id\":\"https:\/\/www.refrigerantboys.com\/fr\/acheter\/composants-de-refrigeration\/filtres-fr\/filtre-deshydrateur-a-cartouche-solide-avec-100-de-tamis-moleculaire-3-8\/#breadcrumb\"},\"inLanguage\":\"fr-FR\",\"potentialAction\":[{\"@type\":\"ReadAction\",\"target\":[\"https:\/\/www.refrigerantboys.com\/fr\/acheter\/composants-de-refrigeration\/filtres-fr\/filtre-deshydrateur-a-cartouche-solide-avec-100-de-tamis-moleculaire-3-8\/\"]}]},{\"@type\":\"BreadcrumbList\",\"@id\":\"https:\/\/www.refrigerantboys.com\/fr\/acheter\/composants-de-refrigeration\/filtres-fr\/filtre-deshydrateur-a-cartouche-solide-avec-100-de-tamis-moleculaire-3-8\/#breadcrumb\",\"itemListElement\":[{\"@type\":\"ListItem\",\"position\":1,\"name\":\"Home\",\"item\":\"https:\/\/www.refrigerantboys.com\/fr\/\"},{\"@type\":\"ListItem\",\"position\":2,\"name\":\"Boutique\",\"item\":\"https:\/\/www.refrigerantboys.com\/fr\/boutique\/\"},{\"@type\":\"ListItem\",\"position\":3,\"name\":\"FILTRE D\u00c9SHYDRATEUR \u00c0 CARTOUCHE SOLIDE AVEC 100% DE TAMIS MOL\u00c9CULAIRE 3\/8\"}]},{\"@type\":\"WebSite\",\"@id\":\"https:\/\/www.refrigerantboys.com\/fr\/#website\",\"url\":\"https:\/\/www.refrigerantboys.com\/fr\/\",\"name\":\"Refrigerant Boys\",\"description\":\"Vendita gas refrigeranti\",\"potentialAction\":[{\"@type\":\"SearchAction\",\"target\":{\"@type\":\"EntryPoint\",\"urlTemplate\":\"https:\/\/www.refrigerantboys.com\/fr\/?s={search_term_string}\"},\"query-input\":\"required name=search_term_string\"}],\"inLanguage\":\"fr-FR\"}]}<\/script>\n<!-- \/ Yoast SEO plugin. -->","yoast_head_json":{"title":"FILTRE D\u00c9SHYDRATEUR \u00c0 CARTOUCHE SOLIDE AVEC 100% DE TAMIS MOL\u00c9CULAIRE 3\/8 | Refrigerant Boys","description":"FILTRE D\u00c9SHYDRATEUR \u00c0 CARTOUCHE SOLIDE CASTEL CONNEXION 3\/8  - Diam\u00e8tre 73 mm  - Longueur 168 mm  - Connexion : 3\/8\"  - TS : min. -40\u00b0 max. +80\u00b0  - PS : 45.","robots":{"index":"index","follow":"follow","max-snippet":"max-snippet:-1","max-image-preview":"max-image-preview:large","max-video-preview":"max-video-preview:-1"},"canonical":"https:\/\/www.refrigerantboys.com\/fr\/acheter\/composants-de-refrigeration\/filtres-fr\/filtre-deshydrateur-a-cartouche-solide-avec-100-de-tamis-moleculaire-3-8\/","og_locale":"fr_FR","og_type":"article","og_title":"FILTRE D\u00c9SHYDRATEUR \u00c0 CARTOUCHE SOLIDE AVEC 100% DE TAMIS MOL\u00c9CULAIRE 3\/8 | Refrigerant Boys","og_description":"FILTRE D\u00c9SHYDRATEUR \u00c0 CARTOUCHE SOLIDE CASTEL CONNEXION 3\/8  - Diam\u00e8tre 73 mm  - Longueur 168 mm  - Connexion : 3\/8\"  - TS : min. -40\u00b0 max. +80\u00b0  - PS : 45.","og_url":"https:\/\/www.refrigerantboys.com\/fr\/acheter\/composants-de-refrigeration\/filtres-fr\/filtre-deshydrateur-a-cartouche-solide-avec-100-de-tamis-moleculaire-3-8\/","og_site_name":"Refrigerant Boys","article_modified_time":"2023-06-27T10:21:12+00:00","og_image":[{"width":209,"height":501,"url":"https:\/\/www.refrigerantboys.com\/wp-content\/uploads\/2023\/06\/FILTRO-.png","type":"image\/png"}],"twitter_card":"summary_large_image","twitter_misc":{"Dur\u00e9e de lecture estim\u00e9e":"1 minute"},"schema":{"@context":"https:\/\/schema.org","@graph":[{"@type":"WebPage","@id":"https:\/\/www.refrigerantboys.com\/fr\/acheter\/composants-de-refrigeration\/filtres-fr\/filtre-deshydrateur-a-cartouche-solide-avec-100-de-tamis-moleculaire-3-8\/","url":"https:\/\/www.refrigerantboys.com\/fr\/acheter\/composants-de-refrigeration\/filtres-fr\/filtre-deshydrateur-a-cartouche-solide-avec-100-de-tamis-moleculaire-3-8\/","name":"FILTRE D\u00c9SHYDRATEUR \u00c0 CARTOUCHE SOLIDE AVEC 100% DE TAMIS MOL\u00c9CULAIRE 3\/8 | Refrigerant Boys","isPartOf":{"@id":"https:\/\/www.refrigerantboys.com\/fr\/#website"},"datePublished":"2023-06-27T10:21:11+00:00","dateModified":"2023-06-27T10:21:12+00:00","description":"FILTRE D\u00c9SHYDRATEUR \u00c0 CARTOUCHE SOLIDE CASTEL CONNEXION 3\/8 - Diam\u00e8tre 73 mm - Longueur 168 mm - Connexion : 3\/8\" - TS : min. -40\u00b0 max. +80\u00b0 - PS : 45.","breadcrumb":{"@id":"https:\/\/www.refrigerantboys.com\/fr\/acheter\/composants-de-refrigeration\/filtres-fr\/filtre-deshydrateur-a-cartouche-solide-avec-100-de-tamis-moleculaire-3-8\/#breadcrumb"},"inLanguage":"fr-FR","potentialAction":[{"@type":"ReadAction","target":["https:\/\/www.refrigerantboys.com\/fr\/acheter\/composants-de-refrigeration\/filtres-fr\/filtre-deshydrateur-a-cartouche-solide-avec-100-de-tamis-moleculaire-3-8\/"]}]},{"@type":"BreadcrumbList","@id":"https:\/\/www.refrigerantboys.com\/fr\/acheter\/composants-de-refrigeration\/filtres-fr\/filtre-deshydrateur-a-cartouche-solide-avec-100-de-tamis-moleculaire-3-8\/#breadcrumb","itemListElement":[{"@type":"ListItem","position":1,"name":"Home","item":"https:\/\/www.refrigerantboys.com\/fr\/"},{"@type":"ListItem","position":2,"name":"Boutique","item":"https:\/\/www.refrigerantboys.com\/fr\/boutique\/"},{"@type":"ListItem","position":3,"name":"FILTRE D\u00c9SHYDRATEUR \u00c0 CARTOUCHE SOLIDE AVEC 100% DE TAMIS MOL\u00c9CULAIRE 3\/8"}]},{"@type":"WebSite","@id":"https:\/\/www.refrigerantboys.com\/fr\/#website","url":"https:\/\/www.refrigerantboys.com\/fr\/","name":"Refrigerant Boys","description":"Vendita gas refrigeranti","potentialAction":[{"@type":"SearchAction","target":{"@type":"EntryPoint","urlTemplate":"https:\/\/www.refrigerantboys.com\/fr\/?s={search_term_string}"},"query-input":"required name=search_term_string"}],"inLanguage":"fr-FR"}]}},"_links":{"self":[{"href":"https:\/\/www.refrigerantboys.com\/fr\/wp-json\/wp\/v2\/product\/70126"}],"collection":[{"href":"https:\/\/www.refrigerantboys.com\/fr\/wp-json\/wp\/v2\/product"}],"about":[{"href":"https:\/\/www.refrigerantboys.com\/fr\/wp-json\/wp\/v2\/types\/product"}],"wp:featuredmedia":[{"embeddable":true,"href":"https:\/\/www.refrigerantboys.com\/fr\/wp-json\/wp\/v2\/media\/70663"}],"wp:attachment":[{"href":"https:\/\/www.refrigerantboys.com\/fr\/wp-json\/wp\/v2\/media?parent=70126"}],"wp:term":[{"taxonomy":"product_cat","embeddable":true,"href":"https:\/\/www.refrigerantboys.com\/fr\/wp-json\/wp\/v2\/product_cat?post=70126"},{"taxonomy":"product_tag","embeddable":true,"href":"https:\/\/www.refrigerantboys.com\/fr\/wp-json\/wp\/v2\/product_tag?post=70126"}],"curies":[{"name":"wp","href":"https:\/\/api.w.org\/{rel}","templated":true}]}}