{"id":68646,"date":"2023-05-18T12:09:10","date_gmt":"2023-05-18T10:09:10","guid":{"rendered":"https:\/\/www.refrigerantboys.com\/?post_type=product&#038;p=68646"},"modified":"2023-05-18T12:16:24","modified_gmt":"2023-05-18T10:16:24","slug":"super-seal-total-loss-blocker-complete-with-rapid-attachment-for-auto-refrigeration-r1234yf","status":"publish","type":"product","link":"https:\/\/www.refrigerantboys.com\/fr\/acheter\/chimique\/super-seal-total-loss-blocker-complete-with-rapid-attachment-for-auto-refrigeration-r1234yf\/","title":{"rendered":"Super Seal&#8221; bouchon total avec raccord rapide pour r\u00e9frig\u00e9ration Car R1234YF"},"content":{"rendered":"<div class=\"page\" title=\"Page 9\">\n<div class=\"section\">\n<div class=\"layoutArea\">\n<div class=\"column\">\n<p>Bouchon de fuite Total &#8216;Super Seal&#8217; complet avec raccord rapide pour voiture frigorifique <span style=\"font-size: 20px; color: #339966;\"><strong>R1234YF<\/strong><br \/>\n<\/span><\/p>\n<\/div>\n<\/div>\n<\/div>\n<\/div>\n<ul>\n<li>R\u00e9parer les fuites des pi\u00e8ces m\u00e9talliques telles que (condenseur de l&#8217;\u00e9vaporateur)<\/li>\n<li><span style=\"color: #555555;\"><span style=\"color: #555555;\">R\u00e9parer les fuites dans les pi\u00e8ces en caoutchouc telles que ( O<\/span><\/span>-joints de tuyaux)<\/li>\n<\/ul>\n<p>Id\u00e9al pour r\u00e9soudre les probl\u00e8mes de fuite dans les \u00e9vaporateurs, les condenseurs et autres composants en m\u00e9tal et en caoutchouc. C&#8217;est le seul produit fourni sous vide pour conserver ses propri\u00e9t\u00e9s chimiques. La haute technologie employ\u00e9e dans la phase de production garantit une qualit\u00e9 maximale du produit.<br \/>\nFacile \u00e0 utiliser, s&#8217;adapte m\u00eame lorsque le syst\u00e8me est charg\u00e9.<\/p>\n","protected":false},"excerpt":{"rendered":"<p>Obturateur de fuite &#8220;Super Seal&#8221; complet avec raccord rapide pour r\u00e9frig\u00e9ration Auto A\/C pour<span style=\"color: #339966; font-size: 20px;\"> <strong>R1234YF<\/strong><\/span><\/p>\n","protected":false},"featured_media":68649,"template":"","meta":[],"product_cat":[148],"product_tag":[],"acf":{"ai_note":""},"yoast_head":"<!-- This site is optimized with the Yoast SEO plugin v20.2 - https:\/\/yoast.com\/wordpress\/plugins\/seo\/ -->\n<title>Super Seal&quot; bouchon total avec raccord rapide pour r\u00e9frig\u00e9ration Car R1234YF | Refrigerant Boys<\/title>\n<meta name=\"description\" content=\"Obturateur de fuite &quot;Super Seal&quot; complet avec raccord rapide pour r\u00e9frig\u00e9ration Auto A\/C pour R1234YF\" \/>\n<meta name=\"robots\" content=\"index, follow, max-snippet:-1, max-image-preview:large, max-video-preview:-1\" \/>\n<link rel=\"canonical\" href=\"https:\/\/www.refrigerantboys.com\/fr\/acheter\/chimique\/super-seal-total-loss-blocker-complete-with-rapid-attachment-for-auto-refrigeration-r1234yf\/\" \/>\n<meta property=\"og:locale\" content=\"fr_FR\" \/>\n<meta property=\"og:type\" content=\"article\" \/>\n<meta property=\"og:title\" content=\"Super Seal&quot; bouchon total avec raccord rapide pour r\u00e9frig\u00e9ration Car R1234YF | Refrigerant Boys\" \/>\n<meta property=\"og:description\" content=\"Obturateur de fuite &quot;Super Seal&quot; complet avec raccord rapide pour r\u00e9frig\u00e9ration Auto A\/C pour R1234YF\" \/>\n<meta property=\"og:url\" content=\"https:\/\/www.refrigerantboys.com\/fr\/acheter\/chimique\/super-seal-total-loss-blocker-complete-with-rapid-attachment-for-auto-refrigeration-r1234yf\/\" \/>\n<meta property=\"og:site_name\" content=\"Refrigerant Boys\" \/>\n<meta property=\"article:modified_time\" content=\"2023-05-18T10:16:24+00:00\" \/>\n<meta property=\"og:image\" content=\"https:\/\/www.refrigerantboys.com\/wp-content\/uploads\/2023\/05\/BP1234YFSS-672x800.png\" \/>\n\t<meta property=\"og:image:width\" content=\"672\" \/>\n\t<meta property=\"og:image:height\" content=\"800\" \/>\n\t<meta property=\"og:image:type\" content=\"image\/png\" \/>\n<meta name=\"twitter:card\" content=\"summary_large_image\" \/>\n<meta name=\"twitter:label1\" content=\"Dur\u00e9e de lecture estim\u00e9e\" \/>\n\t<meta name=\"twitter:data1\" content=\"1 minute\" \/>\n<script type=\"application\/ld+json\" class=\"yoast-schema-graph\">{\"@context\":\"https:\/\/schema.org\",\"@graph\":[{\"@type\":\"WebPage\",\"@id\":\"https:\/\/www.refrigerantboys.com\/fr\/acheter\/chimique\/super-seal-total-loss-blocker-complete-with-rapid-attachment-for-auto-refrigeration-r1234yf\/\",\"url\":\"https:\/\/www.refrigerantboys.com\/fr\/acheter\/chimique\/super-seal-total-loss-blocker-complete-with-rapid-attachment-for-auto-refrigeration-r1234yf\/\",\"name\":\"Super Seal\\\" bouchon total avec raccord rapide pour r\u00e9frig\u00e9ration Car R1234YF | Refrigerant Boys\",\"isPartOf\":{\"@id\":\"https:\/\/www.refrigerantboys.com\/fr\/#website\"},\"datePublished\":\"2023-05-18T10:09:10+00:00\",\"dateModified\":\"2023-05-18T10:16:24+00:00\",\"description\":\"Obturateur de fuite \\\"Super Seal\\\" complet avec raccord rapide pour r\u00e9frig\u00e9ration Auto A\/C pour R1234YF\",\"breadcrumb\":{\"@id\":\"https:\/\/www.refrigerantboys.com\/fr\/acheter\/chimique\/super-seal-total-loss-blocker-complete-with-rapid-attachment-for-auto-refrigeration-r1234yf\/#breadcrumb\"},\"inLanguage\":\"fr-FR\",\"potentialAction\":[{\"@type\":\"ReadAction\",\"target\":[\"https:\/\/www.refrigerantboys.com\/fr\/acheter\/chimique\/super-seal-total-loss-blocker-complete-with-rapid-attachment-for-auto-refrigeration-r1234yf\/\"]}]},{\"@type\":\"BreadcrumbList\",\"@id\":\"https:\/\/www.refrigerantboys.com\/fr\/acheter\/chimique\/super-seal-total-loss-blocker-complete-with-rapid-attachment-for-auto-refrigeration-r1234yf\/#breadcrumb\",\"itemListElement\":[{\"@type\":\"ListItem\",\"position\":1,\"name\":\"Home\",\"item\":\"https:\/\/www.refrigerantboys.com\/fr\/\"},{\"@type\":\"ListItem\",\"position\":2,\"name\":\"Boutique\",\"item\":\"https:\/\/www.refrigerantboys.com\/fr\/boutique\/\"},{\"@type\":\"ListItem\",\"position\":3,\"name\":\"Super Seal&#8221; bouchon total avec raccord rapide pour r\u00e9frig\u00e9ration Car R1234YF\"}]},{\"@type\":\"WebSite\",\"@id\":\"https:\/\/www.refrigerantboys.com\/fr\/#website\",\"url\":\"https:\/\/www.refrigerantboys.com\/fr\/\",\"name\":\"Refrigerant Boys\",\"description\":\"Vendita gas refrigeranti\",\"potentialAction\":[{\"@type\":\"SearchAction\",\"target\":{\"@type\":\"EntryPoint\",\"urlTemplate\":\"https:\/\/www.refrigerantboys.com\/fr\/?s={search_term_string}\"},\"query-input\":\"required name=search_term_string\"}],\"inLanguage\":\"fr-FR\"}]}<\/script>\n<!-- \/ Yoast SEO plugin. -->","yoast_head_json":{"title":"Super Seal\" bouchon total avec raccord rapide pour r\u00e9frig\u00e9ration Car R1234YF | Refrigerant Boys","description":"Obturateur de fuite \"Super Seal\" complet avec raccord rapide pour r\u00e9frig\u00e9ration Auto A\/C pour R1234YF","robots":{"index":"index","follow":"follow","max-snippet":"max-snippet:-1","max-image-preview":"max-image-preview:large","max-video-preview":"max-video-preview:-1"},"canonical":"https:\/\/www.refrigerantboys.com\/fr\/acheter\/chimique\/super-seal-total-loss-blocker-complete-with-rapid-attachment-for-auto-refrigeration-r1234yf\/","og_locale":"fr_FR","og_type":"article","og_title":"Super Seal\" bouchon total avec raccord rapide pour r\u00e9frig\u00e9ration Car R1234YF | Refrigerant Boys","og_description":"Obturateur de fuite \"Super Seal\" complet avec raccord rapide pour r\u00e9frig\u00e9ration Auto A\/C pour R1234YF","og_url":"https:\/\/www.refrigerantboys.com\/fr\/acheter\/chimique\/super-seal-total-loss-blocker-complete-with-rapid-attachment-for-auto-refrigeration-r1234yf\/","og_site_name":"Refrigerant Boys","article_modified_time":"2023-05-18T10:16:24+00:00","og_image":[{"width":672,"height":800,"url":"https:\/\/www.refrigerantboys.com\/wp-content\/uploads\/2023\/05\/BP1234YFSS-672x800.png","type":"image\/png"}],"twitter_card":"summary_large_image","twitter_misc":{"Dur\u00e9e de lecture estim\u00e9e":"1 minute"},"schema":{"@context":"https:\/\/schema.org","@graph":[{"@type":"WebPage","@id":"https:\/\/www.refrigerantboys.com\/fr\/acheter\/chimique\/super-seal-total-loss-blocker-complete-with-rapid-attachment-for-auto-refrigeration-r1234yf\/","url":"https:\/\/www.refrigerantboys.com\/fr\/acheter\/chimique\/super-seal-total-loss-blocker-complete-with-rapid-attachment-for-auto-refrigeration-r1234yf\/","name":"Super Seal\" bouchon total avec raccord rapide pour r\u00e9frig\u00e9ration Car R1234YF | Refrigerant Boys","isPartOf":{"@id":"https:\/\/www.refrigerantboys.com\/fr\/#website"},"datePublished":"2023-05-18T10:09:10+00:00","dateModified":"2023-05-18T10:16:24+00:00","description":"Obturateur de fuite \"Super Seal\" complet avec raccord rapide pour r\u00e9frig\u00e9ration Auto A\/C pour R1234YF","breadcrumb":{"@id":"https:\/\/www.refrigerantboys.com\/fr\/acheter\/chimique\/super-seal-total-loss-blocker-complete-with-rapid-attachment-for-auto-refrigeration-r1234yf\/#breadcrumb"},"inLanguage":"fr-FR","potentialAction":[{"@type":"ReadAction","target":["https:\/\/www.refrigerantboys.com\/fr\/acheter\/chimique\/super-seal-total-loss-blocker-complete-with-rapid-attachment-for-auto-refrigeration-r1234yf\/"]}]},{"@type":"BreadcrumbList","@id":"https:\/\/www.refrigerantboys.com\/fr\/acheter\/chimique\/super-seal-total-loss-blocker-complete-with-rapid-attachment-for-auto-refrigeration-r1234yf\/#breadcrumb","itemListElement":[{"@type":"ListItem","position":1,"name":"Home","item":"https:\/\/www.refrigerantboys.com\/fr\/"},{"@type":"ListItem","position":2,"name":"Boutique","item":"https:\/\/www.refrigerantboys.com\/fr\/boutique\/"},{"@type":"ListItem","position":3,"name":"Super Seal&#8221; bouchon total avec raccord rapide pour r\u00e9frig\u00e9ration Car R1234YF"}]},{"@type":"WebSite","@id":"https:\/\/www.refrigerantboys.com\/fr\/#website","url":"https:\/\/www.refrigerantboys.com\/fr\/","name":"Refrigerant Boys","description":"Vendita gas refrigeranti","potentialAction":[{"@type":"SearchAction","target":{"@type":"EntryPoint","urlTemplate":"https:\/\/www.refrigerantboys.com\/fr\/?s={search_term_string}"},"query-input":"required name=search_term_string"}],"inLanguage":"fr-FR"}]}},"_links":{"self":[{"href":"https:\/\/www.refrigerantboys.com\/fr\/wp-json\/wp\/v2\/product\/68646"}],"collection":[{"href":"https:\/\/www.refrigerantboys.com\/fr\/wp-json\/wp\/v2\/product"}],"about":[{"href":"https:\/\/www.refrigerantboys.com\/fr\/wp-json\/wp\/v2\/types\/product"}],"wp:featuredmedia":[{"embeddable":true,"href":"https:\/\/www.refrigerantboys.com\/fr\/wp-json\/wp\/v2\/media\/68649"}],"wp:attachment":[{"href":"https:\/\/www.refrigerantboys.com\/fr\/wp-json\/wp\/v2\/media?parent=68646"}],"wp:term":[{"taxonomy":"product_cat","embeddable":true,"href":"https:\/\/www.refrigerantboys.com\/fr\/wp-json\/wp\/v2\/product_cat?post=68646"},{"taxonomy":"product_tag","embeddable":true,"href":"https:\/\/www.refrigerantboys.com\/fr\/wp-json\/wp\/v2\/product_tag?post=68646"}],"curies":[{"name":"wp","href":"https:\/\/api.w.org\/{rel}","templated":true}]}}