{"id":68595,"date":"2023-05-17T15:44:12","date_gmt":"2023-05-17T13:44:13","guid":{"rendered":"https:\/\/www.refrigerantboys.com\/?post_type=product&#038;p=68595"},"modified":"2026-04-28T12:59:25","modified_gmt":"2026-04-28T10:59:25","slug":"canister-azogen-monouso-azote-hydrogene-100-lt","status":"publish","type":"product","link":"https:\/\/www.refrigerantboys.com\/fr\/acheter\/outils\/canister-azogen-monouso-azote-hydrogene-100-lt\/","title":{"rendered":"Bouteille Azogen Jetable 105 Litres (Azote\/Hydrog\u00e8ne) \u2013 Raccord M10x1"},"content":{"rendered":"<p data-path-to-node=\"16\">La bouteille jetable Azogen de 105 litres (gaz expans\u00e9) est con\u00e7ue per les techniciens recherchant un outil agile pour la recherche de fuites avec un d\u00e9tecteur \u00e9lectronique. Gr\u00e2ce \u00e0 sa pression de 110 bars et son raccord standard <b data-path-to-node=\"16\" data-index-in-node=\"255\">M10x1<\/b>, elle se connecte rapidement aux d\u00e9tendeurs d\u00e9di\u00e9s. Le m\u00e9lange N2-H2 permet de localiser des fuites extr\u00eamement petites, garantissant des r\u00e9parations fiables.<\/p>\n<div class=\"product-collateral\">\n<div class=\"product-grid home-page-product-grid\"><\/div>\n<\/div>\n","protected":false},"excerpt":{"rendered":"<p data-path-to-node=\"14\">La solution compacte e pr\u00eate \u00e0 l&#8217;emploi pour la d\u00e9tection de fuites A\/C et HVAC.<\/p>\n<ul data-path-to-node=\"15\">\n<li>\n<p data-path-to-node=\"15,0,0\"><b data-path-to-node=\"15,0,0\" data-index-in-node=\"0\">Format 105L :<\/b> Id\u00e9al pour les interventions uniques et une portabilit\u00e9 maximale.<\/p>\n<\/li>\n<li>\n<p data-path-to-node=\"15,1,0\"><b data-path-to-node=\"15,1,0\" data-index-in-node=\"0\">Raccord Technique :<\/b> Filetage de valve <b data-path-to-node=\"15,1,0\" data-index-in-node=\"38\">M10x1<\/b>.<\/p>\n<\/li>\n<li>\n<p data-path-to-node=\"15,2,0\"><b data-path-to-node=\"15,2,0\" data-index-in-node=\"0\">Pr\u00e9cision :<\/b> M\u00e9lange 95% Azote \/ 5% Hydrog\u00e8ne pour d\u00e9tecter les micro-fissures.<\/p>\n<\/li>\n<\/ul>\n","protected":false},"featured_media":98407,"template":"","meta":[],"product_cat":[146],"product_tag":[],"acf":{"ai_note":""},"yoast_head":"<!-- This site is optimized with the Yoast SEO plugin v20.2 - https:\/\/yoast.com\/wordpress\/plugins\/seo\/ -->\n<title>Bouteille Azogen Jetable 105 Litres (Azote\/Hydrog\u00e8ne) \u2013 Raccord M10x1 | Refrigerant Boys<\/title>\n<meta name=\"description\" content=\"La solution compacte e pr\u00eate \u00e0 l&#039;emploi pour la d\u00e9tection de fuites A\/C et HVAC.     Format 105L : Id\u00e9al pour les interventions uniques et une portabilit\u00e9 maximale.    Raccord Technique : Filetage de valve M10x1.    Pr\u00e9cision : M\u00e9lange 95% Azote \/ 5% Hydrog\u00e8ne pour d\u00e9tecter les micro-fissures.\" \/>\n<meta name=\"robots\" content=\"index, follow, max-snippet:-1, max-image-preview:large, max-video-preview:-1\" \/>\n<link rel=\"canonical\" href=\"https:\/\/www.refrigerantboys.com\/fr\/acheter\/outils\/canister-azogen-monouso-azote-hydrogene-100-lt\/\" \/>\n<meta property=\"og:locale\" content=\"fr_FR\" \/>\n<meta property=\"og:type\" content=\"article\" \/>\n<meta property=\"og:title\" content=\"Bouteille Azogen Jetable 105 Litres (Azote\/Hydrog\u00e8ne) \u2013 Raccord M10x1 | Refrigerant Boys\" \/>\n<meta property=\"og:description\" content=\"La solution compacte e pr\u00eate \u00e0 l&#039;emploi pour la d\u00e9tection de fuites A\/C et HVAC.     Format 105L : Id\u00e9al pour les interventions uniques et une portabilit\u00e9 maximale.    Raccord Technique : Filetage de valve M10x1.    Pr\u00e9cision : M\u00e9lange 95% Azote \/ 5% Hydrog\u00e8ne pour d\u00e9tecter les micro-fissures.\" \/>\n<meta property=\"og:url\" content=\"https:\/\/www.refrigerantboys.com\/fr\/acheter\/outils\/canister-azogen-monouso-azote-hydrogene-100-lt\/\" \/>\n<meta property=\"og:site_name\" content=\"Refrigerant Boys\" \/>\n<meta property=\"article:modified_time\" content=\"2026-04-28T10:59:25+00:00\" \/>\n<meta property=\"og:image\" content=\"https:\/\/www.refrigerantboys.com\/wp-content\/uploads\/2023\/05\/Azogen-Monouso-105-Litri-2.png\" \/>\n\t<meta property=\"og:image:width\" content=\"318\" \/>\n\t<meta property=\"og:image:height\" content=\"720\" \/>\n\t<meta property=\"og:image:type\" content=\"image\/png\" \/>\n<meta name=\"twitter:card\" content=\"summary_large_image\" \/>\n<meta name=\"twitter:label1\" content=\"Dur\u00e9e de lecture estim\u00e9e\" \/>\n\t<meta name=\"twitter:data1\" content=\"1 minute\" \/>\n<script type=\"application\/ld+json\" class=\"yoast-schema-graph\">{\"@context\":\"https:\/\/schema.org\",\"@graph\":[{\"@type\":\"WebPage\",\"@id\":\"https:\/\/www.refrigerantboys.com\/fr\/acheter\/outils\/canister-azogen-monouso-azote-hydrogene-100-lt\/\",\"url\":\"https:\/\/www.refrigerantboys.com\/fr\/acheter\/outils\/canister-azogen-monouso-azote-hydrogene-100-lt\/\",\"name\":\"Bouteille Azogen Jetable 105 Litres (Azote\/Hydrog\u00e8ne) \u2013 Raccord M10x1 | Refrigerant Boys\",\"isPartOf\":{\"@id\":\"https:\/\/www.refrigerantboys.com\/fr\/#website\"},\"datePublished\":\"2023-05-17T13:44:13+00:00\",\"dateModified\":\"2026-04-28T10:59:25+00:00\",\"description\":\"La solution compacte e pr\u00eate \u00e0 l'emploi pour la d\u00e9tection de fuites A\/C et HVAC. Format 105L : Id\u00e9al pour les interventions uniques et une portabilit\u00e9 maximale. Raccord Technique : Filetage de valve M10x1. Pr\u00e9cision : M\u00e9lange 95% Azote \/ 5% Hydrog\u00e8ne pour d\u00e9tecter les micro-fissures.\",\"breadcrumb\":{\"@id\":\"https:\/\/www.refrigerantboys.com\/fr\/acheter\/outils\/canister-azogen-monouso-azote-hydrogene-100-lt\/#breadcrumb\"},\"inLanguage\":\"fr-FR\",\"potentialAction\":[{\"@type\":\"ReadAction\",\"target\":[\"https:\/\/www.refrigerantboys.com\/fr\/acheter\/outils\/canister-azogen-monouso-azote-hydrogene-100-lt\/\"]}]},{\"@type\":\"BreadcrumbList\",\"@id\":\"https:\/\/www.refrigerantboys.com\/fr\/acheter\/outils\/canister-azogen-monouso-azote-hydrogene-100-lt\/#breadcrumb\",\"itemListElement\":[{\"@type\":\"ListItem\",\"position\":1,\"name\":\"Home\",\"item\":\"https:\/\/www.refrigerantboys.com\/fr\/\"},{\"@type\":\"ListItem\",\"position\":2,\"name\":\"Boutique\",\"item\":\"https:\/\/www.refrigerantboys.com\/fr\/boutique\/\"},{\"@type\":\"ListItem\",\"position\":3,\"name\":\"Bouteille Azogen Jetable 105 Litres (Azote\/Hydrog\u00e8ne) \u2013 Raccord M10x1\"}]},{\"@type\":\"WebSite\",\"@id\":\"https:\/\/www.refrigerantboys.com\/fr\/#website\",\"url\":\"https:\/\/www.refrigerantboys.com\/fr\/\",\"name\":\"Refrigerant Boys\",\"description\":\"Vendita gas refrigeranti\",\"potentialAction\":[{\"@type\":\"SearchAction\",\"target\":{\"@type\":\"EntryPoint\",\"urlTemplate\":\"https:\/\/www.refrigerantboys.com\/fr\/?s={search_term_string}\"},\"query-input\":\"required name=search_term_string\"}],\"inLanguage\":\"fr-FR\"}]}<\/script>\n<!-- \/ Yoast SEO plugin. -->","yoast_head_json":{"title":"Bouteille Azogen Jetable 105 Litres (Azote\/Hydrog\u00e8ne) \u2013 Raccord M10x1 | Refrigerant Boys","description":"La solution compacte e pr\u00eate \u00e0 l'emploi pour la d\u00e9tection de fuites A\/C et HVAC.     Format 105L : Id\u00e9al pour les interventions uniques et une portabilit\u00e9 maximale.    Raccord Technique : Filetage de valve M10x1.    Pr\u00e9cision : M\u00e9lange 95% Azote \/ 5% Hydrog\u00e8ne pour d\u00e9tecter les micro-fissures.","robots":{"index":"index","follow":"follow","max-snippet":"max-snippet:-1","max-image-preview":"max-image-preview:large","max-video-preview":"max-video-preview:-1"},"canonical":"https:\/\/www.refrigerantboys.com\/fr\/acheter\/outils\/canister-azogen-monouso-azote-hydrogene-100-lt\/","og_locale":"fr_FR","og_type":"article","og_title":"Bouteille Azogen Jetable 105 Litres (Azote\/Hydrog\u00e8ne) \u2013 Raccord M10x1 | Refrigerant Boys","og_description":"La solution compacte e pr\u00eate \u00e0 l'emploi pour la d\u00e9tection de fuites A\/C et HVAC.     Format 105L : Id\u00e9al pour les interventions uniques et une portabilit\u00e9 maximale.    Raccord Technique : Filetage de valve M10x1.    Pr\u00e9cision : M\u00e9lange 95% Azote \/ 5% Hydrog\u00e8ne pour d\u00e9tecter les micro-fissures.","og_url":"https:\/\/www.refrigerantboys.com\/fr\/acheter\/outils\/canister-azogen-monouso-azote-hydrogene-100-lt\/","og_site_name":"Refrigerant Boys","article_modified_time":"2026-04-28T10:59:25+00:00","og_image":[{"width":318,"height":720,"url":"https:\/\/www.refrigerantboys.com\/wp-content\/uploads\/2023\/05\/Azogen-Monouso-105-Litri-2.png","type":"image\/png"}],"twitter_card":"summary_large_image","twitter_misc":{"Dur\u00e9e de lecture estim\u00e9e":"1 minute"},"schema":{"@context":"https:\/\/schema.org","@graph":[{"@type":"WebPage","@id":"https:\/\/www.refrigerantboys.com\/fr\/acheter\/outils\/canister-azogen-monouso-azote-hydrogene-100-lt\/","url":"https:\/\/www.refrigerantboys.com\/fr\/acheter\/outils\/canister-azogen-monouso-azote-hydrogene-100-lt\/","name":"Bouteille Azogen Jetable 105 Litres (Azote\/Hydrog\u00e8ne) \u2013 Raccord M10x1 | Refrigerant Boys","isPartOf":{"@id":"https:\/\/www.refrigerantboys.com\/fr\/#website"},"datePublished":"2023-05-17T13:44:13+00:00","dateModified":"2026-04-28T10:59:25+00:00","description":"La solution compacte e pr\u00eate \u00e0 l'emploi pour la d\u00e9tection de fuites A\/C et HVAC. Format 105L : Id\u00e9al pour les interventions uniques et une portabilit\u00e9 maximale. Raccord Technique : Filetage de valve M10x1. Pr\u00e9cision : M\u00e9lange 95% Azote \/ 5% Hydrog\u00e8ne pour d\u00e9tecter les micro-fissures.","breadcrumb":{"@id":"https:\/\/www.refrigerantboys.com\/fr\/acheter\/outils\/canister-azogen-monouso-azote-hydrogene-100-lt\/#breadcrumb"},"inLanguage":"fr-FR","potentialAction":[{"@type":"ReadAction","target":["https:\/\/www.refrigerantboys.com\/fr\/acheter\/outils\/canister-azogen-monouso-azote-hydrogene-100-lt\/"]}]},{"@type":"BreadcrumbList","@id":"https:\/\/www.refrigerantboys.com\/fr\/acheter\/outils\/canister-azogen-monouso-azote-hydrogene-100-lt\/#breadcrumb","itemListElement":[{"@type":"ListItem","position":1,"name":"Home","item":"https:\/\/www.refrigerantboys.com\/fr\/"},{"@type":"ListItem","position":2,"name":"Boutique","item":"https:\/\/www.refrigerantboys.com\/fr\/boutique\/"},{"@type":"ListItem","position":3,"name":"Bouteille Azogen Jetable 105 Litres (Azote\/Hydrog\u00e8ne) \u2013 Raccord M10x1"}]},{"@type":"WebSite","@id":"https:\/\/www.refrigerantboys.com\/fr\/#website","url":"https:\/\/www.refrigerantboys.com\/fr\/","name":"Refrigerant Boys","description":"Vendita gas refrigeranti","potentialAction":[{"@type":"SearchAction","target":{"@type":"EntryPoint","urlTemplate":"https:\/\/www.refrigerantboys.com\/fr\/?s={search_term_string}"},"query-input":"required name=search_term_string"}],"inLanguage":"fr-FR"}]}},"_links":{"self":[{"href":"https:\/\/www.refrigerantboys.com\/fr\/wp-json\/wp\/v2\/product\/68595"}],"collection":[{"href":"https:\/\/www.refrigerantboys.com\/fr\/wp-json\/wp\/v2\/product"}],"about":[{"href":"https:\/\/www.refrigerantboys.com\/fr\/wp-json\/wp\/v2\/types\/product"}],"wp:featuredmedia":[{"embeddable":true,"href":"https:\/\/www.refrigerantboys.com\/fr\/wp-json\/wp\/v2\/media\/98407"}],"wp:attachment":[{"href":"https:\/\/www.refrigerantboys.com\/fr\/wp-json\/wp\/v2\/media?parent=68595"}],"wp:term":[{"taxonomy":"product_cat","embeddable":true,"href":"https:\/\/www.refrigerantboys.com\/fr\/wp-json\/wp\/v2\/product_cat?post=68595"},{"taxonomy":"product_tag","embeddable":true,"href":"https:\/\/www.refrigerantboys.com\/fr\/wp-json\/wp\/v2\/product_tag?post=68595"}],"curies":[{"name":"wp","href":"https:\/\/api.w.org\/{rel}","templated":true}]}}