{"id":65856,"date":"2023-02-06T16:54:04","date_gmt":"2023-02-06T15:54:05","guid":{"rendered":"https:\/\/www.refrigerantboys.com\/?post_type=product&#038;p=65856"},"modified":"2023-02-06T17:00:08","modified_gmt":"2023-02-06T16:00:08","slug":"kit-de-soudage-portable-3050-242-litres","status":"publish","type":"product","link":"https:\/\/www.refrigerantboys.com\/fr\/acheter\/outils\/kit-de-soudage-portable-3050-242-litres\/","title":{"rendered":"Kit de soudage portable 3050\u00b0 &#8211; 242 litres"},"content":{"rendered":"<p>Le plus petit \u00e9quipement de soudage autog\u00e8ne avec bouteille et cartouche non rechargeables, dans un \u00e9l\u00e9gant chariot m\u00e9tallique aux dimensions r\u00e9duites. Compact, performant, il permet un soudage professionnel. Particuli\u00e8rement adapt\u00e9 en plomberie, climatisation et r\u00e9frig\u00e9ration.<\/p>\n<p>&nbsp;<\/p>\n","protected":false},"excerpt":{"rendered":"<p>Bouteille OXYGEN de 242 lt &#8211; 110 Bar<br \/>\nCartouche des gas mix 450 g<br \/>\nR\u00e9ducteur oxyg\u00e8ne et robinet gaz avec clapets de refoulement \u00e0 double protection<br \/>\nM\u00e9tal d\u2019apport avec d\u00e9soxydant<br \/>\nTubes raccord\u00e9s de 2 mt<br \/>\nPoign\u00e9e avec robinets de r\u00e9glage et lance<br \/>\nMicroset (kit de microsoudure)<br \/>\nLunettes de protection<br \/>\nCl\u00e9 multifonction<br \/>\nAllume<\/p>\n","protected":false},"featured_media":65901,"template":"","meta":[],"product_cat":[146],"product_tag":[],"acf":{"ai_note":""},"yoast_head":"<!-- This site is optimized with the Yoast SEO plugin v20.2 - https:\/\/yoast.com\/wordpress\/plugins\/seo\/ -->\n<title>Kit de soudage portable 3050\u00b0 - 242 litres | Refrigerant Boys<\/title>\n<meta name=\"description\" content=\"Bouteille OXYGEN de 242 lt - 110 Bar Cartouche des gas mix 450 g R\u00e9ducteur oxyg\u00e8ne et robinet gaz avec clapets de refoulement \u00e0 double protection M\u00e9tal d\u2019apport avec d\u00e9soxydant Tubes raccord\u00e9s de 2 mt Poign\u00e9e avec robinets de r\u00e9glage et lance Microset (kit de microsoudure) Lunettes de protection Cl\u00e9 multifonction Allume\" \/>\n<meta name=\"robots\" content=\"index, follow, max-snippet:-1, max-image-preview:large, max-video-preview:-1\" \/>\n<link rel=\"canonical\" href=\"https:\/\/www.refrigerantboys.com\/fr\/acheter\/outils\/kit-de-soudage-portable-3050-242-litres\/\" \/>\n<meta property=\"og:locale\" content=\"fr_FR\" \/>\n<meta property=\"og:type\" content=\"article\" \/>\n<meta property=\"og:title\" content=\"Kit de soudage portable 3050\u00b0 - 242 litres | Refrigerant Boys\" \/>\n<meta property=\"og:description\" content=\"Bouteille OXYGEN de 242 lt - 110 Bar Cartouche des gas mix 450 g R\u00e9ducteur oxyg\u00e8ne et robinet gaz avec clapets de refoulement \u00e0 double protection M\u00e9tal d\u2019apport avec d\u00e9soxydant Tubes raccord\u00e9s de 2 mt Poign\u00e9e avec robinets de r\u00e9glage et lance Microset (kit de microsoudure) Lunettes de protection Cl\u00e9 multifonction Allume\" \/>\n<meta property=\"og:url\" content=\"https:\/\/www.refrigerantboys.com\/fr\/acheter\/outils\/kit-de-soudage-portable-3050-242-litres\/\" \/>\n<meta property=\"og:site_name\" content=\"Refrigerant Boys\" \/>\n<meta property=\"article:modified_time\" content=\"2023-02-06T16:00:08+00:00\" \/>\n<meta property=\"og:image\" content=\"https:\/\/www.refrigerantboys.com\/wp-content\/uploads\/2023\/02\/prowelding-2-495x800.png\" \/>\n\t<meta property=\"og:image:width\" content=\"495\" \/>\n\t<meta property=\"og:image:height\" content=\"800\" \/>\n\t<meta property=\"og:image:type\" content=\"image\/png\" \/>\n<meta name=\"twitter:card\" content=\"summary_large_image\" \/>\n<meta name=\"twitter:label1\" content=\"Dur\u00e9e de lecture estim\u00e9e\" \/>\n\t<meta name=\"twitter:data1\" content=\"1 minute\" \/>\n<script type=\"application\/ld+json\" class=\"yoast-schema-graph\">{\"@context\":\"https:\/\/schema.org\",\"@graph\":[{\"@type\":\"WebPage\",\"@id\":\"https:\/\/www.refrigerantboys.com\/fr\/acheter\/outils\/kit-de-soudage-portable-3050-242-litres\/\",\"url\":\"https:\/\/www.refrigerantboys.com\/fr\/acheter\/outils\/kit-de-soudage-portable-3050-242-litres\/\",\"name\":\"Kit de soudage portable 3050\u00b0 - 242 litres | Refrigerant Boys\",\"isPartOf\":{\"@id\":\"https:\/\/www.refrigerantboys.com\/fr\/#website\"},\"datePublished\":\"2023-02-06T15:54:05+00:00\",\"dateModified\":\"2023-02-06T16:00:08+00:00\",\"description\":\"Bouteille OXYGEN de 242 lt - 110 Bar Cartouche des gas mix 450 g R\u00e9ducteur oxyg\u00e8ne et robinet gaz avec clapets de refoulement \u00e0 double protection M\u00e9tal d\u2019apport avec d\u00e9soxydant Tubes raccord\u00e9s de 2 mt Poign\u00e9e avec robinets de r\u00e9glage et lance Microset (kit de microsoudure) Lunettes de protection Cl\u00e9 multifonction Allume\",\"breadcrumb\":{\"@id\":\"https:\/\/www.refrigerantboys.com\/fr\/acheter\/outils\/kit-de-soudage-portable-3050-242-litres\/#breadcrumb\"},\"inLanguage\":\"fr-FR\",\"potentialAction\":[{\"@type\":\"ReadAction\",\"target\":[\"https:\/\/www.refrigerantboys.com\/fr\/acheter\/outils\/kit-de-soudage-portable-3050-242-litres\/\"]}]},{\"@type\":\"BreadcrumbList\",\"@id\":\"https:\/\/www.refrigerantboys.com\/fr\/acheter\/outils\/kit-de-soudage-portable-3050-242-litres\/#breadcrumb\",\"itemListElement\":[{\"@type\":\"ListItem\",\"position\":1,\"name\":\"Home\",\"item\":\"https:\/\/www.refrigerantboys.com\/fr\/\"},{\"@type\":\"ListItem\",\"position\":2,\"name\":\"Boutique\",\"item\":\"https:\/\/www.refrigerantboys.com\/fr\/boutique\/\"},{\"@type\":\"ListItem\",\"position\":3,\"name\":\"Kit de soudage portable 3050\u00b0 &#8211; 242 litres\"}]},{\"@type\":\"WebSite\",\"@id\":\"https:\/\/www.refrigerantboys.com\/fr\/#website\",\"url\":\"https:\/\/www.refrigerantboys.com\/fr\/\",\"name\":\"Refrigerant Boys\",\"description\":\"Vendita gas refrigeranti\",\"potentialAction\":[{\"@type\":\"SearchAction\",\"target\":{\"@type\":\"EntryPoint\",\"urlTemplate\":\"https:\/\/www.refrigerantboys.com\/fr\/?s={search_term_string}\"},\"query-input\":\"required name=search_term_string\"}],\"inLanguage\":\"fr-FR\"}]}<\/script>\n<!-- \/ Yoast SEO plugin. -->","yoast_head_json":{"title":"Kit de soudage portable 3050\u00b0 - 242 litres | Refrigerant Boys","description":"Bouteille OXYGEN de 242 lt - 110 Bar Cartouche des gas mix 450 g R\u00e9ducteur oxyg\u00e8ne et robinet gaz avec clapets de refoulement \u00e0 double protection M\u00e9tal d\u2019apport avec d\u00e9soxydant Tubes raccord\u00e9s de 2 mt Poign\u00e9e avec robinets de r\u00e9glage et lance Microset (kit de microsoudure) Lunettes de protection Cl\u00e9 multifonction Allume","robots":{"index":"index","follow":"follow","max-snippet":"max-snippet:-1","max-image-preview":"max-image-preview:large","max-video-preview":"max-video-preview:-1"},"canonical":"https:\/\/www.refrigerantboys.com\/fr\/acheter\/outils\/kit-de-soudage-portable-3050-242-litres\/","og_locale":"fr_FR","og_type":"article","og_title":"Kit de soudage portable 3050\u00b0 - 242 litres | Refrigerant Boys","og_description":"Bouteille OXYGEN de 242 lt - 110 Bar Cartouche des gas mix 450 g R\u00e9ducteur oxyg\u00e8ne et robinet gaz avec clapets de refoulement \u00e0 double protection M\u00e9tal d\u2019apport avec d\u00e9soxydant Tubes raccord\u00e9s de 2 mt Poign\u00e9e avec robinets de r\u00e9glage et lance Microset (kit de microsoudure) Lunettes de protection Cl\u00e9 multifonction Allume","og_url":"https:\/\/www.refrigerantboys.com\/fr\/acheter\/outils\/kit-de-soudage-portable-3050-242-litres\/","og_site_name":"Refrigerant Boys","article_modified_time":"2023-02-06T16:00:08+00:00","og_image":[{"width":495,"height":800,"url":"https:\/\/www.refrigerantboys.com\/wp-content\/uploads\/2023\/02\/prowelding-2-495x800.png","type":"image\/png"}],"twitter_card":"summary_large_image","twitter_misc":{"Dur\u00e9e de lecture estim\u00e9e":"1 minute"},"schema":{"@context":"https:\/\/schema.org","@graph":[{"@type":"WebPage","@id":"https:\/\/www.refrigerantboys.com\/fr\/acheter\/outils\/kit-de-soudage-portable-3050-242-litres\/","url":"https:\/\/www.refrigerantboys.com\/fr\/acheter\/outils\/kit-de-soudage-portable-3050-242-litres\/","name":"Kit de soudage portable 3050\u00b0 - 242 litres | Refrigerant Boys","isPartOf":{"@id":"https:\/\/www.refrigerantboys.com\/fr\/#website"},"datePublished":"2023-02-06T15:54:05+00:00","dateModified":"2023-02-06T16:00:08+00:00","description":"Bouteille OXYGEN de 242 lt - 110 Bar Cartouche des gas mix 450 g R\u00e9ducteur oxyg\u00e8ne et robinet gaz avec clapets de refoulement \u00e0 double protection M\u00e9tal d\u2019apport avec d\u00e9soxydant Tubes raccord\u00e9s de 2 mt Poign\u00e9e avec robinets de r\u00e9glage et lance Microset (kit de microsoudure) Lunettes de protection Cl\u00e9 multifonction Allume","breadcrumb":{"@id":"https:\/\/www.refrigerantboys.com\/fr\/acheter\/outils\/kit-de-soudage-portable-3050-242-litres\/#breadcrumb"},"inLanguage":"fr-FR","potentialAction":[{"@type":"ReadAction","target":["https:\/\/www.refrigerantboys.com\/fr\/acheter\/outils\/kit-de-soudage-portable-3050-242-litres\/"]}]},{"@type":"BreadcrumbList","@id":"https:\/\/www.refrigerantboys.com\/fr\/acheter\/outils\/kit-de-soudage-portable-3050-242-litres\/#breadcrumb","itemListElement":[{"@type":"ListItem","position":1,"name":"Home","item":"https:\/\/www.refrigerantboys.com\/fr\/"},{"@type":"ListItem","position":2,"name":"Boutique","item":"https:\/\/www.refrigerantboys.com\/fr\/boutique\/"},{"@type":"ListItem","position":3,"name":"Kit de soudage portable 3050\u00b0 &#8211; 242 litres"}]},{"@type":"WebSite","@id":"https:\/\/www.refrigerantboys.com\/fr\/#website","url":"https:\/\/www.refrigerantboys.com\/fr\/","name":"Refrigerant Boys","description":"Vendita gas refrigeranti","potentialAction":[{"@type":"SearchAction","target":{"@type":"EntryPoint","urlTemplate":"https:\/\/www.refrigerantboys.com\/fr\/?s={search_term_string}"},"query-input":"required name=search_term_string"}],"inLanguage":"fr-FR"}]}},"_links":{"self":[{"href":"https:\/\/www.refrigerantboys.com\/fr\/wp-json\/wp\/v2\/product\/65856"}],"collection":[{"href":"https:\/\/www.refrigerantboys.com\/fr\/wp-json\/wp\/v2\/product"}],"about":[{"href":"https:\/\/www.refrigerantboys.com\/fr\/wp-json\/wp\/v2\/types\/product"}],"wp:featuredmedia":[{"embeddable":true,"href":"https:\/\/www.refrigerantboys.com\/fr\/wp-json\/wp\/v2\/media\/65901"}],"wp:attachment":[{"href":"https:\/\/www.refrigerantboys.com\/fr\/wp-json\/wp\/v2\/media?parent=65856"}],"wp:term":[{"taxonomy":"product_cat","embeddable":true,"href":"https:\/\/www.refrigerantboys.com\/fr\/wp-json\/wp\/v2\/product_cat?post=65856"},{"taxonomy":"product_tag","embeddable":true,"href":"https:\/\/www.refrigerantboys.com\/fr\/wp-json\/wp\/v2\/product_tag?post=65856"}],"curies":[{"name":"wp","href":"https:\/\/api.w.org\/{rel}","templated":true}]}}