{"id":50270,"date":"2021-10-08T14:23:31","date_gmt":"2021-10-08T13:23:31","guid":{"rendered":"https:\/\/www.refrigerantboys.com\/?post_type=product&#038;p=50270"},"modified":"2023-06-13T21:03:25","modified_gmt":"2023-06-13T19:03:25","slug":"kit-azote-pour-pressuriser-les-systemes-242-lt","status":"publish","type":"product","link":"https:\/\/www.refrigerantboys.com\/fr\/acheter\/outils\/kit-azote-pour-pressuriser-les-systemes-242-lt\/","title":{"rendered":"Kit azote pour pressuriser les syst\u00e8mes 242 lt"},"content":{"rendered":"<p>Bo\u00eetier avec kit azote, pratique et simple \u00e0 utiliser. Con\u00e7u pour la recherche de fuites dans les circuits frigorifiques et climatiseurs, pour le rin\u00e7age des soudures, pour la v\u00e9rification des \u00e9talonnages des manom\u00e8tres et pressostats, et pour la pressurisation des syst\u00e8mes et le contr\u00f4le des chemises.\u00a0 Cylindres 110 bar &#8211; 242 lt<\/p>\n","protected":false},"excerpt":{"rendered":"<ul>\n<li><strong>Kit avec bouteille de capacit\u00e9 242 l : Azote<\/strong><\/li>\n<\/ul>\n","protected":false},"featured_media":50308,"template":"","meta":[],"product_cat":[146],"product_tag":[],"acf":{"ai_note":""},"yoast_head":"<!-- This site is optimized with the Yoast SEO plugin v20.2 - https:\/\/yoast.com\/wordpress\/plugins\/seo\/ -->\n<title>Kit azote pour pressuriser les syst\u00e8mes 242 lt | Refrigerant Boys<\/title>\n<meta name=\"description\" content=\"Kit avec bouteille de capacit\u00e9 242 l : Azote\" \/>\n<meta name=\"robots\" content=\"index, follow, max-snippet:-1, max-image-preview:large, max-video-preview:-1\" \/>\n<link rel=\"canonical\" href=\"https:\/\/www.refrigerantboys.com\/fr\/acheter\/outils\/kit-azote-pour-pressuriser-les-systemes-242-lt\/\" \/>\n<meta property=\"og:locale\" content=\"fr_FR\" \/>\n<meta property=\"og:type\" content=\"article\" \/>\n<meta property=\"og:title\" content=\"Kit azote pour pressuriser les syst\u00e8mes 242 lt | Refrigerant Boys\" \/>\n<meta property=\"og:description\" content=\"Kit avec bouteille de capacit\u00e9 242 l : Azote\" \/>\n<meta property=\"og:url\" content=\"https:\/\/www.refrigerantboys.com\/fr\/acheter\/outils\/kit-azote-pour-pressuriser-les-systemes-242-lt\/\" \/>\n<meta property=\"og:site_name\" content=\"Refrigerant Boys\" \/>\n<meta property=\"article:modified_time\" content=\"2023-06-13T19:03:25+00:00\" \/>\n<meta property=\"og:image\" content=\"https:\/\/www.refrigerantboys.com\/wp-content\/uploads\/2021\/10\/kvaz-2.png\" \/>\n\t<meta property=\"og:image:width\" content=\"1344\" \/>\n\t<meta property=\"og:image:height\" content=\"1502\" \/>\n\t<meta property=\"og:image:type\" content=\"image\/png\" \/>\n<meta name=\"twitter:card\" content=\"summary_large_image\" \/>\n<meta name=\"twitter:label1\" content=\"Dur\u00e9e de lecture estim\u00e9e\" \/>\n\t<meta name=\"twitter:data1\" content=\"1 minute\" \/>\n<script type=\"application\/ld+json\" class=\"yoast-schema-graph\">{\"@context\":\"https:\/\/schema.org\",\"@graph\":[{\"@type\":\"WebPage\",\"@id\":\"https:\/\/www.refrigerantboys.com\/fr\/acheter\/outils\/kit-azote-pour-pressuriser-les-systemes-242-lt\/\",\"url\":\"https:\/\/www.refrigerantboys.com\/fr\/acheter\/outils\/kit-azote-pour-pressuriser-les-systemes-242-lt\/\",\"name\":\"Kit azote pour pressuriser les syst\u00e8mes 242 lt | Refrigerant Boys\",\"isPartOf\":{\"@id\":\"https:\/\/www.refrigerantboys.com\/fr\/#website\"},\"datePublished\":\"2021-10-08T13:23:31+00:00\",\"dateModified\":\"2023-06-13T19:03:25+00:00\",\"description\":\"Kit avec bouteille de capacit\u00e9 242 l : Azote\",\"breadcrumb\":{\"@id\":\"https:\/\/www.refrigerantboys.com\/fr\/acheter\/outils\/kit-azote-pour-pressuriser-les-systemes-242-lt\/#breadcrumb\"},\"inLanguage\":\"fr-FR\",\"potentialAction\":[{\"@type\":\"ReadAction\",\"target\":[\"https:\/\/www.refrigerantboys.com\/fr\/acheter\/outils\/kit-azote-pour-pressuriser-les-systemes-242-lt\/\"]}]},{\"@type\":\"BreadcrumbList\",\"@id\":\"https:\/\/www.refrigerantboys.com\/fr\/acheter\/outils\/kit-azote-pour-pressuriser-les-systemes-242-lt\/#breadcrumb\",\"itemListElement\":[{\"@type\":\"ListItem\",\"position\":1,\"name\":\"Home\",\"item\":\"https:\/\/www.refrigerantboys.com\/fr\/\"},{\"@type\":\"ListItem\",\"position\":2,\"name\":\"Boutique\",\"item\":\"https:\/\/www.refrigerantboys.com\/fr\/boutique\/\"},{\"@type\":\"ListItem\",\"position\":3,\"name\":\"Kit azote pour pressuriser les syst\u00e8mes 242 lt\"}]},{\"@type\":\"WebSite\",\"@id\":\"https:\/\/www.refrigerantboys.com\/fr\/#website\",\"url\":\"https:\/\/www.refrigerantboys.com\/fr\/\",\"name\":\"Refrigerant Boys\",\"description\":\"Vendita gas refrigeranti\",\"potentialAction\":[{\"@type\":\"SearchAction\",\"target\":{\"@type\":\"EntryPoint\",\"urlTemplate\":\"https:\/\/www.refrigerantboys.com\/fr\/?s={search_term_string}\"},\"query-input\":\"required name=search_term_string\"}],\"inLanguage\":\"fr-FR\"}]}<\/script>\n<!-- \/ Yoast SEO plugin. -->","yoast_head_json":{"title":"Kit azote pour pressuriser les syst\u00e8mes 242 lt | Refrigerant Boys","description":"Kit avec bouteille de capacit\u00e9 242 l : Azote","robots":{"index":"index","follow":"follow","max-snippet":"max-snippet:-1","max-image-preview":"max-image-preview:large","max-video-preview":"max-video-preview:-1"},"canonical":"https:\/\/www.refrigerantboys.com\/fr\/acheter\/outils\/kit-azote-pour-pressuriser-les-systemes-242-lt\/","og_locale":"fr_FR","og_type":"article","og_title":"Kit azote pour pressuriser les syst\u00e8mes 242 lt | Refrigerant Boys","og_description":"Kit avec bouteille de capacit\u00e9 242 l : Azote","og_url":"https:\/\/www.refrigerantboys.com\/fr\/acheter\/outils\/kit-azote-pour-pressuriser-les-systemes-242-lt\/","og_site_name":"Refrigerant Boys","article_modified_time":"2023-06-13T19:03:25+00:00","og_image":[{"width":1344,"height":1502,"url":"https:\/\/www.refrigerantboys.com\/wp-content\/uploads\/2021\/10\/kvaz-2.png","type":"image\/png"}],"twitter_card":"summary_large_image","twitter_misc":{"Dur\u00e9e de lecture estim\u00e9e":"1 minute"},"schema":{"@context":"https:\/\/schema.org","@graph":[{"@type":"WebPage","@id":"https:\/\/www.refrigerantboys.com\/fr\/acheter\/outils\/kit-azote-pour-pressuriser-les-systemes-242-lt\/","url":"https:\/\/www.refrigerantboys.com\/fr\/acheter\/outils\/kit-azote-pour-pressuriser-les-systemes-242-lt\/","name":"Kit azote pour pressuriser les syst\u00e8mes 242 lt | Refrigerant Boys","isPartOf":{"@id":"https:\/\/www.refrigerantboys.com\/fr\/#website"},"datePublished":"2021-10-08T13:23:31+00:00","dateModified":"2023-06-13T19:03:25+00:00","description":"Kit avec bouteille de capacit\u00e9 242 l : Azote","breadcrumb":{"@id":"https:\/\/www.refrigerantboys.com\/fr\/acheter\/outils\/kit-azote-pour-pressuriser-les-systemes-242-lt\/#breadcrumb"},"inLanguage":"fr-FR","potentialAction":[{"@type":"ReadAction","target":["https:\/\/www.refrigerantboys.com\/fr\/acheter\/outils\/kit-azote-pour-pressuriser-les-systemes-242-lt\/"]}]},{"@type":"BreadcrumbList","@id":"https:\/\/www.refrigerantboys.com\/fr\/acheter\/outils\/kit-azote-pour-pressuriser-les-systemes-242-lt\/#breadcrumb","itemListElement":[{"@type":"ListItem","position":1,"name":"Home","item":"https:\/\/www.refrigerantboys.com\/fr\/"},{"@type":"ListItem","position":2,"name":"Boutique","item":"https:\/\/www.refrigerantboys.com\/fr\/boutique\/"},{"@type":"ListItem","position":3,"name":"Kit azote pour pressuriser les syst\u00e8mes 242 lt"}]},{"@type":"WebSite","@id":"https:\/\/www.refrigerantboys.com\/fr\/#website","url":"https:\/\/www.refrigerantboys.com\/fr\/","name":"Refrigerant Boys","description":"Vendita gas refrigeranti","potentialAction":[{"@type":"SearchAction","target":{"@type":"EntryPoint","urlTemplate":"https:\/\/www.refrigerantboys.com\/fr\/?s={search_term_string}"},"query-input":"required name=search_term_string"}],"inLanguage":"fr-FR"}]}},"_links":{"self":[{"href":"https:\/\/www.refrigerantboys.com\/fr\/wp-json\/wp\/v2\/product\/50270"}],"collection":[{"href":"https:\/\/www.refrigerantboys.com\/fr\/wp-json\/wp\/v2\/product"}],"about":[{"href":"https:\/\/www.refrigerantboys.com\/fr\/wp-json\/wp\/v2\/types\/product"}],"wp:featuredmedia":[{"embeddable":true,"href":"https:\/\/www.refrigerantboys.com\/fr\/wp-json\/wp\/v2\/media\/50308"}],"wp:attachment":[{"href":"https:\/\/www.refrigerantboys.com\/fr\/wp-json\/wp\/v2\/media?parent=50270"}],"wp:term":[{"taxonomy":"product_cat","embeddable":true,"href":"https:\/\/www.refrigerantboys.com\/fr\/wp-json\/wp\/v2\/product_cat?post=50270"},{"taxonomy":"product_tag","embeddable":true,"href":"https:\/\/www.refrigerantboys.com\/fr\/wp-json\/wp\/v2\/product_tag?post=50270"}],"curies":[{"name":"wp","href":"https:\/\/api.w.org\/{rel}","templated":true}]}}