{"id":4003,"date":"2019-01-03T13:54:42","date_gmt":"2019-01-03T13:54:43","guid":{"rendered":"https:\/\/www.refrigerantboys.com\/?post_type=product&#038;p=4003"},"modified":"2026-02-13T11:28:32","modified_gmt":"2026-02-13T10:28:32","slug":"gas-refrigerante-r452a-con-30-kg-valvola-217-x-1-14","status":"publish","type":"product","link":"https:\/\/www.refrigerantboys.com\/fr\/acheter\/fluides-frigorigenes\/r452a\/gas-refrigerante-r452a-con-30-kg-valvola-217-x-1-14\/","title":{"rendered":"Bouteille de Gaz R\u00e9frig\u00e9rant R452A &#8211; 30kg &#8211; (T-PED) &#8211; Vanne 21,8 x 1\/14&#8243;"},"content":{"rendered":"<ul>\n<li>\n<p data-path-to-node=\"17,0,0\"><b data-path-to-node=\"17,0,0\" data-index-in-node=\"0\">Expert du Transport :<\/b> Format de 30 kg optimis\u00e9 pour le transport frigorifique et la r\u00e9frig\u00e9ration industrielle \u00e0 basse temp\u00e9rature.<\/p>\n<\/li>\n<li>\n<p data-path-to-node=\"17,1,0\"><b data-path-to-node=\"17,1,0\" data-index-in-node=\"0\">Protection du Compresseur :<\/b> Le R452A garantit des temp\u00e9ratures de refoulement basses, id\u00e9al pour les conditions de fonctionnement intensives.<\/p>\n<\/li>\n<li>\n<p data-path-to-node=\"17,2,0\"><b data-path-to-node=\"17,2,0\" data-index-in-node=\"0\">S\u00e9curit\u00e9 Certifi\u00e9e :<\/b> Enti\u00e8rement conforme \u00e0 la directive T-PED pour le transport et l&#8217;utilisation s\u00e9curis\u00e9e des \u00e9quipements sous pression.<\/p>\n<\/li>\n<li>\n<p data-path-to-node=\"17,3,0\"><b data-path-to-node=\"17,3,0\" data-index-in-node=\"0\">Sp\u00e9cifications Techniques :<\/b> Vanne standard 21,8 x 1\/14&#8243; pour des connexions industrielles robustes.<\/p>\n<\/li>\n<li>\n<p data-path-to-node=\"17,4,0\"><b data-path-to-node=\"17,4,0\" data-index-in-node=\"0\">Note R\u00e9glementaire :<\/b> L&#8217;achat est r\u00e9serv\u00e9 aux professionnels titulaires d&#8217;une certification F-GAS (R\u00e8glement UE 517\/2014).<\/p>\n<\/li>\n<\/ul>\n","protected":false},"excerpt":{"rendered":"<div><span style=\"color: #166534; font-weight: bold;\">\u2713 Eco-Tax (Reg. UE 2024\/573)<\/span> <span style=\"color: #dc2626; font-weight: bold; margin-left: 5px;\">6,42 \u20ac\/kg<\/span><\/div>\n<p data-path-to-node=\"12\">Bouteille rechargeable de <b data-path-to-node=\"12\" data-index-in-node=\"26\">30kg de gaz R452A<\/b>, id\u00e9ale pour le <b data-path-to-node=\"12\" data-index-in-node=\"60\">transport frigorifique<\/b> et la r\u00e9frig\u00e9ration industrielle \u00e0 basse temp\u00e9rature. Conforme aux normes <b data-path-to-node=\"12\" data-index-in-node=\"157\">T-PED \/ EN 13322-1<\/b>, \u00e9quip\u00e9e d&#8217;une vanne industrielle <b data-path-to-node=\"12\" data-index-in-node=\"210\">21,8 x 1\/14&#8243;<\/b>. Substitut haute performance du R404A.<\/p>\n","protected":false},"featured_media":68880,"template":"","meta":[],"product_cat":[150,159],"product_tag":[],"acf":{"ai_note":""},"yoast_head":"<!-- This site is optimized with the Yoast SEO plugin v20.2 - https:\/\/yoast.com\/wordpress\/plugins\/seo\/ -->\n<title>Bouteille de Gaz R\u00e9frig\u00e9rant R452A - 30kg - (T-PED) - Vanne 21,8 x 1\/14&quot; | Refrigerant Boys<\/title>\n<meta name=\"description\" content=\"\u2713 Eco-Tax (Reg. UE 2024\/573) 6,42 \u20ac\/kg Bouteille rechargeable de 30kg de gaz R452A, id\u00e9ale pour le transport frigorifique et la r\u00e9frig\u00e9ration industrielle \u00e0 basse temp\u00e9rature. Conforme aux normes T-PED \/ EN 13322-1, \u00e9quip\u00e9e d&#039;une vanne industrielle 21,8 x 1\/14&quot;. Substitut haute performance du R404A.\" \/>\n<meta name=\"robots\" content=\"index, follow, max-snippet:-1, max-image-preview:large, max-video-preview:-1\" \/>\n<link rel=\"canonical\" href=\"https:\/\/www.refrigerantboys.com\/fr\/acheter\/fluides-frigorigenes\/r452a\/gas-refrigerante-r452a-con-30-kg-valvola-217-x-1-14\/\" \/>\n<meta property=\"og:locale\" content=\"fr_FR\" \/>\n<meta property=\"og:type\" content=\"article\" \/>\n<meta property=\"og:title\" content=\"Bouteille de Gaz R\u00e9frig\u00e9rant R452A - 30kg - (T-PED) - Vanne 21,8 x 1\/14&quot; | Refrigerant Boys\" \/>\n<meta property=\"og:description\" content=\"\u2713 Eco-Tax (Reg. UE 2024\/573) 6,42 \u20ac\/kg Bouteille rechargeable de 30kg de gaz R452A, id\u00e9ale pour le transport frigorifique et la r\u00e9frig\u00e9ration industrielle \u00e0 basse temp\u00e9rature. Conforme aux normes T-PED \/ EN 13322-1, \u00e9quip\u00e9e d&#039;une vanne industrielle 21,8 x 1\/14&quot;. Substitut haute performance du R404A.\" \/>\n<meta property=\"og:url\" content=\"https:\/\/www.refrigerantboys.com\/fr\/acheter\/fluides-frigorigenes\/r452a\/gas-refrigerante-r452a-con-30-kg-valvola-217-x-1-14\/\" \/>\n<meta property=\"og:site_name\" content=\"Refrigerant Boys\" \/>\n<meta property=\"article:modified_time\" content=\"2026-02-13T10:28:32+00:00\" \/>\n<meta property=\"og:image\" content=\"https:\/\/www.refrigerantboys.com\/wp-content\/uploads\/2019\/01\/r452a-30kg-2.png\" \/>\n\t<meta property=\"og:image:width\" content=\"215\" \/>\n\t<meta property=\"og:image:height\" content=\"446\" \/>\n\t<meta property=\"og:image:type\" content=\"image\/png\" \/>\n<meta name=\"twitter:card\" content=\"summary_large_image\" \/>\n<meta name=\"twitter:label1\" content=\"Dur\u00e9e de lecture estim\u00e9e\" \/>\n\t<meta name=\"twitter:data1\" content=\"1 minute\" \/>\n<script type=\"application\/ld+json\" class=\"yoast-schema-graph\">{\"@context\":\"https:\/\/schema.org\",\"@graph\":[{\"@type\":\"WebPage\",\"@id\":\"https:\/\/www.refrigerantboys.com\/fr\/acheter\/fluides-frigorigenes\/r452a\/gas-refrigerante-r452a-con-30-kg-valvola-217-x-1-14\/\",\"url\":\"https:\/\/www.refrigerantboys.com\/fr\/acheter\/fluides-frigorigenes\/r452a\/gas-refrigerante-r452a-con-30-kg-valvola-217-x-1-14\/\",\"name\":\"Bouteille de Gaz R\u00e9frig\u00e9rant R452A - 30kg - (T-PED) - Vanne 21,8 x 1\/14\\\" | Refrigerant Boys\",\"isPartOf\":{\"@id\":\"https:\/\/www.refrigerantboys.com\/fr\/#website\"},\"datePublished\":\"2019-01-03T13:54:43+00:00\",\"dateModified\":\"2026-02-13T10:28:32+00:00\",\"description\":\"\u2713 Eco-Tax (Reg. UE 2024\/573) 6,42 \u20ac\/kg Bouteille rechargeable de 30kg de gaz R452A, id\u00e9ale pour le transport frigorifique et la r\u00e9frig\u00e9ration industrielle \u00e0 basse temp\u00e9rature. Conforme aux normes T-PED \/ EN 13322-1, \u00e9quip\u00e9e d'une vanne industrielle 21,8 x 1\/14\\\". Substitut haute performance du R404A.\",\"breadcrumb\":{\"@id\":\"https:\/\/www.refrigerantboys.com\/fr\/acheter\/fluides-frigorigenes\/r452a\/gas-refrigerante-r452a-con-30-kg-valvola-217-x-1-14\/#breadcrumb\"},\"inLanguage\":\"fr-FR\",\"potentialAction\":[{\"@type\":\"ReadAction\",\"target\":[\"https:\/\/www.refrigerantboys.com\/fr\/acheter\/fluides-frigorigenes\/r452a\/gas-refrigerante-r452a-con-30-kg-valvola-217-x-1-14\/\"]}]},{\"@type\":\"BreadcrumbList\",\"@id\":\"https:\/\/www.refrigerantboys.com\/fr\/acheter\/fluides-frigorigenes\/r452a\/gas-refrigerante-r452a-con-30-kg-valvola-217-x-1-14\/#breadcrumb\",\"itemListElement\":[{\"@type\":\"ListItem\",\"position\":1,\"name\":\"Home\",\"item\":\"https:\/\/www.refrigerantboys.com\/fr\/\"},{\"@type\":\"ListItem\",\"position\":2,\"name\":\"Boutique\",\"item\":\"https:\/\/www.refrigerantboys.com\/fr\/boutique\/\"},{\"@type\":\"ListItem\",\"position\":3,\"name\":\"Bouteille de Gaz R\u00e9frig\u00e9rant R452A &#8211; 30kg &#8211; (T-PED) &#8211; Vanne 21,8 x 1\/14&#8243;\"}]},{\"@type\":\"WebSite\",\"@id\":\"https:\/\/www.refrigerantboys.com\/fr\/#website\",\"url\":\"https:\/\/www.refrigerantboys.com\/fr\/\",\"name\":\"Refrigerant Boys\",\"description\":\"Vendita gas refrigeranti\",\"potentialAction\":[{\"@type\":\"SearchAction\",\"target\":{\"@type\":\"EntryPoint\",\"urlTemplate\":\"https:\/\/www.refrigerantboys.com\/fr\/?s={search_term_string}\"},\"query-input\":\"required name=search_term_string\"}],\"inLanguage\":\"fr-FR\"}]}<\/script>\n<!-- \/ Yoast SEO plugin. -->","yoast_head_json":{"title":"Bouteille de Gaz R\u00e9frig\u00e9rant R452A - 30kg - (T-PED) - Vanne 21,8 x 1\/14\" | Refrigerant Boys","description":"\u2713 Eco-Tax (Reg. UE 2024\/573) 6,42 \u20ac\/kg Bouteille rechargeable de 30kg de gaz R452A, id\u00e9ale pour le transport frigorifique et la r\u00e9frig\u00e9ration industrielle \u00e0 basse temp\u00e9rature. Conforme aux normes T-PED \/ EN 13322-1, \u00e9quip\u00e9e d'une vanne industrielle 21,8 x 1\/14\". Substitut haute performance du R404A.","robots":{"index":"index","follow":"follow","max-snippet":"max-snippet:-1","max-image-preview":"max-image-preview:large","max-video-preview":"max-video-preview:-1"},"canonical":"https:\/\/www.refrigerantboys.com\/fr\/acheter\/fluides-frigorigenes\/r452a\/gas-refrigerante-r452a-con-30-kg-valvola-217-x-1-14\/","og_locale":"fr_FR","og_type":"article","og_title":"Bouteille de Gaz R\u00e9frig\u00e9rant R452A - 30kg - (T-PED) - Vanne 21,8 x 1\/14\" | Refrigerant Boys","og_description":"\u2713 Eco-Tax (Reg. UE 2024\/573) 6,42 \u20ac\/kg Bouteille rechargeable de 30kg de gaz R452A, id\u00e9ale pour le transport frigorifique et la r\u00e9frig\u00e9ration industrielle \u00e0 basse temp\u00e9rature. Conforme aux normes T-PED \/ EN 13322-1, \u00e9quip\u00e9e d'une vanne industrielle 21,8 x 1\/14\". Substitut haute performance du R404A.","og_url":"https:\/\/www.refrigerantboys.com\/fr\/acheter\/fluides-frigorigenes\/r452a\/gas-refrigerante-r452a-con-30-kg-valvola-217-x-1-14\/","og_site_name":"Refrigerant Boys","article_modified_time":"2026-02-13T10:28:32+00:00","og_image":[{"width":215,"height":446,"url":"https:\/\/www.refrigerantboys.com\/wp-content\/uploads\/2019\/01\/r452a-30kg-2.png","type":"image\/png"}],"twitter_card":"summary_large_image","twitter_misc":{"Dur\u00e9e de lecture estim\u00e9e":"1 minute"},"schema":{"@context":"https:\/\/schema.org","@graph":[{"@type":"WebPage","@id":"https:\/\/www.refrigerantboys.com\/fr\/acheter\/fluides-frigorigenes\/r452a\/gas-refrigerante-r452a-con-30-kg-valvola-217-x-1-14\/","url":"https:\/\/www.refrigerantboys.com\/fr\/acheter\/fluides-frigorigenes\/r452a\/gas-refrigerante-r452a-con-30-kg-valvola-217-x-1-14\/","name":"Bouteille de Gaz R\u00e9frig\u00e9rant R452A - 30kg - (T-PED) - Vanne 21,8 x 1\/14\" | Refrigerant Boys","isPartOf":{"@id":"https:\/\/www.refrigerantboys.com\/fr\/#website"},"datePublished":"2019-01-03T13:54:43+00:00","dateModified":"2026-02-13T10:28:32+00:00","description":"\u2713 Eco-Tax (Reg. UE 2024\/573) 6,42 \u20ac\/kg Bouteille rechargeable de 30kg de gaz R452A, id\u00e9ale pour le transport frigorifique et la r\u00e9frig\u00e9ration industrielle \u00e0 basse temp\u00e9rature. Conforme aux normes T-PED \/ EN 13322-1, \u00e9quip\u00e9e d'une vanne industrielle 21,8 x 1\/14\". Substitut haute performance du R404A.","breadcrumb":{"@id":"https:\/\/www.refrigerantboys.com\/fr\/acheter\/fluides-frigorigenes\/r452a\/gas-refrigerante-r452a-con-30-kg-valvola-217-x-1-14\/#breadcrumb"},"inLanguage":"fr-FR","potentialAction":[{"@type":"ReadAction","target":["https:\/\/www.refrigerantboys.com\/fr\/acheter\/fluides-frigorigenes\/r452a\/gas-refrigerante-r452a-con-30-kg-valvola-217-x-1-14\/"]}]},{"@type":"BreadcrumbList","@id":"https:\/\/www.refrigerantboys.com\/fr\/acheter\/fluides-frigorigenes\/r452a\/gas-refrigerante-r452a-con-30-kg-valvola-217-x-1-14\/#breadcrumb","itemListElement":[{"@type":"ListItem","position":1,"name":"Home","item":"https:\/\/www.refrigerantboys.com\/fr\/"},{"@type":"ListItem","position":2,"name":"Boutique","item":"https:\/\/www.refrigerantboys.com\/fr\/boutique\/"},{"@type":"ListItem","position":3,"name":"Bouteille de Gaz R\u00e9frig\u00e9rant R452A &#8211; 30kg &#8211; (T-PED) &#8211; Vanne 21,8 x 1\/14&#8243;"}]},{"@type":"WebSite","@id":"https:\/\/www.refrigerantboys.com\/fr\/#website","url":"https:\/\/www.refrigerantboys.com\/fr\/","name":"Refrigerant Boys","description":"Vendita gas refrigeranti","potentialAction":[{"@type":"SearchAction","target":{"@type":"EntryPoint","urlTemplate":"https:\/\/www.refrigerantboys.com\/fr\/?s={search_term_string}"},"query-input":"required name=search_term_string"}],"inLanguage":"fr-FR"}]}},"_links":{"self":[{"href":"https:\/\/www.refrigerantboys.com\/fr\/wp-json\/wp\/v2\/product\/4003"}],"collection":[{"href":"https:\/\/www.refrigerantboys.com\/fr\/wp-json\/wp\/v2\/product"}],"about":[{"href":"https:\/\/www.refrigerantboys.com\/fr\/wp-json\/wp\/v2\/types\/product"}],"wp:featuredmedia":[{"embeddable":true,"href":"https:\/\/www.refrigerantboys.com\/fr\/wp-json\/wp\/v2\/media\/68880"}],"wp:attachment":[{"href":"https:\/\/www.refrigerantboys.com\/fr\/wp-json\/wp\/v2\/media?parent=4003"}],"wp:term":[{"taxonomy":"product_cat","embeddable":true,"href":"https:\/\/www.refrigerantboys.com\/fr\/wp-json\/wp\/v2\/product_cat?post=4003"},{"taxonomy":"product_tag","embeddable":true,"href":"https:\/\/www.refrigerantboys.com\/fr\/wp-json\/wp\/v2\/product_tag?post=4003"}],"curies":[{"name":"wp","href":"https:\/\/api.w.org\/{rel}","templated":true}]}}