{"id":3423,"date":"2018-10-02T08:15:33","date_gmt":"2018-10-02T08:15:33","guid":{"rendered":"https:\/\/www.refrigerantboys.com\/non%20class\u00e9\/cartuche-azote-jetable-110-bar\/"},"modified":"2026-03-10T15:39:21","modified_gmt":"2026-03-10T14:39:21","slug":"bombola-monouso-di-azoto-110-bar-095-lt","status":"publish","type":"product","link":"https:\/\/www.refrigerantboys.com\/fr\/acheter\/outils\/bombola-monouso-di-azoto-110-bar-095-lt\/","title":{"rendered":"Bouteille d&#8217;Azote Jetable 0,95 Litre &#8211; 110 Bar | Ultra-Compacte pour Test CVC"},"content":{"rendered":"<p data-path-to-node=\"3\">La solution id\u00e9ale pour le technicien recherchant un encombrement minimal sans sacrifier la puissance. Cette <b data-path-to-node=\"3\" data-index-in-node=\"433\">bouteille d&#8217;azote jetable de 0,95 litre<\/b> offre une pression de <b data-path-to-node=\"3\" data-index-in-node=\"495\">110 bar<\/b> dans un format &#8220;poche&#8221;, parfait per les interventions rapides ou pour \u00eatre rang\u00e9e facilement dans une sacoche \u00e0 outils.<\/p>\n<ul data-path-to-node=\"4\">\n<li>\n<p data-path-to-node=\"4,0,0\"><b data-path-to-node=\"4,0,0\" data-index-in-node=\"0\">Portabilit\u00e9 Extr\u00eame :<\/b> Tr\u00e8s l\u00e9g\u00e8re, id\u00e9ale pour les travaux en hauteur ou sur des unit\u00e9s ext\u00e9rieures difficiles d&#8217;acc\u00e8s.<\/p>\n<\/li>\n<li>\n<p data-path-to-node=\"4,1,0\"><b data-path-to-node=\"4,1,0\" data-index-in-node=\"0\">Efficacit\u00e9 Imm\u00e9diate :<\/b> Azote sec de haute puret\u00e9 pour \u00e9liminer l&#8217;humidit\u00e9 et tester l&#8217;\u00e9tanch\u00e9it\u00e9 des dudgeons.<\/p>\n<\/li>\n<li>\n<p data-path-to-node=\"4,2,0\"><b data-path-to-node=\"4,2,0\" data-index-in-node=\"0\">Z\u00e9ro Contrainte :<\/b> Produit \u00e0 usage unique (jetable). Pas de frais de recharge, de contrat ou de location de bouteille.<\/p>\n<\/li>\n<li>\n<p data-path-to-node=\"4,3,0\"><b data-path-to-node=\"4,3,0\" data-index-in-node=\"0\">Sp\u00e9cifications :<\/b> Volume 0,95L, Pression 110 bar, Raccord standard M10x1.<\/p>\n<\/li>\n<\/ul>\n<div class=\"product-collateral\">\n<div class=\"product-grid home-page-product-grid\"><\/div>\n<\/div>\n","protected":false},"excerpt":{"rendered":"<p><!--more-->Bouteille d&#8217;azote jetable de <b data-path-to-node=\"3\" data-index-in-node=\"136\">0,95L \u00e0 110 bar<\/b>. Portabilit\u00e9 maximale pour les tests d&#8217;\u00e9tanch\u00e9it\u00e9 rapides et le rin\u00e7age des petits syst\u00e8mes de climatisation. L\u00e9g\u00e8re, \u00e9conomique et sans consigne.<\/p>\n","protected":false},"featured_media":79183,"template":"","meta":[],"product_cat":[146],"product_tag":[],"acf":{"ai_note":""},"yoast_head":"<!-- This site is optimized with the Yoast SEO plugin v20.2 - https:\/\/yoast.com\/wordpress\/plugins\/seo\/ -->\n<title>Bouteille d&#039;Azote Jetable 0,95 Litre - 110 Bar | Ultra-Compacte pour Test CVC | Refrigerant Boys<\/title>\n<meta name=\"description\" content=\"Bouteille d&#039;azote jetable de 0,95L \u00e0 110 bar. Portabilit\u00e9 maximale pour les tests d&#039;\u00e9tanch\u00e9it\u00e9 rapides et le rin\u00e7age des petits syst\u00e8mes de climatisation. L\u00e9g\u00e8re, \u00e9conomique et sans consigne.\" \/>\n<meta name=\"robots\" content=\"index, follow, max-snippet:-1, max-image-preview:large, max-video-preview:-1\" \/>\n<link rel=\"canonical\" href=\"https:\/\/www.refrigerantboys.com\/fr\/acheter\/outils\/bombola-monouso-di-azoto-110-bar-095-lt\/\" \/>\n<meta property=\"og:locale\" content=\"fr_FR\" \/>\n<meta property=\"og:type\" content=\"article\" \/>\n<meta property=\"og:title\" content=\"Bouteille d&#039;Azote Jetable 0,95 Litre - 110 Bar | Ultra-Compacte pour Test CVC | Refrigerant Boys\" \/>\n<meta property=\"og:description\" content=\"Bouteille d&#039;azote jetable de 0,95L \u00e0 110 bar. Portabilit\u00e9 maximale pour les tests d&#039;\u00e9tanch\u00e9it\u00e9 rapides et le rin\u00e7age des petits syst\u00e8mes de climatisation. L\u00e9g\u00e8re, \u00e9conomique et sans consigne.\" \/>\n<meta property=\"og:url\" content=\"https:\/\/www.refrigerantboys.com\/fr\/acheter\/outils\/bombola-monouso-di-azoto-110-bar-095-lt\/\" \/>\n<meta property=\"og:site_name\" content=\"Refrigerant Boys\" \/>\n<meta property=\"article:modified_time\" content=\"2026-03-10T14:39:21+00:00\" \/>\n<meta property=\"og:image\" content=\"https:\/\/www.refrigerantboys.com\/wp-content\/uploads\/2018\/10\/az110-1.png\" \/>\n\t<meta property=\"og:image:width\" content=\"215\" \/>\n\t<meta property=\"og:image:height\" content=\"651\" \/>\n\t<meta property=\"og:image:type\" content=\"image\/png\" \/>\n<meta name=\"twitter:card\" content=\"summary_large_image\" \/>\n<meta name=\"twitter:label1\" content=\"Dur\u00e9e de lecture estim\u00e9e\" \/>\n\t<meta name=\"twitter:data1\" content=\"1 minute\" \/>\n<script type=\"application\/ld+json\" class=\"yoast-schema-graph\">{\"@context\":\"https:\/\/schema.org\",\"@graph\":[{\"@type\":\"WebPage\",\"@id\":\"https:\/\/www.refrigerantboys.com\/fr\/acheter\/outils\/bombola-monouso-di-azoto-110-bar-095-lt\/\",\"url\":\"https:\/\/www.refrigerantboys.com\/fr\/acheter\/outils\/bombola-monouso-di-azoto-110-bar-095-lt\/\",\"name\":\"Bouteille d'Azote Jetable 0,95 Litre - 110 Bar | Ultra-Compacte pour Test CVC | Refrigerant Boys\",\"isPartOf\":{\"@id\":\"https:\/\/www.refrigerantboys.com\/fr\/#website\"},\"datePublished\":\"2018-10-02T08:15:33+00:00\",\"dateModified\":\"2026-03-10T14:39:21+00:00\",\"description\":\"Bouteille d'azote jetable de 0,95L \u00e0 110 bar. Portabilit\u00e9 maximale pour les tests d'\u00e9tanch\u00e9it\u00e9 rapides et le rin\u00e7age des petits syst\u00e8mes de climatisation. L\u00e9g\u00e8re, \u00e9conomique et sans consigne.\",\"breadcrumb\":{\"@id\":\"https:\/\/www.refrigerantboys.com\/fr\/acheter\/outils\/bombola-monouso-di-azoto-110-bar-095-lt\/#breadcrumb\"},\"inLanguage\":\"fr-FR\",\"potentialAction\":[{\"@type\":\"ReadAction\",\"target\":[\"https:\/\/www.refrigerantboys.com\/fr\/acheter\/outils\/bombola-monouso-di-azoto-110-bar-095-lt\/\"]}]},{\"@type\":\"BreadcrumbList\",\"@id\":\"https:\/\/www.refrigerantboys.com\/fr\/acheter\/outils\/bombola-monouso-di-azoto-110-bar-095-lt\/#breadcrumb\",\"itemListElement\":[{\"@type\":\"ListItem\",\"position\":1,\"name\":\"Home\",\"item\":\"https:\/\/www.refrigerantboys.com\/fr\/\"},{\"@type\":\"ListItem\",\"position\":2,\"name\":\"Boutique\",\"item\":\"https:\/\/www.refrigerantboys.com\/fr\/boutique\/\"},{\"@type\":\"ListItem\",\"position\":3,\"name\":\"Bouteille d&#8217;Azote Jetable 0,95 Litre &#8211; 110 Bar | Ultra-Compacte pour Test CVC\"}]},{\"@type\":\"WebSite\",\"@id\":\"https:\/\/www.refrigerantboys.com\/fr\/#website\",\"url\":\"https:\/\/www.refrigerantboys.com\/fr\/\",\"name\":\"Refrigerant Boys\",\"description\":\"Vendita gas refrigeranti\",\"potentialAction\":[{\"@type\":\"SearchAction\",\"target\":{\"@type\":\"EntryPoint\",\"urlTemplate\":\"https:\/\/www.refrigerantboys.com\/fr\/?s={search_term_string}\"},\"query-input\":\"required name=search_term_string\"}],\"inLanguage\":\"fr-FR\"}]}<\/script>\n<!-- \/ Yoast SEO plugin. -->","yoast_head_json":{"title":"Bouteille d'Azote Jetable 0,95 Litre - 110 Bar | Ultra-Compacte pour Test CVC | Refrigerant Boys","description":"Bouteille d'azote jetable de 0,95L \u00e0 110 bar. Portabilit\u00e9 maximale pour les tests d'\u00e9tanch\u00e9it\u00e9 rapides et le rin\u00e7age des petits syst\u00e8mes de climatisation. L\u00e9g\u00e8re, \u00e9conomique et sans consigne.","robots":{"index":"index","follow":"follow","max-snippet":"max-snippet:-1","max-image-preview":"max-image-preview:large","max-video-preview":"max-video-preview:-1"},"canonical":"https:\/\/www.refrigerantboys.com\/fr\/acheter\/outils\/bombola-monouso-di-azoto-110-bar-095-lt\/","og_locale":"fr_FR","og_type":"article","og_title":"Bouteille d'Azote Jetable 0,95 Litre - 110 Bar | Ultra-Compacte pour Test CVC | Refrigerant Boys","og_description":"Bouteille d'azote jetable de 0,95L \u00e0 110 bar. Portabilit\u00e9 maximale pour les tests d'\u00e9tanch\u00e9it\u00e9 rapides et le rin\u00e7age des petits syst\u00e8mes de climatisation. L\u00e9g\u00e8re, \u00e9conomique et sans consigne.","og_url":"https:\/\/www.refrigerantboys.com\/fr\/acheter\/outils\/bombola-monouso-di-azoto-110-bar-095-lt\/","og_site_name":"Refrigerant Boys","article_modified_time":"2026-03-10T14:39:21+00:00","og_image":[{"width":215,"height":651,"url":"https:\/\/www.refrigerantboys.com\/wp-content\/uploads\/2018\/10\/az110-1.png","type":"image\/png"}],"twitter_card":"summary_large_image","twitter_misc":{"Dur\u00e9e de lecture estim\u00e9e":"1 minute"},"schema":{"@context":"https:\/\/schema.org","@graph":[{"@type":"WebPage","@id":"https:\/\/www.refrigerantboys.com\/fr\/acheter\/outils\/bombola-monouso-di-azoto-110-bar-095-lt\/","url":"https:\/\/www.refrigerantboys.com\/fr\/acheter\/outils\/bombola-monouso-di-azoto-110-bar-095-lt\/","name":"Bouteille d'Azote Jetable 0,95 Litre - 110 Bar | Ultra-Compacte pour Test CVC | Refrigerant Boys","isPartOf":{"@id":"https:\/\/www.refrigerantboys.com\/fr\/#website"},"datePublished":"2018-10-02T08:15:33+00:00","dateModified":"2026-03-10T14:39:21+00:00","description":"Bouteille d'azote jetable de 0,95L \u00e0 110 bar. Portabilit\u00e9 maximale pour les tests d'\u00e9tanch\u00e9it\u00e9 rapides et le rin\u00e7age des petits syst\u00e8mes de climatisation. L\u00e9g\u00e8re, \u00e9conomique et sans consigne.","breadcrumb":{"@id":"https:\/\/www.refrigerantboys.com\/fr\/acheter\/outils\/bombola-monouso-di-azoto-110-bar-095-lt\/#breadcrumb"},"inLanguage":"fr-FR","potentialAction":[{"@type":"ReadAction","target":["https:\/\/www.refrigerantboys.com\/fr\/acheter\/outils\/bombola-monouso-di-azoto-110-bar-095-lt\/"]}]},{"@type":"BreadcrumbList","@id":"https:\/\/www.refrigerantboys.com\/fr\/acheter\/outils\/bombola-monouso-di-azoto-110-bar-095-lt\/#breadcrumb","itemListElement":[{"@type":"ListItem","position":1,"name":"Home","item":"https:\/\/www.refrigerantboys.com\/fr\/"},{"@type":"ListItem","position":2,"name":"Boutique","item":"https:\/\/www.refrigerantboys.com\/fr\/boutique\/"},{"@type":"ListItem","position":3,"name":"Bouteille d&#8217;Azote Jetable 0,95 Litre &#8211; 110 Bar | Ultra-Compacte pour Test CVC"}]},{"@type":"WebSite","@id":"https:\/\/www.refrigerantboys.com\/fr\/#website","url":"https:\/\/www.refrigerantboys.com\/fr\/","name":"Refrigerant Boys","description":"Vendita gas refrigeranti","potentialAction":[{"@type":"SearchAction","target":{"@type":"EntryPoint","urlTemplate":"https:\/\/www.refrigerantboys.com\/fr\/?s={search_term_string}"},"query-input":"required name=search_term_string"}],"inLanguage":"fr-FR"}]}},"_links":{"self":[{"href":"https:\/\/www.refrigerantboys.com\/fr\/wp-json\/wp\/v2\/product\/3423"}],"collection":[{"href":"https:\/\/www.refrigerantboys.com\/fr\/wp-json\/wp\/v2\/product"}],"about":[{"href":"https:\/\/www.refrigerantboys.com\/fr\/wp-json\/wp\/v2\/types\/product"}],"wp:featuredmedia":[{"embeddable":true,"href":"https:\/\/www.refrigerantboys.com\/fr\/wp-json\/wp\/v2\/media\/79183"}],"wp:attachment":[{"href":"https:\/\/www.refrigerantboys.com\/fr\/wp-json\/wp\/v2\/media?parent=3423"}],"wp:term":[{"taxonomy":"product_cat","embeddable":true,"href":"https:\/\/www.refrigerantboys.com\/fr\/wp-json\/wp\/v2\/product_cat?post=3423"},{"taxonomy":"product_tag","embeddable":true,"href":"https:\/\/www.refrigerantboys.com\/fr\/wp-json\/wp\/v2\/product_tag?post=3423"}],"curies":[{"name":"wp","href":"https:\/\/api.w.org\/{rel}","templated":true}]}}