{"id":3377,"date":"2018-09-29T16:28:30","date_gmt":"2018-09-29T16:28:30","guid":{"rendered":"https:\/\/www.refrigerantboys.com\/non%20class\u00e9\/traceur-uv-32-doses-specifique-pour-r1234yf\/"},"modified":"2019-05-24T11:22:40","modified_gmt":"2019-05-24T11:22:40","slug":"traceur-uv-32-doses-specifique-pour-r1234yf","status":"publish","type":"product","link":"https:\/\/www.refrigerantboys.com\/fr\/acheter\/chimique\/traceur-uv-32-doses-specifique-pour-r1234yf\/","title":{"rendered":"Traceur UV 32 doses sp\u00e9cifique pour R1234yf"},"content":{"rendered":"<p>Traceur sp\u00e9cifique pour gaz R1234yf pour rechercher des fuites dans les circuits de r\u00e9frig\u00e9ration. Paquet de 237 ml, contient 32 doses, sans solvants, et est \u00e9quip\u00e9 d&#8217;un DOSEUR PRATIQUE.<\/p>\n","protected":false},"excerpt":{"rendered":"<p>&#8212;&#8212;&#8212;&#8212;<\/p>\n","protected":false},"featured_media":3374,"template":"","meta":[],"product_cat":[148],"product_tag":[],"acf":{"ai_note":""},"yoast_head":"<!-- This site is optimized with the Yoast SEO plugin v20.2 - https:\/\/yoast.com\/wordpress\/plugins\/seo\/ -->\n<title>Traceur UV 32 doses sp\u00e9cifique pour R1234yf | Refrigerant Boys<\/title>\n<meta name=\"description\" content=\"------------\" \/>\n<meta name=\"robots\" content=\"index, follow, max-snippet:-1, max-image-preview:large, max-video-preview:-1\" \/>\n<link rel=\"canonical\" href=\"https:\/\/www.refrigerantboys.com\/fr\/acheter\/chimique\/traceur-uv-32-doses-specifique-pour-r1234yf\/\" \/>\n<meta property=\"og:locale\" content=\"fr_FR\" \/>\n<meta property=\"og:type\" content=\"article\" \/>\n<meta property=\"og:title\" content=\"Traceur UV 32 doses sp\u00e9cifique pour R1234yf | Refrigerant Boys\" \/>\n<meta property=\"og:description\" content=\"------------\" \/>\n<meta property=\"og:url\" content=\"https:\/\/www.refrigerantboys.com\/fr\/acheter\/chimique\/traceur-uv-32-doses-specifique-pour-r1234yf\/\" \/>\n<meta property=\"og:site_name\" content=\"Refrigerant Boys\" \/>\n<meta property=\"article:modified_time\" content=\"2019-05-24T11:22:40+00:00\" \/>\n<meta property=\"og:image\" content=\"https:\/\/www.refrigerantboys.com\/wp-content\/uploads\/2018\/09\/0001759_tc237d32yf_400-1-1.jpeg\" \/>\n\t<meta property=\"og:image:width\" content=\"269\" \/>\n\t<meta property=\"og:image:height\" content=\"523\" \/>\n\t<meta property=\"og:image:type\" content=\"image\/jpeg\" \/>\n<meta name=\"twitter:card\" content=\"summary_large_image\" \/>\n<script type=\"application\/ld+json\" class=\"yoast-schema-graph\">{\"@context\":\"https:\/\/schema.org\",\"@graph\":[{\"@type\":\"WebPage\",\"@id\":\"https:\/\/www.refrigerantboys.com\/fr\/acheter\/chimique\/traceur-uv-32-doses-specifique-pour-r1234yf\/\",\"url\":\"https:\/\/www.refrigerantboys.com\/fr\/acheter\/chimique\/traceur-uv-32-doses-specifique-pour-r1234yf\/\",\"name\":\"Traceur UV 32 doses sp\u00e9cifique pour R1234yf | Refrigerant Boys\",\"isPartOf\":{\"@id\":\"https:\/\/www.refrigerantboys.com\/fr\/#website\"},\"datePublished\":\"2018-09-29T16:28:30+00:00\",\"dateModified\":\"2019-05-24T11:22:40+00:00\",\"description\":\"------------\",\"breadcrumb\":{\"@id\":\"https:\/\/www.refrigerantboys.com\/fr\/acheter\/chimique\/traceur-uv-32-doses-specifique-pour-r1234yf\/#breadcrumb\"},\"inLanguage\":\"fr-FR\",\"potentialAction\":[{\"@type\":\"ReadAction\",\"target\":[\"https:\/\/www.refrigerantboys.com\/fr\/acheter\/chimique\/traceur-uv-32-doses-specifique-pour-r1234yf\/\"]}]},{\"@type\":\"BreadcrumbList\",\"@id\":\"https:\/\/www.refrigerantboys.com\/fr\/acheter\/chimique\/traceur-uv-32-doses-specifique-pour-r1234yf\/#breadcrumb\",\"itemListElement\":[{\"@type\":\"ListItem\",\"position\":1,\"name\":\"Home\",\"item\":\"https:\/\/www.refrigerantboys.com\/fr\/\"},{\"@type\":\"ListItem\",\"position\":2,\"name\":\"Boutique\",\"item\":\"https:\/\/www.refrigerantboys.com\/fr\/boutique\/\"},{\"@type\":\"ListItem\",\"position\":3,\"name\":\"Traceur UV 32 doses sp\u00e9cifique pour R1234yf\"}]},{\"@type\":\"WebSite\",\"@id\":\"https:\/\/www.refrigerantboys.com\/fr\/#website\",\"url\":\"https:\/\/www.refrigerantboys.com\/fr\/\",\"name\":\"Refrigerant Boys\",\"description\":\"Vendita gas refrigeranti\",\"potentialAction\":[{\"@type\":\"SearchAction\",\"target\":{\"@type\":\"EntryPoint\",\"urlTemplate\":\"https:\/\/www.refrigerantboys.com\/fr\/?s={search_term_string}\"},\"query-input\":\"required name=search_term_string\"}],\"inLanguage\":\"fr-FR\"}]}<\/script>\n<!-- \/ Yoast SEO plugin. -->","yoast_head_json":{"title":"Traceur UV 32 doses sp\u00e9cifique pour R1234yf | Refrigerant Boys","description":"------------","robots":{"index":"index","follow":"follow","max-snippet":"max-snippet:-1","max-image-preview":"max-image-preview:large","max-video-preview":"max-video-preview:-1"},"canonical":"https:\/\/www.refrigerantboys.com\/fr\/acheter\/chimique\/traceur-uv-32-doses-specifique-pour-r1234yf\/","og_locale":"fr_FR","og_type":"article","og_title":"Traceur UV 32 doses sp\u00e9cifique pour R1234yf | Refrigerant Boys","og_description":"------------","og_url":"https:\/\/www.refrigerantboys.com\/fr\/acheter\/chimique\/traceur-uv-32-doses-specifique-pour-r1234yf\/","og_site_name":"Refrigerant Boys","article_modified_time":"2019-05-24T11:22:40+00:00","og_image":[{"width":269,"height":523,"url":"https:\/\/www.refrigerantboys.com\/wp-content\/uploads\/2018\/09\/0001759_tc237d32yf_400-1-1.jpeg","type":"image\/jpeg"}],"twitter_card":"summary_large_image","schema":{"@context":"https:\/\/schema.org","@graph":[{"@type":"WebPage","@id":"https:\/\/www.refrigerantboys.com\/fr\/acheter\/chimique\/traceur-uv-32-doses-specifique-pour-r1234yf\/","url":"https:\/\/www.refrigerantboys.com\/fr\/acheter\/chimique\/traceur-uv-32-doses-specifique-pour-r1234yf\/","name":"Traceur UV 32 doses sp\u00e9cifique pour R1234yf | Refrigerant Boys","isPartOf":{"@id":"https:\/\/www.refrigerantboys.com\/fr\/#website"},"datePublished":"2018-09-29T16:28:30+00:00","dateModified":"2019-05-24T11:22:40+00:00","description":"------------","breadcrumb":{"@id":"https:\/\/www.refrigerantboys.com\/fr\/acheter\/chimique\/traceur-uv-32-doses-specifique-pour-r1234yf\/#breadcrumb"},"inLanguage":"fr-FR","potentialAction":[{"@type":"ReadAction","target":["https:\/\/www.refrigerantboys.com\/fr\/acheter\/chimique\/traceur-uv-32-doses-specifique-pour-r1234yf\/"]}]},{"@type":"BreadcrumbList","@id":"https:\/\/www.refrigerantboys.com\/fr\/acheter\/chimique\/traceur-uv-32-doses-specifique-pour-r1234yf\/#breadcrumb","itemListElement":[{"@type":"ListItem","position":1,"name":"Home","item":"https:\/\/www.refrigerantboys.com\/fr\/"},{"@type":"ListItem","position":2,"name":"Boutique","item":"https:\/\/www.refrigerantboys.com\/fr\/boutique\/"},{"@type":"ListItem","position":3,"name":"Traceur UV 32 doses sp\u00e9cifique pour R1234yf"}]},{"@type":"WebSite","@id":"https:\/\/www.refrigerantboys.com\/fr\/#website","url":"https:\/\/www.refrigerantboys.com\/fr\/","name":"Refrigerant Boys","description":"Vendita gas refrigeranti","potentialAction":[{"@type":"SearchAction","target":{"@type":"EntryPoint","urlTemplate":"https:\/\/www.refrigerantboys.com\/fr\/?s={search_term_string}"},"query-input":"required name=search_term_string"}],"inLanguage":"fr-FR"}]}},"_links":{"self":[{"href":"https:\/\/www.refrigerantboys.com\/fr\/wp-json\/wp\/v2\/product\/3377"}],"collection":[{"href":"https:\/\/www.refrigerantboys.com\/fr\/wp-json\/wp\/v2\/product"}],"about":[{"href":"https:\/\/www.refrigerantboys.com\/fr\/wp-json\/wp\/v2\/types\/product"}],"wp:featuredmedia":[{"embeddable":true,"href":"https:\/\/www.refrigerantboys.com\/fr\/wp-json\/wp\/v2\/media\/3374"}],"wp:attachment":[{"href":"https:\/\/www.refrigerantboys.com\/fr\/wp-json\/wp\/v2\/media?parent=3377"}],"wp:term":[{"taxonomy":"product_cat","embeddable":true,"href":"https:\/\/www.refrigerantboys.com\/fr\/wp-json\/wp\/v2\/product_cat?post=3377"},{"taxonomy":"product_tag","embeddable":true,"href":"https:\/\/www.refrigerantboys.com\/fr\/wp-json\/wp\/v2\/product_tag?post=3377"}],"curies":[{"name":"wp","href":"https:\/\/api.w.org\/{rel}","templated":true}]}}