{"id":3095,"date":"2017-10-28T22:42:44","date_gmt":"2017-10-28T22:42:44","guid":{"rendered":"https:\/\/www.refrigerantboys.com\/non%20class\u00e9\/ru516\/"},"modified":"2021-04-08T14:28:37","modified_gmt":"2021-04-08T13:28:37","slug":"vanne-a-bille-1-4-x-5-16-pour-bouteilles-de-1-2-kg","status":"publish","type":"product","link":"https:\/\/www.refrigerantboys.com\/fr\/acheter\/outils\/vanne-a-bille-1-4-x-5-16-pour-bouteilles-de-1-2-kg\/","title":{"rendered":"Vanne \u00e0 bille 1\/4 &#8220;x 5\/16&#8221; pour bouteilles de 1 &#8211; 2 kg"},"content":{"rendered":"<p><span style=\"color: #000000;\">Vanne \u00e0 bille en ligne de 5\/16 &#8220;femelle \u00e0 \u00bc&#8221; m\u00e2le. Convient pour les bouteilles de gaz r\u00e9frig\u00e9rant R410A de 1 \u00e0 2 kg<\/span><\/p>\n<p>&nbsp;<\/p>\n","protected":false},"excerpt":{"rendered":"<p><!--more--><\/p>\n","protected":false},"featured_media":49915,"template":"","meta":[],"product_cat":[146],"product_tag":[],"acf":{"ai_note":""},"yoast_head":"<!-- This site is optimized with the Yoast SEO plugin v20.2 - https:\/\/yoast.com\/wordpress\/plugins\/seo\/ -->\n<title>Vanne \u00e0 bille 1\/4 &quot;x 5\/16&quot; pour bouteilles de 1 - 2 kg | Refrigerant Boys<\/title>\n<meta name=\"robots\" content=\"index, follow, max-snippet:-1, max-image-preview:large, max-video-preview:-1\" \/>\n<link rel=\"canonical\" href=\"https:\/\/www.refrigerantboys.com\/fr\/acheter\/outils\/vanne-a-bille-1-4-x-5-16-pour-bouteilles-de-1-2-kg\/\" \/>\n<meta property=\"og:locale\" content=\"fr_FR\" \/>\n<meta property=\"og:type\" content=\"article\" \/>\n<meta property=\"og:title\" content=\"Vanne \u00e0 bille 1\/4 &quot;x 5\/16&quot; pour bouteilles de 1 - 2 kg | Refrigerant Boys\" \/>\n<meta property=\"og:url\" content=\"https:\/\/www.refrigerantboys.com\/fr\/acheter\/outils\/vanne-a-bille-1-4-x-5-16-pour-bouteilles-de-1-2-kg\/\" \/>\n<meta property=\"og:site_name\" content=\"Refrigerant Boys\" \/>\n<meta property=\"article:modified_time\" content=\"2021-04-08T13:28:37+00:00\" \/>\n<meta property=\"og:image\" content=\"https:\/\/www.refrigerantboys.com\/wp-content\/uploads\/2017\/10\/ru14-2.png\" \/>\n\t<meta property=\"og:image:width\" content=\"186\" \/>\n\t<meta property=\"og:image:height\" content=\"348\" \/>\n\t<meta property=\"og:image:type\" content=\"image\/png\" \/>\n<meta name=\"twitter:card\" content=\"summary_large_image\" \/>\n<meta name=\"twitter:label1\" content=\"Dur\u00e9e de lecture estim\u00e9e\" \/>\n\t<meta name=\"twitter:data1\" content=\"1 minute\" \/>\n<script type=\"application\/ld+json\" class=\"yoast-schema-graph\">{\"@context\":\"https:\/\/schema.org\",\"@graph\":[{\"@type\":\"WebPage\",\"@id\":\"https:\/\/www.refrigerantboys.com\/fr\/acheter\/outils\/vanne-a-bille-1-4-x-5-16-pour-bouteilles-de-1-2-kg\/\",\"url\":\"https:\/\/www.refrigerantboys.com\/fr\/acheter\/outils\/vanne-a-bille-1-4-x-5-16-pour-bouteilles-de-1-2-kg\/\",\"name\":\"Vanne \u00e0 bille 1\/4 \\\"x 5\/16\\\" pour bouteilles de 1 - 2 kg | Refrigerant Boys\",\"isPartOf\":{\"@id\":\"https:\/\/www.refrigerantboys.com\/fr\/#website\"},\"datePublished\":\"2017-10-28T22:42:44+00:00\",\"dateModified\":\"2021-04-08T13:28:37+00:00\",\"breadcrumb\":{\"@id\":\"https:\/\/www.refrigerantboys.com\/fr\/acheter\/outils\/vanne-a-bille-1-4-x-5-16-pour-bouteilles-de-1-2-kg\/#breadcrumb\"},\"inLanguage\":\"fr-FR\",\"potentialAction\":[{\"@type\":\"ReadAction\",\"target\":[\"https:\/\/www.refrigerantboys.com\/fr\/acheter\/outils\/vanne-a-bille-1-4-x-5-16-pour-bouteilles-de-1-2-kg\/\"]}]},{\"@type\":\"BreadcrumbList\",\"@id\":\"https:\/\/www.refrigerantboys.com\/fr\/acheter\/outils\/vanne-a-bille-1-4-x-5-16-pour-bouteilles-de-1-2-kg\/#breadcrumb\",\"itemListElement\":[{\"@type\":\"ListItem\",\"position\":1,\"name\":\"Home\",\"item\":\"https:\/\/www.refrigerantboys.com\/fr\/\"},{\"@type\":\"ListItem\",\"position\":2,\"name\":\"Boutique\",\"item\":\"https:\/\/www.refrigerantboys.com\/fr\/boutique\/\"},{\"@type\":\"ListItem\",\"position\":3,\"name\":\"Vanne \u00e0 bille 1\/4 &#8220;x 5\/16&#8221; pour bouteilles de 1 &#8211; 2 kg\"}]},{\"@type\":\"WebSite\",\"@id\":\"https:\/\/www.refrigerantboys.com\/fr\/#website\",\"url\":\"https:\/\/www.refrigerantboys.com\/fr\/\",\"name\":\"Refrigerant Boys\",\"description\":\"Vendita gas refrigeranti\",\"potentialAction\":[{\"@type\":\"SearchAction\",\"target\":{\"@type\":\"EntryPoint\",\"urlTemplate\":\"https:\/\/www.refrigerantboys.com\/fr\/?s={search_term_string}\"},\"query-input\":\"required name=search_term_string\"}],\"inLanguage\":\"fr-FR\"}]}<\/script>\n<!-- \/ Yoast SEO plugin. -->","yoast_head_json":{"title":"Vanne \u00e0 bille 1\/4 \"x 5\/16\" pour bouteilles de 1 - 2 kg | Refrigerant Boys","robots":{"index":"index","follow":"follow","max-snippet":"max-snippet:-1","max-image-preview":"max-image-preview:large","max-video-preview":"max-video-preview:-1"},"canonical":"https:\/\/www.refrigerantboys.com\/fr\/acheter\/outils\/vanne-a-bille-1-4-x-5-16-pour-bouteilles-de-1-2-kg\/","og_locale":"fr_FR","og_type":"article","og_title":"Vanne \u00e0 bille 1\/4 \"x 5\/16\" pour bouteilles de 1 - 2 kg | Refrigerant Boys","og_url":"https:\/\/www.refrigerantboys.com\/fr\/acheter\/outils\/vanne-a-bille-1-4-x-5-16-pour-bouteilles-de-1-2-kg\/","og_site_name":"Refrigerant Boys","article_modified_time":"2021-04-08T13:28:37+00:00","og_image":[{"width":186,"height":348,"url":"https:\/\/www.refrigerantboys.com\/wp-content\/uploads\/2017\/10\/ru14-2.png","type":"image\/png"}],"twitter_card":"summary_large_image","twitter_misc":{"Dur\u00e9e de lecture estim\u00e9e":"1 minute"},"schema":{"@context":"https:\/\/schema.org","@graph":[{"@type":"WebPage","@id":"https:\/\/www.refrigerantboys.com\/fr\/acheter\/outils\/vanne-a-bille-1-4-x-5-16-pour-bouteilles-de-1-2-kg\/","url":"https:\/\/www.refrigerantboys.com\/fr\/acheter\/outils\/vanne-a-bille-1-4-x-5-16-pour-bouteilles-de-1-2-kg\/","name":"Vanne \u00e0 bille 1\/4 \"x 5\/16\" pour bouteilles de 1 - 2 kg | Refrigerant Boys","isPartOf":{"@id":"https:\/\/www.refrigerantboys.com\/fr\/#website"},"datePublished":"2017-10-28T22:42:44+00:00","dateModified":"2021-04-08T13:28:37+00:00","breadcrumb":{"@id":"https:\/\/www.refrigerantboys.com\/fr\/acheter\/outils\/vanne-a-bille-1-4-x-5-16-pour-bouteilles-de-1-2-kg\/#breadcrumb"},"inLanguage":"fr-FR","potentialAction":[{"@type":"ReadAction","target":["https:\/\/www.refrigerantboys.com\/fr\/acheter\/outils\/vanne-a-bille-1-4-x-5-16-pour-bouteilles-de-1-2-kg\/"]}]},{"@type":"BreadcrumbList","@id":"https:\/\/www.refrigerantboys.com\/fr\/acheter\/outils\/vanne-a-bille-1-4-x-5-16-pour-bouteilles-de-1-2-kg\/#breadcrumb","itemListElement":[{"@type":"ListItem","position":1,"name":"Home","item":"https:\/\/www.refrigerantboys.com\/fr\/"},{"@type":"ListItem","position":2,"name":"Boutique","item":"https:\/\/www.refrigerantboys.com\/fr\/boutique\/"},{"@type":"ListItem","position":3,"name":"Vanne \u00e0 bille 1\/4 &#8220;x 5\/16&#8221; pour bouteilles de 1 &#8211; 2 kg"}]},{"@type":"WebSite","@id":"https:\/\/www.refrigerantboys.com\/fr\/#website","url":"https:\/\/www.refrigerantboys.com\/fr\/","name":"Refrigerant Boys","description":"Vendita gas refrigeranti","potentialAction":[{"@type":"SearchAction","target":{"@type":"EntryPoint","urlTemplate":"https:\/\/www.refrigerantboys.com\/fr\/?s={search_term_string}"},"query-input":"required name=search_term_string"}],"inLanguage":"fr-FR"}]}},"_links":{"self":[{"href":"https:\/\/www.refrigerantboys.com\/fr\/wp-json\/wp\/v2\/product\/3095"}],"collection":[{"href":"https:\/\/www.refrigerantboys.com\/fr\/wp-json\/wp\/v2\/product"}],"about":[{"href":"https:\/\/www.refrigerantboys.com\/fr\/wp-json\/wp\/v2\/types\/product"}],"wp:featuredmedia":[{"embeddable":true,"href":"https:\/\/www.refrigerantboys.com\/fr\/wp-json\/wp\/v2\/media\/49915"}],"wp:attachment":[{"href":"https:\/\/www.refrigerantboys.com\/fr\/wp-json\/wp\/v2\/media?parent=3095"}],"wp:term":[{"taxonomy":"product_cat","embeddable":true,"href":"https:\/\/www.refrigerantboys.com\/fr\/wp-json\/wp\/v2\/product_cat?post=3095"},{"taxonomy":"product_tag","embeddable":true,"href":"https:\/\/www.refrigerantboys.com\/fr\/wp-json\/wp\/v2\/product_tag?post=3095"}],"curies":[{"name":"wp","href":"https:\/\/api.w.org\/{rel}","templated":true}]}}