{"id":3062,"date":"2017-10-28T22:44:33","date_gmt":"2017-10-28T22:44:33","guid":{"rendered":"https:\/\/www.refrigerantboys.com\/non%20class\u00e9\/bb407k10\/"},"modified":"2026-04-27T21:09:01","modified_gmt":"2026-04-27T19:09:01","slug":"bombola-di-gas-r407c-con-10-kg-valvola-1-4","status":"publish","type":"product","link":"https:\/\/www.refrigerantboys.com\/fr\/acheter\/fluides-frigorigenes\/r407c\/bombola-di-gas-r407c-con-10-kg-valvola-1-4\/","title":{"rendered":"Bouteille de Gaz R\u00e9frig\u00e9rant R407C 10 kg vanne 1\/4"},"content":{"rendered":"<p data-path-to-node=\"11\"><b data-path-to-node=\"11\" data-index-in-node=\"25\">Efficacit\u00e9 et Autonomie : Bouteille de Gaz R407C 10 kg.<\/b> La <b data-path-to-node=\"11\" data-index-in-node=\"84\">bouteille de 10 kg d&#8217;HFC R407C<\/b> est con\u00e7ue pour les professionnels du froid intervenant sur des installations de moyenne et grande taille. Ce m\u00e9lange z\u00e9otropique \u00e9quilibr\u00e9 offre des performances \u00e9nerg\u00e9tiques excellentes et une stabilit\u00e9 thermique optimale pour maximiser la productivit\u00e9 sur les chantiers.<\/p>\n<ul data-path-to-node=\"12\">\n<li>\n<p data-path-to-node=\"12,0,0\"><b data-path-to-node=\"12,0,0\" data-index-in-node=\"0\">Avantages du format :<\/b> Ce conditionnement est privil\u00e9gi\u00e9 pour la recharge de groupes d&#8217;eau glac\u00e9e (chillers) o\u00f9 une petite bouteille ne suffirait pas.<\/p>\n<\/li>\n<li>\n<p data-path-to-node=\"12,1,0\"><b data-path-to-node=\"12,1,0\" data-index-in-node=\"0\">Sp\u00e9cifications :<\/b> Raccord 1\/4&#8243; SAE M\u00e2le ; GWP 1774 ; Classification A1 (non inflammable).<\/p>\n<\/li>\n<li>\n<p data-path-to-node=\"12,2,0\"><b data-path-to-node=\"12,2,0\" data-index-in-node=\"0\">Note L\u00e9gale :<\/b> Conform\u00e9ment au R\u00e8glement (UE) n\u00b0 517\/2014, l&#8217;achat est r\u00e9serv\u00e9 aux d\u00e9tenteurs d&#8217;une <b data-path-to-node=\"12,2,0\" data-index-in-node=\"99\">attestation de capacit\u00e9 F-GAS<\/b>.<\/p>\n<\/li>\n<\/ul>\n","protected":false},"excerpt":{"rendered":"<p data-path-to-node=\"9\"><b data-path-to-node=\"9\" data-index-in-node=\"21\">Bouteille de Gaz R\u00e9frig\u00e9rant R407C 10 kg \u2013 Haute Capacit\u00e9 Professionnelle.<\/b> Solution haute capacit\u00e9 pour l&#8217;entretien et la recharge de grands syst\u00e8mes r\u00e9sidentiels, chillers et pompes \u00e0 chaleur. M\u00e9lange HFC de qualit\u00e9 sup\u00e9rieure (ODP=0). Le format 10 kg garantit une excellente autonomie op\u00e9rationnelle pour des interventions multiples.<\/p>\n<ul data-path-to-node=\"10\">\n<li>\n<p data-path-to-node=\"10,0,0\"><b data-path-to-node=\"10,0,0\" data-index-in-node=\"0\">Id\u00e9al pour les grandes installations et maintenances intensives.<\/b><\/p>\n<\/li>\n<li>\n<p data-path-to-node=\"10,1,0\"><b data-path-to-node=\"10,1,0\" data-index-in-node=\"0\">Compatible avec les huiles POE.<\/b><\/p>\n<\/li>\n<li>\n<p data-path-to-node=\"10,2,0\"><b data-path-to-node=\"10,2,0\" data-index-in-node=\"0\">Vanne de s\u00e9curit\u00e9 standard incluse.<\/b><\/p>\n<\/li>\n<\/ul>\n<pre><span style=\"color: #ff0000; font-size: 20px;\"><strong>GWP[1774]<\/strong><\/span><\/pre>\n<div><span style=\"color: #166534; font-weight: bold;\">\u2713 Eco-Tax (Reg. UE 2024\/573)<\/span> <span style=\"color: #dc2626; font-weight: bold; margin-left: 5px;\">5,32 \u20ac\/kg<\/span><\/div>\n","protected":false},"featured_media":68797,"template":"","meta":[],"product_cat":[150,158],"product_tag":[817,851],"acf":{"ai_note":""},"yoast_head":"<!-- This site is optimized with the Yoast SEO plugin v20.2 - https:\/\/yoast.com\/wordpress\/plugins\/seo\/ -->\n<title>Bouteille Gaz R\u00e9frig\u00e9rant R407C 10 kg - Valve 1\/4\u2033 SAE<\/title>\n<meta name=\"description\" content=\"Achetez la bouteille R407C 10 kg avec valve 1\/4\u2033 SAE. Gaz haute puret\u00e9 pour la maintenance professionnelle de grands syst\u00e8mes de climatisation.\" \/>\n<meta name=\"robots\" content=\"index, follow, max-snippet:-1, max-image-preview:large, max-video-preview:-1\" \/>\n<link rel=\"canonical\" href=\"https:\/\/www.refrigerantboys.com\/fr\/acheter\/fluides-frigorigenes\/r407c\/bombola-di-gas-r407c-con-10-kg-valvola-1-4\/\" \/>\n<meta property=\"og:locale\" content=\"fr_FR\" \/>\n<meta property=\"og:type\" content=\"article\" \/>\n<meta property=\"og:title\" content=\"Bouteille Gaz R\u00e9frig\u00e9rant R407C 10 kg - Valve 1\/4\u2033 SAE\" \/>\n<meta property=\"og:description\" content=\"Achetez la bouteille R407C 10 kg avec valve 1\/4\u2033 SAE. Gaz haute puret\u00e9 pour la maintenance professionnelle de grands syst\u00e8mes de climatisation.\" \/>\n<meta property=\"og:url\" content=\"https:\/\/www.refrigerantboys.com\/fr\/acheter\/fluides-frigorigenes\/r407c\/bombola-di-gas-r407c-con-10-kg-valvola-1-4\/\" \/>\n<meta property=\"og:site_name\" content=\"Refrigerant Boys\" \/>\n<meta property=\"article:modified_time\" content=\"2026-04-27T19:09:01+00:00\" \/>\n<meta property=\"og:image\" content=\"https:\/\/www.refrigerantboys.com\/wp-content\/uploads\/2017\/10\/r407-10kg-1.png\" \/>\n\t<meta property=\"og:image:width\" content=\"396\" \/>\n\t<meta property=\"og:image:height\" content=\"686\" \/>\n\t<meta property=\"og:image:type\" content=\"image\/png\" \/>\n<meta name=\"twitter:card\" content=\"summary_large_image\" \/>\n<meta name=\"twitter:label1\" content=\"Dur\u00e9e de lecture estim\u00e9e\" \/>\n\t<meta name=\"twitter:data1\" content=\"1 minute\" \/>\n<script type=\"application\/ld+json\" class=\"yoast-schema-graph\">{\"@context\":\"https:\/\/schema.org\",\"@graph\":[{\"@type\":\"WebPage\",\"@id\":\"https:\/\/www.refrigerantboys.com\/fr\/acheter\/fluides-frigorigenes\/r407c\/bombola-di-gas-r407c-con-10-kg-valvola-1-4\/\",\"url\":\"https:\/\/www.refrigerantboys.com\/fr\/acheter\/fluides-frigorigenes\/r407c\/bombola-di-gas-r407c-con-10-kg-valvola-1-4\/\",\"name\":\"Bouteille Gaz R\u00e9frig\u00e9rant R407C 10 kg - Valve 1\/4\u2033 SAE\",\"isPartOf\":{\"@id\":\"https:\/\/www.refrigerantboys.com\/fr\/#website\"},\"datePublished\":\"2017-10-28T22:44:33+00:00\",\"dateModified\":\"2026-04-27T19:09:01+00:00\",\"description\":\"Achetez la bouteille R407C 10 kg avec valve 1\/4\u2033 SAE. Gaz haute puret\u00e9 pour la maintenance professionnelle de grands syst\u00e8mes de climatisation.\",\"breadcrumb\":{\"@id\":\"https:\/\/www.refrigerantboys.com\/fr\/acheter\/fluides-frigorigenes\/r407c\/bombola-di-gas-r407c-con-10-kg-valvola-1-4\/#breadcrumb\"},\"inLanguage\":\"fr-FR\",\"potentialAction\":[{\"@type\":\"ReadAction\",\"target\":[\"https:\/\/www.refrigerantboys.com\/fr\/acheter\/fluides-frigorigenes\/r407c\/bombola-di-gas-r407c-con-10-kg-valvola-1-4\/\"]}]},{\"@type\":\"BreadcrumbList\",\"@id\":\"https:\/\/www.refrigerantboys.com\/fr\/acheter\/fluides-frigorigenes\/r407c\/bombola-di-gas-r407c-con-10-kg-valvola-1-4\/#breadcrumb\",\"itemListElement\":[{\"@type\":\"ListItem\",\"position\":1,\"name\":\"Home\",\"item\":\"https:\/\/www.refrigerantboys.com\/fr\/\"},{\"@type\":\"ListItem\",\"position\":2,\"name\":\"Boutique\",\"item\":\"https:\/\/www.refrigerantboys.com\/fr\/boutique\/\"},{\"@type\":\"ListItem\",\"position\":3,\"name\":\"Bouteille de Gaz R\u00e9frig\u00e9rant R407C 10 kg vanne 1\/4\"}]},{\"@type\":\"WebSite\",\"@id\":\"https:\/\/www.refrigerantboys.com\/fr\/#website\",\"url\":\"https:\/\/www.refrigerantboys.com\/fr\/\",\"name\":\"Refrigerant Boys\",\"description\":\"Vendita gas refrigeranti\",\"potentialAction\":[{\"@type\":\"SearchAction\",\"target\":{\"@type\":\"EntryPoint\",\"urlTemplate\":\"https:\/\/www.refrigerantboys.com\/fr\/?s={search_term_string}\"},\"query-input\":\"required name=search_term_string\"}],\"inLanguage\":\"fr-FR\"}]}<\/script>\n<!-- \/ Yoast SEO plugin. -->","yoast_head_json":{"title":"Bouteille Gaz R\u00e9frig\u00e9rant R407C 10 kg - Valve 1\/4\u2033 SAE","description":"Achetez la bouteille R407C 10 kg avec valve 1\/4\u2033 SAE. Gaz haute puret\u00e9 pour la maintenance professionnelle de grands syst\u00e8mes de climatisation.","robots":{"index":"index","follow":"follow","max-snippet":"max-snippet:-1","max-image-preview":"max-image-preview:large","max-video-preview":"max-video-preview:-1"},"canonical":"https:\/\/www.refrigerantboys.com\/fr\/acheter\/fluides-frigorigenes\/r407c\/bombola-di-gas-r407c-con-10-kg-valvola-1-4\/","og_locale":"fr_FR","og_type":"article","og_title":"Bouteille Gaz R\u00e9frig\u00e9rant R407C 10 kg - Valve 1\/4\u2033 SAE","og_description":"Achetez la bouteille R407C 10 kg avec valve 1\/4\u2033 SAE. Gaz haute puret\u00e9 pour la maintenance professionnelle de grands syst\u00e8mes de climatisation.","og_url":"https:\/\/www.refrigerantboys.com\/fr\/acheter\/fluides-frigorigenes\/r407c\/bombola-di-gas-r407c-con-10-kg-valvola-1-4\/","og_site_name":"Refrigerant Boys","article_modified_time":"2026-04-27T19:09:01+00:00","og_image":[{"width":396,"height":686,"url":"https:\/\/www.refrigerantboys.com\/wp-content\/uploads\/2017\/10\/r407-10kg-1.png","type":"image\/png"}],"twitter_card":"summary_large_image","twitter_misc":{"Dur\u00e9e de lecture estim\u00e9e":"1 minute"},"schema":{"@context":"https:\/\/schema.org","@graph":[{"@type":"WebPage","@id":"https:\/\/www.refrigerantboys.com\/fr\/acheter\/fluides-frigorigenes\/r407c\/bombola-di-gas-r407c-con-10-kg-valvola-1-4\/","url":"https:\/\/www.refrigerantboys.com\/fr\/acheter\/fluides-frigorigenes\/r407c\/bombola-di-gas-r407c-con-10-kg-valvola-1-4\/","name":"Bouteille Gaz R\u00e9frig\u00e9rant R407C 10 kg - Valve 1\/4\u2033 SAE","isPartOf":{"@id":"https:\/\/www.refrigerantboys.com\/fr\/#website"},"datePublished":"2017-10-28T22:44:33+00:00","dateModified":"2026-04-27T19:09:01+00:00","description":"Achetez la bouteille R407C 10 kg avec valve 1\/4\u2033 SAE. Gaz haute puret\u00e9 pour la maintenance professionnelle de grands syst\u00e8mes de climatisation.","breadcrumb":{"@id":"https:\/\/www.refrigerantboys.com\/fr\/acheter\/fluides-frigorigenes\/r407c\/bombola-di-gas-r407c-con-10-kg-valvola-1-4\/#breadcrumb"},"inLanguage":"fr-FR","potentialAction":[{"@type":"ReadAction","target":["https:\/\/www.refrigerantboys.com\/fr\/acheter\/fluides-frigorigenes\/r407c\/bombola-di-gas-r407c-con-10-kg-valvola-1-4\/"]}]},{"@type":"BreadcrumbList","@id":"https:\/\/www.refrigerantboys.com\/fr\/acheter\/fluides-frigorigenes\/r407c\/bombola-di-gas-r407c-con-10-kg-valvola-1-4\/#breadcrumb","itemListElement":[{"@type":"ListItem","position":1,"name":"Home","item":"https:\/\/www.refrigerantboys.com\/fr\/"},{"@type":"ListItem","position":2,"name":"Boutique","item":"https:\/\/www.refrigerantboys.com\/fr\/boutique\/"},{"@type":"ListItem","position":3,"name":"Bouteille de Gaz R\u00e9frig\u00e9rant R407C 10 kg vanne 1\/4"}]},{"@type":"WebSite","@id":"https:\/\/www.refrigerantboys.com\/fr\/#website","url":"https:\/\/www.refrigerantboys.com\/fr\/","name":"Refrigerant Boys","description":"Vendita gas refrigeranti","potentialAction":[{"@type":"SearchAction","target":{"@type":"EntryPoint","urlTemplate":"https:\/\/www.refrigerantboys.com\/fr\/?s={search_term_string}"},"query-input":"required name=search_term_string"}],"inLanguage":"fr-FR"}]}},"_links":{"self":[{"href":"https:\/\/www.refrigerantboys.com\/fr\/wp-json\/wp\/v2\/product\/3062"}],"collection":[{"href":"https:\/\/www.refrigerantboys.com\/fr\/wp-json\/wp\/v2\/product"}],"about":[{"href":"https:\/\/www.refrigerantboys.com\/fr\/wp-json\/wp\/v2\/types\/product"}],"wp:featuredmedia":[{"embeddable":true,"href":"https:\/\/www.refrigerantboys.com\/fr\/wp-json\/wp\/v2\/media\/68797"}],"wp:attachment":[{"href":"https:\/\/www.refrigerantboys.com\/fr\/wp-json\/wp\/v2\/media?parent=3062"}],"wp:term":[{"taxonomy":"product_cat","embeddable":true,"href":"https:\/\/www.refrigerantboys.com\/fr\/wp-json\/wp\/v2\/product_cat?post=3062"},{"taxonomy":"product_tag","embeddable":true,"href":"https:\/\/www.refrigerantboys.com\/fr\/wp-json\/wp\/v2\/product_tag?post=3062"}],"curies":[{"name":"wp","href":"https:\/\/api.w.org\/{rel}","templated":true}]}}