{"id":3057,"date":"2017-10-28T22:43:41","date_gmt":"2017-10-28T22:43:41","guid":{"rendered":"https:\/\/www.refrigerantboys.com\/non%20class\u00e9\/ra516\/"},"modified":"2018-10-11T16:02:06","modified_gmt":"2018-10-11T16:02:06","slug":"raccord-de-connexion-1-4-5-16","status":"publish","type":"product","link":"https:\/\/www.refrigerantboys.com\/fr\/acheter\/outils\/raccord-de-connexion-1-4-5-16\/","title":{"rendered":"Raccord de connexion 1\/4&#8243;-5\/16&#8243;"},"content":{"rendered":"<div class=\"page product-details-page panel panel-default form-panel\">\n<div class=\"panel-body\">\n<form id=\"product-details-form\" action=\"https:\/\/www.refrigerantboys.it\/FR\/adaptateur-14-f-x-516-m\" method=\"post\" novalidate=\"novalidate\">\n<div data-productid=\"180\">\n<div class=\" product-essential\">\n<div class=\"tab-content\">\n<div id=\"description\" class=\"full-description tab-pane active\">\n<p>Connexion utilisable pour transformer les robinets de bouteilles de gaz r\u00e9frig\u00e9rant de \u00e0 1\/4&#8243;SAE \u00e0 \u00a05\/16&#8243;SAE<\/p>\n<\/div>\n<\/div>\n<\/div>\n<\/div>\n<\/form>\n<\/div>\n<\/div>\n<div class=\"product-collateral\">\n<div class=\"product-grid home-page-product-grid\"><\/div>\n<\/div>\n","protected":false},"excerpt":{"rendered":"<p>Connexion utilisable pour transformer les robinets de bouteilles de gaz r\u00e9frig\u00e9rant de \u00e0 1\/4&#8243;SAE \u00e0 \u00a05\/16&#8243;SAE<\/p>\n","protected":false},"featured_media":50195,"template":"","meta":[],"product_cat":[146],"product_tag":[],"acf":{"ai_note":""},"yoast_head":"<!-- This site is optimized with the Yoast SEO plugin v20.2 - https:\/\/yoast.com\/wordpress\/plugins\/seo\/ -->\n<title>Raccord de connexion 1\/4&quot;-5\/16&quot; | Refrigerant Boys<\/title>\n<meta name=\"description\" content=\"Connexion utilisable pour transformer les robinets de bouteilles de gaz r\u00e9frig\u00e9rant de \u00e0 1\/4&quot;SAE \u00e0 \u00a05\/16&quot;SAE\" \/>\n<meta name=\"robots\" content=\"index, follow, max-snippet:-1, max-image-preview:large, max-video-preview:-1\" \/>\n<link rel=\"canonical\" href=\"https:\/\/www.refrigerantboys.com\/fr\/acheter\/outils\/raccord-de-connexion-1-4-5-16\/\" \/>\n<meta property=\"og:locale\" content=\"fr_FR\" \/>\n<meta property=\"og:type\" content=\"article\" \/>\n<meta property=\"og:title\" content=\"Raccord de connexion 1\/4&quot;-5\/16&quot; | Refrigerant Boys\" \/>\n<meta property=\"og:description\" content=\"Connexion utilisable pour transformer les robinets de bouteilles de gaz r\u00e9frig\u00e9rant de \u00e0 1\/4&quot;SAE \u00e0 \u00a05\/16&quot;SAE\" \/>\n<meta property=\"og:url\" content=\"https:\/\/www.refrigerantboys.com\/fr\/acheter\/outils\/raccord-de-connexion-1-4-5-16\/\" \/>\n<meta property=\"og:site_name\" content=\"Refrigerant Boys\" \/>\n<meta property=\"article:modified_time\" content=\"2018-10-11T16:02:06+00:00\" \/>\n<meta property=\"og:image\" content=\"https:\/\/www.refrigerantboys.com\/wp-content\/uploads\/2017\/10\/ra516.png\" \/>\n\t<meta property=\"og:image:width\" content=\"372\" \/>\n\t<meta property=\"og:image:height\" content=\"328\" \/>\n\t<meta property=\"og:image:type\" content=\"image\/png\" \/>\n<meta name=\"twitter:card\" content=\"summary_large_image\" \/>\n<script type=\"application\/ld+json\" class=\"yoast-schema-graph\">{\"@context\":\"https:\/\/schema.org\",\"@graph\":[{\"@type\":\"WebPage\",\"@id\":\"https:\/\/www.refrigerantboys.com\/fr\/acheter\/outils\/raccord-de-connexion-1-4-5-16\/\",\"url\":\"https:\/\/www.refrigerantboys.com\/fr\/acheter\/outils\/raccord-de-connexion-1-4-5-16\/\",\"name\":\"Raccord de connexion 1\/4\\\"-5\/16\\\" | Refrigerant Boys\",\"isPartOf\":{\"@id\":\"https:\/\/www.refrigerantboys.com\/fr\/#website\"},\"datePublished\":\"2017-10-28T22:43:41+00:00\",\"dateModified\":\"2018-10-11T16:02:06+00:00\",\"description\":\"Connexion utilisable pour transformer les robinets de bouteilles de gaz r\u00e9frig\u00e9rant de \u00e0 1\/4\\\"SAE \u00e0 \u00a05\/16\\\"SAE\",\"breadcrumb\":{\"@id\":\"https:\/\/www.refrigerantboys.com\/fr\/acheter\/outils\/raccord-de-connexion-1-4-5-16\/#breadcrumb\"},\"inLanguage\":\"fr-FR\",\"potentialAction\":[{\"@type\":\"ReadAction\",\"target\":[\"https:\/\/www.refrigerantboys.com\/fr\/acheter\/outils\/raccord-de-connexion-1-4-5-16\/\"]}]},{\"@type\":\"BreadcrumbList\",\"@id\":\"https:\/\/www.refrigerantboys.com\/fr\/acheter\/outils\/raccord-de-connexion-1-4-5-16\/#breadcrumb\",\"itemListElement\":[{\"@type\":\"ListItem\",\"position\":1,\"name\":\"Home\",\"item\":\"https:\/\/www.refrigerantboys.com\/fr\/\"},{\"@type\":\"ListItem\",\"position\":2,\"name\":\"Boutique\",\"item\":\"https:\/\/www.refrigerantboys.com\/fr\/boutique\/\"},{\"@type\":\"ListItem\",\"position\":3,\"name\":\"Raccord de connexion 1\/4&#8243;-5\/16&#8243;\"}]},{\"@type\":\"WebSite\",\"@id\":\"https:\/\/www.refrigerantboys.com\/fr\/#website\",\"url\":\"https:\/\/www.refrigerantboys.com\/fr\/\",\"name\":\"Refrigerant Boys\",\"description\":\"Vendita gas refrigeranti\",\"potentialAction\":[{\"@type\":\"SearchAction\",\"target\":{\"@type\":\"EntryPoint\",\"urlTemplate\":\"https:\/\/www.refrigerantboys.com\/fr\/?s={search_term_string}\"},\"query-input\":\"required name=search_term_string\"}],\"inLanguage\":\"fr-FR\"}]}<\/script>\n<!-- \/ Yoast SEO plugin. -->","yoast_head_json":{"title":"Raccord de connexion 1\/4\"-5\/16\" | Refrigerant Boys","description":"Connexion utilisable pour transformer les robinets de bouteilles de gaz r\u00e9frig\u00e9rant de \u00e0 1\/4\"SAE \u00e0 \u00a05\/16\"SAE","robots":{"index":"index","follow":"follow","max-snippet":"max-snippet:-1","max-image-preview":"max-image-preview:large","max-video-preview":"max-video-preview:-1"},"canonical":"https:\/\/www.refrigerantboys.com\/fr\/acheter\/outils\/raccord-de-connexion-1-4-5-16\/","og_locale":"fr_FR","og_type":"article","og_title":"Raccord de connexion 1\/4\"-5\/16\" | Refrigerant Boys","og_description":"Connexion utilisable pour transformer les robinets de bouteilles de gaz r\u00e9frig\u00e9rant de \u00e0 1\/4\"SAE \u00e0 \u00a05\/16\"SAE","og_url":"https:\/\/www.refrigerantboys.com\/fr\/acheter\/outils\/raccord-de-connexion-1-4-5-16\/","og_site_name":"Refrigerant Boys","article_modified_time":"2018-10-11T16:02:06+00:00","og_image":[{"width":372,"height":328,"url":"https:\/\/www.refrigerantboys.com\/wp-content\/uploads\/2017\/10\/ra516.png","type":"image\/png"}],"twitter_card":"summary_large_image","schema":{"@context":"https:\/\/schema.org","@graph":[{"@type":"WebPage","@id":"https:\/\/www.refrigerantboys.com\/fr\/acheter\/outils\/raccord-de-connexion-1-4-5-16\/","url":"https:\/\/www.refrigerantboys.com\/fr\/acheter\/outils\/raccord-de-connexion-1-4-5-16\/","name":"Raccord de connexion 1\/4\"-5\/16\" | Refrigerant Boys","isPartOf":{"@id":"https:\/\/www.refrigerantboys.com\/fr\/#website"},"datePublished":"2017-10-28T22:43:41+00:00","dateModified":"2018-10-11T16:02:06+00:00","description":"Connexion utilisable pour transformer les robinets de bouteilles de gaz r\u00e9frig\u00e9rant de \u00e0 1\/4\"SAE \u00e0 \u00a05\/16\"SAE","breadcrumb":{"@id":"https:\/\/www.refrigerantboys.com\/fr\/acheter\/outils\/raccord-de-connexion-1-4-5-16\/#breadcrumb"},"inLanguage":"fr-FR","potentialAction":[{"@type":"ReadAction","target":["https:\/\/www.refrigerantboys.com\/fr\/acheter\/outils\/raccord-de-connexion-1-4-5-16\/"]}]},{"@type":"BreadcrumbList","@id":"https:\/\/www.refrigerantboys.com\/fr\/acheter\/outils\/raccord-de-connexion-1-4-5-16\/#breadcrumb","itemListElement":[{"@type":"ListItem","position":1,"name":"Home","item":"https:\/\/www.refrigerantboys.com\/fr\/"},{"@type":"ListItem","position":2,"name":"Boutique","item":"https:\/\/www.refrigerantboys.com\/fr\/boutique\/"},{"@type":"ListItem","position":3,"name":"Raccord de connexion 1\/4&#8243;-5\/16&#8243;"}]},{"@type":"WebSite","@id":"https:\/\/www.refrigerantboys.com\/fr\/#website","url":"https:\/\/www.refrigerantboys.com\/fr\/","name":"Refrigerant Boys","description":"Vendita gas refrigeranti","potentialAction":[{"@type":"SearchAction","target":{"@type":"EntryPoint","urlTemplate":"https:\/\/www.refrigerantboys.com\/fr\/?s={search_term_string}"},"query-input":"required name=search_term_string"}],"inLanguage":"fr-FR"}]}},"_links":{"self":[{"href":"https:\/\/www.refrigerantboys.com\/fr\/wp-json\/wp\/v2\/product\/3057"}],"collection":[{"href":"https:\/\/www.refrigerantboys.com\/fr\/wp-json\/wp\/v2\/product"}],"about":[{"href":"https:\/\/www.refrigerantboys.com\/fr\/wp-json\/wp\/v2\/types\/product"}],"wp:featuredmedia":[{"embeddable":true,"href":"https:\/\/www.refrigerantboys.com\/fr\/wp-json\/wp\/v2\/media\/50195"}],"wp:attachment":[{"href":"https:\/\/www.refrigerantboys.com\/fr\/wp-json\/wp\/v2\/media?parent=3057"}],"wp:term":[{"taxonomy":"product_cat","embeddable":true,"href":"https:\/\/www.refrigerantboys.com\/fr\/wp-json\/wp\/v2\/product_cat?post=3057"},{"taxonomy":"product_tag","embeddable":true,"href":"https:\/\/www.refrigerantboys.com\/fr\/wp-json\/wp\/v2\/product_tag?post=3057"}],"curies":[{"name":"wp","href":"https:\/\/api.w.org\/{rel}","templated":true}]}}