{"id":2994,"date":"2017-10-28T22:45:22","date_gmt":"2017-10-28T22:45:22","guid":{"rendered":"https:\/\/www.refrigerantboys.com\/non%20class\u00e9\/bb1234k095\/"},"modified":"2026-04-15T13:40:45","modified_gmt":"2026-04-15T11:40:45","slug":"recharge-de-gaz-refrigerant-r1234yf-de-700g-vanne-1-2-acme-gauche-certifiee-t-ped","status":"publish","type":"product","link":"https:\/\/www.refrigerantboys.com\/fr\/acheter\/fluides-frigorigenes\/recharge-de-gaz-refrigerant-r1234yf-de-700g-vanne-1-2-acme-gauche-certifiee-t-ped\/","title":{"rendered":"Recharge de Gaz R\u00e9frig\u00e9rant R1234yf de 700g \u2013 Vanne 1\/2&#8243; ACME Gauche (Certifi\u00e9e T-PED)"},"content":{"rendered":"<p data-path-to-node=\"7\">Cette bouteille de recharge de 700g est la solution la plus \u00e9conomique pour ceux qui poss\u00e8dent d\u00e9j\u00e0 un flexible avec manom\u00e8tre ou qui ont besoin d&#8217;une quantit\u00e9 pr\u00e9cise de gaz pour les syst\u00e8mes de climatisation automobile de nouvelle g\u00e9n\u00e9ration (GWP &lt; 1).<\/p>\n<ul data-path-to-node=\"8\">\n<li>\n<p data-path-to-node=\"8,0,0\"><b data-path-to-node=\"8,0,0\" data-index-in-node=\"0\">Vente Libre :<\/b> Ce format sp\u00e9cifique peut \u00eatre achet\u00e9 librement sans n\u00e9cessit\u00e9 de certificat F-Gas ou d&#8217;attestations professionnelles.<\/p>\n<\/li>\n<li>\n<p data-path-to-node=\"8,1,0\"><b data-path-to-node=\"8,1,0\" data-index-in-node=\"0\">Contenu :<\/b> 700 grammes de gaz r\u00e9frig\u00e9rant HFO-1234yf pur \u00e0 100%.<\/p>\n<\/li>\n<li>\n<p data-path-to-node=\"8,2,0\"><b data-path-to-node=\"8,2,0\" data-index-in-node=\"0\">Raccord Vanne :<\/b> 1\/2&#8243; ACME Gauche (standard sp\u00e9cifique pour les syst\u00e8mes R1234yf).<\/p>\n<\/li>\n<li>\n<p data-path-to-node=\"8,3,0\"><b data-path-to-node=\"8,3,0\" data-index-in-node=\"0\">Certifications :<\/b> R\u00e9cipient certifi\u00e9 selon la norme <b data-path-to-node=\"8,3,0\" data-index-in-node=\"51\">T-PED \/ EN 13322-1<\/b>, garantissant les plus hauts standards de s\u00e9curit\u00e9 pendant le stockage et l&#8217;utilisation.<\/p>\n<\/li>\n<li>\n<p data-path-to-node=\"8,4,0\"><b data-path-to-node=\"8,4,0\" data-index-in-node=\"0\">Qualit\u00e9 Professionnelle :<\/b> Gaz de tr\u00e8s haute puret\u00e9 pour garantir le bon fonctionnement du compresseur et un rendement frigorifique maximal.<\/p>\n<\/li>\n<\/ul>\n","protected":false},"excerpt":{"rendered":"<p><span style=\"color: #282828;\">Format recharge de 700g de gaz R1234yf haute puret\u00e9. Id\u00e9al pour compl\u00e9ter les kits de recharge ou pour un stock compact en atelier. <b data-path-to-node=\"16\" data-index-in-node=\"153\">Vente libre sans certificat.<\/b><\/span><\/p>\n<p><span style=\"color: #ff0000;\"><strong>UTILISER UNIQUEMENT AVEC LE MANOMETRE NEVADA pour le diagnostic et la recharge des syst\u00e8mes de climatisation des voitures. <\/strong><\/span><\/p>\n<pre><span style=\"color: #339966; font-size: 20px;\"><strong>GWP 0,5 IPCC\r\n<\/strong><\/span><i style=\"font-family: Georgia, 'Times New Roman', 'Bitstream Charter', Times, serif;\" data-path-to-node=\"7,2,1,0\" data-index-in-node=\"46\">(Valeur mise \u00e0 jour selon le r\u00e8glement UE 2024\/573 - GIEC AR6)<\/i><\/pre>\n<pre><span style=\"color: #339966;\"><strong>\u00a0<\/strong><\/span><\/pre>\n","protected":false},"featured_media":96582,"template":"","meta":[],"product_cat":[150,164],"product_tag":[],"acf":{"ai_note":""},"yoast_head":"<!-- This site is optimized with the Yoast SEO plugin v20.2 - https:\/\/yoast.com\/wordpress\/plugins\/seo\/ -->\n<title>Recharge de Gaz R\u00e9frig\u00e9rant R1234yf de 700g \u2013 Vanne 1\/2&quot; ACME Gauche (Certifi\u00e9e T-PED) | Refrigerant Boys<\/title>\n<meta name=\"description\" content=\"Format recharge de 700g de gaz R1234yf haute puret\u00e9. Id\u00e9al pour compl\u00e9ter les kits de recharge ou pour un stock compact en atelier. Vente libre sans certificat.  UTILISER UNIQUEMENT AVEC LE MANOMETRE NEVADA pour le diagnostic et la recharge des syst\u00e8mes de climatisation des voitures.  GWP 0,5 IPCC (Valeur mise \u00e0 jour selon le r\u00e8glement UE 2024\/573 - GIEC AR6) \u00a0\" \/>\n<meta name=\"robots\" content=\"index, follow, max-snippet:-1, max-image-preview:large, max-video-preview:-1\" \/>\n<link rel=\"canonical\" href=\"https:\/\/www.refrigerantboys.com\/fr\/acheter\/fluides-frigorigenes\/recharge-de-gaz-refrigerant-r1234yf-de-700g-vanne-1-2-acme-gauche-certifiee-t-ped\/\" \/>\n<meta property=\"og:locale\" content=\"fr_FR\" \/>\n<meta property=\"og:type\" content=\"article\" \/>\n<meta property=\"og:title\" content=\"Recharge de Gaz R\u00e9frig\u00e9rant R1234yf de 700g \u2013 Vanne 1\/2&quot; ACME Gauche (Certifi\u00e9e T-PED) | Refrigerant Boys\" \/>\n<meta property=\"og:description\" content=\"Format recharge de 700g de gaz R1234yf haute puret\u00e9. Id\u00e9al pour compl\u00e9ter les kits de recharge ou pour un stock compact en atelier. Vente libre sans certificat.  UTILISER UNIQUEMENT AVEC LE MANOMETRE NEVADA pour le diagnostic et la recharge des syst\u00e8mes de climatisation des voitures.  GWP 0,5 IPCC (Valeur mise \u00e0 jour selon le r\u00e8glement UE 2024\/573 - GIEC AR6) \u00a0\" \/>\n<meta property=\"og:url\" content=\"https:\/\/www.refrigerantboys.com\/fr\/acheter\/fluides-frigorigenes\/recharge-de-gaz-refrigerant-r1234yf-de-700g-vanne-1-2-acme-gauche-certifiee-t-ped\/\" \/>\n<meta property=\"og:site_name\" content=\"Refrigerant Boys\" \/>\n<meta property=\"article:modified_time\" content=\"2026-04-15T11:40:45+00:00\" \/>\n<meta property=\"og:image\" content=\"https:\/\/www.refrigerantboys.com\/wp-content\/uploads\/2017\/10\/TR1234-1MP-FE_300dpi.jpg-1-300x891-1.jpg\" \/>\n\t<meta property=\"og:image:width\" content=\"300\" \/>\n\t<meta property=\"og:image:height\" content=\"891\" \/>\n\t<meta property=\"og:image:type\" content=\"image\/jpeg\" \/>\n<meta name=\"twitter:card\" content=\"summary_large_image\" \/>\n<meta name=\"twitter:label1\" content=\"Dur\u00e9e de lecture estim\u00e9e\" \/>\n\t<meta name=\"twitter:data1\" content=\"1 minute\" \/>\n<script type=\"application\/ld+json\" class=\"yoast-schema-graph\">{\"@context\":\"https:\/\/schema.org\",\"@graph\":[{\"@type\":\"WebPage\",\"@id\":\"https:\/\/www.refrigerantboys.com\/fr\/acheter\/fluides-frigorigenes\/recharge-de-gaz-refrigerant-r1234yf-de-700g-vanne-1-2-acme-gauche-certifiee-t-ped\/\",\"url\":\"https:\/\/www.refrigerantboys.com\/fr\/acheter\/fluides-frigorigenes\/recharge-de-gaz-refrigerant-r1234yf-de-700g-vanne-1-2-acme-gauche-certifiee-t-ped\/\",\"name\":\"Recharge de Gaz R\u00e9frig\u00e9rant R1234yf de 700g \u2013 Vanne 1\/2\\\" ACME Gauche (Certifi\u00e9e T-PED) | Refrigerant Boys\",\"isPartOf\":{\"@id\":\"https:\/\/www.refrigerantboys.com\/fr\/#website\"},\"datePublished\":\"2017-10-28T22:45:22+00:00\",\"dateModified\":\"2026-04-15T11:40:45+00:00\",\"description\":\"Format recharge de 700g de gaz R1234yf haute puret\u00e9. Id\u00e9al pour compl\u00e9ter les kits de recharge ou pour un stock compact en atelier. Vente libre sans certificat. UTILISER UNIQUEMENT AVEC LE MANOMETRE NEVADA pour le diagnostic et la recharge des syst\u00e8mes de climatisation des voitures. GWP 0,5 IPCC (Valeur mise \u00e0 jour selon le r\u00e8glement UE 2024\/573 - GIEC AR6) \u00a0\",\"breadcrumb\":{\"@id\":\"https:\/\/www.refrigerantboys.com\/fr\/acheter\/fluides-frigorigenes\/recharge-de-gaz-refrigerant-r1234yf-de-700g-vanne-1-2-acme-gauche-certifiee-t-ped\/#breadcrumb\"},\"inLanguage\":\"fr-FR\",\"potentialAction\":[{\"@type\":\"ReadAction\",\"target\":[\"https:\/\/www.refrigerantboys.com\/fr\/acheter\/fluides-frigorigenes\/recharge-de-gaz-refrigerant-r1234yf-de-700g-vanne-1-2-acme-gauche-certifiee-t-ped\/\"]}]},{\"@type\":\"BreadcrumbList\",\"@id\":\"https:\/\/www.refrigerantboys.com\/fr\/acheter\/fluides-frigorigenes\/recharge-de-gaz-refrigerant-r1234yf-de-700g-vanne-1-2-acme-gauche-certifiee-t-ped\/#breadcrumb\",\"itemListElement\":[{\"@type\":\"ListItem\",\"position\":1,\"name\":\"Home\",\"item\":\"https:\/\/www.refrigerantboys.com\/fr\/\"},{\"@type\":\"ListItem\",\"position\":2,\"name\":\"Boutique\",\"item\":\"https:\/\/www.refrigerantboys.com\/fr\/boutique\/\"},{\"@type\":\"ListItem\",\"position\":3,\"name\":\"Recharge de Gaz R\u00e9frig\u00e9rant R1234yf de 700g \u2013 Vanne 1\/2&#8243; ACME Gauche (Certifi\u00e9e T-PED)\"}]},{\"@type\":\"WebSite\",\"@id\":\"https:\/\/www.refrigerantboys.com\/fr\/#website\",\"url\":\"https:\/\/www.refrigerantboys.com\/fr\/\",\"name\":\"Refrigerant Boys\",\"description\":\"Vendita gas refrigeranti\",\"potentialAction\":[{\"@type\":\"SearchAction\",\"target\":{\"@type\":\"EntryPoint\",\"urlTemplate\":\"https:\/\/www.refrigerantboys.com\/fr\/?s={search_term_string}\"},\"query-input\":\"required name=search_term_string\"}],\"inLanguage\":\"fr-FR\"}]}<\/script>\n<!-- \/ Yoast SEO plugin. -->","yoast_head_json":{"title":"Recharge de Gaz R\u00e9frig\u00e9rant R1234yf de 700g \u2013 Vanne 1\/2\" ACME Gauche (Certifi\u00e9e T-PED) | Refrigerant Boys","description":"Format recharge de 700g de gaz R1234yf haute puret\u00e9. Id\u00e9al pour compl\u00e9ter les kits de recharge ou pour un stock compact en atelier. Vente libre sans certificat.  UTILISER UNIQUEMENT AVEC LE MANOMETRE NEVADA pour le diagnostic et la recharge des syst\u00e8mes de climatisation des voitures.  GWP 0,5 IPCC (Valeur mise \u00e0 jour selon le r\u00e8glement UE 2024\/573 - GIEC AR6) \u00a0","robots":{"index":"index","follow":"follow","max-snippet":"max-snippet:-1","max-image-preview":"max-image-preview:large","max-video-preview":"max-video-preview:-1"},"canonical":"https:\/\/www.refrigerantboys.com\/fr\/acheter\/fluides-frigorigenes\/recharge-de-gaz-refrigerant-r1234yf-de-700g-vanne-1-2-acme-gauche-certifiee-t-ped\/","og_locale":"fr_FR","og_type":"article","og_title":"Recharge de Gaz R\u00e9frig\u00e9rant R1234yf de 700g \u2013 Vanne 1\/2\" ACME Gauche (Certifi\u00e9e T-PED) | Refrigerant Boys","og_description":"Format recharge de 700g de gaz R1234yf haute puret\u00e9. Id\u00e9al pour compl\u00e9ter les kits de recharge ou pour un stock compact en atelier. Vente libre sans certificat.  UTILISER UNIQUEMENT AVEC LE MANOMETRE NEVADA pour le diagnostic et la recharge des syst\u00e8mes de climatisation des voitures.  GWP 0,5 IPCC (Valeur mise \u00e0 jour selon le r\u00e8glement UE 2024\/573 - GIEC AR6) \u00a0","og_url":"https:\/\/www.refrigerantboys.com\/fr\/acheter\/fluides-frigorigenes\/recharge-de-gaz-refrigerant-r1234yf-de-700g-vanne-1-2-acme-gauche-certifiee-t-ped\/","og_site_name":"Refrigerant Boys","article_modified_time":"2026-04-15T11:40:45+00:00","og_image":[{"width":300,"height":891,"url":"https:\/\/www.refrigerantboys.com\/wp-content\/uploads\/2017\/10\/TR1234-1MP-FE_300dpi.jpg-1-300x891-1.jpg","type":"image\/jpeg"}],"twitter_card":"summary_large_image","twitter_misc":{"Dur\u00e9e de lecture estim\u00e9e":"1 minute"},"schema":{"@context":"https:\/\/schema.org","@graph":[{"@type":"WebPage","@id":"https:\/\/www.refrigerantboys.com\/fr\/acheter\/fluides-frigorigenes\/recharge-de-gaz-refrigerant-r1234yf-de-700g-vanne-1-2-acme-gauche-certifiee-t-ped\/","url":"https:\/\/www.refrigerantboys.com\/fr\/acheter\/fluides-frigorigenes\/recharge-de-gaz-refrigerant-r1234yf-de-700g-vanne-1-2-acme-gauche-certifiee-t-ped\/","name":"Recharge de Gaz R\u00e9frig\u00e9rant R1234yf de 700g \u2013 Vanne 1\/2\" ACME Gauche (Certifi\u00e9e T-PED) | Refrigerant Boys","isPartOf":{"@id":"https:\/\/www.refrigerantboys.com\/fr\/#website"},"datePublished":"2017-10-28T22:45:22+00:00","dateModified":"2026-04-15T11:40:45+00:00","description":"Format recharge de 700g de gaz R1234yf haute puret\u00e9. Id\u00e9al pour compl\u00e9ter les kits de recharge ou pour un stock compact en atelier. Vente libre sans certificat. UTILISER UNIQUEMENT AVEC LE MANOMETRE NEVADA pour le diagnostic et la recharge des syst\u00e8mes de climatisation des voitures. GWP 0,5 IPCC (Valeur mise \u00e0 jour selon le r\u00e8glement UE 2024\/573 - GIEC AR6) \u00a0","breadcrumb":{"@id":"https:\/\/www.refrigerantboys.com\/fr\/acheter\/fluides-frigorigenes\/recharge-de-gaz-refrigerant-r1234yf-de-700g-vanne-1-2-acme-gauche-certifiee-t-ped\/#breadcrumb"},"inLanguage":"fr-FR","potentialAction":[{"@type":"ReadAction","target":["https:\/\/www.refrigerantboys.com\/fr\/acheter\/fluides-frigorigenes\/recharge-de-gaz-refrigerant-r1234yf-de-700g-vanne-1-2-acme-gauche-certifiee-t-ped\/"]}]},{"@type":"BreadcrumbList","@id":"https:\/\/www.refrigerantboys.com\/fr\/acheter\/fluides-frigorigenes\/recharge-de-gaz-refrigerant-r1234yf-de-700g-vanne-1-2-acme-gauche-certifiee-t-ped\/#breadcrumb","itemListElement":[{"@type":"ListItem","position":1,"name":"Home","item":"https:\/\/www.refrigerantboys.com\/fr\/"},{"@type":"ListItem","position":2,"name":"Boutique","item":"https:\/\/www.refrigerantboys.com\/fr\/boutique\/"},{"@type":"ListItem","position":3,"name":"Recharge de Gaz R\u00e9frig\u00e9rant R1234yf de 700g \u2013 Vanne 1\/2&#8243; ACME Gauche (Certifi\u00e9e T-PED)"}]},{"@type":"WebSite","@id":"https:\/\/www.refrigerantboys.com\/fr\/#website","url":"https:\/\/www.refrigerantboys.com\/fr\/","name":"Refrigerant Boys","description":"Vendita gas refrigeranti","potentialAction":[{"@type":"SearchAction","target":{"@type":"EntryPoint","urlTemplate":"https:\/\/www.refrigerantboys.com\/fr\/?s={search_term_string}"},"query-input":"required name=search_term_string"}],"inLanguage":"fr-FR"}]}},"_links":{"self":[{"href":"https:\/\/www.refrigerantboys.com\/fr\/wp-json\/wp\/v2\/product\/2994"}],"collection":[{"href":"https:\/\/www.refrigerantboys.com\/fr\/wp-json\/wp\/v2\/product"}],"about":[{"href":"https:\/\/www.refrigerantboys.com\/fr\/wp-json\/wp\/v2\/types\/product"}],"wp:featuredmedia":[{"embeddable":true,"href":"https:\/\/www.refrigerantboys.com\/fr\/wp-json\/wp\/v2\/media\/96582"}],"wp:attachment":[{"href":"https:\/\/www.refrigerantboys.com\/fr\/wp-json\/wp\/v2\/media?parent=2994"}],"wp:term":[{"taxonomy":"product_cat","embeddable":true,"href":"https:\/\/www.refrigerantboys.com\/fr\/wp-json\/wp\/v2\/product_cat?post=2994"},{"taxonomy":"product_tag","embeddable":true,"href":"https:\/\/www.refrigerantboys.com\/fr\/wp-json\/wp\/v2\/product_tag?post=2994"}],"curies":[{"name":"wp","href":"https:\/\/api.w.org\/{rel}","templated":true}]}}