{"id":2992,"date":"2017-10-28T22:45:35","date_gmt":"2017-10-28T22:45:35","guid":{"rendered":"https:\/\/www.refrigerantboys.com\/non%20class\u00e9\/r32-800gr-valvola-1-2-acme-sx\/"},"modified":"2026-02-02T18:03:15","modified_gmt":"2026-02-02T17:03:15","slug":"fluide-refrigerant-r32-en-bouteille-de-800-gr-valve-1-2-acme-gauche","status":"publish","type":"product","link":"https:\/\/www.refrigerantboys.com\/fr\/acheter\/fluides-frigorigenes\/r32\/fluide-refrigerant-r32-en-bouteille-de-800-gr-valve-1-2-acme-gauche\/","title":{"rendered":"Bouteille de gaz R32 de 800 g valve 1\/2&#8243; ACME GAUCHE"},"content":{"rendered":"<div class=\"accordion-item\">Si vous cherchez un r\u00e9frig\u00e9rant de haute qualit\u00e9 pour vos syst\u00e8mes de climatisation, vous \u00eates au bon endroit. Notre bouteille de gaz R32 de 800 g offre des performances sup\u00e9rieures et une efficacit\u00e9 \u00e9nerg\u00e9tique optimis\u00e9e, assurant un refroidissement efficace et fiable. La valve 1\/2&#8243; permet une utilisation facilit\u00e9e et un raccordement s\u00e9curis\u00e9 \u00e0 votre syst\u00e8me. Nous sommes fiers d&#8217;offrir des produits de qualit\u00e9 sup\u00e9rieure, conformes aux normes de s\u00e9curit\u00e9 et aux r\u00e9glementations environnementales. Choisissez Refrigerant Boys pour vos besoins en r\u00e9frig\u00e9rants et profitez d&#8217;une tranquillit\u00e9 d&#8217;esprit gr\u00e2ce \u00e0 un produit fiable et de haute qualit\u00e9. Contactez-nous d\u00e8s aujourd&#8217;hui pour obtenir d&#8217;autres informations sur notre bouteille de gaz R32 de 800 g avec une valve 1\/2&#8243;.<\/div>\n<div>\n<p><strong>Applications\u00a0:<\/strong><\/p>\n<ul>\n<li>Le R32 a des performances et une efficacit\u00e9 \u00e9nerg\u00e9tique \u00e9quivalentes \u00e0 celles du R410A.<\/li>\n<li>GWP (Global Warming Potentiel) nettement inf\u00e9rieur au R410A.<\/li>\n<li>Il ne n\u00e9cessite pas le remplacement des composants, des lubrifiants et des joints.<\/li>\n<\/ul>\n<p><span style=\"color: #ff0000;\">Le R32 ne peut \u00eatre utilis\u00e9 que dans les nouveaux syst\u00e8mes con\u00e7us pour fonctionner avec des gaz l\u00e9g\u00e8rement inflammables (classe A2L)<\/span><\/p>\n<p><span style=\"color: #ff0000;\">Le R32 ne peut pas \u00eatre utilis\u00e9 comme produit de modernisation pour les syst\u00e8mes con\u00e7us pour fonctionner avec le R410A\u00a0; Les syst\u00e8mes R410A n\u2019\u00e9tant pas con\u00e7us pour fonctionner avec des gaz l\u00e9g\u00e8rement inflammables, il existe donc un risque d\u2019endommager le compresseur.<\/span><\/p>\n<\/div>\n","protected":false},"excerpt":{"rendered":"<p><strong style=\"font-size: 14.4px;\">Fluide r\u00e9frig\u00e9rant R32 en bouteille de 800 gr certifi\u00e9e T-PED \/ EN 13322-1. Produit avec un bas potentiel de r\u00e9chauffement global (PRG), utilis\u00e9 les climatiseurs et conditionneurs de nouvelle g\u00e9n\u00e9ration. Substitute gaz R410A UN 3252 <span style=\"color: #ed1c24;\">Valve 1\/2\u201d ACME GAUCHE<\/span><\/strong><\/p>\n<pre><span style=\"color: #ff0000; font-size: 20px;\"><strong>GWP[675]<\/strong><\/span><\/pre>\n<div style=\"display: flex; justify-content: flex-start; font-family: 'Segoe UI', Roboto, Helvetica, Arial, sans-serif; margin: 4px 0;\">\n<div style=\"background-color: #ffffff; max-width: 440px; width: 100%; border-radius: 6px; padding: 6px 12px; border: 1px solid #e2e8f0; border-left: 4px solid #e67e22; box-shadow: 0 1px 3px rgba(0,0,0,0.05); display: flex; align-items: center;\">\n<div style=\"display: flex; flex-direction: column; justify-content: center;\">\n<div style=\"font-size: 13px; color: #166534; font-weight: bold; line-height: 1.1; margin: 0;\">\u2713 \u00c9co-contribution (R\u00e8glement UE 2024\/573) &#8220;INCLUSE&#8221;<\/div>\n<div style=\"font-size: 13px; color: #64748b; line-height: 1.1; margin-top: 1px;\">Incidence sur le prix : <span style=\"color: #dc2626; font-weight: bold;\">1,62\u20ac<\/span><\/div>\n<\/p><\/div>\n<\/p><\/div>\n<\/div>\n","protected":false},"featured_media":49629,"template":"","meta":[],"product_cat":[150,154],"product_tag":[],"acf":{"ai_note":""},"yoast_head":"<!-- This site is optimized with the Yoast SEO plugin v20.2 - https:\/\/yoast.com\/wordpress\/plugins\/seo\/ -->\n<title>Bouteille de gaz R32 de 800 g valve 1\/2&quot; ACME GAUCHE | Refrigerant Boys<\/title>\n<meta name=\"description\" content=\"Notre bouteille de gaz R32 de 800 g offre des performances sup\u00e9rieures et une efficacit\u00e9 \u00e9nerg\u00e9tique optimis\u00e9e, assurant un refroidissement efficace et fiable. La valve 1\/2&quot; permet une utilisation facilit\u00e9e et un raccordement s\u00e9curis\u00e9 \u00e0 votre syst\u00e8me.\" \/>\n<meta name=\"robots\" content=\"index, follow, max-snippet:-1, max-image-preview:large, max-video-preview:-1\" \/>\n<link rel=\"canonical\" href=\"https:\/\/www.refrigerantboys.com\/fr\/acheter\/fluides-frigorigenes\/r32\/fluide-refrigerant-r32-en-bouteille-de-800-gr-valve-1-2-acme-gauche\/\" \/>\n<meta property=\"og:locale\" content=\"fr_FR\" \/>\n<meta property=\"og:type\" content=\"article\" \/>\n<meta property=\"og:title\" content=\"Bouteille de gaz R32 de 800 g valve 1\/2&quot; ACME GAUCHE | Refrigerant Boys\" \/>\n<meta property=\"og:description\" content=\"Notre bouteille de gaz R32 de 800 g offre des performances sup\u00e9rieures et une efficacit\u00e9 \u00e9nerg\u00e9tique optimis\u00e9e, assurant un refroidissement efficace et fiable. La valve 1\/2&quot; permet une utilisation facilit\u00e9e et un raccordement s\u00e9curis\u00e9 \u00e0 votre syst\u00e8me.\" \/>\n<meta property=\"og:url\" content=\"https:\/\/www.refrigerantboys.com\/fr\/acheter\/fluides-frigorigenes\/r32\/fluide-refrigerant-r32-en-bouteille-de-800-gr-valve-1-2-acme-gauche\/\" \/>\n<meta property=\"og:site_name\" content=\"Refrigerant Boys\" \/>\n<meta property=\"article:modified_time\" content=\"2026-02-02T17:03:15+00:00\" \/>\n<meta property=\"og:image\" content=\"https:\/\/www.refrigerantboys.com\/wp-content\/uploads\/2017\/10\/r32-1kg-357x800.png\" \/>\n\t<meta property=\"og:image:width\" content=\"357\" \/>\n\t<meta property=\"og:image:height\" content=\"800\" \/>\n\t<meta property=\"og:image:type\" content=\"image\/png\" \/>\n<meta name=\"twitter:card\" content=\"summary_large_image\" \/>\n<meta name=\"twitter:label1\" content=\"Dur\u00e9e de lecture estim\u00e9e\" \/>\n\t<meta name=\"twitter:data1\" content=\"2 minutes\" \/>\n<script type=\"application\/ld+json\" class=\"yoast-schema-graph\">{\"@context\":\"https:\/\/schema.org\",\"@graph\":[{\"@type\":\"WebPage\",\"@id\":\"https:\/\/www.refrigerantboys.com\/fr\/acheter\/fluides-frigorigenes\/r32\/fluide-refrigerant-r32-en-bouteille-de-800-gr-valve-1-2-acme-gauche\/\",\"url\":\"https:\/\/www.refrigerantboys.com\/fr\/acheter\/fluides-frigorigenes\/r32\/fluide-refrigerant-r32-en-bouteille-de-800-gr-valve-1-2-acme-gauche\/\",\"name\":\"Bouteille de gaz R32 de 800 g valve 1\/2\\\" ACME GAUCHE | Refrigerant Boys\",\"isPartOf\":{\"@id\":\"https:\/\/www.refrigerantboys.com\/fr\/#website\"},\"datePublished\":\"2017-10-28T22:45:35+00:00\",\"dateModified\":\"2026-02-02T17:03:15+00:00\",\"description\":\"Notre bouteille de gaz R32 de 800 g offre des performances sup\u00e9rieures et une efficacit\u00e9 \u00e9nerg\u00e9tique optimis\u00e9e, assurant un refroidissement efficace et fiable. La valve 1\/2\\\" permet une utilisation facilit\u00e9e et un raccordement s\u00e9curis\u00e9 \u00e0 votre syst\u00e8me.\",\"breadcrumb\":{\"@id\":\"https:\/\/www.refrigerantboys.com\/fr\/acheter\/fluides-frigorigenes\/r32\/fluide-refrigerant-r32-en-bouteille-de-800-gr-valve-1-2-acme-gauche\/#breadcrumb\"},\"inLanguage\":\"fr-FR\",\"potentialAction\":[{\"@type\":\"ReadAction\",\"target\":[\"https:\/\/www.refrigerantboys.com\/fr\/acheter\/fluides-frigorigenes\/r32\/fluide-refrigerant-r32-en-bouteille-de-800-gr-valve-1-2-acme-gauche\/\"]}]},{\"@type\":\"BreadcrumbList\",\"@id\":\"https:\/\/www.refrigerantboys.com\/fr\/acheter\/fluides-frigorigenes\/r32\/fluide-refrigerant-r32-en-bouteille-de-800-gr-valve-1-2-acme-gauche\/#breadcrumb\",\"itemListElement\":[{\"@type\":\"ListItem\",\"position\":1,\"name\":\"Home\",\"item\":\"https:\/\/www.refrigerantboys.com\/fr\/\"},{\"@type\":\"ListItem\",\"position\":2,\"name\":\"Boutique\",\"item\":\"https:\/\/www.refrigerantboys.com\/fr\/boutique\/\"},{\"@type\":\"ListItem\",\"position\":3,\"name\":\"Bouteille de gaz R32 de 800 g valve 1\/2&#8243; ACME GAUCHE\"}]},{\"@type\":\"WebSite\",\"@id\":\"https:\/\/www.refrigerantboys.com\/fr\/#website\",\"url\":\"https:\/\/www.refrigerantboys.com\/fr\/\",\"name\":\"Refrigerant Boys\",\"description\":\"Vendita gas refrigeranti\",\"potentialAction\":[{\"@type\":\"SearchAction\",\"target\":{\"@type\":\"EntryPoint\",\"urlTemplate\":\"https:\/\/www.refrigerantboys.com\/fr\/?s={search_term_string}\"},\"query-input\":\"required name=search_term_string\"}],\"inLanguage\":\"fr-FR\"}]}<\/script>\n<!-- \/ Yoast SEO plugin. -->","yoast_head_json":{"title":"Bouteille de gaz R32 de 800 g valve 1\/2\" ACME GAUCHE | Refrigerant Boys","description":"Notre bouteille de gaz R32 de 800 g offre des performances sup\u00e9rieures et une efficacit\u00e9 \u00e9nerg\u00e9tique optimis\u00e9e, assurant un refroidissement efficace et fiable. La valve 1\/2\" permet une utilisation facilit\u00e9e et un raccordement s\u00e9curis\u00e9 \u00e0 votre syst\u00e8me.","robots":{"index":"index","follow":"follow","max-snippet":"max-snippet:-1","max-image-preview":"max-image-preview:large","max-video-preview":"max-video-preview:-1"},"canonical":"https:\/\/www.refrigerantboys.com\/fr\/acheter\/fluides-frigorigenes\/r32\/fluide-refrigerant-r32-en-bouteille-de-800-gr-valve-1-2-acme-gauche\/","og_locale":"fr_FR","og_type":"article","og_title":"Bouteille de gaz R32 de 800 g valve 1\/2\" ACME GAUCHE | Refrigerant Boys","og_description":"Notre bouteille de gaz R32 de 800 g offre des performances sup\u00e9rieures et une efficacit\u00e9 \u00e9nerg\u00e9tique optimis\u00e9e, assurant un refroidissement efficace et fiable. La valve 1\/2\" permet une utilisation facilit\u00e9e et un raccordement s\u00e9curis\u00e9 \u00e0 votre syst\u00e8me.","og_url":"https:\/\/www.refrigerantboys.com\/fr\/acheter\/fluides-frigorigenes\/r32\/fluide-refrigerant-r32-en-bouteille-de-800-gr-valve-1-2-acme-gauche\/","og_site_name":"Refrigerant Boys","article_modified_time":"2026-02-02T17:03:15+00:00","og_image":[{"width":357,"height":800,"url":"https:\/\/www.refrigerantboys.com\/wp-content\/uploads\/2017\/10\/r32-1kg-357x800.png","type":"image\/png"}],"twitter_card":"summary_large_image","twitter_misc":{"Dur\u00e9e de lecture estim\u00e9e":"2 minutes"},"schema":{"@context":"https:\/\/schema.org","@graph":[{"@type":"WebPage","@id":"https:\/\/www.refrigerantboys.com\/fr\/acheter\/fluides-frigorigenes\/r32\/fluide-refrigerant-r32-en-bouteille-de-800-gr-valve-1-2-acme-gauche\/","url":"https:\/\/www.refrigerantboys.com\/fr\/acheter\/fluides-frigorigenes\/r32\/fluide-refrigerant-r32-en-bouteille-de-800-gr-valve-1-2-acme-gauche\/","name":"Bouteille de gaz R32 de 800 g valve 1\/2\" ACME GAUCHE | Refrigerant Boys","isPartOf":{"@id":"https:\/\/www.refrigerantboys.com\/fr\/#website"},"datePublished":"2017-10-28T22:45:35+00:00","dateModified":"2026-02-02T17:03:15+00:00","description":"Notre bouteille de gaz R32 de 800 g offre des performances sup\u00e9rieures et une efficacit\u00e9 \u00e9nerg\u00e9tique optimis\u00e9e, assurant un refroidissement efficace et fiable. La valve 1\/2\" permet une utilisation facilit\u00e9e et un raccordement s\u00e9curis\u00e9 \u00e0 votre syst\u00e8me.","breadcrumb":{"@id":"https:\/\/www.refrigerantboys.com\/fr\/acheter\/fluides-frigorigenes\/r32\/fluide-refrigerant-r32-en-bouteille-de-800-gr-valve-1-2-acme-gauche\/#breadcrumb"},"inLanguage":"fr-FR","potentialAction":[{"@type":"ReadAction","target":["https:\/\/www.refrigerantboys.com\/fr\/acheter\/fluides-frigorigenes\/r32\/fluide-refrigerant-r32-en-bouteille-de-800-gr-valve-1-2-acme-gauche\/"]}]},{"@type":"BreadcrumbList","@id":"https:\/\/www.refrigerantboys.com\/fr\/acheter\/fluides-frigorigenes\/r32\/fluide-refrigerant-r32-en-bouteille-de-800-gr-valve-1-2-acme-gauche\/#breadcrumb","itemListElement":[{"@type":"ListItem","position":1,"name":"Home","item":"https:\/\/www.refrigerantboys.com\/fr\/"},{"@type":"ListItem","position":2,"name":"Boutique","item":"https:\/\/www.refrigerantboys.com\/fr\/boutique\/"},{"@type":"ListItem","position":3,"name":"Bouteille de gaz R32 de 800 g valve 1\/2&#8243; ACME GAUCHE"}]},{"@type":"WebSite","@id":"https:\/\/www.refrigerantboys.com\/fr\/#website","url":"https:\/\/www.refrigerantboys.com\/fr\/","name":"Refrigerant Boys","description":"Vendita gas refrigeranti","potentialAction":[{"@type":"SearchAction","target":{"@type":"EntryPoint","urlTemplate":"https:\/\/www.refrigerantboys.com\/fr\/?s={search_term_string}"},"query-input":"required name=search_term_string"}],"inLanguage":"fr-FR"}]}},"_links":{"self":[{"href":"https:\/\/www.refrigerantboys.com\/fr\/wp-json\/wp\/v2\/product\/2992"}],"collection":[{"href":"https:\/\/www.refrigerantboys.com\/fr\/wp-json\/wp\/v2\/product"}],"about":[{"href":"https:\/\/www.refrigerantboys.com\/fr\/wp-json\/wp\/v2\/types\/product"}],"wp:featuredmedia":[{"embeddable":true,"href":"https:\/\/www.refrigerantboys.com\/fr\/wp-json\/wp\/v2\/media\/49629"}],"wp:attachment":[{"href":"https:\/\/www.refrigerantboys.com\/fr\/wp-json\/wp\/v2\/media?parent=2992"}],"wp:term":[{"taxonomy":"product_cat","embeddable":true,"href":"https:\/\/www.refrigerantboys.com\/fr\/wp-json\/wp\/v2\/product_cat?post=2992"},{"taxonomy":"product_tag","embeddable":true,"href":"https:\/\/www.refrigerantboys.com\/fr\/wp-json\/wp\/v2\/product_tag?post=2992"}],"curies":[{"name":"wp","href":"https:\/\/api.w.org\/{rel}","templated":true}]}}