{"id":2991,"date":"2017-10-28T22:45:38","date_gmt":"2017-10-28T22:45:38","guid":{"rendered":"https:\/\/www.refrigerantboys.com\/non%20class\u00e9\/ru12\/"},"modified":"2022-12-06T13:23:28","modified_gmt":"2022-12-06T12:23:28","slug":"robinet-a-bille-1-2-%e2%80%b3sx-x-1-4-%e2%80%b3-pour-bouteilles-de-1-2-kg","status":"publish","type":"product","link":"https:\/\/www.refrigerantboys.com\/fr\/acheter\/outils\/robinet-a-bille-1-2-%e2%80%b3sx-x-1-4-%e2%80%b3-pour-bouteilles-de-1-2-kg\/","title":{"rendered":"Robinet \u00e0 bille 1\/2 \u2033SX  x 1\/4 \u2033 pour bouteilles de 1 &#8211; 2 kg"},"content":{"rendered":"<div class=\"page product-details-page panel panel-default form-panel\">\n<div class=\"panel-body\">\n<form id=\"product-details-form\" action=\"https:\/\/www.refrigerantboys.it\/FR\/robinet-%C3%A0-bille-droite-12sx-14\" method=\"post\" novalidate=\"novalidate\">\n<div data-productid=\"575\">\n<div class=\" product-essential\">\n<div class=\"tab-content\">\n<div id=\"description\" class=\"full-description tab-pane active\">\n<p>Vanne \u00e0 bille en ligne de 1\/2 &#8220;Acme gauche \u00e0 1\/4&#8221; droite. Peut \u00eatre utilis\u00e9 avec des bouteilles de 1 &#8211; 2 kg avec des marches \u00e0 gauche<br \/>\ngaz r\u00e9frig\u00e9rant type R1234YF &#8211; R32 &#8211; R290<\/p>\n<\/div>\n<\/div>\n<\/div>\n<\/div>\n<\/form>\n<\/div>\n<\/div>\n<div class=\"product-collateral\">\n<div class=\"product-grid home-page-product-grid\"><\/div>\n<\/div>\n","protected":false},"excerpt":{"rendered":"<p><!--more--><\/p>\n","protected":false},"featured_media":49981,"template":"","meta":[],"product_cat":[146],"product_tag":[],"acf":{"ai_note":""},"yoast_head":"<!-- This site is optimized with the Yoast SEO plugin v20.2 - https:\/\/yoast.com\/wordpress\/plugins\/seo\/ -->\n<title>Robinet \u00e0 bille 1\/2 \u2033SX x 1\/4 \u2033 pour bouteilles de 1 - 2 kg | Refrigerant Boys<\/title>\n<meta name=\"robots\" content=\"index, follow, max-snippet:-1, max-image-preview:large, max-video-preview:-1\" \/>\n<link rel=\"canonical\" href=\"https:\/\/www.refrigerantboys.com\/fr\/acheter\/outils\/robinet-a-bille-1-2-%e2%80%b3sx-x-1-4-%e2%80%b3-pour-bouteilles-de-1-2-kg\/\" \/>\n<meta property=\"og:locale\" content=\"fr_FR\" \/>\n<meta property=\"og:type\" content=\"article\" \/>\n<meta property=\"og:title\" content=\"Robinet \u00e0 bille 1\/2 \u2033SX x 1\/4 \u2033 pour bouteilles de 1 - 2 kg | Refrigerant Boys\" \/>\n<meta property=\"og:url\" content=\"https:\/\/www.refrigerantboys.com\/fr\/acheter\/outils\/robinet-a-bille-1-2-%e2%80%b3sx-x-1-4-%e2%80%b3-pour-bouteilles-de-1-2-kg\/\" \/>\n<meta property=\"og:site_name\" content=\"Refrigerant Boys\" \/>\n<meta property=\"article:modified_time\" content=\"2022-12-06T12:23:28+00:00\" \/>\n<meta property=\"og:image\" content=\"https:\/\/www.refrigerantboys.com\/wp-content\/uploads\/2019\/03\/RU12.png\" \/>\n\t<meta property=\"og:image:width\" content=\"291\" \/>\n\t<meta property=\"og:image:height\" content=\"397\" \/>\n\t<meta property=\"og:image:type\" content=\"image\/png\" \/>\n<meta name=\"twitter:card\" content=\"summary_large_image\" \/>\n<meta name=\"twitter:label1\" content=\"Dur\u00e9e de lecture estim\u00e9e\" \/>\n\t<meta name=\"twitter:data1\" content=\"1 minute\" \/>\n<script type=\"application\/ld+json\" class=\"yoast-schema-graph\">{\"@context\":\"https:\/\/schema.org\",\"@graph\":[{\"@type\":\"WebPage\",\"@id\":\"https:\/\/www.refrigerantboys.com\/fr\/acheter\/outils\/robinet-a-bille-1-2-%e2%80%b3sx-x-1-4-%e2%80%b3-pour-bouteilles-de-1-2-kg\/\",\"url\":\"https:\/\/www.refrigerantboys.com\/fr\/acheter\/outils\/robinet-a-bille-1-2-%e2%80%b3sx-x-1-4-%e2%80%b3-pour-bouteilles-de-1-2-kg\/\",\"name\":\"Robinet \u00e0 bille 1\/2 \u2033SX x 1\/4 \u2033 pour bouteilles de 1 - 2 kg | Refrigerant Boys\",\"isPartOf\":{\"@id\":\"https:\/\/www.refrigerantboys.com\/fr\/#website\"},\"datePublished\":\"2017-10-28T22:45:38+00:00\",\"dateModified\":\"2022-12-06T12:23:28+00:00\",\"breadcrumb\":{\"@id\":\"https:\/\/www.refrigerantboys.com\/fr\/acheter\/outils\/robinet-a-bille-1-2-%e2%80%b3sx-x-1-4-%e2%80%b3-pour-bouteilles-de-1-2-kg\/#breadcrumb\"},\"inLanguage\":\"fr-FR\",\"potentialAction\":[{\"@type\":\"ReadAction\",\"target\":[\"https:\/\/www.refrigerantboys.com\/fr\/acheter\/outils\/robinet-a-bille-1-2-%e2%80%b3sx-x-1-4-%e2%80%b3-pour-bouteilles-de-1-2-kg\/\"]}]},{\"@type\":\"BreadcrumbList\",\"@id\":\"https:\/\/www.refrigerantboys.com\/fr\/acheter\/outils\/robinet-a-bille-1-2-%e2%80%b3sx-x-1-4-%e2%80%b3-pour-bouteilles-de-1-2-kg\/#breadcrumb\",\"itemListElement\":[{\"@type\":\"ListItem\",\"position\":1,\"name\":\"Home\",\"item\":\"https:\/\/www.refrigerantboys.com\/fr\/\"},{\"@type\":\"ListItem\",\"position\":2,\"name\":\"Boutique\",\"item\":\"https:\/\/www.refrigerantboys.com\/fr\/boutique\/\"},{\"@type\":\"ListItem\",\"position\":3,\"name\":\"Robinet \u00e0 bille 1\/2 \u2033SX x 1\/4 \u2033 pour bouteilles de 1 &#8211; 2 kg\"}]},{\"@type\":\"WebSite\",\"@id\":\"https:\/\/www.refrigerantboys.com\/fr\/#website\",\"url\":\"https:\/\/www.refrigerantboys.com\/fr\/\",\"name\":\"Refrigerant Boys\",\"description\":\"Vendita gas refrigeranti\",\"potentialAction\":[{\"@type\":\"SearchAction\",\"target\":{\"@type\":\"EntryPoint\",\"urlTemplate\":\"https:\/\/www.refrigerantboys.com\/fr\/?s={search_term_string}\"},\"query-input\":\"required name=search_term_string\"}],\"inLanguage\":\"fr-FR\"}]}<\/script>\n<!-- \/ Yoast SEO plugin. -->","yoast_head_json":{"title":"Robinet \u00e0 bille 1\/2 \u2033SX x 1\/4 \u2033 pour bouteilles de 1 - 2 kg | Refrigerant Boys","robots":{"index":"index","follow":"follow","max-snippet":"max-snippet:-1","max-image-preview":"max-image-preview:large","max-video-preview":"max-video-preview:-1"},"canonical":"https:\/\/www.refrigerantboys.com\/fr\/acheter\/outils\/robinet-a-bille-1-2-%e2%80%b3sx-x-1-4-%e2%80%b3-pour-bouteilles-de-1-2-kg\/","og_locale":"fr_FR","og_type":"article","og_title":"Robinet \u00e0 bille 1\/2 \u2033SX x 1\/4 \u2033 pour bouteilles de 1 - 2 kg | Refrigerant Boys","og_url":"https:\/\/www.refrigerantboys.com\/fr\/acheter\/outils\/robinet-a-bille-1-2-%e2%80%b3sx-x-1-4-%e2%80%b3-pour-bouteilles-de-1-2-kg\/","og_site_name":"Refrigerant Boys","article_modified_time":"2022-12-06T12:23:28+00:00","og_image":[{"width":291,"height":397,"url":"https:\/\/www.refrigerantboys.com\/wp-content\/uploads\/2019\/03\/RU12.png","type":"image\/png"}],"twitter_card":"summary_large_image","twitter_misc":{"Dur\u00e9e de lecture estim\u00e9e":"1 minute"},"schema":{"@context":"https:\/\/schema.org","@graph":[{"@type":"WebPage","@id":"https:\/\/www.refrigerantboys.com\/fr\/acheter\/outils\/robinet-a-bille-1-2-%e2%80%b3sx-x-1-4-%e2%80%b3-pour-bouteilles-de-1-2-kg\/","url":"https:\/\/www.refrigerantboys.com\/fr\/acheter\/outils\/robinet-a-bille-1-2-%e2%80%b3sx-x-1-4-%e2%80%b3-pour-bouteilles-de-1-2-kg\/","name":"Robinet \u00e0 bille 1\/2 \u2033SX x 1\/4 \u2033 pour bouteilles de 1 - 2 kg | Refrigerant Boys","isPartOf":{"@id":"https:\/\/www.refrigerantboys.com\/fr\/#website"},"datePublished":"2017-10-28T22:45:38+00:00","dateModified":"2022-12-06T12:23:28+00:00","breadcrumb":{"@id":"https:\/\/www.refrigerantboys.com\/fr\/acheter\/outils\/robinet-a-bille-1-2-%e2%80%b3sx-x-1-4-%e2%80%b3-pour-bouteilles-de-1-2-kg\/#breadcrumb"},"inLanguage":"fr-FR","potentialAction":[{"@type":"ReadAction","target":["https:\/\/www.refrigerantboys.com\/fr\/acheter\/outils\/robinet-a-bille-1-2-%e2%80%b3sx-x-1-4-%e2%80%b3-pour-bouteilles-de-1-2-kg\/"]}]},{"@type":"BreadcrumbList","@id":"https:\/\/www.refrigerantboys.com\/fr\/acheter\/outils\/robinet-a-bille-1-2-%e2%80%b3sx-x-1-4-%e2%80%b3-pour-bouteilles-de-1-2-kg\/#breadcrumb","itemListElement":[{"@type":"ListItem","position":1,"name":"Home","item":"https:\/\/www.refrigerantboys.com\/fr\/"},{"@type":"ListItem","position":2,"name":"Boutique","item":"https:\/\/www.refrigerantboys.com\/fr\/boutique\/"},{"@type":"ListItem","position":3,"name":"Robinet \u00e0 bille 1\/2 \u2033SX x 1\/4 \u2033 pour bouteilles de 1 &#8211; 2 kg"}]},{"@type":"WebSite","@id":"https:\/\/www.refrigerantboys.com\/fr\/#website","url":"https:\/\/www.refrigerantboys.com\/fr\/","name":"Refrigerant Boys","description":"Vendita gas refrigeranti","potentialAction":[{"@type":"SearchAction","target":{"@type":"EntryPoint","urlTemplate":"https:\/\/www.refrigerantboys.com\/fr\/?s={search_term_string}"},"query-input":"required name=search_term_string"}],"inLanguage":"fr-FR"}]}},"_links":{"self":[{"href":"https:\/\/www.refrigerantboys.com\/fr\/wp-json\/wp\/v2\/product\/2991"}],"collection":[{"href":"https:\/\/www.refrigerantboys.com\/fr\/wp-json\/wp\/v2\/product"}],"about":[{"href":"https:\/\/www.refrigerantboys.com\/fr\/wp-json\/wp\/v2\/types\/product"}],"wp:featuredmedia":[{"embeddable":true,"href":"https:\/\/www.refrigerantboys.com\/fr\/wp-json\/wp\/v2\/media\/49981"}],"wp:attachment":[{"href":"https:\/\/www.refrigerantboys.com\/fr\/wp-json\/wp\/v2\/media?parent=2991"}],"wp:term":[{"taxonomy":"product_cat","embeddable":true,"href":"https:\/\/www.refrigerantboys.com\/fr\/wp-json\/wp\/v2\/product_cat?post=2991"},{"taxonomy":"product_tag","embeddable":true,"href":"https:\/\/www.refrigerantboys.com\/fr\/wp-json\/wp\/v2\/product_tag?post=2991"}],"curies":[{"name":"wp","href":"https:\/\/api.w.org\/{rel}","templated":true}]}}