{"id":2944,"date":"2017-10-28T22:46:03","date_gmt":"2017-10-28T22:46:03","guid":{"rendered":"https:\/\/www.refrigerantboys.com\/non%20class\u00e9\/ideatv\/"},"modified":"2022-04-06T21:10:54","modified_gmt":"2022-04-06T20:10:54","slug":"ideatronic-avec-pompe-a-vide-systeme-digital-pour-diagnositc-charge-et-vide","status":"publish","type":"product","link":"https:\/\/www.refrigerantboys.com\/fr\/acheter\/outils\/ideatronic-avec-pompe-a-vide-systeme-digital-pour-diagnositc-charge-et-vide\/","title":{"rendered":"Ideatronic avec pompe \u00e0 vide &#8211; Syst\u00e8me digital pour diagnositc, charge et vide"},"content":{"rendered":"<p>Syst\u00e8me digital compl\u00e8te de pompe \u00e0 vide et valise. Il est appropri\u00e9 pour le diagnostic, la charge e le vide des syst\u00e8mes de climatisation et r\u00e9frig\u00e9ration. L&#8217;encombrement faible de cette outil permet de travailler en positions inconfortables ou difficiles \u00e0 atteindre avec des \u00e9quipements traditionnels.<\/p>\n","protected":false},"excerpt":{"rendered":"<p><iframe loading=\"lazy\" title=\"YouTube video player\" src=\"https:\/\/www.youtube.com\/embed\/kjeRin0GGHw\" width=\"300\" height=\"200\" frameborder=\"0\" allowfullscreen=\"allowfullscreen\"><\/iframe><\/p>\n","protected":false},"featured_media":50232,"template":"","meta":[],"product_cat":[146],"product_tag":[],"acf":{"ai_note":""},"yoast_head":"<!-- This site is optimized with the Yoast SEO plugin v20.2 - https:\/\/yoast.com\/wordpress\/plugins\/seo\/ -->\n<title>Ideatronic avec pompe \u00e0 vide - Syst\u00e8me digital pour diagnositc, charge et vide | Refrigerant Boys<\/title>\n<meta name=\"robots\" content=\"index, follow, max-snippet:-1, max-image-preview:large, max-video-preview:-1\" \/>\n<link rel=\"canonical\" href=\"https:\/\/www.refrigerantboys.com\/fr\/acheter\/outils\/ideatronic-avec-pompe-a-vide-systeme-digital-pour-diagnositc-charge-et-vide\/\" \/>\n<meta property=\"og:locale\" content=\"fr_FR\" \/>\n<meta property=\"og:type\" content=\"article\" \/>\n<meta property=\"og:title\" content=\"Ideatronic avec pompe \u00e0 vide - Syst\u00e8me digital pour diagnositc, charge et vide | Refrigerant Boys\" \/>\n<meta property=\"og:url\" content=\"https:\/\/www.refrigerantboys.com\/fr\/acheter\/outils\/ideatronic-avec-pompe-a-vide-systeme-digital-pour-diagnositc-charge-et-vide\/\" \/>\n<meta property=\"og:site_name\" content=\"Refrigerant Boys\" \/>\n<meta property=\"article:modified_time\" content=\"2022-04-06T20:10:54+00:00\" \/>\n<meta property=\"og:image\" content=\"https:\/\/www.refrigerantboys.com\/wp-content\/uploads\/2017\/10\/idet-v.jpg\" \/>\n\t<meta property=\"og:image:width\" content=\"584\" \/>\n\t<meta property=\"og:image:height\" content=\"967\" \/>\n\t<meta property=\"og:image:type\" content=\"image\/jpeg\" \/>\n<meta name=\"twitter:card\" content=\"summary_large_image\" \/>\n<script type=\"application\/ld+json\" class=\"yoast-schema-graph\">{\"@context\":\"https:\/\/schema.org\",\"@graph\":[{\"@type\":\"WebPage\",\"@id\":\"https:\/\/www.refrigerantboys.com\/fr\/acheter\/outils\/ideatronic-avec-pompe-a-vide-systeme-digital-pour-diagnositc-charge-et-vide\/\",\"url\":\"https:\/\/www.refrigerantboys.com\/fr\/acheter\/outils\/ideatronic-avec-pompe-a-vide-systeme-digital-pour-diagnositc-charge-et-vide\/\",\"name\":\"Ideatronic avec pompe \u00e0 vide - Syst\u00e8me digital pour diagnositc, charge et vide | Refrigerant Boys\",\"isPartOf\":{\"@id\":\"https:\/\/www.refrigerantboys.com\/fr\/#website\"},\"datePublished\":\"2017-10-28T22:46:03+00:00\",\"dateModified\":\"2022-04-06T20:10:54+00:00\",\"breadcrumb\":{\"@id\":\"https:\/\/www.refrigerantboys.com\/fr\/acheter\/outils\/ideatronic-avec-pompe-a-vide-systeme-digital-pour-diagnositc-charge-et-vide\/#breadcrumb\"},\"inLanguage\":\"fr-FR\",\"potentialAction\":[{\"@type\":\"ReadAction\",\"target\":[\"https:\/\/www.refrigerantboys.com\/fr\/acheter\/outils\/ideatronic-avec-pompe-a-vide-systeme-digital-pour-diagnositc-charge-et-vide\/\"]}]},{\"@type\":\"BreadcrumbList\",\"@id\":\"https:\/\/www.refrigerantboys.com\/fr\/acheter\/outils\/ideatronic-avec-pompe-a-vide-systeme-digital-pour-diagnositc-charge-et-vide\/#breadcrumb\",\"itemListElement\":[{\"@type\":\"ListItem\",\"position\":1,\"name\":\"Home\",\"item\":\"https:\/\/www.refrigerantboys.com\/fr\/\"},{\"@type\":\"ListItem\",\"position\":2,\"name\":\"Boutique\",\"item\":\"https:\/\/www.refrigerantboys.com\/fr\/boutique\/\"},{\"@type\":\"ListItem\",\"position\":3,\"name\":\"Ideatronic avec pompe \u00e0 vide &#8211; Syst\u00e8me digital pour diagnositc, charge et vide\"}]},{\"@type\":\"WebSite\",\"@id\":\"https:\/\/www.refrigerantboys.com\/fr\/#website\",\"url\":\"https:\/\/www.refrigerantboys.com\/fr\/\",\"name\":\"Refrigerant Boys\",\"description\":\"Vendita gas refrigeranti\",\"potentialAction\":[{\"@type\":\"SearchAction\",\"target\":{\"@type\":\"EntryPoint\",\"urlTemplate\":\"https:\/\/www.refrigerantboys.com\/fr\/?s={search_term_string}\"},\"query-input\":\"required name=search_term_string\"}],\"inLanguage\":\"fr-FR\"}]}<\/script>\n<!-- \/ Yoast SEO plugin. -->","yoast_head_json":{"title":"Ideatronic avec pompe \u00e0 vide - Syst\u00e8me digital pour diagnositc, charge et vide | Refrigerant Boys","robots":{"index":"index","follow":"follow","max-snippet":"max-snippet:-1","max-image-preview":"max-image-preview:large","max-video-preview":"max-video-preview:-1"},"canonical":"https:\/\/www.refrigerantboys.com\/fr\/acheter\/outils\/ideatronic-avec-pompe-a-vide-systeme-digital-pour-diagnositc-charge-et-vide\/","og_locale":"fr_FR","og_type":"article","og_title":"Ideatronic avec pompe \u00e0 vide - Syst\u00e8me digital pour diagnositc, charge et vide | Refrigerant Boys","og_url":"https:\/\/www.refrigerantboys.com\/fr\/acheter\/outils\/ideatronic-avec-pompe-a-vide-systeme-digital-pour-diagnositc-charge-et-vide\/","og_site_name":"Refrigerant Boys","article_modified_time":"2022-04-06T20:10:54+00:00","og_image":[{"width":584,"height":967,"url":"https:\/\/www.refrigerantboys.com\/wp-content\/uploads\/2017\/10\/idet-v.jpg","type":"image\/jpeg"}],"twitter_card":"summary_large_image","schema":{"@context":"https:\/\/schema.org","@graph":[{"@type":"WebPage","@id":"https:\/\/www.refrigerantboys.com\/fr\/acheter\/outils\/ideatronic-avec-pompe-a-vide-systeme-digital-pour-diagnositc-charge-et-vide\/","url":"https:\/\/www.refrigerantboys.com\/fr\/acheter\/outils\/ideatronic-avec-pompe-a-vide-systeme-digital-pour-diagnositc-charge-et-vide\/","name":"Ideatronic avec pompe \u00e0 vide - Syst\u00e8me digital pour diagnositc, charge et vide | Refrigerant Boys","isPartOf":{"@id":"https:\/\/www.refrigerantboys.com\/fr\/#website"},"datePublished":"2017-10-28T22:46:03+00:00","dateModified":"2022-04-06T20:10:54+00:00","breadcrumb":{"@id":"https:\/\/www.refrigerantboys.com\/fr\/acheter\/outils\/ideatronic-avec-pompe-a-vide-systeme-digital-pour-diagnositc-charge-et-vide\/#breadcrumb"},"inLanguage":"fr-FR","potentialAction":[{"@type":"ReadAction","target":["https:\/\/www.refrigerantboys.com\/fr\/acheter\/outils\/ideatronic-avec-pompe-a-vide-systeme-digital-pour-diagnositc-charge-et-vide\/"]}]},{"@type":"BreadcrumbList","@id":"https:\/\/www.refrigerantboys.com\/fr\/acheter\/outils\/ideatronic-avec-pompe-a-vide-systeme-digital-pour-diagnositc-charge-et-vide\/#breadcrumb","itemListElement":[{"@type":"ListItem","position":1,"name":"Home","item":"https:\/\/www.refrigerantboys.com\/fr\/"},{"@type":"ListItem","position":2,"name":"Boutique","item":"https:\/\/www.refrigerantboys.com\/fr\/boutique\/"},{"@type":"ListItem","position":3,"name":"Ideatronic avec pompe \u00e0 vide &#8211; Syst\u00e8me digital pour diagnositc, charge et vide"}]},{"@type":"WebSite","@id":"https:\/\/www.refrigerantboys.com\/fr\/#website","url":"https:\/\/www.refrigerantboys.com\/fr\/","name":"Refrigerant Boys","description":"Vendita gas refrigeranti","potentialAction":[{"@type":"SearchAction","target":{"@type":"EntryPoint","urlTemplate":"https:\/\/www.refrigerantboys.com\/fr\/?s={search_term_string}"},"query-input":"required name=search_term_string"}],"inLanguage":"fr-FR"}]}},"_links":{"self":[{"href":"https:\/\/www.refrigerantboys.com\/fr\/wp-json\/wp\/v2\/product\/2944"}],"collection":[{"href":"https:\/\/www.refrigerantboys.com\/fr\/wp-json\/wp\/v2\/product"}],"about":[{"href":"https:\/\/www.refrigerantboys.com\/fr\/wp-json\/wp\/v2\/types\/product"}],"wp:featuredmedia":[{"embeddable":true,"href":"https:\/\/www.refrigerantboys.com\/fr\/wp-json\/wp\/v2\/media\/50232"}],"wp:attachment":[{"href":"https:\/\/www.refrigerantboys.com\/fr\/wp-json\/wp\/v2\/media?parent=2944"}],"wp:term":[{"taxonomy":"product_cat","embeddable":true,"href":"https:\/\/www.refrigerantboys.com\/fr\/wp-json\/wp\/v2\/product_cat?post=2944"},{"taxonomy":"product_tag","embeddable":true,"href":"https:\/\/www.refrigerantboys.com\/fr\/wp-json\/wp\/v2\/product_tag?post=2944"}],"curies":[{"name":"wp","href":"https:\/\/api.w.org\/{rel}","templated":true}]}}