{"id":2871,"date":"2017-10-28T22:48:33","date_gmt":"2017-10-28T22:48:33","guid":{"rendered":"https:\/\/www.refrigerantboys.com\/non%20class\u00e9\/bb450ms\/"},"modified":"2021-06-21T13:06:47","modified_gmt":"2021-06-21T12:06:47","slug":"cylindre-450-gr-gaz-pour-le-soudage","status":"publish","type":"product","link":"https:\/\/www.refrigerantboys.com\/fr\/acheter\/outils\/cylindre-450-gr-gaz-pour-le-soudage\/","title":{"rendered":"Cylindre 450 gr gaz pour le soudage"},"content":{"rendered":"<p>UN 1965 bouteilles de gaz 450 g de m\u00e9langes de gaz d&#8217;hydrocarbures pour le soudage peuvent atteindre des temp\u00e9ratures sup\u00e9rieures \u00e0 2500 \u00b0 C Produit en Italie<\/p>\n<p><iframe loading=\"lazy\" src=\"http:\/\/www.youtube.com\/embed\/yjIL3z6O9wI\" width=\"\" height=\"\"><\/iframe><\/p>\n<p>&#8220;<\/p>\n","protected":false},"excerpt":{"rendered":"<p>UN 1965 bouteilles de gaz 450 g de m\u00e9langes de gaz d&#8217;hydrocarbures pour le soudage peuvent atteindre des temp\u00e9ratures sup\u00e9rieures \u00e0 2500 \u00b0 C Produit en Italie &#8220;<\/p>\n","protected":false},"featured_media":50494,"template":"","meta":[],"product_cat":[146],"product_tag":[],"acf":{"ai_note":""},"yoast_head":"<!-- This site is optimized with the Yoast SEO plugin v20.2 - https:\/\/yoast.com\/wordpress\/plugins\/seo\/ -->\n<title>Cylindre 450 gr gaz pour le soudage | Refrigerant Boys<\/title>\n<meta name=\"description\" content=\"UN 1965 bouteilles de gaz 450 g de m\u00e9langes de gaz d&#039;hydrocarbures pour le soudage peuvent atteindre des temp\u00e9ratures sup\u00e9rieures \u00e0 2500 \u00b0 C Produit en\" \/>\n<meta name=\"robots\" content=\"index, follow, max-snippet:-1, max-image-preview:large, max-video-preview:-1\" \/>\n<link rel=\"canonical\" href=\"https:\/\/www.refrigerantboys.com\/fr\/acheter\/outils\/cylindre-450-gr-gaz-pour-le-soudage\/\" \/>\n<meta property=\"og:locale\" content=\"fr_FR\" \/>\n<meta property=\"og:type\" content=\"article\" \/>\n<meta property=\"og:title\" content=\"Cylindre 450 gr gaz pour le soudage | Refrigerant Boys\" \/>\n<meta property=\"og:description\" content=\"UN 1965 bouteilles de gaz 450 g de m\u00e9langes de gaz d&#039;hydrocarbures pour le soudage peuvent atteindre des temp\u00e9ratures sup\u00e9rieures \u00e0 2500 \u00b0 C Produit en\" \/>\n<meta property=\"og:url\" content=\"https:\/\/www.refrigerantboys.com\/fr\/acheter\/outils\/cylindre-450-gr-gaz-pour-le-soudage\/\" \/>\n<meta property=\"og:site_name\" content=\"Refrigerant Boys\" \/>\n<meta property=\"article:modified_time\" content=\"2021-06-21T12:06:47+00:00\" \/>\n<meta property=\"og:image\" content=\"https:\/\/www.refrigerantboys.com\/wp-content\/uploads\/2017\/10\/BB450MS.png\" \/>\n\t<meta property=\"og:image:width\" content=\"498\" \/>\n\t<meta property=\"og:image:height\" content=\"627\" \/>\n\t<meta property=\"og:image:type\" content=\"image\/png\" \/>\n<meta name=\"twitter:card\" content=\"summary_large_image\" \/>\n<script type=\"application\/ld+json\" class=\"yoast-schema-graph\">{\"@context\":\"https:\/\/schema.org\",\"@graph\":[{\"@type\":\"WebPage\",\"@id\":\"https:\/\/www.refrigerantboys.com\/fr\/acheter\/outils\/cylindre-450-gr-gaz-pour-le-soudage\/\",\"url\":\"https:\/\/www.refrigerantboys.com\/fr\/acheter\/outils\/cylindre-450-gr-gaz-pour-le-soudage\/\",\"name\":\"Cylindre 450 gr gaz pour le soudage | Refrigerant Boys\",\"isPartOf\":{\"@id\":\"https:\/\/www.refrigerantboys.com\/fr\/#website\"},\"datePublished\":\"2017-10-28T22:48:33+00:00\",\"dateModified\":\"2021-06-21T12:06:47+00:00\",\"description\":\"UN 1965 bouteilles de gaz 450 g de m\u00e9langes de gaz d'hydrocarbures pour le soudage peuvent atteindre des temp\u00e9ratures sup\u00e9rieures \u00e0 2500 \u00b0 C Produit en\",\"breadcrumb\":{\"@id\":\"https:\/\/www.refrigerantboys.com\/fr\/acheter\/outils\/cylindre-450-gr-gaz-pour-le-soudage\/#breadcrumb\"},\"inLanguage\":\"fr-FR\",\"potentialAction\":[{\"@type\":\"ReadAction\",\"target\":[\"https:\/\/www.refrigerantboys.com\/fr\/acheter\/outils\/cylindre-450-gr-gaz-pour-le-soudage\/\"]}]},{\"@type\":\"BreadcrumbList\",\"@id\":\"https:\/\/www.refrigerantboys.com\/fr\/acheter\/outils\/cylindre-450-gr-gaz-pour-le-soudage\/#breadcrumb\",\"itemListElement\":[{\"@type\":\"ListItem\",\"position\":1,\"name\":\"Home\",\"item\":\"https:\/\/www.refrigerantboys.com\/fr\/\"},{\"@type\":\"ListItem\",\"position\":2,\"name\":\"Boutique\",\"item\":\"https:\/\/www.refrigerantboys.com\/fr\/boutique\/\"},{\"@type\":\"ListItem\",\"position\":3,\"name\":\"Cylindre 450 gr gaz pour le soudage\"}]},{\"@type\":\"WebSite\",\"@id\":\"https:\/\/www.refrigerantboys.com\/fr\/#website\",\"url\":\"https:\/\/www.refrigerantboys.com\/fr\/\",\"name\":\"Refrigerant Boys\",\"description\":\"Vendita gas refrigeranti\",\"potentialAction\":[{\"@type\":\"SearchAction\",\"target\":{\"@type\":\"EntryPoint\",\"urlTemplate\":\"https:\/\/www.refrigerantboys.com\/fr\/?s={search_term_string}\"},\"query-input\":\"required name=search_term_string\"}],\"inLanguage\":\"fr-FR\"}]}<\/script>\n<!-- \/ Yoast SEO plugin. -->","yoast_head_json":{"title":"Cylindre 450 gr gaz pour le soudage | Refrigerant Boys","description":"UN 1965 bouteilles de gaz 450 g de m\u00e9langes de gaz d'hydrocarbures pour le soudage peuvent atteindre des temp\u00e9ratures sup\u00e9rieures \u00e0 2500 \u00b0 C Produit en","robots":{"index":"index","follow":"follow","max-snippet":"max-snippet:-1","max-image-preview":"max-image-preview:large","max-video-preview":"max-video-preview:-1"},"canonical":"https:\/\/www.refrigerantboys.com\/fr\/acheter\/outils\/cylindre-450-gr-gaz-pour-le-soudage\/","og_locale":"fr_FR","og_type":"article","og_title":"Cylindre 450 gr gaz pour le soudage | Refrigerant Boys","og_description":"UN 1965 bouteilles de gaz 450 g de m\u00e9langes de gaz d'hydrocarbures pour le soudage peuvent atteindre des temp\u00e9ratures sup\u00e9rieures \u00e0 2500 \u00b0 C Produit en","og_url":"https:\/\/www.refrigerantboys.com\/fr\/acheter\/outils\/cylindre-450-gr-gaz-pour-le-soudage\/","og_site_name":"Refrigerant Boys","article_modified_time":"2021-06-21T12:06:47+00:00","og_image":[{"width":498,"height":627,"url":"https:\/\/www.refrigerantboys.com\/wp-content\/uploads\/2017\/10\/BB450MS.png","type":"image\/png"}],"twitter_card":"summary_large_image","schema":{"@context":"https:\/\/schema.org","@graph":[{"@type":"WebPage","@id":"https:\/\/www.refrigerantboys.com\/fr\/acheter\/outils\/cylindre-450-gr-gaz-pour-le-soudage\/","url":"https:\/\/www.refrigerantboys.com\/fr\/acheter\/outils\/cylindre-450-gr-gaz-pour-le-soudage\/","name":"Cylindre 450 gr gaz pour le soudage | Refrigerant Boys","isPartOf":{"@id":"https:\/\/www.refrigerantboys.com\/fr\/#website"},"datePublished":"2017-10-28T22:48:33+00:00","dateModified":"2021-06-21T12:06:47+00:00","description":"UN 1965 bouteilles de gaz 450 g de m\u00e9langes de gaz d'hydrocarbures pour le soudage peuvent atteindre des temp\u00e9ratures sup\u00e9rieures \u00e0 2500 \u00b0 C Produit en","breadcrumb":{"@id":"https:\/\/www.refrigerantboys.com\/fr\/acheter\/outils\/cylindre-450-gr-gaz-pour-le-soudage\/#breadcrumb"},"inLanguage":"fr-FR","potentialAction":[{"@type":"ReadAction","target":["https:\/\/www.refrigerantboys.com\/fr\/acheter\/outils\/cylindre-450-gr-gaz-pour-le-soudage\/"]}]},{"@type":"BreadcrumbList","@id":"https:\/\/www.refrigerantboys.com\/fr\/acheter\/outils\/cylindre-450-gr-gaz-pour-le-soudage\/#breadcrumb","itemListElement":[{"@type":"ListItem","position":1,"name":"Home","item":"https:\/\/www.refrigerantboys.com\/fr\/"},{"@type":"ListItem","position":2,"name":"Boutique","item":"https:\/\/www.refrigerantboys.com\/fr\/boutique\/"},{"@type":"ListItem","position":3,"name":"Cylindre 450 gr gaz pour le soudage"}]},{"@type":"WebSite","@id":"https:\/\/www.refrigerantboys.com\/fr\/#website","url":"https:\/\/www.refrigerantboys.com\/fr\/","name":"Refrigerant Boys","description":"Vendita gas refrigeranti","potentialAction":[{"@type":"SearchAction","target":{"@type":"EntryPoint","urlTemplate":"https:\/\/www.refrigerantboys.com\/fr\/?s={search_term_string}"},"query-input":"required name=search_term_string"}],"inLanguage":"fr-FR"}]}},"_links":{"self":[{"href":"https:\/\/www.refrigerantboys.com\/fr\/wp-json\/wp\/v2\/product\/2871"}],"collection":[{"href":"https:\/\/www.refrigerantboys.com\/fr\/wp-json\/wp\/v2\/product"}],"about":[{"href":"https:\/\/www.refrigerantboys.com\/fr\/wp-json\/wp\/v2\/types\/product"}],"wp:featuredmedia":[{"embeddable":true,"href":"https:\/\/www.refrigerantboys.com\/fr\/wp-json\/wp\/v2\/media\/50494"}],"wp:attachment":[{"href":"https:\/\/www.refrigerantboys.com\/fr\/wp-json\/wp\/v2\/media?parent=2871"}],"wp:term":[{"taxonomy":"product_cat","embeddable":true,"href":"https:\/\/www.refrigerantboys.com\/fr\/wp-json\/wp\/v2\/product_cat?post=2871"},{"taxonomy":"product_tag","embeddable":true,"href":"https:\/\/www.refrigerantboys.com\/fr\/wp-json\/wp\/v2\/product_tag?post=2871"}],"curies":[{"name":"wp","href":"https:\/\/api.w.org\/{rel}","templated":true}]}}