{"id":2821,"date":"2017-10-28T22:49:28","date_gmt":"2017-10-28T22:49:28","guid":{"rendered":"https:\/\/www.refrigerantboys.com\/non%20class\u00e9\/k747\/"},"modified":"2023-05-25T10:31:17","modified_gmt":"2023-05-25T08:31:17","slug":"kit-wash-a-c-et-systemes-de-refroidissement","status":"publish","type":"product","link":"https:\/\/www.refrigerantboys.com\/fr\/acheter\/outils\/kit-wash-a-c-et-systemes-de-refroidissement\/","title":{"rendered":"KIT DE RIN\u00c7AGE DES SYST\u00c8MES DE CLIMATISATION ET DE R\u00c9FRIG\u00c9RATION"},"content":{"rendered":"<p>Kit de rin\u00e7age pour climatiseurs de voiture et climatiseurs. Calibr\u00e9 \u00e0 une pression de 10 bars, il peut \u00e9liminer en profondeur les impuret\u00e9s et les r\u00e9sidus d&#8217;huile du syst\u00e8me. Son faible poids permet de l&#8217;utiliser m\u00eame dans des situations difficiles.<\/p>\n<p><strong><span style=\"color: #339966;\">Le kit comprend<\/span><\/strong><br \/>\nR\u00e9ducteur de pression 10 bar<br \/>\nCartouche d&#8217;azote <a href=\"https:\/\/www.refrigerantboys.com\/fr\/acheter\/outils\/bombola-monouso-di-azoto-110-bar-095-lt\/\">AZ110<\/a><br \/>\nTuyau de 60 cm avec embout pour le raccordement \u00e0 la bouteille de liquide de lavage<\/p>\n<p>Bouteille de 500 ml pour le liquide vaisselle (vide)<\/p>\n","protected":false},"excerpt":{"rendered":"<p>Kit de rin\u00e7age pour climatiseurs de voiture et climatiseurs. Calibr\u00e9 \u00e0 une pression de 10 bars, il peut \u00e9liminer en profondeur les impuret\u00e9s et les r\u00e9sidus d&#8217;huile du syst\u00e8me. Son faible poids permet de l&#8217;utiliser m\u00eame dans des situations difficiles. Le kit comprend R\u00e9ducteur de pression 10 bar Cartouche d&#8217;azote AZ110 Tuyau de 60 cm [&hellip;]<\/p>\n","protected":false},"featured_media":1163,"template":"","meta":[],"product_cat":[146],"product_tag":[],"acf":{"ai_note":""},"yoast_head":"<!-- This site is optimized with the Yoast SEO plugin v20.2 - https:\/\/yoast.com\/wordpress\/plugins\/seo\/ -->\n<title>KIT DE RIN\u00c7AGE DES SYST\u00c8MES DE CLIMATISATION ET DE R\u00c9FRIG\u00c9RATION | Refrigerant Boys<\/title>\n<meta name=\"description\" content=\"Kit de rin\u00e7age pour climatiseurs de voiture et climatiseurs. Calibr\u00e9 \u00e0 une pression de 10 bars, il peut \u00e9liminer en profondeur les impuret\u00e9s et les\" \/>\n<meta name=\"robots\" content=\"index, follow, max-snippet:-1, max-image-preview:large, max-video-preview:-1\" \/>\n<link rel=\"canonical\" href=\"https:\/\/www.refrigerantboys.com\/fr\/acheter\/outils\/kit-wash-a-c-et-systemes-de-refroidissement\/\" \/>\n<meta property=\"og:locale\" content=\"fr_FR\" \/>\n<meta property=\"og:type\" content=\"article\" \/>\n<meta property=\"og:title\" content=\"KIT DE RIN\u00c7AGE DES SYST\u00c8MES DE CLIMATISATION ET DE R\u00c9FRIG\u00c9RATION | Refrigerant Boys\" \/>\n<meta property=\"og:description\" content=\"Kit de rin\u00e7age pour climatiseurs de voiture et climatiseurs. Calibr\u00e9 \u00e0 une pression de 10 bars, il peut \u00e9liminer en profondeur les impuret\u00e9s et les\" \/>\n<meta property=\"og:url\" content=\"https:\/\/www.refrigerantboys.com\/fr\/acheter\/outils\/kit-wash-a-c-et-systemes-de-refroidissement\/\" \/>\n<meta property=\"og:site_name\" content=\"Refrigerant Boys\" \/>\n<meta property=\"article:modified_time\" content=\"2023-05-25T08:31:17+00:00\" \/>\n<meta property=\"og:image\" content=\"https:\/\/www.refrigerantboys.com\/wp-content\/uploads\/2017\/10\/0001601_0-1.jpeg\" \/>\n\t<meta property=\"og:image:width\" content=\"960\" \/>\n\t<meta property=\"og:image:height\" content=\"1209\" \/>\n\t<meta property=\"og:image:type\" content=\"image\/jpeg\" \/>\n<meta name=\"twitter:card\" content=\"summary_large_image\" \/>\n<script type=\"application\/ld+json\" class=\"yoast-schema-graph\">{\"@context\":\"https:\/\/schema.org\",\"@graph\":[{\"@type\":\"WebPage\",\"@id\":\"https:\/\/www.refrigerantboys.com\/fr\/acheter\/outils\/kit-wash-a-c-et-systemes-de-refroidissement\/\",\"url\":\"https:\/\/www.refrigerantboys.com\/fr\/acheter\/outils\/kit-wash-a-c-et-systemes-de-refroidissement\/\",\"name\":\"KIT DE RIN\u00c7AGE DES SYST\u00c8MES DE CLIMATISATION ET DE R\u00c9FRIG\u00c9RATION | Refrigerant Boys\",\"isPartOf\":{\"@id\":\"https:\/\/www.refrigerantboys.com\/fr\/#website\"},\"datePublished\":\"2017-10-28T22:49:28+00:00\",\"dateModified\":\"2023-05-25T08:31:17+00:00\",\"description\":\"Kit de rin\u00e7age pour climatiseurs de voiture et climatiseurs. Calibr\u00e9 \u00e0 une pression de 10 bars, il peut \u00e9liminer en profondeur les impuret\u00e9s et les\",\"breadcrumb\":{\"@id\":\"https:\/\/www.refrigerantboys.com\/fr\/acheter\/outils\/kit-wash-a-c-et-systemes-de-refroidissement\/#breadcrumb\"},\"inLanguage\":\"fr-FR\",\"potentialAction\":[{\"@type\":\"ReadAction\",\"target\":[\"https:\/\/www.refrigerantboys.com\/fr\/acheter\/outils\/kit-wash-a-c-et-systemes-de-refroidissement\/\"]}]},{\"@type\":\"BreadcrumbList\",\"@id\":\"https:\/\/www.refrigerantboys.com\/fr\/acheter\/outils\/kit-wash-a-c-et-systemes-de-refroidissement\/#breadcrumb\",\"itemListElement\":[{\"@type\":\"ListItem\",\"position\":1,\"name\":\"Home\",\"item\":\"https:\/\/www.refrigerantboys.com\/fr\/\"},{\"@type\":\"ListItem\",\"position\":2,\"name\":\"Boutique\",\"item\":\"https:\/\/www.refrigerantboys.com\/fr\/boutique\/\"},{\"@type\":\"ListItem\",\"position\":3,\"name\":\"KIT DE RIN\u00c7AGE DES SYST\u00c8MES DE CLIMATISATION ET DE R\u00c9FRIG\u00c9RATION\"}]},{\"@type\":\"WebSite\",\"@id\":\"https:\/\/www.refrigerantboys.com\/fr\/#website\",\"url\":\"https:\/\/www.refrigerantboys.com\/fr\/\",\"name\":\"Refrigerant Boys\",\"description\":\"Vendita gas refrigeranti\",\"potentialAction\":[{\"@type\":\"SearchAction\",\"target\":{\"@type\":\"EntryPoint\",\"urlTemplate\":\"https:\/\/www.refrigerantboys.com\/fr\/?s={search_term_string}\"},\"query-input\":\"required name=search_term_string\"}],\"inLanguage\":\"fr-FR\"}]}<\/script>\n<!-- \/ Yoast SEO plugin. -->","yoast_head_json":{"title":"KIT DE RIN\u00c7AGE DES SYST\u00c8MES DE CLIMATISATION ET DE R\u00c9FRIG\u00c9RATION | Refrigerant Boys","description":"Kit de rin\u00e7age pour climatiseurs de voiture et climatiseurs. Calibr\u00e9 \u00e0 une pression de 10 bars, il peut \u00e9liminer en profondeur les impuret\u00e9s et les","robots":{"index":"index","follow":"follow","max-snippet":"max-snippet:-1","max-image-preview":"max-image-preview:large","max-video-preview":"max-video-preview:-1"},"canonical":"https:\/\/www.refrigerantboys.com\/fr\/acheter\/outils\/kit-wash-a-c-et-systemes-de-refroidissement\/","og_locale":"fr_FR","og_type":"article","og_title":"KIT DE RIN\u00c7AGE DES SYST\u00c8MES DE CLIMATISATION ET DE R\u00c9FRIG\u00c9RATION | Refrigerant Boys","og_description":"Kit de rin\u00e7age pour climatiseurs de voiture et climatiseurs. Calibr\u00e9 \u00e0 une pression de 10 bars, il peut \u00e9liminer en profondeur les impuret\u00e9s et les","og_url":"https:\/\/www.refrigerantboys.com\/fr\/acheter\/outils\/kit-wash-a-c-et-systemes-de-refroidissement\/","og_site_name":"Refrigerant Boys","article_modified_time":"2023-05-25T08:31:17+00:00","og_image":[{"width":960,"height":1209,"url":"https:\/\/www.refrigerantboys.com\/wp-content\/uploads\/2017\/10\/0001601_0-1.jpeg","type":"image\/jpeg"}],"twitter_card":"summary_large_image","schema":{"@context":"https:\/\/schema.org","@graph":[{"@type":"WebPage","@id":"https:\/\/www.refrigerantboys.com\/fr\/acheter\/outils\/kit-wash-a-c-et-systemes-de-refroidissement\/","url":"https:\/\/www.refrigerantboys.com\/fr\/acheter\/outils\/kit-wash-a-c-et-systemes-de-refroidissement\/","name":"KIT DE RIN\u00c7AGE DES SYST\u00c8MES DE CLIMATISATION ET DE R\u00c9FRIG\u00c9RATION | Refrigerant Boys","isPartOf":{"@id":"https:\/\/www.refrigerantboys.com\/fr\/#website"},"datePublished":"2017-10-28T22:49:28+00:00","dateModified":"2023-05-25T08:31:17+00:00","description":"Kit de rin\u00e7age pour climatiseurs de voiture et climatiseurs. Calibr\u00e9 \u00e0 une pression de 10 bars, il peut \u00e9liminer en profondeur les impuret\u00e9s et les","breadcrumb":{"@id":"https:\/\/www.refrigerantboys.com\/fr\/acheter\/outils\/kit-wash-a-c-et-systemes-de-refroidissement\/#breadcrumb"},"inLanguage":"fr-FR","potentialAction":[{"@type":"ReadAction","target":["https:\/\/www.refrigerantboys.com\/fr\/acheter\/outils\/kit-wash-a-c-et-systemes-de-refroidissement\/"]}]},{"@type":"BreadcrumbList","@id":"https:\/\/www.refrigerantboys.com\/fr\/acheter\/outils\/kit-wash-a-c-et-systemes-de-refroidissement\/#breadcrumb","itemListElement":[{"@type":"ListItem","position":1,"name":"Home","item":"https:\/\/www.refrigerantboys.com\/fr\/"},{"@type":"ListItem","position":2,"name":"Boutique","item":"https:\/\/www.refrigerantboys.com\/fr\/boutique\/"},{"@type":"ListItem","position":3,"name":"KIT DE RIN\u00c7AGE DES SYST\u00c8MES DE CLIMATISATION ET DE R\u00c9FRIG\u00c9RATION"}]},{"@type":"WebSite","@id":"https:\/\/www.refrigerantboys.com\/fr\/#website","url":"https:\/\/www.refrigerantboys.com\/fr\/","name":"Refrigerant Boys","description":"Vendita gas refrigeranti","potentialAction":[{"@type":"SearchAction","target":{"@type":"EntryPoint","urlTemplate":"https:\/\/www.refrigerantboys.com\/fr\/?s={search_term_string}"},"query-input":"required name=search_term_string"}],"inLanguage":"fr-FR"}]}},"_links":{"self":[{"href":"https:\/\/www.refrigerantboys.com\/fr\/wp-json\/wp\/v2\/product\/2821"}],"collection":[{"href":"https:\/\/www.refrigerantboys.com\/fr\/wp-json\/wp\/v2\/product"}],"about":[{"href":"https:\/\/www.refrigerantboys.com\/fr\/wp-json\/wp\/v2\/types\/product"}],"wp:featuredmedia":[{"embeddable":true,"href":"https:\/\/www.refrigerantboys.com\/fr\/wp-json\/wp\/v2\/media\/1163"}],"wp:attachment":[{"href":"https:\/\/www.refrigerantboys.com\/fr\/wp-json\/wp\/v2\/media?parent=2821"}],"wp:term":[{"taxonomy":"product_cat","embeddable":true,"href":"https:\/\/www.refrigerantboys.com\/fr\/wp-json\/wp\/v2\/product_cat?post=2821"},{"taxonomy":"product_tag","embeddable":true,"href":"https:\/\/www.refrigerantboys.com\/fr\/wp-json\/wp\/v2\/product_tag?post=2821"}],"curies":[{"name":"wp","href":"https:\/\/api.w.org\/{rel}","templated":true}]}}