{"id":2808,"date":"2017-10-28T22:50:09","date_gmt":"2017-10-28T22:50:09","guid":{"rendered":"https:\/\/www.refrigerantboys.com\/non%20class\u00e9\/ca16m\/"},"modified":"2023-05-17T16:28:47","modified_gmt":"2023-05-17T14:28:47","slug":"sarbacane-avec-flamme-ajustable-o-115-mm","status":"publish","type":"product","link":"https:\/\/www.refrigerantboys.com\/fr\/acheter\/outils\/sarbacane-avec-flamme-ajustable-o-115-mm\/","title":{"rendered":"Chalumeau avec sortie de flamme r\u00e9glable \u00d8 11,5 mm"},"content":{"rendered":"<p>Chalumeau avec allumage et r\u00e9gulateur de flamme id\u00e9al pour le soudage de tous types d&#8217;alliages &#8211; diam\u00e8tre 11,5 \u00d8<\/p>\n","protected":false},"excerpt":{"rendered":"<p>Chalumeau avec allumage et r\u00e9gulateur de flamme id\u00e9al pour le soudage de tous types d&#8217;alliages &#8211; diam\u00e8tre 11,5 \u00d8<\/p>\n","protected":false},"featured_media":68605,"template":"","meta":[],"product_cat":[146],"product_tag":[],"acf":{"ai_note":""},"yoast_head":"<!-- This site is optimized with the Yoast SEO plugin v20.2 - https:\/\/yoast.com\/wordpress\/plugins\/seo\/ -->\n<title>Chalumeau avec sortie de flamme r\u00e9glable \u00d8 11,5 mm | Refrigerant Boys<\/title>\n<meta name=\"description\" content=\"Chalumeau avec allumage et r\u00e9gulateur de flamme id\u00e9al pour le soudage de tous types d&#039;alliages - diam\u00e8tre 11,5 \u00d8\" \/>\n<meta name=\"robots\" content=\"index, follow, max-snippet:-1, max-image-preview:large, max-video-preview:-1\" \/>\n<link rel=\"canonical\" href=\"https:\/\/www.refrigerantboys.com\/fr\/acheter\/outils\/sarbacane-avec-flamme-ajustable-o-115-mm\/\" \/>\n<meta property=\"og:locale\" content=\"fr_FR\" \/>\n<meta property=\"og:type\" content=\"article\" \/>\n<meta property=\"og:title\" content=\"Chalumeau avec sortie de flamme r\u00e9glable \u00d8 11,5 mm | Refrigerant Boys\" \/>\n<meta property=\"og:description\" content=\"Chalumeau avec allumage et r\u00e9gulateur de flamme id\u00e9al pour le soudage de tous types d&#039;alliages - diam\u00e8tre 11,5 \u00d8\" \/>\n<meta property=\"og:url\" content=\"https:\/\/www.refrigerantboys.com\/fr\/acheter\/outils\/sarbacane-avec-flamme-ajustable-o-115-mm\/\" \/>\n<meta property=\"og:site_name\" content=\"Refrigerant Boys\" \/>\n<meta property=\"article:modified_time\" content=\"2023-05-17T14:28:47+00:00\" \/>\n<meta property=\"og:image\" content=\"https:\/\/www.refrigerantboys.com\/wp-content\/uploads\/2017\/10\/MAP-TR_300dpi-scaled.jpg\" \/>\n\t<meta property=\"og:image:width\" content=\"1330\" \/>\n\t<meta property=\"og:image:height\" content=\"2560\" \/>\n\t<meta property=\"og:image:type\" content=\"image\/jpeg\" \/>\n<meta name=\"twitter:card\" content=\"summary_large_image\" \/>\n<meta name=\"twitter:label1\" content=\"Dur\u00e9e de lecture estim\u00e9e\" \/>\n\t<meta name=\"twitter:data1\" content=\"1 minute\" \/>\n<script type=\"application\/ld+json\" class=\"yoast-schema-graph\">{\"@context\":\"https:\/\/schema.org\",\"@graph\":[{\"@type\":\"WebPage\",\"@id\":\"https:\/\/www.refrigerantboys.com\/fr\/acheter\/outils\/sarbacane-avec-flamme-ajustable-o-115-mm\/\",\"url\":\"https:\/\/www.refrigerantboys.com\/fr\/acheter\/outils\/sarbacane-avec-flamme-ajustable-o-115-mm\/\",\"name\":\"Chalumeau avec sortie de flamme r\u00e9glable \u00d8 11,5 mm | Refrigerant Boys\",\"isPartOf\":{\"@id\":\"https:\/\/www.refrigerantboys.com\/fr\/#website\"},\"datePublished\":\"2017-10-28T22:50:09+00:00\",\"dateModified\":\"2023-05-17T14:28:47+00:00\",\"description\":\"Chalumeau avec allumage et r\u00e9gulateur de flamme id\u00e9al pour le soudage de tous types d'alliages - diam\u00e8tre 11,5 \u00d8\",\"breadcrumb\":{\"@id\":\"https:\/\/www.refrigerantboys.com\/fr\/acheter\/outils\/sarbacane-avec-flamme-ajustable-o-115-mm\/#breadcrumb\"},\"inLanguage\":\"fr-FR\",\"potentialAction\":[{\"@type\":\"ReadAction\",\"target\":[\"https:\/\/www.refrigerantboys.com\/fr\/acheter\/outils\/sarbacane-avec-flamme-ajustable-o-115-mm\/\"]}]},{\"@type\":\"BreadcrumbList\",\"@id\":\"https:\/\/www.refrigerantboys.com\/fr\/acheter\/outils\/sarbacane-avec-flamme-ajustable-o-115-mm\/#breadcrumb\",\"itemListElement\":[{\"@type\":\"ListItem\",\"position\":1,\"name\":\"Home\",\"item\":\"https:\/\/www.refrigerantboys.com\/fr\/\"},{\"@type\":\"ListItem\",\"position\":2,\"name\":\"Boutique\",\"item\":\"https:\/\/www.refrigerantboys.com\/fr\/boutique\/\"},{\"@type\":\"ListItem\",\"position\":3,\"name\":\"Chalumeau avec sortie de flamme r\u00e9glable \u00d8 11,5 mm\"}]},{\"@type\":\"WebSite\",\"@id\":\"https:\/\/www.refrigerantboys.com\/fr\/#website\",\"url\":\"https:\/\/www.refrigerantboys.com\/fr\/\",\"name\":\"Refrigerant Boys\",\"description\":\"Vendita gas refrigeranti\",\"potentialAction\":[{\"@type\":\"SearchAction\",\"target\":{\"@type\":\"EntryPoint\",\"urlTemplate\":\"https:\/\/www.refrigerantboys.com\/fr\/?s={search_term_string}\"},\"query-input\":\"required name=search_term_string\"}],\"inLanguage\":\"fr-FR\"}]}<\/script>\n<!-- \/ Yoast SEO plugin. -->","yoast_head_json":{"title":"Chalumeau avec sortie de flamme r\u00e9glable \u00d8 11,5 mm | Refrigerant Boys","description":"Chalumeau avec allumage et r\u00e9gulateur de flamme id\u00e9al pour le soudage de tous types d'alliages - diam\u00e8tre 11,5 \u00d8","robots":{"index":"index","follow":"follow","max-snippet":"max-snippet:-1","max-image-preview":"max-image-preview:large","max-video-preview":"max-video-preview:-1"},"canonical":"https:\/\/www.refrigerantboys.com\/fr\/acheter\/outils\/sarbacane-avec-flamme-ajustable-o-115-mm\/","og_locale":"fr_FR","og_type":"article","og_title":"Chalumeau avec sortie de flamme r\u00e9glable \u00d8 11,5 mm | Refrigerant Boys","og_description":"Chalumeau avec allumage et r\u00e9gulateur de flamme id\u00e9al pour le soudage de tous types d'alliages - diam\u00e8tre 11,5 \u00d8","og_url":"https:\/\/www.refrigerantboys.com\/fr\/acheter\/outils\/sarbacane-avec-flamme-ajustable-o-115-mm\/","og_site_name":"Refrigerant Boys","article_modified_time":"2023-05-17T14:28:47+00:00","og_image":[{"width":1330,"height":2560,"url":"https:\/\/www.refrigerantboys.com\/wp-content\/uploads\/2017\/10\/MAP-TR_300dpi-scaled.jpg","type":"image\/jpeg"}],"twitter_card":"summary_large_image","twitter_misc":{"Dur\u00e9e de lecture estim\u00e9e":"1 minute"},"schema":{"@context":"https:\/\/schema.org","@graph":[{"@type":"WebPage","@id":"https:\/\/www.refrigerantboys.com\/fr\/acheter\/outils\/sarbacane-avec-flamme-ajustable-o-115-mm\/","url":"https:\/\/www.refrigerantboys.com\/fr\/acheter\/outils\/sarbacane-avec-flamme-ajustable-o-115-mm\/","name":"Chalumeau avec sortie de flamme r\u00e9glable \u00d8 11,5 mm | Refrigerant Boys","isPartOf":{"@id":"https:\/\/www.refrigerantboys.com\/fr\/#website"},"datePublished":"2017-10-28T22:50:09+00:00","dateModified":"2023-05-17T14:28:47+00:00","description":"Chalumeau avec allumage et r\u00e9gulateur de flamme id\u00e9al pour le soudage de tous types d'alliages - diam\u00e8tre 11,5 \u00d8","breadcrumb":{"@id":"https:\/\/www.refrigerantboys.com\/fr\/acheter\/outils\/sarbacane-avec-flamme-ajustable-o-115-mm\/#breadcrumb"},"inLanguage":"fr-FR","potentialAction":[{"@type":"ReadAction","target":["https:\/\/www.refrigerantboys.com\/fr\/acheter\/outils\/sarbacane-avec-flamme-ajustable-o-115-mm\/"]}]},{"@type":"BreadcrumbList","@id":"https:\/\/www.refrigerantboys.com\/fr\/acheter\/outils\/sarbacane-avec-flamme-ajustable-o-115-mm\/#breadcrumb","itemListElement":[{"@type":"ListItem","position":1,"name":"Home","item":"https:\/\/www.refrigerantboys.com\/fr\/"},{"@type":"ListItem","position":2,"name":"Boutique","item":"https:\/\/www.refrigerantboys.com\/fr\/boutique\/"},{"@type":"ListItem","position":3,"name":"Chalumeau avec sortie de flamme r\u00e9glable \u00d8 11,5 mm"}]},{"@type":"WebSite","@id":"https:\/\/www.refrigerantboys.com\/fr\/#website","url":"https:\/\/www.refrigerantboys.com\/fr\/","name":"Refrigerant Boys","description":"Vendita gas refrigeranti","potentialAction":[{"@type":"SearchAction","target":{"@type":"EntryPoint","urlTemplate":"https:\/\/www.refrigerantboys.com\/fr\/?s={search_term_string}"},"query-input":"required name=search_term_string"}],"inLanguage":"fr-FR"}]}},"_links":{"self":[{"href":"https:\/\/www.refrigerantboys.com\/fr\/wp-json\/wp\/v2\/product\/2808"}],"collection":[{"href":"https:\/\/www.refrigerantboys.com\/fr\/wp-json\/wp\/v2\/product"}],"about":[{"href":"https:\/\/www.refrigerantboys.com\/fr\/wp-json\/wp\/v2\/types\/product"}],"wp:featuredmedia":[{"embeddable":true,"href":"https:\/\/www.refrigerantboys.com\/fr\/wp-json\/wp\/v2\/media\/68605"}],"wp:attachment":[{"href":"https:\/\/www.refrigerantboys.com\/fr\/wp-json\/wp\/v2\/media?parent=2808"}],"wp:term":[{"taxonomy":"product_cat","embeddable":true,"href":"https:\/\/www.refrigerantboys.com\/fr\/wp-json\/wp\/v2\/product_cat?post=2808"},{"taxonomy":"product_tag","embeddable":true,"href":"https:\/\/www.refrigerantboys.com\/fr\/wp-json\/wp\/v2\/product_tag?post=2808"}],"curies":[{"name":"wp","href":"https:\/\/api.w.org\/{rel}","templated":true}]}}