{"id":2711,"date":"2017-10-28T22:51:48","date_gmt":"2017-10-28T22:51:48","guid":{"rendered":"https:\/\/www.refrigerantboys.com\/non%20class\u00e9\/bp30mk\/"},"modified":"2025-06-04T10:37:11","modified_gmt":"2025-06-04T08:37:11","slug":"arrete-les-fuites-30-ml-refrigeration","status":"publish","type":"product","link":"https:\/\/www.refrigerantboys.com\/fr\/acheter\/chimique\/arrete-les-fuites-30-ml-refrigeration\/","title":{"rendered":"Arr\u00eate les fuites 30 ml r\u00e9frig\u00e9ration"},"content":{"rendered":"<p>Bloquer de nouvelles pertes de production\u00a0compl\u00e9ter avec 1\/4 &#8220;connexions et 5\/16&#8221; pour\u00a0r\u00e9frig\u00e9ration<\/p>\n<p>\u2022 Compatible avec tous les r\u00e9frig\u00e9rants et la lubrification des chansons<br \/>\n\u2022 Ne contient pas de polym\u00e8res<br \/>\n\u2022 Il ne r\u00e9agit pas avec l&#8217;humidit\u00e9<br \/>\n\u2022 Ne pas obstruer les composants et ne pas endommager les compresseurs \u2022 Utile pour les micro-fuites<\/p>\n<p><iframe loading=\"lazy\" title=\"Blocca Perdite A\/C con Lake Stop + Tracciante UV \u2013 Sicuro, Veloce, Efficace\" src=\"https:\/\/www.youtube.com\/embed\/5wQKVxI0Myk\" width=\"300\" height=\"200\" frameborder=\"0\" allowfullscreen=\"allowfullscreen\"><span data-mce-type=\"bookmark\" style=\"display: inline-block; width: 0px; overflow: hidden; line-height: 0;\" class=\"mce_SELRES_start\">\ufeff<\/span><span data-mce-type=\"bookmark\" style=\"display: inline-block; width: 0px; overflow: hidden; line-height: 0;\" class=\"mce_SELRES_start\">\ufeff<\/span><span data-mce-type=\"bookmark\" style=\"display: inline-block; width: 0px; overflow: hidden; line-height: 0;\" class=\"mce_SELRES_start\">\ufeff<\/span><\/iframe><\/p>\n","protected":false},"excerpt":{"rendered":"<p>Bloquer de nouvelles pertes de production\u00a0compl\u00e9ter avec 1\/4 &#8220;connexions et 5\/16&#8221; pour\u00a0r\u00e9frig\u00e9ration \u2022 Compatible avec tous les r\u00e9frig\u00e9rants et la lubrification des chansons \u2022 Ne contient pas de polym\u00e8res \u2022 Il ne r\u00e9agit pas avec l&#8217;humidit\u00e9 \u2022 Ne pas obstruer les composants et ne pas endommager les compresseurs \u2022 Utile pour les micro-fuites \ufeff\ufeff\ufeff<\/p>\n","protected":false},"featured_media":53197,"template":"","meta":[],"product_cat":[148],"product_tag":[],"acf":{"ai_note":""},"yoast_head":"<!-- This site is optimized with the Yoast SEO plugin v20.2 - https:\/\/yoast.com\/wordpress\/plugins\/seo\/ -->\n<title>Arr\u00eate les fuites 30 ml r\u00e9frig\u00e9ration | Refrigerant Boys<\/title>\n<meta name=\"description\" content=\"Bloquer de nouvelles pertes de production\u00a0compl\u00e9ter avec 1\/4 &quot;connexions et 5\/16&quot; pour\u00a0r\u00e9frig\u00e9ration \u2022 Compatible avec tous les r\u00e9frig\u00e9rants et la\" \/>\n<meta name=\"robots\" content=\"index, follow, max-snippet:-1, max-image-preview:large, max-video-preview:-1\" \/>\n<link rel=\"canonical\" href=\"https:\/\/www.refrigerantboys.com\/fr\/acheter\/chimique\/arrete-les-fuites-30-ml-refrigeration\/\" \/>\n<meta property=\"og:locale\" content=\"fr_FR\" \/>\n<meta property=\"og:type\" content=\"article\" \/>\n<meta property=\"og:title\" content=\"Arr\u00eate les fuites 30 ml r\u00e9frig\u00e9ration | Refrigerant Boys\" \/>\n<meta property=\"og:description\" content=\"Bloquer de nouvelles pertes de production\u00a0compl\u00e9ter avec 1\/4 &quot;connexions et 5\/16&quot; pour\u00a0r\u00e9frig\u00e9ration \u2022 Compatible avec tous les r\u00e9frig\u00e9rants et la\" \/>\n<meta property=\"og:url\" content=\"https:\/\/www.refrigerantboys.com\/fr\/acheter\/chimique\/arrete-les-fuites-30-ml-refrigeration\/\" \/>\n<meta property=\"og:site_name\" content=\"Refrigerant Boys\" \/>\n<meta property=\"article:modified_time\" content=\"2025-06-04T08:37:11+00:00\" \/>\n<meta property=\"og:image\" content=\"https:\/\/www.refrigerantboys.com\/wp-content\/uploads\/2017\/10\/BP30MK.png\" \/>\n\t<meta property=\"og:image:width\" content=\"321\" \/>\n\t<meta property=\"og:image:height\" content=\"440\" \/>\n\t<meta property=\"og:image:type\" content=\"image\/png\" \/>\n<meta name=\"twitter:card\" content=\"summary_large_image\" \/>\n<meta name=\"twitter:label1\" content=\"Dur\u00e9e de lecture estim\u00e9e\" \/>\n\t<meta name=\"twitter:data1\" content=\"1 minute\" \/>\n<script type=\"application\/ld+json\" class=\"yoast-schema-graph\">{\"@context\":\"https:\/\/schema.org\",\"@graph\":[{\"@type\":\"WebPage\",\"@id\":\"https:\/\/www.refrigerantboys.com\/fr\/acheter\/chimique\/arrete-les-fuites-30-ml-refrigeration\/\",\"url\":\"https:\/\/www.refrigerantboys.com\/fr\/acheter\/chimique\/arrete-les-fuites-30-ml-refrigeration\/\",\"name\":\"Arr\u00eate les fuites 30 ml r\u00e9frig\u00e9ration | Refrigerant Boys\",\"isPartOf\":{\"@id\":\"https:\/\/www.refrigerantboys.com\/fr\/#website\"},\"datePublished\":\"2017-10-28T22:51:48+00:00\",\"dateModified\":\"2025-06-04T08:37:11+00:00\",\"description\":\"Bloquer de nouvelles pertes de production\u00a0compl\u00e9ter avec 1\/4 \\\"connexions et 5\/16\\\" pour\u00a0r\u00e9frig\u00e9ration \u2022 Compatible avec tous les r\u00e9frig\u00e9rants et la\",\"breadcrumb\":{\"@id\":\"https:\/\/www.refrigerantboys.com\/fr\/acheter\/chimique\/arrete-les-fuites-30-ml-refrigeration\/#breadcrumb\"},\"inLanguage\":\"fr-FR\",\"potentialAction\":[{\"@type\":\"ReadAction\",\"target\":[\"https:\/\/www.refrigerantboys.com\/fr\/acheter\/chimique\/arrete-les-fuites-30-ml-refrigeration\/\"]}]},{\"@type\":\"BreadcrumbList\",\"@id\":\"https:\/\/www.refrigerantboys.com\/fr\/acheter\/chimique\/arrete-les-fuites-30-ml-refrigeration\/#breadcrumb\",\"itemListElement\":[{\"@type\":\"ListItem\",\"position\":1,\"name\":\"Home\",\"item\":\"https:\/\/www.refrigerantboys.com\/fr\/\"},{\"@type\":\"ListItem\",\"position\":2,\"name\":\"Boutique\",\"item\":\"https:\/\/www.refrigerantboys.com\/fr\/boutique\/\"},{\"@type\":\"ListItem\",\"position\":3,\"name\":\"Arr\u00eate les fuites 30 ml r\u00e9frig\u00e9ration\"}]},{\"@type\":\"WebSite\",\"@id\":\"https:\/\/www.refrigerantboys.com\/fr\/#website\",\"url\":\"https:\/\/www.refrigerantboys.com\/fr\/\",\"name\":\"Refrigerant Boys\",\"description\":\"Vendita gas refrigeranti\",\"potentialAction\":[{\"@type\":\"SearchAction\",\"target\":{\"@type\":\"EntryPoint\",\"urlTemplate\":\"https:\/\/www.refrigerantboys.com\/fr\/?s={search_term_string}\"},\"query-input\":\"required name=search_term_string\"}],\"inLanguage\":\"fr-FR\"}]}<\/script>\n<!-- \/ Yoast SEO plugin. -->","yoast_head_json":{"title":"Arr\u00eate les fuites 30 ml r\u00e9frig\u00e9ration | Refrigerant Boys","description":"Bloquer de nouvelles pertes de production\u00a0compl\u00e9ter avec 1\/4 \"connexions et 5\/16\" pour\u00a0r\u00e9frig\u00e9ration \u2022 Compatible avec tous les r\u00e9frig\u00e9rants et la","robots":{"index":"index","follow":"follow","max-snippet":"max-snippet:-1","max-image-preview":"max-image-preview:large","max-video-preview":"max-video-preview:-1"},"canonical":"https:\/\/www.refrigerantboys.com\/fr\/acheter\/chimique\/arrete-les-fuites-30-ml-refrigeration\/","og_locale":"fr_FR","og_type":"article","og_title":"Arr\u00eate les fuites 30 ml r\u00e9frig\u00e9ration | Refrigerant Boys","og_description":"Bloquer de nouvelles pertes de production\u00a0compl\u00e9ter avec 1\/4 \"connexions et 5\/16\" pour\u00a0r\u00e9frig\u00e9ration \u2022 Compatible avec tous les r\u00e9frig\u00e9rants et la","og_url":"https:\/\/www.refrigerantboys.com\/fr\/acheter\/chimique\/arrete-les-fuites-30-ml-refrigeration\/","og_site_name":"Refrigerant Boys","article_modified_time":"2025-06-04T08:37:11+00:00","og_image":[{"width":321,"height":440,"url":"https:\/\/www.refrigerantboys.com\/wp-content\/uploads\/2017\/10\/BP30MK.png","type":"image\/png"}],"twitter_card":"summary_large_image","twitter_misc":{"Dur\u00e9e de lecture estim\u00e9e":"1 minute"},"schema":{"@context":"https:\/\/schema.org","@graph":[{"@type":"WebPage","@id":"https:\/\/www.refrigerantboys.com\/fr\/acheter\/chimique\/arrete-les-fuites-30-ml-refrigeration\/","url":"https:\/\/www.refrigerantboys.com\/fr\/acheter\/chimique\/arrete-les-fuites-30-ml-refrigeration\/","name":"Arr\u00eate les fuites 30 ml r\u00e9frig\u00e9ration | Refrigerant Boys","isPartOf":{"@id":"https:\/\/www.refrigerantboys.com\/fr\/#website"},"datePublished":"2017-10-28T22:51:48+00:00","dateModified":"2025-06-04T08:37:11+00:00","description":"Bloquer de nouvelles pertes de production\u00a0compl\u00e9ter avec 1\/4 \"connexions et 5\/16\" pour\u00a0r\u00e9frig\u00e9ration \u2022 Compatible avec tous les r\u00e9frig\u00e9rants et la","breadcrumb":{"@id":"https:\/\/www.refrigerantboys.com\/fr\/acheter\/chimique\/arrete-les-fuites-30-ml-refrigeration\/#breadcrumb"},"inLanguage":"fr-FR","potentialAction":[{"@type":"ReadAction","target":["https:\/\/www.refrigerantboys.com\/fr\/acheter\/chimique\/arrete-les-fuites-30-ml-refrigeration\/"]}]},{"@type":"BreadcrumbList","@id":"https:\/\/www.refrigerantboys.com\/fr\/acheter\/chimique\/arrete-les-fuites-30-ml-refrigeration\/#breadcrumb","itemListElement":[{"@type":"ListItem","position":1,"name":"Home","item":"https:\/\/www.refrigerantboys.com\/fr\/"},{"@type":"ListItem","position":2,"name":"Boutique","item":"https:\/\/www.refrigerantboys.com\/fr\/boutique\/"},{"@type":"ListItem","position":3,"name":"Arr\u00eate les fuites 30 ml r\u00e9frig\u00e9ration"}]},{"@type":"WebSite","@id":"https:\/\/www.refrigerantboys.com\/fr\/#website","url":"https:\/\/www.refrigerantboys.com\/fr\/","name":"Refrigerant Boys","description":"Vendita gas refrigeranti","potentialAction":[{"@type":"SearchAction","target":{"@type":"EntryPoint","urlTemplate":"https:\/\/www.refrigerantboys.com\/fr\/?s={search_term_string}"},"query-input":"required name=search_term_string"}],"inLanguage":"fr-FR"}]}},"_links":{"self":[{"href":"https:\/\/www.refrigerantboys.com\/fr\/wp-json\/wp\/v2\/product\/2711"}],"collection":[{"href":"https:\/\/www.refrigerantboys.com\/fr\/wp-json\/wp\/v2\/product"}],"about":[{"href":"https:\/\/www.refrigerantboys.com\/fr\/wp-json\/wp\/v2\/types\/product"}],"wp:featuredmedia":[{"embeddable":true,"href":"https:\/\/www.refrigerantboys.com\/fr\/wp-json\/wp\/v2\/media\/53197"}],"wp:attachment":[{"href":"https:\/\/www.refrigerantboys.com\/fr\/wp-json\/wp\/v2\/media?parent=2711"}],"wp:term":[{"taxonomy":"product_cat","embeddable":true,"href":"https:\/\/www.refrigerantboys.com\/fr\/wp-json\/wp\/v2\/product_cat?post=2711"},{"taxonomy":"product_tag","embeddable":true,"href":"https:\/\/www.refrigerantboys.com\/fr\/wp-json\/wp\/v2\/product_tag?post=2711"}],"curies":[{"name":"wp","href":"https:\/\/api.w.org\/{rel}","templated":true}]}}