{"id":2699,"date":"2017-10-28T22:52:00","date_gmt":"2017-10-28T22:52:00","guid":{"rendered":"https:\/\/www.refrigerantboys.com\/non%20class\u00e9\/bb407fk10\/"},"modified":"2026-04-07T16:07:31","modified_gmt":"2026-04-07T14:07:31","slug":"bombola-di-gas-r452a-con-10-kg-valvola-1-4","status":"publish","type":"product","link":"https:\/\/www.refrigerantboys.com\/fr\/acheter\/fluides-frigorigenes\/r404a\/bombola-di-gas-r452a-con-10-kg-valvola-1-4\/","title":{"rendered":"Bouteille de Gaz R\u00e9frig\u00e9rant R452A &#8211; 10kg &#8211; (T-PED) &#8211; Vanne 1\/4&#8243; SAE"},"content":{"rendered":"<ul>\n<li>\n<p data-path-to-node=\"25,0,0\"><b data-path-to-node=\"25,0,0\" data-index-in-node=\"0\">Optimis\u00e9e pour le Transport :<\/b> Format 10 kg maniable, parfait pour les interventions sur camions et v\u00e9hicules frigorifiques.<\/p>\n<\/li>\n<li>\n<p data-path-to-node=\"25,1,0\"><b data-path-to-node=\"25,1,0\" data-index-in-node=\"0\">Protection Thermique :<\/b> Le R452A maintient des temp\u00e9ratures de refoulement basses, prot\u00e9geant ainsi le compresseur.<\/p>\n<\/li>\n<li>\n<p data-path-to-node=\"25,2,0\"><b data-path-to-node=\"25,2,0\" data-index-in-node=\"0\">S\u00e9curit\u00e9 Certifi\u00e9e :<\/b> Enti\u00e8rement conforme \u00e0 la directive europ\u00e9enne <b data-path-to-node=\"25,2,0\" data-index-in-node=\"68\">T-PED<\/b> pour les \u00e9quipements sous pression.<\/p>\n<\/li>\n<li>\n<p data-path-to-node=\"25,3,0\"><b data-path-to-node=\"25,3,0\" data-index-in-node=\"0\">Sp\u00e9cifications Techniques :<\/b> Raccord <b data-path-to-node=\"25,3,0\" data-index-in-node=\"36\">1\/4&#8243; SAE<\/b> compatible avec les outils de service standards.<\/p>\n<\/li>\n<li>\n<p data-path-to-node=\"25,4,0\"><b data-path-to-node=\"25,4,0\" data-index-in-node=\"0\">Note R\u00e9glementaire :<\/b> Achat r\u00e9serv\u00e9 aux professionnels d\u00e9tenteurs d&#8217;une attestation de capacit\u00e9 F-GAS.<\/p>\n<\/li>\n<\/ul>\n","protected":false},"excerpt":{"rendered":"<div><span style=\"color: #166534; font-weight: bold;\">\u2713 Eco-Tax (Reg. UE 2024\/573)<\/span> <span style=\"color: #dc2626; font-weight: bold; margin-left: 5px;\">6,42 \u20ac\/kg<\/span><\/div>\n<p data-path-to-node=\"23\">Bouteille rechargeable de <b data-path-to-node=\"23\" data-index-in-node=\"26\">10kg de gaz R452A<\/b>, con\u00e7ue pour le <b data-path-to-node=\"23\" data-index-in-node=\"60\">transport frigorifique<\/b> et les syst\u00e8mes basse temp\u00e9rature. Conforme aux normes <b data-path-to-node=\"23\" data-index-in-node=\"138\">T-PED \/ EN 13322-1<\/b>, \u00e9quip\u00e9e d&#8217;une vanne standard <b data-path-to-node=\"23\" data-index-in-node=\"187\">1\/4&#8243; SAE<\/b>. Id\u00e9ale pour l&#8217;entretien des unit\u00e9s froid embarqu\u00e9es.<\/p>\n<h3 data-path-to-node=\"24\"><\/h3>\n","protected":false},"featured_media":68885,"template":"","meta":[],"product_cat":[150,131,159],"product_tag":[],"acf":{"ai_note":""},"yoast_head":"<!-- This site is optimized with the Yoast SEO plugin v20.2 - https:\/\/yoast.com\/wordpress\/plugins\/seo\/ -->\n<title>Bouteille de Gaz R\u00e9frig\u00e9rant R452A - 10kg - (T-PED) - Vanne 1\/4&quot; SAE | Refrigerant Boys<\/title>\n<meta name=\"description\" content=\"\u2713 Eco-Tax (Reg. UE 2024\/573) 6,42 \u20ac\/kg Bouteille rechargeable de 10kg de gaz R452A, con\u00e7ue pour le transport frigorifique et les syst\u00e8mes basse temp\u00e9rature. Conforme aux normes T-PED \/ EN 13322-1, \u00e9quip\u00e9e d&#039;une vanne standard 1\/4&quot; SAE. Id\u00e9ale pour l&#039;entretien des unit\u00e9s froid embarqu\u00e9es.\" \/>\n<meta name=\"robots\" content=\"index, follow, max-snippet:-1, max-image-preview:large, max-video-preview:-1\" \/>\n<link rel=\"canonical\" href=\"https:\/\/www.refrigerantboys.com\/fr\/acheter\/fluides-frigorigenes\/r404a\/bombola-di-gas-r452a-con-10-kg-valvola-1-4\/\" \/>\n<meta property=\"og:locale\" content=\"fr_FR\" \/>\n<meta property=\"og:type\" content=\"article\" \/>\n<meta property=\"og:title\" content=\"Bouteille de Gaz R\u00e9frig\u00e9rant R452A - 10kg - (T-PED) - Vanne 1\/4&quot; SAE | Refrigerant Boys\" \/>\n<meta property=\"og:description\" content=\"\u2713 Eco-Tax (Reg. UE 2024\/573) 6,42 \u20ac\/kg Bouteille rechargeable de 10kg de gaz R452A, con\u00e7ue pour le transport frigorifique et les syst\u00e8mes basse temp\u00e9rature. Conforme aux normes T-PED \/ EN 13322-1, \u00e9quip\u00e9e d&#039;une vanne standard 1\/4&quot; SAE. Id\u00e9ale pour l&#039;entretien des unit\u00e9s froid embarqu\u00e9es.\" \/>\n<meta property=\"og:url\" content=\"https:\/\/www.refrigerantboys.com\/fr\/acheter\/fluides-frigorigenes\/r404a\/bombola-di-gas-r452a-con-10-kg-valvola-1-4\/\" \/>\n<meta property=\"og:site_name\" content=\"Refrigerant Boys\" \/>\n<meta property=\"article:modified_time\" content=\"2026-04-07T14:07:31+00:00\" \/>\n<meta property=\"og:image\" content=\"https:\/\/www.refrigerantboys.com\/wp-content\/uploads\/2017\/10\/r452a-10kg-1.png\" \/>\n\t<meta property=\"og:image:width\" content=\"398\" \/>\n\t<meta property=\"og:image:height\" content=\"722\" \/>\n\t<meta property=\"og:image:type\" content=\"image\/png\" \/>\n<meta name=\"twitter:card\" content=\"summary_large_image\" \/>\n<meta name=\"twitter:label1\" content=\"Dur\u00e9e de lecture estim\u00e9e\" \/>\n\t<meta name=\"twitter:data1\" content=\"1 minute\" \/>\n<script type=\"application\/ld+json\" class=\"yoast-schema-graph\">{\"@context\":\"https:\/\/schema.org\",\"@graph\":[{\"@type\":\"WebPage\",\"@id\":\"https:\/\/www.refrigerantboys.com\/fr\/acheter\/fluides-frigorigenes\/r404a\/bombola-di-gas-r452a-con-10-kg-valvola-1-4\/\",\"url\":\"https:\/\/www.refrigerantboys.com\/fr\/acheter\/fluides-frigorigenes\/r404a\/bombola-di-gas-r452a-con-10-kg-valvola-1-4\/\",\"name\":\"Bouteille de Gaz R\u00e9frig\u00e9rant R452A - 10kg - (T-PED) - Vanne 1\/4\\\" SAE | Refrigerant Boys\",\"isPartOf\":{\"@id\":\"https:\/\/www.refrigerantboys.com\/fr\/#website\"},\"datePublished\":\"2017-10-28T22:52:00+00:00\",\"dateModified\":\"2026-04-07T14:07:31+00:00\",\"description\":\"\u2713 Eco-Tax (Reg. UE 2024\/573) 6,42 \u20ac\/kg Bouteille rechargeable de 10kg de gaz R452A, con\u00e7ue pour le transport frigorifique et les syst\u00e8mes basse temp\u00e9rature. Conforme aux normes T-PED \/ EN 13322-1, \u00e9quip\u00e9e d'une vanne standard 1\/4\\\" SAE. Id\u00e9ale pour l'entretien des unit\u00e9s froid embarqu\u00e9es.\",\"breadcrumb\":{\"@id\":\"https:\/\/www.refrigerantboys.com\/fr\/acheter\/fluides-frigorigenes\/r404a\/bombola-di-gas-r452a-con-10-kg-valvola-1-4\/#breadcrumb\"},\"inLanguage\":\"fr-FR\",\"potentialAction\":[{\"@type\":\"ReadAction\",\"target\":[\"https:\/\/www.refrigerantboys.com\/fr\/acheter\/fluides-frigorigenes\/r404a\/bombola-di-gas-r452a-con-10-kg-valvola-1-4\/\"]}]},{\"@type\":\"BreadcrumbList\",\"@id\":\"https:\/\/www.refrigerantboys.com\/fr\/acheter\/fluides-frigorigenes\/r404a\/bombola-di-gas-r452a-con-10-kg-valvola-1-4\/#breadcrumb\",\"itemListElement\":[{\"@type\":\"ListItem\",\"position\":1,\"name\":\"Home\",\"item\":\"https:\/\/www.refrigerantboys.com\/fr\/\"},{\"@type\":\"ListItem\",\"position\":2,\"name\":\"Boutique\",\"item\":\"https:\/\/www.refrigerantboys.com\/fr\/boutique\/\"},{\"@type\":\"ListItem\",\"position\":3,\"name\":\"Bouteille de Gaz R\u00e9frig\u00e9rant R452A &#8211; 10kg &#8211; (T-PED) &#8211; Vanne 1\/4&#8243; SAE\"}]},{\"@type\":\"WebSite\",\"@id\":\"https:\/\/www.refrigerantboys.com\/fr\/#website\",\"url\":\"https:\/\/www.refrigerantboys.com\/fr\/\",\"name\":\"Refrigerant Boys\",\"description\":\"Vendita gas refrigeranti\",\"potentialAction\":[{\"@type\":\"SearchAction\",\"target\":{\"@type\":\"EntryPoint\",\"urlTemplate\":\"https:\/\/www.refrigerantboys.com\/fr\/?s={search_term_string}\"},\"query-input\":\"required name=search_term_string\"}],\"inLanguage\":\"fr-FR\"}]}<\/script>\n<!-- \/ Yoast SEO plugin. -->","yoast_head_json":{"title":"Bouteille de Gaz R\u00e9frig\u00e9rant R452A - 10kg - (T-PED) - Vanne 1\/4\" SAE | Refrigerant Boys","description":"\u2713 Eco-Tax (Reg. UE 2024\/573) 6,42 \u20ac\/kg Bouteille rechargeable de 10kg de gaz R452A, con\u00e7ue pour le transport frigorifique et les syst\u00e8mes basse temp\u00e9rature. Conforme aux normes T-PED \/ EN 13322-1, \u00e9quip\u00e9e d'une vanne standard 1\/4\" SAE. Id\u00e9ale pour l'entretien des unit\u00e9s froid embarqu\u00e9es.","robots":{"index":"index","follow":"follow","max-snippet":"max-snippet:-1","max-image-preview":"max-image-preview:large","max-video-preview":"max-video-preview:-1"},"canonical":"https:\/\/www.refrigerantboys.com\/fr\/acheter\/fluides-frigorigenes\/r404a\/bombola-di-gas-r452a-con-10-kg-valvola-1-4\/","og_locale":"fr_FR","og_type":"article","og_title":"Bouteille de Gaz R\u00e9frig\u00e9rant R452A - 10kg - (T-PED) - Vanne 1\/4\" SAE | Refrigerant Boys","og_description":"\u2713 Eco-Tax (Reg. UE 2024\/573) 6,42 \u20ac\/kg Bouteille rechargeable de 10kg de gaz R452A, con\u00e7ue pour le transport frigorifique et les syst\u00e8mes basse temp\u00e9rature. Conforme aux normes T-PED \/ EN 13322-1, \u00e9quip\u00e9e d'une vanne standard 1\/4\" SAE. Id\u00e9ale pour l'entretien des unit\u00e9s froid embarqu\u00e9es.","og_url":"https:\/\/www.refrigerantboys.com\/fr\/acheter\/fluides-frigorigenes\/r404a\/bombola-di-gas-r452a-con-10-kg-valvola-1-4\/","og_site_name":"Refrigerant Boys","article_modified_time":"2026-04-07T14:07:31+00:00","og_image":[{"width":398,"height":722,"url":"https:\/\/www.refrigerantboys.com\/wp-content\/uploads\/2017\/10\/r452a-10kg-1.png","type":"image\/png"}],"twitter_card":"summary_large_image","twitter_misc":{"Dur\u00e9e de lecture estim\u00e9e":"1 minute"},"schema":{"@context":"https:\/\/schema.org","@graph":[{"@type":"WebPage","@id":"https:\/\/www.refrigerantboys.com\/fr\/acheter\/fluides-frigorigenes\/r404a\/bombola-di-gas-r452a-con-10-kg-valvola-1-4\/","url":"https:\/\/www.refrigerantboys.com\/fr\/acheter\/fluides-frigorigenes\/r404a\/bombola-di-gas-r452a-con-10-kg-valvola-1-4\/","name":"Bouteille de Gaz R\u00e9frig\u00e9rant R452A - 10kg - (T-PED) - Vanne 1\/4\" SAE | Refrigerant Boys","isPartOf":{"@id":"https:\/\/www.refrigerantboys.com\/fr\/#website"},"datePublished":"2017-10-28T22:52:00+00:00","dateModified":"2026-04-07T14:07:31+00:00","description":"\u2713 Eco-Tax (Reg. UE 2024\/573) 6,42 \u20ac\/kg Bouteille rechargeable de 10kg de gaz R452A, con\u00e7ue pour le transport frigorifique et les syst\u00e8mes basse temp\u00e9rature. Conforme aux normes T-PED \/ EN 13322-1, \u00e9quip\u00e9e d'une vanne standard 1\/4\" SAE. Id\u00e9ale pour l'entretien des unit\u00e9s froid embarqu\u00e9es.","breadcrumb":{"@id":"https:\/\/www.refrigerantboys.com\/fr\/acheter\/fluides-frigorigenes\/r404a\/bombola-di-gas-r452a-con-10-kg-valvola-1-4\/#breadcrumb"},"inLanguage":"fr-FR","potentialAction":[{"@type":"ReadAction","target":["https:\/\/www.refrigerantboys.com\/fr\/acheter\/fluides-frigorigenes\/r404a\/bombola-di-gas-r452a-con-10-kg-valvola-1-4\/"]}]},{"@type":"BreadcrumbList","@id":"https:\/\/www.refrigerantboys.com\/fr\/acheter\/fluides-frigorigenes\/r404a\/bombola-di-gas-r452a-con-10-kg-valvola-1-4\/#breadcrumb","itemListElement":[{"@type":"ListItem","position":1,"name":"Home","item":"https:\/\/www.refrigerantboys.com\/fr\/"},{"@type":"ListItem","position":2,"name":"Boutique","item":"https:\/\/www.refrigerantboys.com\/fr\/boutique\/"},{"@type":"ListItem","position":3,"name":"Bouteille de Gaz R\u00e9frig\u00e9rant R452A &#8211; 10kg &#8211; (T-PED) &#8211; Vanne 1\/4&#8243; SAE"}]},{"@type":"WebSite","@id":"https:\/\/www.refrigerantboys.com\/fr\/#website","url":"https:\/\/www.refrigerantboys.com\/fr\/","name":"Refrigerant Boys","description":"Vendita gas refrigeranti","potentialAction":[{"@type":"SearchAction","target":{"@type":"EntryPoint","urlTemplate":"https:\/\/www.refrigerantboys.com\/fr\/?s={search_term_string}"},"query-input":"required name=search_term_string"}],"inLanguage":"fr-FR"}]}},"_links":{"self":[{"href":"https:\/\/www.refrigerantboys.com\/fr\/wp-json\/wp\/v2\/product\/2699"}],"collection":[{"href":"https:\/\/www.refrigerantboys.com\/fr\/wp-json\/wp\/v2\/product"}],"about":[{"href":"https:\/\/www.refrigerantboys.com\/fr\/wp-json\/wp\/v2\/types\/product"}],"wp:featuredmedia":[{"embeddable":true,"href":"https:\/\/www.refrigerantboys.com\/fr\/wp-json\/wp\/v2\/media\/68885"}],"wp:attachment":[{"href":"https:\/\/www.refrigerantboys.com\/fr\/wp-json\/wp\/v2\/media?parent=2699"}],"wp:term":[{"taxonomy":"product_cat","embeddable":true,"href":"https:\/\/www.refrigerantboys.com\/fr\/wp-json\/wp\/v2\/product_cat?post=2699"},{"taxonomy":"product_tag","embeddable":true,"href":"https:\/\/www.refrigerantboys.com\/fr\/wp-json\/wp\/v2\/product_tag?post=2699"}],"curies":[{"name":"wp","href":"https:\/\/api.w.org\/{rel}","templated":true}]}}