{"id":2682,"date":"2017-10-28T22:52:16","date_gmt":"2017-10-28T22:52:16","guid":{"rendered":"https:\/\/www.refrigerantboys.com\/non%20class\u00e9\/bb448k10\/"},"modified":"2026-04-28T19:59:30","modified_gmt":"2026-04-28T17:59:30","slug":"gas-refrigerante-r448a-con-10-kg-valvola-1-4-sae","status":"publish","type":"product","link":"https:\/\/www.refrigerantboys.com\/fr\/acheter\/fluides-frigorigenes\/r404a\/gas-refrigerante-r448a-con-10-kg-valvola-1-4-sae\/","title":{"rendered":"Gaz R\u00e9frig\u00e9rant R448A \u2013 Bouteille Rechargeable 10 kg vanne1\/4 SAE"},"content":{"rendered":"<p data-path-to-node=\"25,0\"><b data-path-to-node=\"25,0\" data-index-in-node=\"0\">Performance industrielle et durabilit\u00e9<\/b> L&#8217;R448A est le m\u00e9lange HFO\/HFC de r\u00e9f\u00e9rence pour les professionnels exigeants. Le format 10 kg est id\u00e9al pour les charges compl\u00e8tes de centrales frigorifiques et d&#8217;entrep\u00f4ts.<\/p>\n<ul data-path-to-node=\"25,1\">\n<li>\n<p data-path-to-node=\"25,1,0,0\"><b data-path-to-node=\"25,1,0,0\" data-index-in-node=\"0\">Efficacit\u00e9 \u00c9nerg\u00e9tique :<\/b> Jusqu&#8217;\u00e0 10% d&#8217;\u00e9conomie d&#8217;\u00e9nergie sur le cycle de refroidissement.<\/p>\n<\/li>\n<li>\n<p data-path-to-node=\"25,1,1,0\"><b data-path-to-node=\"25,1,1,0\" data-index-in-node=\"0\">S\u00e9curit\u00e9 Certifi\u00e9e :<\/b> R\u00e9cipients en acier robustes conformes \u00e0 la norme europ\u00e9enne <b data-path-to-node=\"25,1,1,0\" data-index-in-node=\"82\">T-PED<\/b>.<\/p>\n<\/li>\n<li>\n<p data-path-to-node=\"25,1,2,0\"><b data-path-to-node=\"25,1,2,0\" data-index-in-node=\"0\">Raccordement :<\/b> Vanne de sortie <b data-path-to-node=\"25,1,2,0\" data-index-in-node=\"31\">1\/4&#8243; SAE<\/b> pour une compatibilit\u00e9 universelle.<\/p>\n<\/li>\n<\/ul>\n","protected":false},"excerpt":{"rendered":"<p data-path-to-node=\"23,0\">L&#8217;<b data-path-to-node=\"23,0\" data-index-in-node=\"2\">R448A (Solstice\u00ae N40)<\/b> en bouteille de 10 kg est la solution professionnelle par excellence pour le froid commercial et industriel de grande capacit\u00e9. GWP r\u00e9duit de 68% par rapport au R404A.<\/p>\n<ul data-path-to-node=\"23,1\">\n<li>\n<p data-path-to-node=\"23,1,0,0\"><b data-path-to-node=\"23,1,0,0\" data-index-in-node=\"0\">Format :<\/b> Bouteille de 10 kg<\/p>\n<\/li>\n<li>\n<p data-path-to-node=\"23,1,1,0\"><b data-path-to-node=\"23,1,1,0\" data-index-in-node=\"0\">S\u00e9curit\u00e9 :<\/b> Certifi\u00e9e conforme aux normes <b data-path-to-node=\"23,1,1,0\" data-index-in-node=\"41\">T-PED \/ EN 13322-1<\/b>.<\/p>\n<\/li>\n<li>\n<p data-path-to-node=\"23,1,2,0\"><b data-path-to-node=\"23,1,2,0\" data-index-in-node=\"0\">Connexion :<\/b> Vanne professionnelle <b data-path-to-node=\"23,1,2,0\" data-index-in-node=\"34\">1\/4&#8243; SAE<\/b>.<\/p>\n<\/li>\n<\/ul>\n","protected":false},"featured_media":68860,"template":"","meta":[],"product_cat":[150,131,162],"product_tag":[817,878,923],"acf":{"ai_note":""},"yoast_head":"<!-- This site is optimized with the Yoast SEO plugin v20.2 - https:\/\/yoast.com\/wordpress\/plugins\/seo\/ -->\n<title>Bouteille Gaz R\u00e9frig\u00e9rant R448A 10 kg - Valve 1\/4\u2033 SAE<\/title>\n<meta name=\"description\" content=\"Achetez la bouteille R448A 10 kg rechargeable avec valve 1\/4\u2033 SAE. Gaz haute performance pour r\u00e9frig\u00e9ration commerciale et maintenance pro.\" \/>\n<meta name=\"robots\" content=\"index, follow, max-snippet:-1, max-image-preview:large, max-video-preview:-1\" \/>\n<link rel=\"canonical\" href=\"https:\/\/www.refrigerantboys.com\/fr\/acheter\/fluides-frigorigenes\/r404a\/gas-refrigerante-r448a-con-10-kg-valvola-1-4-sae\/\" \/>\n<meta property=\"og:locale\" content=\"fr_FR\" \/>\n<meta property=\"og:type\" content=\"article\" \/>\n<meta property=\"og:title\" content=\"Bouteille Gaz R\u00e9frig\u00e9rant R448A 10 kg - Valve 1\/4\u2033 SAE\" \/>\n<meta property=\"og:description\" content=\"Achetez la bouteille R448A 10 kg rechargeable avec valve 1\/4\u2033 SAE. Gaz haute performance pour r\u00e9frig\u00e9ration commerciale et maintenance pro.\" \/>\n<meta property=\"og:url\" content=\"https:\/\/www.refrigerantboys.com\/fr\/acheter\/fluides-frigorigenes\/r404a\/gas-refrigerante-r448a-con-10-kg-valvola-1-4-sae\/\" \/>\n<meta property=\"og:site_name\" content=\"Refrigerant Boys\" \/>\n<meta property=\"article:modified_time\" content=\"2026-04-28T17:59:30+00:00\" \/>\n<meta property=\"og:image\" content=\"https:\/\/www.refrigerantboys.com\/wp-content\/uploads\/2017\/10\/r448a-10kg-1.png\" \/>\n\t<meta property=\"og:image:width\" content=\"398\" \/>\n\t<meta property=\"og:image:height\" content=\"722\" \/>\n\t<meta property=\"og:image:type\" content=\"image\/png\" \/>\n<meta name=\"twitter:card\" content=\"summary_large_image\" \/>\n<meta name=\"twitter:label1\" content=\"Dur\u00e9e de lecture estim\u00e9e\" \/>\n\t<meta name=\"twitter:data1\" content=\"1 minute\" \/>\n<script type=\"application\/ld+json\" class=\"yoast-schema-graph\">{\"@context\":\"https:\/\/schema.org\",\"@graph\":[{\"@type\":\"WebPage\",\"@id\":\"https:\/\/www.refrigerantboys.com\/fr\/acheter\/fluides-frigorigenes\/r404a\/gas-refrigerante-r448a-con-10-kg-valvola-1-4-sae\/\",\"url\":\"https:\/\/www.refrigerantboys.com\/fr\/acheter\/fluides-frigorigenes\/r404a\/gas-refrigerante-r448a-con-10-kg-valvola-1-4-sae\/\",\"name\":\"Bouteille Gaz R\u00e9frig\u00e9rant R448A 10 kg - Valve 1\/4\u2033 SAE\",\"isPartOf\":{\"@id\":\"https:\/\/www.refrigerantboys.com\/fr\/#website\"},\"datePublished\":\"2017-10-28T22:52:16+00:00\",\"dateModified\":\"2026-04-28T17:59:30+00:00\",\"description\":\"Achetez la bouteille R448A 10 kg rechargeable avec valve 1\/4\u2033 SAE. Gaz haute performance pour r\u00e9frig\u00e9ration commerciale et maintenance pro.\",\"breadcrumb\":{\"@id\":\"https:\/\/www.refrigerantboys.com\/fr\/acheter\/fluides-frigorigenes\/r404a\/gas-refrigerante-r448a-con-10-kg-valvola-1-4-sae\/#breadcrumb\"},\"inLanguage\":\"fr-FR\",\"potentialAction\":[{\"@type\":\"ReadAction\",\"target\":[\"https:\/\/www.refrigerantboys.com\/fr\/acheter\/fluides-frigorigenes\/r404a\/gas-refrigerante-r448a-con-10-kg-valvola-1-4-sae\/\"]}]},{\"@type\":\"BreadcrumbList\",\"@id\":\"https:\/\/www.refrigerantboys.com\/fr\/acheter\/fluides-frigorigenes\/r404a\/gas-refrigerante-r448a-con-10-kg-valvola-1-4-sae\/#breadcrumb\",\"itemListElement\":[{\"@type\":\"ListItem\",\"position\":1,\"name\":\"Home\",\"item\":\"https:\/\/www.refrigerantboys.com\/fr\/\"},{\"@type\":\"ListItem\",\"position\":2,\"name\":\"Boutique\",\"item\":\"https:\/\/www.refrigerantboys.com\/fr\/boutique\/\"},{\"@type\":\"ListItem\",\"position\":3,\"name\":\"Gaz R\u00e9frig\u00e9rant R448A \u2013 Bouteille Rechargeable 10 kg vanne1\/4 SAE\"}]},{\"@type\":\"WebSite\",\"@id\":\"https:\/\/www.refrigerantboys.com\/fr\/#website\",\"url\":\"https:\/\/www.refrigerantboys.com\/fr\/\",\"name\":\"Refrigerant Boys\",\"description\":\"Vendita gas refrigeranti\",\"potentialAction\":[{\"@type\":\"SearchAction\",\"target\":{\"@type\":\"EntryPoint\",\"urlTemplate\":\"https:\/\/www.refrigerantboys.com\/fr\/?s={search_term_string}\"},\"query-input\":\"required name=search_term_string\"}],\"inLanguage\":\"fr-FR\"}]}<\/script>\n<!-- \/ Yoast SEO plugin. -->","yoast_head_json":{"title":"Bouteille Gaz R\u00e9frig\u00e9rant R448A 10 kg - Valve 1\/4\u2033 SAE","description":"Achetez la bouteille R448A 10 kg rechargeable avec valve 1\/4\u2033 SAE. Gaz haute performance pour r\u00e9frig\u00e9ration commerciale et maintenance pro.","robots":{"index":"index","follow":"follow","max-snippet":"max-snippet:-1","max-image-preview":"max-image-preview:large","max-video-preview":"max-video-preview:-1"},"canonical":"https:\/\/www.refrigerantboys.com\/fr\/acheter\/fluides-frigorigenes\/r404a\/gas-refrigerante-r448a-con-10-kg-valvola-1-4-sae\/","og_locale":"fr_FR","og_type":"article","og_title":"Bouteille Gaz R\u00e9frig\u00e9rant R448A 10 kg - Valve 1\/4\u2033 SAE","og_description":"Achetez la bouteille R448A 10 kg rechargeable avec valve 1\/4\u2033 SAE. Gaz haute performance pour r\u00e9frig\u00e9ration commerciale et maintenance pro.","og_url":"https:\/\/www.refrigerantboys.com\/fr\/acheter\/fluides-frigorigenes\/r404a\/gas-refrigerante-r448a-con-10-kg-valvola-1-4-sae\/","og_site_name":"Refrigerant Boys","article_modified_time":"2026-04-28T17:59:30+00:00","og_image":[{"width":398,"height":722,"url":"https:\/\/www.refrigerantboys.com\/wp-content\/uploads\/2017\/10\/r448a-10kg-1.png","type":"image\/png"}],"twitter_card":"summary_large_image","twitter_misc":{"Dur\u00e9e de lecture estim\u00e9e":"1 minute"},"schema":{"@context":"https:\/\/schema.org","@graph":[{"@type":"WebPage","@id":"https:\/\/www.refrigerantboys.com\/fr\/acheter\/fluides-frigorigenes\/r404a\/gas-refrigerante-r448a-con-10-kg-valvola-1-4-sae\/","url":"https:\/\/www.refrigerantboys.com\/fr\/acheter\/fluides-frigorigenes\/r404a\/gas-refrigerante-r448a-con-10-kg-valvola-1-4-sae\/","name":"Bouteille Gaz R\u00e9frig\u00e9rant R448A 10 kg - Valve 1\/4\u2033 SAE","isPartOf":{"@id":"https:\/\/www.refrigerantboys.com\/fr\/#website"},"datePublished":"2017-10-28T22:52:16+00:00","dateModified":"2026-04-28T17:59:30+00:00","description":"Achetez la bouteille R448A 10 kg rechargeable avec valve 1\/4\u2033 SAE. Gaz haute performance pour r\u00e9frig\u00e9ration commerciale et maintenance pro.","breadcrumb":{"@id":"https:\/\/www.refrigerantboys.com\/fr\/acheter\/fluides-frigorigenes\/r404a\/gas-refrigerante-r448a-con-10-kg-valvola-1-4-sae\/#breadcrumb"},"inLanguage":"fr-FR","potentialAction":[{"@type":"ReadAction","target":["https:\/\/www.refrigerantboys.com\/fr\/acheter\/fluides-frigorigenes\/r404a\/gas-refrigerante-r448a-con-10-kg-valvola-1-4-sae\/"]}]},{"@type":"BreadcrumbList","@id":"https:\/\/www.refrigerantboys.com\/fr\/acheter\/fluides-frigorigenes\/r404a\/gas-refrigerante-r448a-con-10-kg-valvola-1-4-sae\/#breadcrumb","itemListElement":[{"@type":"ListItem","position":1,"name":"Home","item":"https:\/\/www.refrigerantboys.com\/fr\/"},{"@type":"ListItem","position":2,"name":"Boutique","item":"https:\/\/www.refrigerantboys.com\/fr\/boutique\/"},{"@type":"ListItem","position":3,"name":"Gaz R\u00e9frig\u00e9rant R448A \u2013 Bouteille Rechargeable 10 kg vanne1\/4 SAE"}]},{"@type":"WebSite","@id":"https:\/\/www.refrigerantboys.com\/fr\/#website","url":"https:\/\/www.refrigerantboys.com\/fr\/","name":"Refrigerant Boys","description":"Vendita gas refrigeranti","potentialAction":[{"@type":"SearchAction","target":{"@type":"EntryPoint","urlTemplate":"https:\/\/www.refrigerantboys.com\/fr\/?s={search_term_string}"},"query-input":"required name=search_term_string"}],"inLanguage":"fr-FR"}]}},"_links":{"self":[{"href":"https:\/\/www.refrigerantboys.com\/fr\/wp-json\/wp\/v2\/product\/2682"}],"collection":[{"href":"https:\/\/www.refrigerantboys.com\/fr\/wp-json\/wp\/v2\/product"}],"about":[{"href":"https:\/\/www.refrigerantboys.com\/fr\/wp-json\/wp\/v2\/types\/product"}],"wp:featuredmedia":[{"embeddable":true,"href":"https:\/\/www.refrigerantboys.com\/fr\/wp-json\/wp\/v2\/media\/68860"}],"wp:attachment":[{"href":"https:\/\/www.refrigerantboys.com\/fr\/wp-json\/wp\/v2\/media?parent=2682"}],"wp:term":[{"taxonomy":"product_cat","embeddable":true,"href":"https:\/\/www.refrigerantboys.com\/fr\/wp-json\/wp\/v2\/product_cat?post=2682"},{"taxonomy":"product_tag","embeddable":true,"href":"https:\/\/www.refrigerantboys.com\/fr\/wp-json\/wp\/v2\/product_tag?post=2682"}],"curies":[{"name":"wp","href":"https:\/\/api.w.org\/{rel}","templated":true}]}}