{"id":2681,"date":"2017-10-28T22:52:19","date_gmt":"2017-10-28T22:52:19","guid":{"rendered":"https:\/\/www.refrigerantboys.com\/non%20class\u00e9\/kvidaz\/"},"modified":"2026-04-28T12:36:12","modified_gmt":"2026-04-28T10:36:12","slug":"kit-micro-micro-azote-hydrogene-100-lt","status":"publish","type":"product","link":"https:\/\/www.refrigerantboys.com\/fr\/acheter\/outils\/kit-micro-micro-azote-hydrogene-100-lt\/","title":{"rendered":"Kit professionnel de d\u00e9tection de fuites \u00e0 l&#8217;azote\/hydrog\u00e8ne (N2-H2) &#8211; Connexion M10x1"},"content":{"rendered":"<p data-path-to-node=\"12\"><b data-path-to-node=\"12\" data-index-in-node=\"0\">Il identifie les pertes l\u00e0 o\u00f9 d&#8217;autres \u00e9chouent.<\/b><\/p>\n<p data-path-to-node=\"12\">Le syst\u00e8me de d\u00e9tection de fuites par m\u00e9lange <b data-path-to-node=\"12\" data-index-in-node=\"89\">azote-hydrog\u00e8ne (N2-H2<\/b> ) est aujourd&#8217;hui le standard le plus \u00e9lev\u00e9 pour la maintenance des syst\u00e8mes de r\u00e9frig\u00e9ration. Alors que l&#8217;azote pur est utilis\u00e9 pour tester la garniture m\u00e9canique, l&#8217;ajout de 5% d&#8217;hydrog\u00e8ne permet d&#8217;utiliser des d\u00e9tecteurs de fuites \u00e9lectroniques sp\u00e9cifiques pour trouver des fuites infinit\u00e9simales (moins de 5g\/an).<\/p>\n<p data-path-to-node=\"13\"><b data-path-to-node=\"13\" data-index-in-node=\"0\">Comment fonctionne le test :<\/b><\/p>\n<p data-path-to-node=\"13\">Le technicien pressurise le syst\u00e8me \u00e0 la pression de fonctionnement correcte (en fonction du gaz r\u00e9frig\u00e9rant d&#8217;origine). Le manom\u00e8tre int\u00e9gr\u00e9 permet un premier contr\u00f4le visuel de l&#8217;\u00e9tanch\u00e9it\u00e9, tandis que le passage du d\u00e9tecteur de fuites sur les joints, les \u00e9vaporateurs et les condenseurs permet d&#8217;identifier imm\u00e9diatement le point critique.<\/p>\n<p data-path-to-node=\"14\"><b data-path-to-node=\"14\" data-index-in-node=\"0\">Applications polyvalentes :<\/b><\/p>\n<ul data-path-to-node=\"15\">\n<li>\n<p data-path-to-node=\"15,0,0\"><b data-path-to-node=\"15,0,0\" data-index-in-node=\"0\">Diagnostics avanc\u00e9s :<\/b> tests d&#8217;\u00e9tanch\u00e9it\u00e9 des syst\u00e8mes automobiles HVAC et A\/C (R134a, R1234yf).<\/p>\n<\/li>\n<li>\n<p data-path-to-node=\"15,1,0\"><b data-path-to-node=\"15,1,0\" data-index-in-node=\"0\">Maintenance des composants :<\/b> Inspection cibl\u00e9e des \u00e9vaporateurs et des condenseurs.<\/p>\n<\/li>\n<li>\n<p data-path-to-node=\"15,2,0\">Nettoyage <b data-path-to-node=\"15,2,0\" data-index-in-node=\"0\">des syst\u00e8mes :<\/b> nettoyage professionnel des syst\u00e8mes CVC.<\/p>\n<\/li>\n<li>\n<p data-path-to-node=\"15,3,0\"><b data-path-to-node=\"15,3,0\" data-index-in-node=\"0\">Brasage s\u00fbr :<\/b> rin\u00e7age \u00e0 l&#8217;azote pendant le brasage pour \u00e9viter l&#8217;oxydation.<\/p>\n<\/li>\n<li>\n<p data-path-to-node=\"15,4,0\"><b data-path-to-node=\"15,4,0\" data-index-in-node=\"0\">\u00c9talonnage :<\/b> v\u00e9rification et \u00e9talonnage des manom\u00e8tres et pressostats embarqu\u00e9s.<\/p>\n<\/li>\n<\/ul>\n<p data-path-to-node=\"16\"><b data-path-to-node=\"16\" data-index-in-node=\"0\">Pourquoi choisir notre mallette Micro-Performance Kit Case ?<\/b><\/p>\n<p data-path-to-node=\"16\">Con\u00e7u pour r\u00e9sister \u00e0 une utilisation quotidienne dans l&#8217;atelier ou sur le chantier, il offre une pr\u00e9cision qui prot\u00e8ge votre travail : moins de recharges perdues, moins de retours sous garantie, plus de satisfaction client.<\/p>\n<hr data-path-to-node=\"17\" \/>\n<h3 data-path-to-node=\"18\">4. Tableau des sp\u00e9cifications techniques (pour faciliter la num\u00e9risation)<\/h3>\n<p data-path-to-node=\"19\"><i data-path-to-node=\"19\" data-index-in-node=\"0\">Ajoutez un tableau au bas de la page pour les &#8220;donn\u00e9es pures&#8221;.<\/i><\/p>\n<table data-path-to-node=\"20\">\n<thead>\n<tr>\n<td><strong>Caract\u00e9ristiques<\/strong><\/td>\n<td><strong>Caract\u00e9ristiques<\/strong><\/td>\n<\/tr>\n<\/thead>\n<tbody>\n<tr>\n<td><span data-path-to-node=\"20,1,0,0\"><b data-path-to-node=\"20,1,0,0\" data-index-in-node=\"0\">Gaz utilis\u00e9<\/b><\/span><\/td>\n<td><span data-path-to-node=\"20,1,1,0\">M\u00e9lange Azote 95% \/ Hydrog\u00e8ne 5% (Azohydro)<\/span><\/td>\n<\/tr>\n<tr>\n<td><span data-path-to-node=\"20,2,0,0\"><b data-path-to-node=\"20,2,0,0\" data-index-in-node=\"0\">Secteurs<\/b><\/span><\/td>\n<td><span data-path-to-node=\"20,2,1,0\">Automobile, CVC, R\u00e9frig\u00e9ration industrielle<\/span><\/td>\n<\/tr>\n<tr>\n<td><span data-path-to-node=\"20,3,0,0\"><b data-path-to-node=\"20,3,0,0\" data-index-in-node=\"0\">Connexions<\/b><\/span><\/td>\n<td><span data-path-to-node=\"20,3,1,0\">Standard compatible avec les r\u00e9ducteurs de pression Azogen<\/span><\/td>\n<\/tr>\n<tr>\n<td><span data-path-to-node=\"20,4,0,0\"><b data-path-to-node=\"20,4,0,0\" data-index-in-node=\"0\">Portabilit\u00e9<\/b><\/span><\/td>\n<td><span data-path-to-node=\"20,4,1,0\">Mallette rigide anti-chocs incluse<\/span><\/td>\n<\/tr>\n<\/tbody>\n<\/table>\n","protected":false},"excerpt":{"rendered":"<p data-path-to-node=\"8,0\"><b data-path-to-node=\"8,0\" data-index-in-node=\"0\">Il d\u00e9tecte les fuites invisibles avec une grande pr\u00e9cision.<\/b> Mallette professionnelle pour tester les syst\u00e8mes de climatisation et de CVC avec un m\u00e9lange d&#8217;azote et d&#8217;hydrog\u00e8ne. Gr\u00e2ce \u00e0 la mol\u00e9cule d&#8217;hydrog\u00e8ne, il d\u00e9tecte des fuites impossibles \u00e0 trouver avec de l&#8217;azote pur.<\/p>\n<ul data-path-to-node=\"8,1\">\n<li>\n<p data-path-to-node=\"8,1,0,0\"><b data-path-to-node=\"8,1,0,0\" data-index-in-node=\"0\">Raccordement standard :<\/b> Filetage de vanne <b data-path-to-node=\"8,1,0,0\" data-index-in-node=\"38\">M10x1<\/b> (compatible avec les principaux r\u00e9ducteurs pour cylindres jetables).<\/p>\n<\/li>\n<li>\n<p data-path-to-node=\"8,1,1,0\"><b data-path-to-node=\"8,1,1,0\" data-index-in-node=\"0\">Kit complet :<\/b> mallette robuste pour une utilisation en atelier ou sur chantier.<\/p>\n<\/li>\n<li>\n<p data-path-to-node=\"8,1,2,0\"><b data-path-to-node=\"8,1,2,0\" data-index-in-node=\"0\">Haute pr\u00e9cision :<\/b> id\u00e9al pour tester les \u00e9vaporateurs, les condenseurs et les syst\u00e8mes de climatisation des voitures.<\/p>\n<\/li>\n<\/ul>\n","protected":false},"featured_media":68540,"template":"","meta":[],"product_cat":[146],"product_tag":[],"acf":{"ai_note":""},"yoast_head":"<!-- This site is optimized with the Yoast SEO plugin v20.2 - https:\/\/yoast.com\/wordpress\/plugins\/seo\/ -->\n<title>Kit professionnel de d\u00e9tection de fuites \u00e0 l&#039;azote\/hydrog\u00e8ne (N2-H2) - Connexion M10x1 | Refrigerant Boys<\/title>\n<meta name=\"description\" content=\"Il d\u00e9tecte les fuites invisibles avec une grande pr\u00e9cision. Mallette professionnelle pour tester les syst\u00e8mes de climatisation et de CVC avec un m\u00e9lange d&#039;azote et d&#039;hydrog\u00e8ne. Gr\u00e2ce \u00e0 la mol\u00e9cule d&#039;hydrog\u00e8ne, il d\u00e9tecte des fuites impossibles \u00e0 trouver avec de l&#039;azote pur.     Raccordement standard : Filetage de vanne M10x1 (compatible avec les principaux r\u00e9ducteurs pour cylindres jetables).    Kit complet : mallette robuste pour une utilisation en atelier ou sur chantier.    Haute pr\u00e9cision : id\u00e9al pour tester les \u00e9vaporateurs, les condenseurs et les syst\u00e8mes de climatisation des voitures.\" \/>\n<meta name=\"robots\" content=\"index, follow, max-snippet:-1, max-image-preview:large, max-video-preview:-1\" \/>\n<link rel=\"canonical\" href=\"https:\/\/www.refrigerantboys.com\/fr\/acheter\/outils\/kit-micro-micro-azote-hydrogene-100-lt\/\" \/>\n<meta property=\"og:locale\" content=\"fr_FR\" \/>\n<meta property=\"og:type\" content=\"article\" \/>\n<meta property=\"og:title\" content=\"Kit professionnel de d\u00e9tection de fuites \u00e0 l&#039;azote\/hydrog\u00e8ne (N2-H2) - Connexion M10x1 | Refrigerant Boys\" \/>\n<meta property=\"og:description\" content=\"Il d\u00e9tecte les fuites invisibles avec une grande pr\u00e9cision. Mallette professionnelle pour tester les syst\u00e8mes de climatisation et de CVC avec un m\u00e9lange d&#039;azote et d&#039;hydrog\u00e8ne. Gr\u00e2ce \u00e0 la mol\u00e9cule d&#039;hydrog\u00e8ne, il d\u00e9tecte des fuites impossibles \u00e0 trouver avec de l&#039;azote pur.     Raccordement standard : Filetage de vanne M10x1 (compatible avec les principaux r\u00e9ducteurs pour cylindres jetables).    Kit complet : mallette robuste pour une utilisation en atelier ou sur chantier.    Haute pr\u00e9cision : id\u00e9al pour tester les \u00e9vaporateurs, les condenseurs et les syst\u00e8mes de climatisation des voitures.\" \/>\n<meta property=\"og:url\" content=\"https:\/\/www.refrigerantboys.com\/fr\/acheter\/outils\/kit-micro-micro-azote-hydrogene-100-lt\/\" \/>\n<meta property=\"og:site_name\" content=\"Refrigerant Boys\" \/>\n<meta property=\"article:modified_time\" content=\"2026-04-28T10:36:12+00:00\" \/>\n<meta property=\"og:image\" content=\"https:\/\/www.refrigerantboys.com\/wp-content\/uploads\/2017\/10\/KVIDAZ-1-scaled.jpg\" \/>\n\t<meta property=\"og:image:width\" content=\"2422\" \/>\n\t<meta property=\"og:image:height\" content=\"2560\" \/>\n\t<meta property=\"og:image:type\" content=\"image\/jpeg\" \/>\n<meta name=\"twitter:card\" content=\"summary_large_image\" \/>\n<meta name=\"twitter:label1\" content=\"Dur\u00e9e de lecture estim\u00e9e\" \/>\n\t<meta name=\"twitter:data1\" content=\"2 minutes\" \/>\n<script type=\"application\/ld+json\" class=\"yoast-schema-graph\">{\"@context\":\"https:\/\/schema.org\",\"@graph\":[{\"@type\":\"WebPage\",\"@id\":\"https:\/\/www.refrigerantboys.com\/fr\/acheter\/outils\/kit-micro-micro-azote-hydrogene-100-lt\/\",\"url\":\"https:\/\/www.refrigerantboys.com\/fr\/acheter\/outils\/kit-micro-micro-azote-hydrogene-100-lt\/\",\"name\":\"Kit professionnel de d\u00e9tection de fuites \u00e0 l'azote\/hydrog\u00e8ne (N2-H2) - Connexion M10x1 | Refrigerant Boys\",\"isPartOf\":{\"@id\":\"https:\/\/www.refrigerantboys.com\/fr\/#website\"},\"datePublished\":\"2017-10-28T22:52:19+00:00\",\"dateModified\":\"2026-04-28T10:36:12+00:00\",\"description\":\"Il d\u00e9tecte les fuites invisibles avec une grande pr\u00e9cision. Mallette professionnelle pour tester les syst\u00e8mes de climatisation et de CVC avec un m\u00e9lange d'azote et d'hydrog\u00e8ne. Gr\u00e2ce \u00e0 la mol\u00e9cule d'hydrog\u00e8ne, il d\u00e9tecte des fuites impossibles \u00e0 trouver avec de l'azote pur. Raccordement standard : Filetage de vanne M10x1 (compatible avec les principaux r\u00e9ducteurs pour cylindres jetables). Kit complet : mallette robuste pour une utilisation en atelier ou sur chantier. Haute pr\u00e9cision : id\u00e9al pour tester les \u00e9vaporateurs, les condenseurs et les syst\u00e8mes de climatisation des voitures.\",\"breadcrumb\":{\"@id\":\"https:\/\/www.refrigerantboys.com\/fr\/acheter\/outils\/kit-micro-micro-azote-hydrogene-100-lt\/#breadcrumb\"},\"inLanguage\":\"fr-FR\",\"potentialAction\":[{\"@type\":\"ReadAction\",\"target\":[\"https:\/\/www.refrigerantboys.com\/fr\/acheter\/outils\/kit-micro-micro-azote-hydrogene-100-lt\/\"]}]},{\"@type\":\"BreadcrumbList\",\"@id\":\"https:\/\/www.refrigerantboys.com\/fr\/acheter\/outils\/kit-micro-micro-azote-hydrogene-100-lt\/#breadcrumb\",\"itemListElement\":[{\"@type\":\"ListItem\",\"position\":1,\"name\":\"Home\",\"item\":\"https:\/\/www.refrigerantboys.com\/fr\/\"},{\"@type\":\"ListItem\",\"position\":2,\"name\":\"Boutique\",\"item\":\"https:\/\/www.refrigerantboys.com\/fr\/boutique\/\"},{\"@type\":\"ListItem\",\"position\":3,\"name\":\"Kit professionnel de d\u00e9tection de fuites \u00e0 l&#8217;azote\/hydrog\u00e8ne (N2-H2) &#8211; Connexion M10x1\"}]},{\"@type\":\"WebSite\",\"@id\":\"https:\/\/www.refrigerantboys.com\/fr\/#website\",\"url\":\"https:\/\/www.refrigerantboys.com\/fr\/\",\"name\":\"Refrigerant Boys\",\"description\":\"Vendita gas refrigeranti\",\"potentialAction\":[{\"@type\":\"SearchAction\",\"target\":{\"@type\":\"EntryPoint\",\"urlTemplate\":\"https:\/\/www.refrigerantboys.com\/fr\/?s={search_term_string}\"},\"query-input\":\"required name=search_term_string\"}],\"inLanguage\":\"fr-FR\"}]}<\/script>\n<!-- \/ Yoast SEO plugin. -->","yoast_head_json":{"title":"Kit professionnel de d\u00e9tection de fuites \u00e0 l'azote\/hydrog\u00e8ne (N2-H2) - Connexion M10x1 | Refrigerant Boys","description":"Il d\u00e9tecte les fuites invisibles avec une grande pr\u00e9cision. Mallette professionnelle pour tester les syst\u00e8mes de climatisation et de CVC avec un m\u00e9lange d'azote et d'hydrog\u00e8ne. Gr\u00e2ce \u00e0 la mol\u00e9cule d'hydrog\u00e8ne, il d\u00e9tecte des fuites impossibles \u00e0 trouver avec de l'azote pur.     Raccordement standard : Filetage de vanne M10x1 (compatible avec les principaux r\u00e9ducteurs pour cylindres jetables).    Kit complet : mallette robuste pour une utilisation en atelier ou sur chantier.    Haute pr\u00e9cision : id\u00e9al pour tester les \u00e9vaporateurs, les condenseurs et les syst\u00e8mes de climatisation des voitures.","robots":{"index":"index","follow":"follow","max-snippet":"max-snippet:-1","max-image-preview":"max-image-preview:large","max-video-preview":"max-video-preview:-1"},"canonical":"https:\/\/www.refrigerantboys.com\/fr\/acheter\/outils\/kit-micro-micro-azote-hydrogene-100-lt\/","og_locale":"fr_FR","og_type":"article","og_title":"Kit professionnel de d\u00e9tection de fuites \u00e0 l'azote\/hydrog\u00e8ne (N2-H2) - Connexion M10x1 | Refrigerant Boys","og_description":"Il d\u00e9tecte les fuites invisibles avec une grande pr\u00e9cision. Mallette professionnelle pour tester les syst\u00e8mes de climatisation et de CVC avec un m\u00e9lange d'azote et d'hydrog\u00e8ne. Gr\u00e2ce \u00e0 la mol\u00e9cule d'hydrog\u00e8ne, il d\u00e9tecte des fuites impossibles \u00e0 trouver avec de l'azote pur.     Raccordement standard : Filetage de vanne M10x1 (compatible avec les principaux r\u00e9ducteurs pour cylindres jetables).    Kit complet : mallette robuste pour une utilisation en atelier ou sur chantier.    Haute pr\u00e9cision : id\u00e9al pour tester les \u00e9vaporateurs, les condenseurs et les syst\u00e8mes de climatisation des voitures.","og_url":"https:\/\/www.refrigerantboys.com\/fr\/acheter\/outils\/kit-micro-micro-azote-hydrogene-100-lt\/","og_site_name":"Refrigerant Boys","article_modified_time":"2026-04-28T10:36:12+00:00","og_image":[{"width":2422,"height":2560,"url":"https:\/\/www.refrigerantboys.com\/wp-content\/uploads\/2017\/10\/KVIDAZ-1-scaled.jpg","type":"image\/jpeg"}],"twitter_card":"summary_large_image","twitter_misc":{"Dur\u00e9e de lecture estim\u00e9e":"2 minutes"},"schema":{"@context":"https:\/\/schema.org","@graph":[{"@type":"WebPage","@id":"https:\/\/www.refrigerantboys.com\/fr\/acheter\/outils\/kit-micro-micro-azote-hydrogene-100-lt\/","url":"https:\/\/www.refrigerantboys.com\/fr\/acheter\/outils\/kit-micro-micro-azote-hydrogene-100-lt\/","name":"Kit professionnel de d\u00e9tection de fuites \u00e0 l'azote\/hydrog\u00e8ne (N2-H2) - Connexion M10x1 | Refrigerant Boys","isPartOf":{"@id":"https:\/\/www.refrigerantboys.com\/fr\/#website"},"datePublished":"2017-10-28T22:52:19+00:00","dateModified":"2026-04-28T10:36:12+00:00","description":"Il d\u00e9tecte les fuites invisibles avec une grande pr\u00e9cision. Mallette professionnelle pour tester les syst\u00e8mes de climatisation et de CVC avec un m\u00e9lange d'azote et d'hydrog\u00e8ne. Gr\u00e2ce \u00e0 la mol\u00e9cule d'hydrog\u00e8ne, il d\u00e9tecte des fuites impossibles \u00e0 trouver avec de l'azote pur. Raccordement standard : Filetage de vanne M10x1 (compatible avec les principaux r\u00e9ducteurs pour cylindres jetables). Kit complet : mallette robuste pour une utilisation en atelier ou sur chantier. Haute pr\u00e9cision : id\u00e9al pour tester les \u00e9vaporateurs, les condenseurs et les syst\u00e8mes de climatisation des voitures.","breadcrumb":{"@id":"https:\/\/www.refrigerantboys.com\/fr\/acheter\/outils\/kit-micro-micro-azote-hydrogene-100-lt\/#breadcrumb"},"inLanguage":"fr-FR","potentialAction":[{"@type":"ReadAction","target":["https:\/\/www.refrigerantboys.com\/fr\/acheter\/outils\/kit-micro-micro-azote-hydrogene-100-lt\/"]}]},{"@type":"BreadcrumbList","@id":"https:\/\/www.refrigerantboys.com\/fr\/acheter\/outils\/kit-micro-micro-azote-hydrogene-100-lt\/#breadcrumb","itemListElement":[{"@type":"ListItem","position":1,"name":"Home","item":"https:\/\/www.refrigerantboys.com\/fr\/"},{"@type":"ListItem","position":2,"name":"Boutique","item":"https:\/\/www.refrigerantboys.com\/fr\/boutique\/"},{"@type":"ListItem","position":3,"name":"Kit professionnel de d\u00e9tection de fuites \u00e0 l&#8217;azote\/hydrog\u00e8ne (N2-H2) &#8211; Connexion M10x1"}]},{"@type":"WebSite","@id":"https:\/\/www.refrigerantboys.com\/fr\/#website","url":"https:\/\/www.refrigerantboys.com\/fr\/","name":"Refrigerant Boys","description":"Vendita gas refrigeranti","potentialAction":[{"@type":"SearchAction","target":{"@type":"EntryPoint","urlTemplate":"https:\/\/www.refrigerantboys.com\/fr\/?s={search_term_string}"},"query-input":"required name=search_term_string"}],"inLanguage":"fr-FR"}]}},"_links":{"self":[{"href":"https:\/\/www.refrigerantboys.com\/fr\/wp-json\/wp\/v2\/product\/2681"}],"collection":[{"href":"https:\/\/www.refrigerantboys.com\/fr\/wp-json\/wp\/v2\/product"}],"about":[{"href":"https:\/\/www.refrigerantboys.com\/fr\/wp-json\/wp\/v2\/types\/product"}],"wp:featuredmedia":[{"embeddable":true,"href":"https:\/\/www.refrigerantboys.com\/fr\/wp-json\/wp\/v2\/media\/68540"}],"wp:attachment":[{"href":"https:\/\/www.refrigerantboys.com\/fr\/wp-json\/wp\/v2\/media?parent=2681"}],"wp:term":[{"taxonomy":"product_cat","embeddable":true,"href":"https:\/\/www.refrigerantboys.com\/fr\/wp-json\/wp\/v2\/product_cat?post=2681"},{"taxonomy":"product_tag","embeddable":true,"href":"https:\/\/www.refrigerantboys.com\/fr\/wp-json\/wp\/v2\/product_tag?post=2681"}],"curies":[{"name":"wp","href":"https:\/\/api.w.org\/{rel}","templated":true}]}}