{"id":95301,"date":"2025-11-19T17:47:42","date_gmt":"2025-11-19T16:47:42","guid":{"rendered":"https:\/\/www.refrigerantboys.com\/?page_id=95301"},"modified":"2025-11-19T17:48:52","modified_gmt":"2025-11-19T16:48:52","slug":"liste-de-prix-2026-conformite-detaillee-aux-gaz-fluores","status":"publish","type":"page","link":"https:\/\/www.refrigerantboys.com\/fr\/liste-de-prix-2026-conformite-detaillee-aux-gaz-fluores\/","title":{"rendered":"Liste de prix 2026 : Conformit\u00e9 d\u00e9taill\u00e9e aux gaz fluor\u00e9s."},"content":{"rendered":"<p><strong style=\"font-weight: bold;\">INFORMATION R\u00c9GLEMENTAIRE :<\/strong> Les prix &#8220;2026 Sim.&#8221; sont calcul\u00e9s en appliquant l&#8217;ajustement Gaz F de <strong>\u20ac3 par tonne d&#8217;\u00e9quivalent CO\u2082<\/strong> (conform\u00e9ment au R\u00e8glement UE 2024\/573) aux prix de catalogue actuels.<\/p>\n<div class=\"container\">\n<h3><span style=\"color: #ff0000;\">R32 &#8211; Bouteilles D\u00e9taill\u00e9es<\/span><\/h3>\n<table>\n<thead>\n<tr>\n<th width=\"20%\">Format<\/th>\n<th width=\"15%\">Poids (kg)<\/th>\n<th width=\"25%\">Prix Actuel (Hors TVA)<\/th>\n<th width=\"20%\">Ajustement Total (\u20ac)<\/th>\n<th width=\"20%\">Prix 2026 Sim.<\/th>\n<\/tr>\n<\/thead>\n<tbody>\n<tr>\n<td><strong>Bouteille 800g<\/strong><\/td>\n<td><strong>0,8<\/strong><\/td>\n<td><strong>59,00 \u20ac<\/strong><\/td>\n<td class=\"price-increase\"><strong>+ 1,62 \u20ac<\/strong><\/td>\n<td class=\"simulated-price\"><strong>60,62 \u20ac<\/strong><\/td>\n<\/tr>\n<tr>\n<td><strong>Bouteille 1,8 kg<\/strong><\/td>\n<td><strong>1,8<\/strong><\/td>\n<td><strong>129,00 \u20ac<\/strong><\/td>\n<td class=\"price-increase\"><strong>+ 3,65 \u20ac<\/strong><\/td>\n<td class=\"simulated-price\"><strong>132,65 \u20ac<\/strong><\/td>\n<\/tr>\n<tr>\n<td><strong>Bouteille 5 kg<\/strong><\/td>\n<td><strong>5<\/strong><\/td>\n<td><strong>195,00 \u20ac<\/strong><\/td>\n<td class=\"price-increase\"><strong>+ 10,15 \u20ac<\/strong><\/td>\n<td class=\"simulated-price\"><strong>205,15 \u20ac<\/strong><\/td>\n<\/tr>\n<tr>\n<td><strong>Bouteille 9 kg<\/strong><\/td>\n<td><strong>9<\/strong><\/td>\n<td><strong>269,00 \u20ac<\/strong><\/td>\n<td class=\"price-increase\"><strong>+ 18,27 \u20ac<\/strong><\/td>\n<td class=\"simulated-price\"><strong>287,27 \u20ac<\/strong><\/td>\n<\/tr>\n<tr>\n<td><strong>Bouteille 30 kg<\/strong><\/td>\n<td><strong>30<\/strong><\/td>\n<td><strong>749,00 \u20ac<\/strong><\/td>\n<td class=\"price-increase\"><strong>+ 60,90 \u20ac<\/strong><\/td>\n<td class=\"simulated-price\"><strong>809,90 \u20ac<\/strong><\/td>\n<\/tr>\n<\/tbody>\n<\/table>\n<h3><span style=\"color: #008000;\">R448A &#8211; Bouteilles D\u00e9taill\u00e9es<\/span><\/h3>\n<table>\n<thead>\n<tr>\n<th width=\"20%\">Format<\/th>\n<th width=\"15%\">Poids (kg)<\/th>\n<th width=\"25%\">Prix Actuel (Hors TVA)<\/th>\n<th width=\"20%\">Ajustement Total (\u20ac)<\/th>\n<th width=\"20%\">Prix 2026 Sim.<\/th>\n<\/tr>\n<\/thead>\n<tbody>\n<tr>\n<td><strong>Bouteille 800g<\/strong><\/td>\n<td><strong>0,8<\/strong><\/td>\n<td><strong>75,00 \u20ac<\/strong><\/td>\n<td class=\"price-increase\"><strong>+ 3,33 \u20ac<\/strong><\/td>\n<td class=\"simulated-price\"><strong>78,33 \u20ac<\/strong><\/td>\n<\/tr>\n<tr>\n<td><strong>Bouteille 1.7 kg<\/strong><\/td>\n<td><strong>1,7<\/strong><\/td>\n<td><strong>139,00 \u20ac<\/strong><\/td>\n<td class=\"price-increase\"><strong>+ 7,07 \u20ac<\/strong><\/td>\n<td class=\"simulated-price\"><strong>146,07 \u20ac<\/strong><\/td>\n<\/tr>\n<tr>\n<td><strong>Bouteille 5 kg<\/strong><\/td>\n<td><strong>5<\/strong><\/td>\n<td><strong>299,00 \u20ac<\/strong><\/td>\n<td class=\"price-increase\"><strong>+ 20,80 \u20ac<\/strong><\/td>\n<td class=\"simulated-price\"><strong>319,80 \u20ac<\/strong><\/td>\n<\/tr>\n<tr>\n<td><strong>Bouteille 10 kg<\/strong><\/td>\n<td><strong>10<\/strong><\/td>\n<td><strong>619,00 \u20ac<\/strong><\/td>\n<td class=\"price-increase\"><strong>+ 41,61 \u20ac<\/strong><\/td>\n<td class=\"simulated-price\"><strong>660,61 \u20ac<\/strong><\/td>\n<\/tr>\n<tr>\n<td><strong>Bouteille 30 kg<\/strong><\/td>\n<td><strong>30<\/strong><\/td>\n<td><strong>2.249,00 \u20ac<\/strong><\/td>\n<td class=\"price-increase\"><strong>+ 124,83 \u20ac<\/strong><\/td>\n<td class=\"simulated-price\"><strong>2.373,83 \u20ac<\/strong><\/td>\n<\/tr>\n<\/tbody>\n<\/table>\n<h3><span style=\"color: #008000;\">R449A &#8211; Bouteilles D\u00e9taill\u00e9es<\/span><\/h3>\n<table>\n<thead>\n<tr>\n<th width=\"20%\">Format<\/th>\n<th width=\"15%\">Poids (kg)<\/th>\n<th width=\"25%\">Prix Actuel (Hors TVA)<\/th>\n<th width=\"20%\">Ajustement Total (\u20ac)<\/th>\n<th width=\"20%\">Prix 2026 Sim.<\/th>\n<\/tr>\n<\/thead>\n<tbody>\n<tr>\n<td><strong>Bouteille 5 kg<\/strong><\/td>\n<td><strong>5<\/strong><\/td>\n<td><strong>310,00 \u20ac<\/strong><\/td>\n<td class=\"price-increase\"><strong>+ 20,96 \u20ac<\/strong><\/td>\n<td class=\"simulated-price\"><strong>330,96 \u20ac<\/strong><\/td>\n<\/tr>\n<tr>\n<td><strong>Bouteille 10 kg<\/strong><\/td>\n<td><strong>10<\/strong><\/td>\n<td><strong>619,00 \u20ac<\/strong><\/td>\n<td class=\"price-increase\"><strong>+ 41,91 \u20ac<\/strong><\/td>\n<td class=\"simulated-price\"><strong>660,91 \u20ac<\/strong><\/td>\n<\/tr>\n<tr>\n<td><strong>Bouteille 30 kg<\/strong><\/td>\n<td><strong>30<\/strong><\/td>\n<td><strong>2.249,00 \u20ac<\/strong><\/td>\n<td class=\"price-increase\"><strong>+ 125,73 \u20ac<\/strong><\/td>\n<td class=\"simulated-price\"><strong>2.374,73 \u20ac<\/strong><\/td>\n<\/tr>\n<\/tbody>\n<\/table>\n<h3><span style=\"color: #008000;\">R134a &#8211; Bouteilles D\u00e9taill\u00e9es<\/span><\/h3>\n<table>\n<thead>\n<tr>\n<th width=\"20%\">Format<\/th>\n<th width=\"15%\">Poids (kg)<\/th>\n<th width=\"25%\">Prix Actuel (Hors TVA)<\/th>\n<th width=\"20%\">Ajustement Total (\u20ac)<\/th>\n<th width=\"20%\">Prix 2026 Sim.<\/th>\n<\/tr>\n<\/thead>\n<tbody>\n<tr>\n<td><strong>Bouteille 900g<\/strong><\/td>\n<td><strong>0,9<\/strong><\/td>\n<td><strong>59,50 \u20ac<\/strong><\/td>\n<td class=\"price-increase\"><strong>+ 3,86 \u20ac<\/strong><\/td>\n<td class=\"simulated-price\"><strong>63,36 \u20ac<\/strong><\/td>\n<\/tr>\n<tr>\n<td><strong>Bouteille 2 kg<\/strong><\/td>\n<td><strong>2<\/strong><\/td>\n<td><strong>109,00 \u20ac<\/strong><\/td>\n<td class=\"price-increase\"><strong>+ 8,58 \u20ac<\/strong><\/td>\n<td class=\"simulated-price\"><strong>117,58 \u20ac<\/strong><\/td>\n<\/tr>\n<tr>\n<td><strong>Bouteille 5 kg<\/strong><\/td>\n<td><strong>5<\/strong><\/td>\n<td><strong>255,00 \u20ac<\/strong><\/td>\n<td class=\"price-increase\"><strong>+ 21,45 \u20ac<\/strong><\/td>\n<td class=\"simulated-price\"><strong>276,45 \u20ac<\/strong><\/td>\n<\/tr>\n<tr>\n<td><strong>Bouteille 12 kg<\/strong><\/td>\n<td><strong>12<\/strong><\/td>\n<td><strong>425,00 \u20ac<\/strong><\/td>\n<td class=\"price-increase\"><strong>+ 51,48 \u20ac<\/strong><\/td>\n<td class=\"simulated-price\"><strong>476,48 \u20ac<\/strong><\/td>\n<\/tr>\n<tr>\n<td><strong>Bouteille 40 kg<\/strong><\/td>\n<td><strong>40<\/strong><\/td>\n<td><strong>1.539,00 \u20ac<\/strong><\/td>\n<td class=\"price-increase\"><strong>+ 171,60 \u20ac<\/strong><\/td>\n<td class=\"simulated-price\"><strong>1.710,60 \u20ac<\/strong><\/td>\n<\/tr>\n<\/tbody>\n<\/table>\n<h3><span style=\"color: #008000;\">R407C &#8211; Bouteilles D\u00e9taill\u00e9es<\/span><\/h3>\n<table>\n<thead>\n<tr>\n<th width=\"20%\">Format<\/th>\n<th width=\"15%\">Poids (kg)<\/th>\n<th width=\"25%\">Prix Actuel (Hors TVA)<\/th>\n<th width=\"20%\">Ajustement Total (\u20ac)<\/th>\n<th width=\"20%\">Prix 2026 Sim.<\/th>\n<\/tr>\n<\/thead>\n<tbody>\n<tr>\n<td><strong>Bouteille 850g<\/strong><\/td>\n<td><strong>0,85<\/strong><\/td>\n<td><strong>85,00 \u20ac<\/strong><\/td>\n<td class=\"price-increase\"><strong>+ 4,52 \u20ac<\/strong><\/td>\n<td class=\"simulated-price\"><strong>89,52 \u20ac<\/strong><\/td>\n<\/tr>\n<tr>\n<td><strong>Bouteille 2 kg<\/strong><\/td>\n<td><strong>2<\/strong><\/td>\n<td><strong>175,00 \u20ac<\/strong><\/td>\n<td class=\"price-increase\"><strong>+ 10,64 \u20ac<\/strong><\/td>\n<td class=\"simulated-price\"><strong>185,64 \u20ac<\/strong><\/td>\n<\/tr>\n<tr>\n<td><strong>Bouteille 5 kg<\/strong><\/td>\n<td><strong>5<\/strong><\/td>\n<td><strong>395,00 \u20ac<\/strong><\/td>\n<td class=\"price-increase\"><strong>+ 26,61 \u20ac<\/strong><\/td>\n<td class=\"simulated-price\"><strong>421,61 \u20ac<\/strong><\/td>\n<\/tr>\n<tr>\n<td><strong>Bouteille 10 kg<\/strong><\/td>\n<td><strong>10<\/strong><\/td>\n<td><strong>489,00 \u20ac<\/strong><\/td>\n<td class=\"price-increase\"><strong>+ 53,22 \u20ac<\/strong><\/td>\n<td class=\"simulated-price\"><strong>542,22 \u20ac<\/strong><\/td>\n<\/tr>\n<tr>\n<td><strong>Bouteille 35 kg<\/strong><\/td>\n<td><strong>35<\/strong><\/td>\n<td><strong>1.799,00 \u20ac<\/strong><\/td>\n<td class=\"price-increase\"><strong>+ 186,27 \u20ac<\/strong><\/td>\n<td class=\"simulated-price\"><strong>1.985,27 \u20ac<\/strong><\/td>\n<\/tr>\n<\/tbody>\n<\/table>\n<h3><span style=\"color: #008000;\">R410A &#8211; Bouteilles D\u00e9taill\u00e9es<\/span><\/h3>\n<table>\n<thead>\n<tr>\n<th width=\"20%\">Format<\/th>\n<th width=\"15%\">Poids (kg)<\/th>\n<th width=\"25%\">Prix Actuel (Hors TVA)<\/th>\n<th width=\"20%\">Ajustement Total (\u20ac)<\/th>\n<th width=\"20%\">Prix 2026 Sim.<\/th>\n<\/tr>\n<\/thead>\n<tbody>\n<tr>\n<td><strong>Bouteille 800g<\/strong><\/td>\n<td><strong>0,8<\/strong><\/td>\n<td><strong>89,00 \u20ac<\/strong><\/td>\n<td class=\"price-increase\"><strong>+ 5,01 \u20ac<\/strong><\/td>\n<td class=\"simulated-price\"><strong>94,01 \u20ac<\/strong><\/td>\n<\/tr>\n<tr>\n<td><strong>Bouteille 1.9 kg<\/strong><\/td>\n<td><strong>1,9<\/strong><\/td>\n<td><strong>185,00 \u20ac<\/strong><\/td>\n<td class=\"price-increase\"><strong>+ 11,90 \u20ac<\/strong><\/td>\n<td class=\"simulated-price\"><strong>196,90 \u20ac<\/strong><\/td>\n<\/tr>\n<tr>\n<td><strong>Bouteille 5 kg<\/strong><\/td>\n<td><strong>5<\/strong><\/td>\n<td><strong>399,00 \u20ac<\/strong><\/td>\n<td class=\"price-increase\"><strong>+ 31,32 \u20ac<\/strong><\/td>\n<td class=\"simulated-price\"><strong>430,32 \u20ac<\/strong><\/td>\n<\/tr>\n<tr>\n<td><strong>Bouteille 10 kg<\/strong><\/td>\n<td><strong>10<\/strong><\/td>\n<td><strong>479,00 \u20ac<\/strong><\/td>\n<td class=\"price-increase\"><strong>+ 62,64 \u20ac<\/strong><\/td>\n<td class=\"simulated-price\"><strong>541,64 \u20ac<\/strong><\/td>\n<\/tr>\n<tr>\n<td><strong>Bouteille 30 kg<\/strong><\/td>\n<td><strong>30<\/strong><\/td>\n<td><strong>1.699,00 \u20ac<\/strong><\/td>\n<td class=\"price-increase\"><strong>+ 187,92 \u20ac<\/strong><\/td>\n<td class=\"simulated-price\"><strong>1.886,92 \u20ac<\/strong><\/td>\n<\/tr>\n<\/tbody>\n<\/table>\n<h3><span style=\"color: #008000;\">R452A &#8211; Bouteilles D\u00e9taill\u00e9es<\/span><\/h3>\n<table>\n<thead>\n<tr>\n<th width=\"20%\">Format<\/th>\n<th width=\"15%\">Poids (kg)<\/th>\n<th width=\"25%\">Prix Actuel (Hors TVA)<\/th>\n<th width=\"20%\">Adeguamento Totale (\u20ac)<\/th>\n<th width=\"20%\">Prezzo 2026 Sim.<\/th>\n<\/tr>\n<\/thead>\n<tbody>\n<tr>\n<td><strong>Bouteille 5 kg<\/strong><\/td>\n<td><strong>5<\/strong><\/td>\n<td><strong>450,00 \u20ac<\/strong><\/td>\n<td class=\"price-increase\"><strong>+ 32,10 \u20ac<\/strong><\/td>\n<td class=\"simulated-price\"><strong>482,10 \u20ac<\/strong><\/td>\n<\/tr>\n<tr>\n<td><strong>Bouteille 10 kg<\/strong><\/td>\n<td><strong>10<\/strong><\/td>\n<td><strong>849,00 \u20ac<\/strong><\/td>\n<td class=\"price-increase\"><strong>+ 64,20 \u20ac<\/strong><\/td>\n<td class=\"simulated-price\"><strong>913,20 \u20ac<\/strong><\/td>\n<\/tr>\n<\/tbody>\n<\/table>\n<\/div>\n","protected":false},"excerpt":{"rendered":"<p>INFORMATION R\u00c9GLEMENTAIRE : Les prix &#8220;2026 Sim.&#8221; sont calcul\u00e9s en appliquant l&#8217;ajustement Gaz F de \u20ac3 par tonne d&#8217;\u00e9quivalent CO\u2082 (conform\u00e9ment au R\u00e8glement UE 2024\/573) aux prix de catalogue actuels. R32 &#8211; Bouteilles D\u00e9taill\u00e9es Format Poids (kg) Prix Actuel (Hors TVA) Ajustement Total (\u20ac) Prix 2026 Sim. Bouteille 800g 0,8 59,00 \u20ac + 1,62 \u20ac [&hellip;]<\/p>\n","protected":false},"author":1211,"featured_media":0,"parent":0,"menu_order":0,"comment_status":"closed","ping_status":"closed","template":"","meta":[],"acf":[],"yoast_head":"<!-- This site is optimized with the Yoast SEO plugin v20.2 - https:\/\/yoast.com\/wordpress\/plugins\/seo\/ -->\n<title>Liste de prix 2026 : Conformit\u00e9 d\u00e9taill\u00e9e aux gaz fluor\u00e9s. | Refrigerant Boys<\/title>\n<meta name=\"robots\" content=\"index, follow, max-snippet:-1, max-image-preview:large, max-video-preview:-1\" \/>\n<link rel=\"canonical\" href=\"https:\/\/www.refrigerantboys.com\/fr\/liste-de-prix-2026-conformite-detaillee-aux-gaz-fluores\/\" \/>\n<meta property=\"og:locale\" content=\"fr_FR\" \/>\n<meta property=\"og:type\" content=\"article\" \/>\n<meta property=\"og:title\" content=\"Liste de prix 2026 : Conformit\u00e9 d\u00e9taill\u00e9e aux gaz fluor\u00e9s. | Refrigerant Boys\" \/>\n<meta property=\"og:description\" content=\"INFORMATION R\u00c9GLEMENTAIRE : Les prix &#8220;2026 Sim.&#8221; sont calcul\u00e9s en appliquant l&#8217;ajustement Gaz F de \u20ac3 par tonne d&#8217;\u00e9quivalent CO\u2082 (conform\u00e9ment au R\u00e8glement UE 2024\/573) aux prix de catalogue actuels. R32 &#8211; Bouteilles D\u00e9taill\u00e9es Format Poids (kg) Prix Actuel (Hors TVA) Ajustement Total (\u20ac) Prix 2026 Sim. Bouteille 800g 0,8 59,00 \u20ac + 1,62 \u20ac [&hellip;]\" \/>\n<meta property=\"og:url\" content=\"https:\/\/www.refrigerantboys.com\/fr\/liste-de-prix-2026-conformite-detaillee-aux-gaz-fluores\/\" \/>\n<meta property=\"og:site_name\" content=\"Refrigerant Boys\" \/>\n<meta property=\"article:modified_time\" content=\"2025-11-19T16:48:52+00:00\" \/>\n<meta name=\"twitter:card\" content=\"summary_large_image\" \/>\n<meta name=\"twitter:label1\" content=\"Dur\u00e9e de lecture estim\u00e9e\" \/>\n\t<meta name=\"twitter:data1\" content=\"3 minutes\" \/>\n<script type=\"application\/ld+json\" class=\"yoast-schema-graph\">{\"@context\":\"https:\/\/schema.org\",\"@graph\":[{\"@type\":\"WebPage\",\"@id\":\"https:\/\/www.refrigerantboys.com\/fr\/liste-de-prix-2026-conformite-detaillee-aux-gaz-fluores\/\",\"url\":\"https:\/\/www.refrigerantboys.com\/fr\/liste-de-prix-2026-conformite-detaillee-aux-gaz-fluores\/\",\"name\":\"Liste de prix 2026 : Conformit\u00e9 d\u00e9taill\u00e9e aux gaz fluor\u00e9s. | Refrigerant Boys\",\"isPartOf\":{\"@id\":\"https:\/\/www.refrigerantboys.com\/fr\/#website\"},\"datePublished\":\"2025-11-19T16:47:42+00:00\",\"dateModified\":\"2025-11-19T16:48:52+00:00\",\"breadcrumb\":{\"@id\":\"https:\/\/www.refrigerantboys.com\/fr\/liste-de-prix-2026-conformite-detaillee-aux-gaz-fluores\/#breadcrumb\"},\"inLanguage\":\"fr-FR\",\"potentialAction\":[{\"@type\":\"ReadAction\",\"target\":[\"https:\/\/www.refrigerantboys.com\/fr\/liste-de-prix-2026-conformite-detaillee-aux-gaz-fluores\/\"]}]},{\"@type\":\"BreadcrumbList\",\"@id\":\"https:\/\/www.refrigerantboys.com\/fr\/liste-de-prix-2026-conformite-detaillee-aux-gaz-fluores\/#breadcrumb\",\"itemListElement\":[{\"@type\":\"ListItem\",\"position\":1,\"name\":\"Home\",\"item\":\"https:\/\/www.refrigerantboys.com\/fr\/\"},{\"@type\":\"ListItem\",\"position\":2,\"name\":\"Liste de prix 2026 : Conformit\u00e9 d\u00e9taill\u00e9e aux gaz fluor\u00e9s.\"}]},{\"@type\":\"WebSite\",\"@id\":\"https:\/\/www.refrigerantboys.com\/fr\/#website\",\"url\":\"https:\/\/www.refrigerantboys.com\/fr\/\",\"name\":\"Refrigerant Boys\",\"description\":\"Vendita gas refrigeranti\",\"potentialAction\":[{\"@type\":\"SearchAction\",\"target\":{\"@type\":\"EntryPoint\",\"urlTemplate\":\"https:\/\/www.refrigerantboys.com\/fr\/?s={search_term_string}\"},\"query-input\":\"required name=search_term_string\"}],\"inLanguage\":\"fr-FR\"}]}<\/script>\n<!-- \/ Yoast SEO plugin. -->","yoast_head_json":{"title":"Liste de prix 2026 : Conformit\u00e9 d\u00e9taill\u00e9e aux gaz fluor\u00e9s. | Refrigerant Boys","robots":{"index":"index","follow":"follow","max-snippet":"max-snippet:-1","max-image-preview":"max-image-preview:large","max-video-preview":"max-video-preview:-1"},"canonical":"https:\/\/www.refrigerantboys.com\/fr\/liste-de-prix-2026-conformite-detaillee-aux-gaz-fluores\/","og_locale":"fr_FR","og_type":"article","og_title":"Liste de prix 2026 : Conformit\u00e9 d\u00e9taill\u00e9e aux gaz fluor\u00e9s. | Refrigerant Boys","og_description":"INFORMATION R\u00c9GLEMENTAIRE : Les prix &#8220;2026 Sim.&#8221; sont calcul\u00e9s en appliquant l&#8217;ajustement Gaz F de \u20ac3 par tonne d&#8217;\u00e9quivalent CO\u2082 (conform\u00e9ment au R\u00e8glement UE 2024\/573) aux prix de catalogue actuels. R32 &#8211; Bouteilles D\u00e9taill\u00e9es Format Poids (kg) Prix Actuel (Hors TVA) Ajustement Total (\u20ac) Prix 2026 Sim. Bouteille 800g 0,8 59,00 \u20ac + 1,62 \u20ac [&hellip;]","og_url":"https:\/\/www.refrigerantboys.com\/fr\/liste-de-prix-2026-conformite-detaillee-aux-gaz-fluores\/","og_site_name":"Refrigerant Boys","article_modified_time":"2025-11-19T16:48:52+00:00","twitter_card":"summary_large_image","twitter_misc":{"Dur\u00e9e de lecture estim\u00e9e":"3 minutes"},"schema":{"@context":"https:\/\/schema.org","@graph":[{"@type":"WebPage","@id":"https:\/\/www.refrigerantboys.com\/fr\/liste-de-prix-2026-conformite-detaillee-aux-gaz-fluores\/","url":"https:\/\/www.refrigerantboys.com\/fr\/liste-de-prix-2026-conformite-detaillee-aux-gaz-fluores\/","name":"Liste de prix 2026 : Conformit\u00e9 d\u00e9taill\u00e9e aux gaz fluor\u00e9s. | Refrigerant Boys","isPartOf":{"@id":"https:\/\/www.refrigerantboys.com\/fr\/#website"},"datePublished":"2025-11-19T16:47:42+00:00","dateModified":"2025-11-19T16:48:52+00:00","breadcrumb":{"@id":"https:\/\/www.refrigerantboys.com\/fr\/liste-de-prix-2026-conformite-detaillee-aux-gaz-fluores\/#breadcrumb"},"inLanguage":"fr-FR","potentialAction":[{"@type":"ReadAction","target":["https:\/\/www.refrigerantboys.com\/fr\/liste-de-prix-2026-conformite-detaillee-aux-gaz-fluores\/"]}]},{"@type":"BreadcrumbList","@id":"https:\/\/www.refrigerantboys.com\/fr\/liste-de-prix-2026-conformite-detaillee-aux-gaz-fluores\/#breadcrumb","itemListElement":[{"@type":"ListItem","position":1,"name":"Home","item":"https:\/\/www.refrigerantboys.com\/fr\/"},{"@type":"ListItem","position":2,"name":"Liste de prix 2026 : Conformit\u00e9 d\u00e9taill\u00e9e aux gaz fluor\u00e9s."}]},{"@type":"WebSite","@id":"https:\/\/www.refrigerantboys.com\/fr\/#website","url":"https:\/\/www.refrigerantboys.com\/fr\/","name":"Refrigerant Boys","description":"Vendita gas refrigeranti","potentialAction":[{"@type":"SearchAction","target":{"@type":"EntryPoint","urlTemplate":"https:\/\/www.refrigerantboys.com\/fr\/?s={search_term_string}"},"query-input":"required name=search_term_string"}],"inLanguage":"fr-FR"}]}},"_links":{"self":[{"href":"https:\/\/www.refrigerantboys.com\/fr\/wp-json\/wp\/v2\/pages\/95301"}],"collection":[{"href":"https:\/\/www.refrigerantboys.com\/fr\/wp-json\/wp\/v2\/pages"}],"about":[{"href":"https:\/\/www.refrigerantboys.com\/fr\/wp-json\/wp\/v2\/types\/page"}],"author":[{"embeddable":true,"href":"https:\/\/www.refrigerantboys.com\/fr\/wp-json\/wp\/v2\/users\/1211"}],"replies":[{"embeddable":true,"href":"https:\/\/www.refrigerantboys.com\/fr\/wp-json\/wp\/v2\/comments?post=95301"}],"version-history":[{"count":1,"href":"https:\/\/www.refrigerantboys.com\/fr\/wp-json\/wp\/v2\/pages\/95301\/revisions"}],"predecessor-version":[{"id":95303,"href":"https:\/\/www.refrigerantboys.com\/fr\/wp-json\/wp\/v2\/pages\/95301\/revisions\/95303"}],"wp:attachment":[{"href":"https:\/\/www.refrigerantboys.com\/fr\/wp-json\/wp\/v2\/media?parent=95301"}],"curies":[{"name":"wp","href":"https:\/\/api.w.org\/{rel}","templated":true}]}}