{"id":2566,"date":"2018-04-16T07:09:30","date_gmt":"2018-04-16T07:09:30","guid":{"rendered":"https:\/\/www.refrigerantboys.com\/?page_id=2566"},"modified":"2024-05-28T14:52:38","modified_gmt":"2024-05-28T12:52:38","slug":"paiements-acceptes","status":"publish","type":"page","link":"https:\/\/www.refrigerantboys.com\/fr\/paiements-acceptes\/","title":{"rendered":"M\u00c9THODES DE PAIEMENT ACCEPT\u00c9ES"},"content":{"rendered":"<section class=\"wpb-content-wrapper\"><p>[vc_row full_width=&#8221;stretch_row&#8221; el_class=&#8221;py-5 m-0&#8243; conditional_render=&#8221;%5B%7B%22value_role%22%3A%22administrator%22%7D%5D&#8221;][vc_column][vc_column_text]<em class=\"text-green\">Si votre num\u00e9ro de TVA est enregistr\u00e9 aupr\u00e8s de V.I.E.S. (IVA Electronic Data Interchange System) vous n\u2019avez pas \u00e0 payer de taxe de 22%<\/em><\/p>\n<p><strong class=\"text-red\">Les prix sur notre site prix sont affich\u00e9s en HT (Hors Taxe).<\/strong><\/p>\n<p>Refrigerant Boys S.r.l. accepte les paiements \u00e9lectroniques tels que Paypal et les cartes de cr\u00e9dit ou par virement bancaire sans aucun paiement de commission sont totalement s\u00e9curis\u00e9s car ils sont prot\u00e9g\u00e9s par la connexion TLS \/ SSL qui garantit la s\u00e9curit\u00e9 d\u2019une connexion Internet et prot\u00e8ge les donn\u00e9es sensibles \u00e9chang\u00e9es. Les paiements par virement bancaire, s\u2019ils ne sont pas finalis\u00e9s dans les 6 jours, seront automatiquement annul\u00e9s et vous devrez proc\u00e9der \u00e0 la passation d\u2019une nouvelle commande.<\/p>\n<p>Contactez-nous par email \u00e0 l\u2019adresse <a href=\"mailto:service@refrigerantboys.it\">service@refrigerantboys.it<\/a>[\/vc_column_text][\/vc_column][\/vc_row][vc_row full_width=&#8221;stretch_row&#8221; el_class=&#8221;py-5 m-0&#8243; css=&#8221;.vc_custom_1675088722233{background-color: #f5f5f5 !important;}&#8221; conditional_render=&#8221;%5B%7B%22value_role%22%3A%22administrator%22%7D%5D&#8221;][vc_column]<div class=\"porto-u-heading  wpb_custom_95aa9a11c17ad45cfabaf210d84ee7cc porto-u-55ca8359258f9a412be7e73af65d2aac \"><div class=\"porto-u-main-heading\"><h2  >FACTURATION<\/h2><\/div><style>.porto-u-55ca8359258f9a412be7e73af65d2aac.porto-u-heading{text-align:center}<\/style><\/div>[vc_column_text]Les factures sont envoy\u00e9es par email dans un d\u00e9lai de 5 jours \u00e0 compter de la conclusion de la commande \u00e0 l\u2019adresse renseign\u00e9e lors de l\u2019inscription.<\/p>\n<p><strong class=\"text-red\">IMPORTANT: si les donn\u00e9es de la soci\u00e9t\u00e9 ne sont pas saisies correctement (raison sociale \u2013 num\u00e9ro de TVA) et ne seront pas communiqu\u00e9es par mail dans les 10 jours du mois suivant la commande, la facture ne pourra plus \u00eatre \u00e9mise et la vente sera enregistr\u00e9e comme g\u00e9n\u00e9rique consid\u00e9ration.<\/strong>[\/vc_column_text][\/vc_column][\/vc_row][vc_row full_width=&#8221;stretch_row&#8221; el_class=&#8221;py-5 m-0&#8243; conditional_render=&#8221;%5B%7B%22value_role%22%3A%22administrator%22%7D%5D&#8221;][vc_column width=&#8221;1\/2&#8243;][vc_column_text]<\/p>\n<h2 class=\"uppercase\" style=\"text-align: center;\">VIREMENT BANCAIRE<\/h2>\n<h5 style=\"text-align: center;\"><strong>IBAN: IT 35 C 02008 22800 000104149887<br \/>\n<\/strong><\/h5>\n<p style=\"text-align: center;\"><strong>BIC\/SWIFT: UNCRITM1305<\/strong><\/p>\n<p style=\"text-align: center;\">CAUSAL: INS\u00c9RER N\u00b0 ORDRE<\/p>\n<p>[\/vc_column_text][\/vc_column][vc_column width=&#8221;1\/2&#8243;][vc_single_image image=&#8221;46281&#8243; img_size=&#8221;full&#8221;][\/vc_column][\/vc_row]<\/p>\n<\/section>","protected":false},"excerpt":{"rendered":"<p>[vc_row full_width=&#8221;stretch_row&#8221; el_class=&#8221;py-5 m-0&#8243; conditional_render=&#8221;%5B%7B%22value_role%22%3A%22administrator%22%7D%5D&#8221;][vc_column][vc_column_text]Si votre num\u00e9ro de TVA est enregistr\u00e9 aupr\u00e8s de V.I.E.S. (IVA Electronic Data Interchange System) vous n\u2019avez pas \u00e0 payer de taxe de 22% Les prix sur notre site prix sont affich\u00e9s en HT (Hors Taxe). Refrigerant Boys S.r.l. accepte les paiements \u00e9lectroniques tels que Paypal et les cartes de cr\u00e9dit [&hellip;]<\/p>\n","protected":false},"author":1,"featured_media":0,"parent":0,"menu_order":0,"comment_status":"closed","ping_status":"closed","template":"","meta":[],"acf":[],"yoast_head":"<!-- This site is optimized with the Yoast SEO plugin v20.2 - https:\/\/yoast.com\/wordpress\/plugins\/seo\/ -->\n<title>M\u00c9THODES DE PAIEMENT ACCEPT\u00c9ES | Refrigerant Boys<\/title>\n<meta name=\"robots\" content=\"index, follow, max-snippet:-1, max-image-preview:large, max-video-preview:-1\" \/>\n<link rel=\"canonical\" href=\"https:\/\/www.refrigerantboys.com\/fr\/paiements-acceptes\/\" \/>\n<meta property=\"og:locale\" content=\"fr_FR\" \/>\n<meta property=\"og:type\" content=\"article\" \/>\n<meta property=\"og:title\" content=\"M\u00c9THODES DE PAIEMENT ACCEPT\u00c9ES | Refrigerant Boys\" \/>\n<meta property=\"og:description\" content=\"[vc_row full_width=&#8221;stretch_row&#8221; el_class=&#8221;py-5 m-0&#8243; conditional_render=&#8221;%5B%7B%22value_role%22%3A%22administrator%22%7D%5D&#8221;][vc_column][vc_column_text]Si votre num\u00e9ro de TVA est enregistr\u00e9 aupr\u00e8s de V.I.E.S. (IVA Electronic Data Interchange System) vous n\u2019avez pas \u00e0 payer de taxe de 22% Les prix sur notre site prix sont affich\u00e9s en HT (Hors Taxe). Refrigerant Boys S.r.l. accepte les paiements \u00e9lectroniques tels que Paypal et les cartes de cr\u00e9dit [&hellip;]\" \/>\n<meta property=\"og:url\" content=\"https:\/\/www.refrigerantboys.com\/fr\/paiements-acceptes\/\" \/>\n<meta property=\"og:site_name\" content=\"Refrigerant Boys\" \/>\n<meta property=\"article:modified_time\" content=\"2024-05-28T12:52:38+00:00\" \/>\n<meta name=\"twitter:card\" content=\"summary_large_image\" \/>\n<meta name=\"twitter:label1\" content=\"Dur\u00e9e de lecture estim\u00e9e\" \/>\n\t<meta name=\"twitter:data1\" content=\"2 minutes\" \/>\n<script type=\"application\/ld+json\" class=\"yoast-schema-graph\">{\"@context\":\"https:\/\/schema.org\",\"@graph\":[{\"@type\":\"WebPage\",\"@id\":\"https:\/\/www.refrigerantboys.com\/fr\/paiements-acceptes\/\",\"url\":\"https:\/\/www.refrigerantboys.com\/fr\/paiements-acceptes\/\",\"name\":\"M\u00c9THODES DE PAIEMENT ACCEPT\u00c9ES | Refrigerant Boys\",\"isPartOf\":{\"@id\":\"https:\/\/www.refrigerantboys.com\/fr\/#website\"},\"datePublished\":\"2018-04-16T07:09:30+00:00\",\"dateModified\":\"2024-05-28T12:52:38+00:00\",\"breadcrumb\":{\"@id\":\"https:\/\/www.refrigerantboys.com\/fr\/paiements-acceptes\/#breadcrumb\"},\"inLanguage\":\"fr-FR\",\"potentialAction\":[{\"@type\":\"ReadAction\",\"target\":[\"https:\/\/www.refrigerantboys.com\/fr\/paiements-acceptes\/\"]}]},{\"@type\":\"BreadcrumbList\",\"@id\":\"https:\/\/www.refrigerantboys.com\/fr\/paiements-acceptes\/#breadcrumb\",\"itemListElement\":[{\"@type\":\"ListItem\",\"position\":1,\"name\":\"Home\",\"item\":\"https:\/\/www.refrigerantboys.com\/fr\/\"},{\"@type\":\"ListItem\",\"position\":2,\"name\":\"M\u00c9THODES DE PAIEMENT ACCEPT\u00c9ES\"}]},{\"@type\":\"WebSite\",\"@id\":\"https:\/\/www.refrigerantboys.com\/fr\/#website\",\"url\":\"https:\/\/www.refrigerantboys.com\/fr\/\",\"name\":\"Refrigerant Boys\",\"description\":\"Vendita gas refrigeranti\",\"potentialAction\":[{\"@type\":\"SearchAction\",\"target\":{\"@type\":\"EntryPoint\",\"urlTemplate\":\"https:\/\/www.refrigerantboys.com\/fr\/?s={search_term_string}\"},\"query-input\":\"required name=search_term_string\"}],\"inLanguage\":\"fr-FR\"}]}<\/script>\n<!-- \/ Yoast SEO plugin. -->","yoast_head_json":{"title":"M\u00c9THODES DE PAIEMENT ACCEPT\u00c9ES | Refrigerant Boys","robots":{"index":"index","follow":"follow","max-snippet":"max-snippet:-1","max-image-preview":"max-image-preview:large","max-video-preview":"max-video-preview:-1"},"canonical":"https:\/\/www.refrigerantboys.com\/fr\/paiements-acceptes\/","og_locale":"fr_FR","og_type":"article","og_title":"M\u00c9THODES DE PAIEMENT ACCEPT\u00c9ES | Refrigerant Boys","og_description":"[vc_row full_width=&#8221;stretch_row&#8221; el_class=&#8221;py-5 m-0&#8243; conditional_render=&#8221;%5B%7B%22value_role%22%3A%22administrator%22%7D%5D&#8221;][vc_column][vc_column_text]Si votre num\u00e9ro de TVA est enregistr\u00e9 aupr\u00e8s de V.I.E.S. (IVA Electronic Data Interchange System) vous n\u2019avez pas \u00e0 payer de taxe de 22% Les prix sur notre site prix sont affich\u00e9s en HT (Hors Taxe). Refrigerant Boys S.r.l. accepte les paiements \u00e9lectroniques tels que Paypal et les cartes de cr\u00e9dit [&hellip;]","og_url":"https:\/\/www.refrigerantboys.com\/fr\/paiements-acceptes\/","og_site_name":"Refrigerant Boys","article_modified_time":"2024-05-28T12:52:38+00:00","twitter_card":"summary_large_image","twitter_misc":{"Dur\u00e9e de lecture estim\u00e9e":"2 minutes"},"schema":{"@context":"https:\/\/schema.org","@graph":[{"@type":"WebPage","@id":"https:\/\/www.refrigerantboys.com\/fr\/paiements-acceptes\/","url":"https:\/\/www.refrigerantboys.com\/fr\/paiements-acceptes\/","name":"M\u00c9THODES DE PAIEMENT ACCEPT\u00c9ES | Refrigerant Boys","isPartOf":{"@id":"https:\/\/www.refrigerantboys.com\/fr\/#website"},"datePublished":"2018-04-16T07:09:30+00:00","dateModified":"2024-05-28T12:52:38+00:00","breadcrumb":{"@id":"https:\/\/www.refrigerantboys.com\/fr\/paiements-acceptes\/#breadcrumb"},"inLanguage":"fr-FR","potentialAction":[{"@type":"ReadAction","target":["https:\/\/www.refrigerantboys.com\/fr\/paiements-acceptes\/"]}]},{"@type":"BreadcrumbList","@id":"https:\/\/www.refrigerantboys.com\/fr\/paiements-acceptes\/#breadcrumb","itemListElement":[{"@type":"ListItem","position":1,"name":"Home","item":"https:\/\/www.refrigerantboys.com\/fr\/"},{"@type":"ListItem","position":2,"name":"M\u00c9THODES DE PAIEMENT ACCEPT\u00c9ES"}]},{"@type":"WebSite","@id":"https:\/\/www.refrigerantboys.com\/fr\/#website","url":"https:\/\/www.refrigerantboys.com\/fr\/","name":"Refrigerant Boys","description":"Vendita gas refrigeranti","potentialAction":[{"@type":"SearchAction","target":{"@type":"EntryPoint","urlTemplate":"https:\/\/www.refrigerantboys.com\/fr\/?s={search_term_string}"},"query-input":"required name=search_term_string"}],"inLanguage":"fr-FR"}]}},"_links":{"self":[{"href":"https:\/\/www.refrigerantboys.com\/fr\/wp-json\/wp\/v2\/pages\/2566"}],"collection":[{"href":"https:\/\/www.refrigerantboys.com\/fr\/wp-json\/wp\/v2\/pages"}],"about":[{"href":"https:\/\/www.refrigerantboys.com\/fr\/wp-json\/wp\/v2\/types\/page"}],"author":[{"embeddable":true,"href":"https:\/\/www.refrigerantboys.com\/fr\/wp-json\/wp\/v2\/users\/1"}],"replies":[{"embeddable":true,"href":"https:\/\/www.refrigerantboys.com\/fr\/wp-json\/wp\/v2\/comments?post=2566"}],"version-history":[{"count":3,"href":"https:\/\/www.refrigerantboys.com\/fr\/wp-json\/wp\/v2\/pages\/2566\/revisions"}],"predecessor-version":[{"id":78614,"href":"https:\/\/www.refrigerantboys.com\/fr\/wp-json\/wp\/v2\/pages\/2566\/revisions\/78614"}],"wp:attachment":[{"href":"https:\/\/www.refrigerantboys.com\/fr\/wp-json\/wp\/v2\/media?parent=2566"}],"curies":[{"name":"wp","href":"https:\/\/api.w.org\/{rel}","templated":true}]}}