{"id":2558,"date":"2018-04-13T13:51:02","date_gmt":"2018-04-13T13:51:02","guid":{"rendered":"https:\/\/www.refrigerantboys.com\/?page_id=2558"},"modified":"2023-03-01T10:13:19","modified_gmt":"2023-03-01T09:13:19","slug":"commander-grands-volumes-gaz","status":"publish","type":"page","link":"https:\/\/www.refrigerantboys.com\/fr\/commander-grands-volumes-gaz\/","title":{"rendered":"Acheter de grands volumes de gaz r\u00e9frig\u00e9rants"},"content":{"rendered":"<section class=\"wpb-content-wrapper\"><p>[vc_row full_width=&#8221;stretch_row&#8221; css=&#8221;.vc_custom_1675324653953{background-image: url(https:\/\/refrigerantboys.com\/wp-content\/uploads\/2018\/01\/refrigerant-fluid.jpg?id=2241) !important;background-position: center !important;background-repeat: no-repeat !important;background-size: cover !important;}&#8221; conditional_render=&#8221;%5B%7B%22value_role%22%3A%22administrator%22%7D%5D&#8221; el_class=&#8221;py-5 m-0 bg-overlay main-no-padding&#8221;][vc_column]<div class=\"porto-u-heading  wpb_custom_436036575a42ef4fd9a876bc831be0e6 porto-u-55ca8359258f9a412be7e73af65d2aac \"><div class=\"porto-u-main-heading\"><h2   style=\"color:#ffffff;margin-bottom: 30px;\">Gaz r\u00e9frig\u00e9rant : achat de grands volumes<\/h2><\/div><div class=\"porto-u-sub-heading\" style=\"color: #ffffff;\">Avez-vous besoin d\u2019acheter d\u2019importants volumes de gaz r\u00e9frig\u00e9rant ? Contactez-nous pour passer une commande et d\u00e9finir les \u00e9ventuelles r\u00e9ductions des co\u00fbts et des paiements.<br \/>\n\u00c9crivez \u00e0 <a href=\"mailto:service@refrigerantboys.it\">service@refrigerantboys.it<\/a>, ou appelez le <a href=\"tel:+393291858456\">+393291858456<\/a>.<\/div><style>.porto-u-55ca8359258f9a412be7e73af65d2aac.porto-u-heading{text-align:center}<\/style><\/div>[\/vc_column][\/vc_row][vc_row full_width=&#8221;stretch_row&#8221; css=&#8221;.vc_custom_1675089786479{background-color: #f5f5f5 !important;}&#8221; conditional_render=&#8221;%5B%7B%22value_role%22%3A%22administrator%22%7D%5D&#8221; el_class=&#8221;py-5 m-0&#8243;][vc_column]<div class=\"porto-u-heading  wpb_custom_c4617b5f16c71546a6eee5f224561a54 porto-u-55ca8359258f9a412be7e73af65d2aac \"><div class=\"porto-u-main-heading\"><h2   style=\"margin-bottom: 30px;\">GRANDS VOLUMES DE GAZ : LES AVANTAGES<\/h2><\/div><div class=\"porto-u-sub-heading\" style=\"\">En achetant de grands volumes de gaz r\u00e9frig\u00e9rant, vous pourrez b\u00e9n\u00e9ficier d\u2019une remise sp\u00e9ciale, variable selon le type de gaz et la quantit\u00e9 command\u00e9e. Pour d\u00e9couvrir les d\u00e9tails, contactez-nous directement pour une n\u00e9gociation priv\u00e9e.<\/div><style>.porto-u-55ca8359258f9a412be7e73af65d2aac.porto-u-heading{text-align:center}<\/style><\/div>[\/vc_column][\/vc_row][vc_row][vc_column width=&#8221;1\/2&#8243;]<div class=\"porto-u-heading  wpb_custom_c4617b5f16c71546a6eee5f224561a54 porto-u-55ca8359258f9a412be7e73af65d2aac \"><div class=\"porto-u-main-heading\"><h2   style=\"margin-bottom: 30px;\">QUELS SONT LES CONDITIONS POUR R\u00c9PONDRE AUX CRIT\u00c8RES \u00ab GROS VOLUMES \u00bb ?<\/h2><\/div><div class=\"porto-u-sub-heading\" style=\"\">Pour b\u00e9n\u00e9ficier d\u2019une n\u00e9gociation priv\u00e9e afin d\u2019acheter de gros volumes, la commande doit d\u00e9passer les 20 bonbonnes. Par cons\u00e9quent, si vous souhaitez commander 30, 40 ou 100 bonbonnes, appelez ou \u00e9crivez \u00e0 Refrigerant Boys..<\/div><style>.porto-u-55ca8359258f9a412be7e73af65d2aac.porto-u-heading{text-align:center}<\/style><\/div>[\/vc_column][vc_column width=&#8221;1\/2&#8243;]<div class=\"porto-u-heading  wpb_custom_c4617b5f16c71546a6eee5f224561a54 porto-u-55ca8359258f9a412be7e73af65d2aac \"><div class=\"porto-u-main-heading\"><h2   style=\"margin-bottom: 30px;\">CONDITIONS POUR L\u2019ACHAT D\u2019UN FAIBLE NOMBRE DE BONBONNES DE GAZ R\u00c9FRIG\u00c9RANT<\/h2><\/div><div class=\"porto-u-sub-heading\" style=\"\">Vous voulez acheter de faibles volumes de gaz r\u00e9frig\u00e9rant ? S\u2019il vous faut un nombre de bonbonnes inf\u00e9rieur \u00e0 15 bonbonnes de gaz, vous pouvez passer la commande par le biais de notre boutique en ligne, o\u00f9 vous trouverez, outre les <a href=\"https:\/\/www.refrigerantboys.com\/?post_type=shop_order&#038;p=94436\">gaz r\u00e9frig\u00e9rants<\/a>, les <a href=\"https:\/\/www.refrigerantboys.com\/?post_type=shop_order&#038;p=94288\">\u00e9quipements<\/a> et les produits <a href=\"\/?page_id=94410\">chimiques<\/a> pour le domaine de la r\u00e9frig\u00e9ration et la climatisation.<\/div><style>.porto-u-55ca8359258f9a412be7e73af65d2aac.porto-u-heading{text-align:center}<\/style><\/div>[\/vc_column][\/vc_row]<\/p>\n<\/section>","protected":false},"excerpt":{"rendered":"<p>[vc_row full_width=&#8221;stretch_row&#8221; css=&#8221;.vc_custom_1675324653953{background-image: url(https:\/\/refrigerantboys.com\/wp-content\/uploads\/2018\/01\/refrigerant-fluid.jpg?id=2241) !important;background-position: center !important;background-repeat: no-repeat !important;background-size: cover !important;}&#8221; conditional_render=&#8221;%5B%7B%22value_role%22%3A%22administrator%22%7D%5D&#8221; el_class=&#8221;py-5 m-0 bg-overlay main-no-padding&#8221;][vc_column][\/vc_column][\/vc_row][vc_row full_width=&#8221;stretch_row&#8221; css=&#8221;.vc_custom_1675089786479{background-color: #f5f5f5 !important;}&#8221; conditional_render=&#8221;%5B%7B%22value_role%22%3A%22administrator%22%7D%5D&#8221; el_class=&#8221;py-5 m-0&#8243;][vc_column][\/vc_column][\/vc_row][vc_row][vc_column width=&#8221;1\/2&#8243;][\/vc_column][vc_column width=&#8221;1\/2&#8243;][\/vc_column][\/vc_row]<\/p>\n","protected":false},"author":1,"featured_media":0,"parent":0,"menu_order":0,"comment_status":"closed","ping_status":"closed","template":"","meta":[],"acf":[],"yoast_head":"<!-- This site is optimized with the Yoast SEO plugin v20.2 - https:\/\/yoast.com\/wordpress\/plugins\/seo\/ -->\n<title>Acheter de grands volumes de gaz r\u00e9frig\u00e9rants | Refrigerant Boys<\/title>\n<meta name=\"robots\" content=\"index, follow, max-snippet:-1, max-image-preview:large, max-video-preview:-1\" \/>\n<link rel=\"canonical\" href=\"https:\/\/www.refrigerantboys.com\/fr\/commander-grands-volumes-gaz\/\" \/>\n<meta property=\"og:locale\" content=\"fr_FR\" \/>\n<meta property=\"og:type\" content=\"article\" \/>\n<meta property=\"og:title\" content=\"Acheter de grands volumes de gaz r\u00e9frig\u00e9rants | Refrigerant Boys\" \/>\n<meta property=\"og:description\" content=\"[vc_row full_width=&#8221;stretch_row&#8221; css=&#8221;.vc_custom_1675324653953{background-image: url(https:\/\/refrigerantboys.com\/wp-content\/uploads\/2018\/01\/refrigerant-fluid.jpg?id=2241) !important;background-position: center !important;background-repeat: no-repeat !important;background-size: cover !important;}&#8221; conditional_render=&#8221;%5B%7B%22value_role%22%3A%22administrator%22%7D%5D&#8221; el_class=&#8221;py-5 m-0 bg-overlay main-no-padding&#8221;][vc_column][\/vc_column][\/vc_row][vc_row full_width=&#8221;stretch_row&#8221; css=&#8221;.vc_custom_1675089786479{background-color: #f5f5f5 !important;}&#8221; conditional_render=&#8221;%5B%7B%22value_role%22%3A%22administrator%22%7D%5D&#8221; el_class=&#8221;py-5 m-0&#8243;][vc_column][\/vc_column][\/vc_row][vc_row][vc_column width=&#8221;1\/2&#8243;][\/vc_column][vc_column width=&#8221;1\/2&#8243;][\/vc_column][\/vc_row]\" \/>\n<meta property=\"og:url\" content=\"https:\/\/www.refrigerantboys.com\/fr\/commander-grands-volumes-gaz\/\" \/>\n<meta property=\"og:site_name\" content=\"Refrigerant Boys\" \/>\n<meta property=\"article:modified_time\" content=\"2023-03-01T09:13:19+00:00\" \/>\n<meta property=\"og:image\" content=\"https:\/\/www.refrigerantboys.com\/wp-content\/uploads\/2016\/08\/dummy-1.jpg\" \/>\n\t<meta property=\"og:image:width\" content=\"400\" \/>\n\t<meta property=\"og:image:height\" content=\"260\" \/>\n\t<meta property=\"og:image:type\" content=\"image\/jpeg\" \/>\n<meta name=\"twitter:card\" content=\"summary_large_image\" \/>\n<meta name=\"twitter:label1\" content=\"Dur\u00e9e de lecture estim\u00e9e\" \/>\n\t<meta name=\"twitter:data1\" content=\"2 minutes\" \/>\n<script type=\"application\/ld+json\" class=\"yoast-schema-graph\">{\"@context\":\"https:\/\/schema.org\",\"@graph\":[{\"@type\":\"WebPage\",\"@id\":\"https:\/\/www.refrigerantboys.com\/fr\/commander-grands-volumes-gaz\/\",\"url\":\"https:\/\/www.refrigerantboys.com\/fr\/commander-grands-volumes-gaz\/\",\"name\":\"Acheter de grands volumes de gaz r\u00e9frig\u00e9rants | Refrigerant Boys\",\"isPartOf\":{\"@id\":\"https:\/\/www.refrigerantboys.com\/fr\/#website\"},\"datePublished\":\"2018-04-13T13:51:02+00:00\",\"dateModified\":\"2023-03-01T09:13:19+00:00\",\"breadcrumb\":{\"@id\":\"https:\/\/www.refrigerantboys.com\/fr\/commander-grands-volumes-gaz\/#breadcrumb\"},\"inLanguage\":\"fr-FR\",\"potentialAction\":[{\"@type\":\"ReadAction\",\"target\":[\"https:\/\/www.refrigerantboys.com\/fr\/commander-grands-volumes-gaz\/\"]}]},{\"@type\":\"BreadcrumbList\",\"@id\":\"https:\/\/www.refrigerantboys.com\/fr\/commander-grands-volumes-gaz\/#breadcrumb\",\"itemListElement\":[{\"@type\":\"ListItem\",\"position\":1,\"name\":\"Home\",\"item\":\"https:\/\/www.refrigerantboys.com\/fr\/\"},{\"@type\":\"ListItem\",\"position\":2,\"name\":\"Acheter de grands volumes de gaz r\u00e9frig\u00e9rants\"}]},{\"@type\":\"WebSite\",\"@id\":\"https:\/\/www.refrigerantboys.com\/fr\/#website\",\"url\":\"https:\/\/www.refrigerantboys.com\/fr\/\",\"name\":\"Refrigerant Boys\",\"description\":\"Vendita gas refrigeranti\",\"potentialAction\":[{\"@type\":\"SearchAction\",\"target\":{\"@type\":\"EntryPoint\",\"urlTemplate\":\"https:\/\/www.refrigerantboys.com\/fr\/?s={search_term_string}\"},\"query-input\":\"required name=search_term_string\"}],\"inLanguage\":\"fr-FR\"}]}<\/script>\n<!-- \/ Yoast SEO plugin. -->","yoast_head_json":{"title":"Acheter de grands volumes de gaz r\u00e9frig\u00e9rants | Refrigerant Boys","robots":{"index":"index","follow":"follow","max-snippet":"max-snippet:-1","max-image-preview":"max-image-preview:large","max-video-preview":"max-video-preview:-1"},"canonical":"https:\/\/www.refrigerantboys.com\/fr\/commander-grands-volumes-gaz\/","og_locale":"fr_FR","og_type":"article","og_title":"Acheter de grands volumes de gaz r\u00e9frig\u00e9rants | Refrigerant Boys","og_description":"[vc_row full_width=&#8221;stretch_row&#8221; css=&#8221;.vc_custom_1675324653953{background-image: url(https:\/\/refrigerantboys.com\/wp-content\/uploads\/2018\/01\/refrigerant-fluid.jpg?id=2241) !important;background-position: center !important;background-repeat: no-repeat !important;background-size: cover !important;}&#8221; conditional_render=&#8221;%5B%7B%22value_role%22%3A%22administrator%22%7D%5D&#8221; el_class=&#8221;py-5 m-0 bg-overlay main-no-padding&#8221;][vc_column][\/vc_column][\/vc_row][vc_row full_width=&#8221;stretch_row&#8221; css=&#8221;.vc_custom_1675089786479{background-color: #f5f5f5 !important;}&#8221; conditional_render=&#8221;%5B%7B%22value_role%22%3A%22administrator%22%7D%5D&#8221; el_class=&#8221;py-5 m-0&#8243;][vc_column][\/vc_column][\/vc_row][vc_row][vc_column width=&#8221;1\/2&#8243;][\/vc_column][vc_column width=&#8221;1\/2&#8243;][\/vc_column][\/vc_row]","og_url":"https:\/\/www.refrigerantboys.com\/fr\/commander-grands-volumes-gaz\/","og_site_name":"Refrigerant Boys","article_modified_time":"2023-03-01T09:13:19+00:00","og_image":[{"width":400,"height":260,"url":"https:\/\/www.refrigerantboys.com\/wp-content\/uploads\/2016\/08\/dummy-1.jpg","type":"image\/jpeg"}],"twitter_card":"summary_large_image","twitter_misc":{"Dur\u00e9e de lecture estim\u00e9e":"2 minutes"},"schema":{"@context":"https:\/\/schema.org","@graph":[{"@type":"WebPage","@id":"https:\/\/www.refrigerantboys.com\/fr\/commander-grands-volumes-gaz\/","url":"https:\/\/www.refrigerantboys.com\/fr\/commander-grands-volumes-gaz\/","name":"Acheter de grands volumes de gaz r\u00e9frig\u00e9rants | Refrigerant Boys","isPartOf":{"@id":"https:\/\/www.refrigerantboys.com\/fr\/#website"},"datePublished":"2018-04-13T13:51:02+00:00","dateModified":"2023-03-01T09:13:19+00:00","breadcrumb":{"@id":"https:\/\/www.refrigerantboys.com\/fr\/commander-grands-volumes-gaz\/#breadcrumb"},"inLanguage":"fr-FR","potentialAction":[{"@type":"ReadAction","target":["https:\/\/www.refrigerantboys.com\/fr\/commander-grands-volumes-gaz\/"]}]},{"@type":"BreadcrumbList","@id":"https:\/\/www.refrigerantboys.com\/fr\/commander-grands-volumes-gaz\/#breadcrumb","itemListElement":[{"@type":"ListItem","position":1,"name":"Home","item":"https:\/\/www.refrigerantboys.com\/fr\/"},{"@type":"ListItem","position":2,"name":"Acheter de grands volumes de gaz r\u00e9frig\u00e9rants"}]},{"@type":"WebSite","@id":"https:\/\/www.refrigerantboys.com\/fr\/#website","url":"https:\/\/www.refrigerantboys.com\/fr\/","name":"Refrigerant Boys","description":"Vendita gas refrigeranti","potentialAction":[{"@type":"SearchAction","target":{"@type":"EntryPoint","urlTemplate":"https:\/\/www.refrigerantboys.com\/fr\/?s={search_term_string}"},"query-input":"required name=search_term_string"}],"inLanguage":"fr-FR"}]}},"_links":{"self":[{"href":"https:\/\/www.refrigerantboys.com\/fr\/wp-json\/wp\/v2\/pages\/2558"}],"collection":[{"href":"https:\/\/www.refrigerantboys.com\/fr\/wp-json\/wp\/v2\/pages"}],"about":[{"href":"https:\/\/www.refrigerantboys.com\/fr\/wp-json\/wp\/v2\/types\/page"}],"author":[{"embeddable":true,"href":"https:\/\/www.refrigerantboys.com\/fr\/wp-json\/wp\/v2\/users\/1"}],"replies":[{"embeddable":true,"href":"https:\/\/www.refrigerantboys.com\/fr\/wp-json\/wp\/v2\/comments?post=2558"}],"version-history":[{"count":0,"href":"https:\/\/www.refrigerantboys.com\/fr\/wp-json\/wp\/v2\/pages\/2558\/revisions"}],"wp:attachment":[{"href":"https:\/\/www.refrigerantboys.com\/fr\/wp-json\/wp\/v2\/media?parent=2558"}],"curies":[{"name":"wp","href":"https:\/\/api.w.org\/{rel}","templated":true}]}}