{"id":2547,"date":"2018-04-13T13:15:34","date_gmt":"2018-04-13T13:15:34","guid":{"rendered":"https:\/\/www.refrigerantboys.com\/?page_id=2547"},"modified":"2023-03-01T10:05:18","modified_gmt":"2023-03-01T09:05:18","slug":"conditions-de-vente","status":"publish","type":"page","link":"https:\/\/www.refrigerantboys.com\/fr\/conditions-de-vente\/","title":{"rendered":"Conditions de vente"},"content":{"rendered":"<section class=\"wpb-content-wrapper\"><p>[vc_row][vc_column][vc_column_text]Notre soci\u00e9t\u00e9 est sp\u00e9cialis\u00e9e dans la vente de r\u00e9frig\u00e9rants et de l\u2019\u00e9quipement qui sont n\u00e9cessaires dans la climatisation et la r\u00e9frig\u00e9ration.<\/p>\n<p>Refrigerant Boys est une soci\u00e9t\u00e9 n\u00e9e de l\u2019exp\u00e9rience de personnes toujours engag\u00e9s dans le commerce et la distribution des fluidesfrigorig\u00e8nes. Notre canal de vente en ligne de produits pour la r\u00e9frig\u00e9ration a \u00e9t\u00e9 cr\u00e9\u00e9 pour r\u00e9pondre \u00e0 la demande croissante, nos clients, de trouver rapidement ce dont ils ont besoin, et de le commander (par le biais de ce magasin) en quelques clics. Notre gamme de produits \u00e0 partir du gaz r\u00e9frig\u00e9rant , de l\u2019\u00e9quipement pour les personnes travaillant dans le monde de la r\u00e9frig\u00e9ration, jusqu\u2019\u00e0 ce que le secteur des produits chimiques pour l\u2019entretien, le nettoyage et le contr\u00f4le de la climatisation, de la r\u00e9frig\u00e9ration et de voitures.<\/p>\n<p>Notre entreprise offre \u00e9galement le service de cylindres de charge de votre propri\u00e9t\u00e9, l\u2019organisation du transport n\u00e9cessaire pour la collecte et le retour \u00e0 la maison, dans le respect des normes de s\u00e9curit\u00e9 et avec la plus grande vitesse, m\u00eame pendant les p\u00e9riodes de pointe saisonni\u00e8res.<\/p>\n<p>Avec son \u00e9quipe de professionnels, tous avec des d\u00e9cennies d\u2019exp\u00e9rience dans le domaine du gaz pour la climatisation et la r\u00e9frig\u00e9ration, frigorig\u00e8nes Boys est en mesure de satisfaire toutes vos demandes, technique et commercial, gr\u00e2ce \u00e0 un service \u00e0 la client\u00e8le: <a href=\"mailto:service@refrigerantboys.it\">service@refrigerantboys.it<\/a>.<\/p>\n<p>Notre gamme de clients fait partie des secteurs suivants:<\/p>\n<ul>\n<li>le domaine de la climatisation civile et commerciale et de la r\u00e9frig\u00e9ration (installateurs, r\u00e9parateurs, et les d\u00e9taillants)<\/li>\n<li>l\u2019industrie des pi\u00e8ces de rechange des appareils (r\u00e9parateurs, distributeurs)<\/li>\n<li>secteur de l\u2019\u00e9lectricit\u00e9 (taureaux de istalla, r\u00e9parateurs et d\u00e9taillants)<\/li>\n<li>plomberie et chauffage (secteur r\u00e9parateurs, Ing\u00e9nieurs, pi\u00e8ces de rechange concessionnaires)<\/li>\n<li>domaine de la climatisation automobile (des ateliers de r\u00e9paration, les \u00e9lectriciens, les carrosseries, les fournisseurs de pi\u00e8ces)<\/li>\n<\/ul>\n<p>[\/vc_column_text]<div class=\"porto-u-heading  wpb_custom_95aa9a11c17ad45cfabaf210d84ee7cc porto-u-ad87e2eaf3f9c495180fe0156ddf3eb0 \"><div class=\"porto-u-main-heading\"><h2  >Garantie<\/h2><\/div><div class=\"porto-u-sub-heading\" style=\"\">\n<p class=\"lead\">Frigorig\u00e8nes gar\u00e7ons srl garantit que tous les produits vendus pour 12 mois, la garantie est encore soumis \u00e0 la v\u00e9rification technique par notre personnel qui \u00e9tablit la nature de ce probl\u00e8me.<\/p>\n<p class=\"lead\">Pour demander une garantie pour le remplacement ou la r\u00e9paration, vous devez contacter le service \u00e0 la client\u00e8le en \u00e9crivant \u00e0\u00a0<a href=\"mailto:service@refrigerantboys.it\">service@refrigerantboys.it<\/a>.<\/p>\n<p class=\"lead\">La garantie sur les cylindres est applicable si et seulement si, sur la vanne, il est un joint r\u00e9tractable intact. En outre, tous les produits doivent \u00eatre retourn\u00e9s \u2013 (autorisation pr\u00e9alable par \u00e9crit par notre soci\u00e9t\u00e9) \u2013 et correctement emball\u00e9s et jamais utilis\u00e9.<\/p>\n<p>Le non-respect de l\u2019une de ces conduit normalement la garantie \u00e0 la pourriture automatiquement.<\/div><style>.porto-u-ad87e2eaf3f9c495180fe0156ddf3eb0.porto-u-heading{text-align:left}<\/style><\/div><div class=\"porto-u-heading  wpb_custom_95aa9a11c17ad45cfabaf210d84ee7cc porto-u-ad87e2eaf3f9c495180fe0156ddf3eb0 \"><div class=\"porto-u-main-heading\"><h2  >Pr\u00e9cautions<\/h2><\/div><div class=\"porto-u-sub-heading\" style=\"\">\n<p class=\"lead\">Frigorig\u00e8nes gar\u00e7ons srl Il est responsable de tout dommage \u2013 direct ou indirect \u2013 caus\u00e9s par les produits vendus, ni \u00e0 une mauvaise utilisation ou l\u2019achat inappropri\u00e9, ni abuser, dans les zones non sous manipulation (et \/ ou de stockage) de gaz frigorig\u00e8nes.<\/p>\n<p class=\"lead\">Toujours se r\u00e9f\u00e9rer aux fiches de donn\u00e9es de s\u00e9curit\u00e9 des mat\u00e9riaux pour chaque type de produit utilis\u00e9 (les consulter ou les imprimer dans la section MSDS)<\/p>\n<p class=\"lead\">L\u2019utilisation du gaz de refroidissement est r\u00e9gie par une l\u00e9gislation appropri\u00e9e et est seulement recommand\u00e9 aux op\u00e9rateurs de refroidissement \/ r\u00e9frig\u00e9ration (ou similaire), avec des comp\u00e9tences sp\u00e9cifiques au sujet.<\/p>\n<p><\/div><style>.porto-u-ad87e2eaf3f9c495180fe0156ddf3eb0.porto-u-heading{text-align:left}<\/style><\/div><div class=\"porto-u-heading  wpb_custom_95aa9a11c17ad45cfabaf210d84ee7cc porto-u-ad87e2eaf3f9c495180fe0156ddf3eb0 \"><div class=\"porto-u-main-heading\"><h2  >Des produits cosm\u00e9tiques<\/h2><\/div><div class=\"porto-u-sub-heading\" style=\"\">\n<p class=\"lead\">L\u2019esth\u00e9tique des produits pr\u00e9sent\u00e9s dans notre site Web peuvent varier en forme et \/ ou la couleur, tout en conservant les normes, les caract\u00e9ristiques, les fonctionnalit\u00e9s d\u00e9crites.<\/p>\n<p><\/div><style>.porto-u-ad87e2eaf3f9c495180fe0156ddf3eb0.porto-u-heading{text-align:left}<\/style><\/div><div class=\"porto-u-heading  wpb_custom_95aa9a11c17ad45cfabaf210d84ee7cc porto-u-ad87e2eaf3f9c495180fe0156ddf3eb0 \"><div class=\"porto-u-main-heading\"><h2  >Renfoncement<\/h2><\/div><div class=\"porto-u-sub-heading\" style=\"\">Le droit de r\u00e9tractation est appliqu\u00e9 conform\u00e9ment \u00e0 la loi uniquement pour les clients priv\u00e9s-\u00e0-dire une personne qui ach\u00e8te les produits pour un usage personnel et non imputable \u00e0 ses activit\u00e9s \u2013 a le droit de r\u00e9silier le contrat d\u2019achat pour une raison quelconque. Ce droit doit \u00eatre exerc\u00e9 en envoyant un e-mail dans les 10 jours ouvrables \u00e0 compter de la r\u00e9ception des marchandises.<\/p>\n<p>Pour plus d\u2019informations sur la fa\u00e7on de se retirer, le service \u00e0 la client\u00e8le de contact \u00e0 <a href=\"mailto:service@refrigerantboys.it\">service@refrigerantboys.it<\/a>.<\/p>\n<p>Le droit de r\u00e9tractation entra\u00eene dans le remboursement de la valeur totale de la commande, hors frais de port li\u00e9s au retour du produit. Pour l\u2019exp\u00e9dition est la tra\u00e7abilit\u00e9 et apr\u00e8s confirmation de l\u2019envoi et de la r\u00e9ception \u00e0 nos magasins n\u00e9cessaires.<\/p>\n<p>L\u2019objet et l\u2019emballage doivent \u00eatre intacts, avec les sceaux intacts, complets avec toutes les protections et accessoires, pi\u00e8ces, etc.<\/p>\n<p>Ils doivent \u00e9galement \u00eatre en bon \u00e9tat emballage d\u2019origine, et doivent \u00eatre compl\u00e8tement absents traces d\u2019utilisation. Si le produit ne refl\u00e8te pas les cas mentionn\u00e9s ci-dessus, le droit de r\u00e9tractation expire et le produit \/ s sera renvoy\u00e9 \u00e0 l\u2019exp\u00e9diteur, imputer les frais et frais de retour. Si la proc\u00e9dure correcte de retrait, frigorig\u00e8nes gar\u00e7ons srl rembourser le montant pay\u00e9 dans les 15 jours suivant la r\u00e9ception des marchandises, par ch\u00e8que ou par virement direct sur le compte cr\u00e9dit\u00e9.<\/div><style>.porto-u-ad87e2eaf3f9c495180fe0156ddf3eb0.porto-u-heading{text-align:left}<\/style><\/div><div class=\"porto-u-heading  wpb_custom_95aa9a11c17ad45cfabaf210d84ee7cc porto-u-ad87e2eaf3f9c495180fe0156ddf3eb0 \"><div class=\"porto-u-main-heading\"><h2  >Mauvais Achat<\/h2><\/div><div class=\"porto-u-sub-heading\" style=\"\">En cas de mauvais achat, vous pouvez demander le retour du produit (ou de produits), avec les m\u00eames proc\u00e9dures que le droit de r\u00e9tractation. (Voir la section droit de r\u00e9tractation). Le co\u00fbt de l\u2019exp\u00e9dition de retour sera enti\u00e8rement pris en charge par l\u2019acheteur. Nous vous conseillons de contacter le service \u00e0 la client\u00e8le au e-mail\u00a0<a href=\"mailto:service@refrigerantboys.it\">service@refrigerantboys.it<\/a>. en cas de doutes avant d\u2019acheter.<\/div><style>.porto-u-ad87e2eaf3f9c495180fe0156ddf3eb0.porto-u-heading{text-align:left}<\/style><\/div>[\/vc_column][\/vc_row]<\/p>\n<\/section>","protected":false},"excerpt":{"rendered":"<p>[vc_row][vc_column][vc_column_text]Notre soci\u00e9t\u00e9 est sp\u00e9cialis\u00e9e dans la vente de r\u00e9frig\u00e9rants et de l\u2019\u00e9quipement qui sont n\u00e9cessaires dans la climatisation et la r\u00e9frig\u00e9ration. Refrigerant Boys est une soci\u00e9t\u00e9 n\u00e9e de l\u2019exp\u00e9rience de personnes toujours engag\u00e9s dans le commerce et la distribution des fluidesfrigorig\u00e8nes. Notre canal de vente en ligne de produits pour la r\u00e9frig\u00e9ration a \u00e9t\u00e9 cr\u00e9\u00e9 [&hellip;]<\/p>\n","protected":false},"author":1,"featured_media":0,"parent":0,"menu_order":0,"comment_status":"closed","ping_status":"closed","template":"","meta":[],"acf":[],"yoast_head":"<!-- This site is optimized with the Yoast SEO plugin v20.2 - https:\/\/yoast.com\/wordpress\/plugins\/seo\/ -->\n<title>Conditions de vente | Refrigerant Boys<\/title>\n<meta name=\"robots\" content=\"index, follow, max-snippet:-1, max-image-preview:large, max-video-preview:-1\" \/>\n<link rel=\"canonical\" href=\"https:\/\/www.refrigerantboys.com\/fr\/conditions-de-vente\/\" \/>\n<meta property=\"og:locale\" content=\"fr_FR\" \/>\n<meta property=\"og:type\" content=\"article\" \/>\n<meta property=\"og:title\" content=\"Conditions de vente | Refrigerant Boys\" \/>\n<meta property=\"og:description\" content=\"[vc_row][vc_column][vc_column_text]Notre soci\u00e9t\u00e9 est sp\u00e9cialis\u00e9e dans la vente de r\u00e9frig\u00e9rants et de l\u2019\u00e9quipement qui sont n\u00e9cessaires dans la climatisation et la r\u00e9frig\u00e9ration. Refrigerant Boys est une soci\u00e9t\u00e9 n\u00e9e de l\u2019exp\u00e9rience de personnes toujours engag\u00e9s dans le commerce et la distribution des fluidesfrigorig\u00e8nes. Notre canal de vente en ligne de produits pour la r\u00e9frig\u00e9ration a \u00e9t\u00e9 cr\u00e9\u00e9 [&hellip;]\" \/>\n<meta property=\"og:url\" content=\"https:\/\/www.refrigerantboys.com\/fr\/conditions-de-vente\/\" \/>\n<meta property=\"og:site_name\" content=\"Refrigerant Boys\" \/>\n<meta property=\"article:modified_time\" content=\"2023-03-01T09:05:18+00:00\" \/>\n<meta name=\"twitter:card\" content=\"summary_large_image\" \/>\n<meta name=\"twitter:label1\" content=\"Dur\u00e9e de lecture estim\u00e9e\" \/>\n\t<meta name=\"twitter:data1\" content=\"5 minutes\" \/>\n<script type=\"application\/ld+json\" class=\"yoast-schema-graph\">{\"@context\":\"https:\/\/schema.org\",\"@graph\":[{\"@type\":\"WebPage\",\"@id\":\"https:\/\/www.refrigerantboys.com\/fr\/conditions-de-vente\/\",\"url\":\"https:\/\/www.refrigerantboys.com\/fr\/conditions-de-vente\/\",\"name\":\"Conditions de vente | Refrigerant Boys\",\"isPartOf\":{\"@id\":\"https:\/\/www.refrigerantboys.com\/fr\/#website\"},\"datePublished\":\"2018-04-13T13:15:34+00:00\",\"dateModified\":\"2023-03-01T09:05:18+00:00\",\"breadcrumb\":{\"@id\":\"https:\/\/www.refrigerantboys.com\/fr\/conditions-de-vente\/#breadcrumb\"},\"inLanguage\":\"fr-FR\",\"potentialAction\":[{\"@type\":\"ReadAction\",\"target\":[\"https:\/\/www.refrigerantboys.com\/fr\/conditions-de-vente\/\"]}]},{\"@type\":\"BreadcrumbList\",\"@id\":\"https:\/\/www.refrigerantboys.com\/fr\/conditions-de-vente\/#breadcrumb\",\"itemListElement\":[{\"@type\":\"ListItem\",\"position\":1,\"name\":\"Home\",\"item\":\"https:\/\/www.refrigerantboys.com\/fr\/\"},{\"@type\":\"ListItem\",\"position\":2,\"name\":\"Conditions de vente\"}]},{\"@type\":\"WebSite\",\"@id\":\"https:\/\/www.refrigerantboys.com\/fr\/#website\",\"url\":\"https:\/\/www.refrigerantboys.com\/fr\/\",\"name\":\"Refrigerant Boys\",\"description\":\"Vendita gas refrigeranti\",\"potentialAction\":[{\"@type\":\"SearchAction\",\"target\":{\"@type\":\"EntryPoint\",\"urlTemplate\":\"https:\/\/www.refrigerantboys.com\/fr\/?s={search_term_string}\"},\"query-input\":\"required name=search_term_string\"}],\"inLanguage\":\"fr-FR\"}]}<\/script>\n<!-- \/ Yoast SEO plugin. -->","yoast_head_json":{"title":"Conditions de vente | Refrigerant Boys","robots":{"index":"index","follow":"follow","max-snippet":"max-snippet:-1","max-image-preview":"max-image-preview:large","max-video-preview":"max-video-preview:-1"},"canonical":"https:\/\/www.refrigerantboys.com\/fr\/conditions-de-vente\/","og_locale":"fr_FR","og_type":"article","og_title":"Conditions de vente | Refrigerant Boys","og_description":"[vc_row][vc_column][vc_column_text]Notre soci\u00e9t\u00e9 est sp\u00e9cialis\u00e9e dans la vente de r\u00e9frig\u00e9rants et de l\u2019\u00e9quipement qui sont n\u00e9cessaires dans la climatisation et la r\u00e9frig\u00e9ration. Refrigerant Boys est une soci\u00e9t\u00e9 n\u00e9e de l\u2019exp\u00e9rience de personnes toujours engag\u00e9s dans le commerce et la distribution des fluidesfrigorig\u00e8nes. Notre canal de vente en ligne de produits pour la r\u00e9frig\u00e9ration a \u00e9t\u00e9 cr\u00e9\u00e9 [&hellip;]","og_url":"https:\/\/www.refrigerantboys.com\/fr\/conditions-de-vente\/","og_site_name":"Refrigerant Boys","article_modified_time":"2023-03-01T09:05:18+00:00","twitter_card":"summary_large_image","twitter_misc":{"Dur\u00e9e de lecture estim\u00e9e":"5 minutes"},"schema":{"@context":"https:\/\/schema.org","@graph":[{"@type":"WebPage","@id":"https:\/\/www.refrigerantboys.com\/fr\/conditions-de-vente\/","url":"https:\/\/www.refrigerantboys.com\/fr\/conditions-de-vente\/","name":"Conditions de vente | Refrigerant Boys","isPartOf":{"@id":"https:\/\/www.refrigerantboys.com\/fr\/#website"},"datePublished":"2018-04-13T13:15:34+00:00","dateModified":"2023-03-01T09:05:18+00:00","breadcrumb":{"@id":"https:\/\/www.refrigerantboys.com\/fr\/conditions-de-vente\/#breadcrumb"},"inLanguage":"fr-FR","potentialAction":[{"@type":"ReadAction","target":["https:\/\/www.refrigerantboys.com\/fr\/conditions-de-vente\/"]}]},{"@type":"BreadcrumbList","@id":"https:\/\/www.refrigerantboys.com\/fr\/conditions-de-vente\/#breadcrumb","itemListElement":[{"@type":"ListItem","position":1,"name":"Home","item":"https:\/\/www.refrigerantboys.com\/fr\/"},{"@type":"ListItem","position":2,"name":"Conditions de vente"}]},{"@type":"WebSite","@id":"https:\/\/www.refrigerantboys.com\/fr\/#website","url":"https:\/\/www.refrigerantboys.com\/fr\/","name":"Refrigerant Boys","description":"Vendita gas refrigeranti","potentialAction":[{"@type":"SearchAction","target":{"@type":"EntryPoint","urlTemplate":"https:\/\/www.refrigerantboys.com\/fr\/?s={search_term_string}"},"query-input":"required name=search_term_string"}],"inLanguage":"fr-FR"}]}},"_links":{"self":[{"href":"https:\/\/www.refrigerantboys.com\/fr\/wp-json\/wp\/v2\/pages\/2547"}],"collection":[{"href":"https:\/\/www.refrigerantboys.com\/fr\/wp-json\/wp\/v2\/pages"}],"about":[{"href":"https:\/\/www.refrigerantboys.com\/fr\/wp-json\/wp\/v2\/types\/page"}],"author":[{"embeddable":true,"href":"https:\/\/www.refrigerantboys.com\/fr\/wp-json\/wp\/v2\/users\/1"}],"replies":[{"embeddable":true,"href":"https:\/\/www.refrigerantboys.com\/fr\/wp-json\/wp\/v2\/comments?post=2547"}],"version-history":[{"count":0,"href":"https:\/\/www.refrigerantboys.com\/fr\/wp-json\/wp\/v2\/pages\/2547\/revisions"}],"wp:attachment":[{"href":"https:\/\/www.refrigerantboys.com\/fr\/wp-json\/wp\/v2\/media?parent=2547"}],"curies":[{"name":"wp","href":"https:\/\/api.w.org\/{rel}","templated":true}]}}