{"id":77064,"date":"2024-03-19T11:26:44","date_gmt":"2024-03-19T10:26:46","guid":{"rendered":"https:\/\/www.refrigerantboys.com\/?post_type=product&#038;p=77064"},"modified":"2026-02-26T17:09:35","modified_gmt":"2026-02-26T16:09:35","slug":"cilindro-recondicionado-de-gas-r32-9-kg-valvula-w217x1-14-sx","status":"publish","type":"product","link":"https:\/\/www.refrigerantboys.com\/es\/compra\/fluidos-refrigerantes\/r32\/cilindro-recondicionado-de-gas-r32-9-kg-valvula-w217x1-14-sx\/","title":{"rendered":"Cilindro RECONDICIONADO de gas R32 9 kg V\u00e1lvula W21,7\u00d71\/14 SX"},"content":{"rendered":"<p><span style=\"font-weight: 400;\">Si busca una Cilindro de gas R32 con una capacidad de 9 kg, \u00a1est\u00e1 en el lugar adecuado! Refrigerant Boys ofrece una amplia gama de refrigerantes de alta calidad para satisfacer sus necesidades. Nuestra Cilindro de gas R32 de 9 kg es ideal para su uso en sistemas de aire acondicionado y bombas de calor, ya que ofrece una eficiencia energ\u00e9tica superior y un impacto medioambiental reducido. Somos conscientes de la importancia de contar con productos fiables que cumplan la normativa vigente, por lo que puede contar con nuestra bombona de gas R32 para obtener un rendimiento \u00f3ptimo y la m\u00e1xima seguridad. Compre hoy mismo su Cilindro de gas R32 de 9 kg a Refrigerant Boys y descubra por qu\u00e9 somos la opci\u00f3n preferida de los profesionales.<\/span><\/p>\n<p><strong>Aplicaciones:<\/strong><\/p>\n<ul>\n<li>El R32 tiene un rendimiento y una eficiencia energ\u00e9tica equivalentes al R410A.<\/li>\n<li>GWP (Potencial de Calentamiento Global) significativamente menor que el R410A.<\/li>\n<li>No requiere reemplazo de componentes, lubricantes y sellos.<\/li>\n<\/ul>\n<p><span style=\"color: #ff0000;\">El R32 s\u00f3lo se puede utilizar en sistemas nuevos dise\u00f1ados para funcionar con gases ligeramente inflamables (clase A2L)<\/span><\/p>\n<p><span style=\"color: #ff0000;\">El R32 no se puede utilizar como producto de actualizaci\u00f3n para sistemas dise\u00f1ados para funcionar con R410A; Dado que los sistemas R410A no est\u00e1n dise\u00f1ados para funcionar con gases ligeramente inflamables, existe el riesgo de da\u00f1ar el compresor.<\/span><\/p>\n<p>&nbsp;<\/p>\n","protected":false},"excerpt":{"rendered":"<p><strong><span style=\"color: #282828;\">Cilindro recargable <span style=\"color: #ff0000;\">RICONDIZIONATA<\/span><\/span> R32 da 9 kg,\u00a0certificado T-PED \/ EN 13322-1. Desarrollado como alternativa al gas R410A. Utilizado por los principales fabricantes de aire acondicionado. Bajo impacto medioambiental UN 3252. <span style=\"color: #ff0000;\">V\u00e1lvula 21.7\u2033 x 1\/14 IZQUIERDA<\/span><\/strong><\/p>\n<ul>\n<li><strong><span lang=\"en\"><span title=\"S\u00f3lo es posible el pago en especie y con un plazo de antelaci\u00f3n de unos d\u00edas.\"><span title=\"Las peque\u00f1as cantidades se env\u00edan en contenedores robustos (contenedores an\u00f3nimos), las grandes cantidades se env\u00edan generalmente en EURO-PALLET.\"><span title=\"Por el momento disponemos de una Asistencia eficaz por correo electr\u00f3nico, que garantiza respuestas esaustivas en pocas horas. \"><span title=\"Nous demandons le paiement d\u00e8s que vos bouteilles sont remplies et pr\u00eates pour l'exp\u00e9dition de retour.\"><span id=\"result_box\" lang=\"en\"><span title=\"Ces bouteilles ont \u00e9t\u00e9 nettoy\u00e9es \u00e0 l'int\u00e9rieur, valve et robinet v\u00e9rifi\u00e9s, et remplies avec du gaz neuf.\">Estos cilindros son <span style=\"color: #ff0000;\">RECONDICIONADOS <\/span>(no son nuevos). Se comprobaron las v\u00e1lvulas, se limpiaron los grifos por dentro y se llenaron de gas nuevo. <\/span><span title=\"En el exterior pueden presentar signos de desgaste.\">Externamente pueden presentar signos de desgaste\/ara\u00f1azos.<\/span><\/span><\/span><\/span><\/span><\/span><\/span><\/strong><\/li>\n<\/ul>\n<p><strong><span class=\"hps\">EL PRECIO INCLUYE LA BOMBONA, QUE SEGUIR\u00c1 SIENDO DE SU PROPIEDAD <\/span><\/strong><strong><span class=\"hps\"><a href=\"https:\/\/www.refrigerantboys.com\/es\/recarga-botellas\/\">RECARGA DE LA CILINDROS<\/a><\/span><\/strong><\/p>\n<pre><span style=\"color: #ff0000; font-size: 20px;\"><strong>GWP[675]<\/strong><\/span><\/pre>\n<div style=\"display: flex; justify-content: flex-start; font-family: 'Segoe UI', Roboto, Helvetica, Arial, sans-serif; margin: 4px 0;\">\n<div style=\"background-color: #ffffff; max-width: 440px; width: 100%; border-radius: 6px; padding: 6px 12px; border: 1px solid #e2e8f0; border-left: 4px solid #e67e22; box-shadow: 0 1px 3px rgba(0,0,0,0.05); display: flex; align-items: center;\">\n<div style=\"display: flex; flex-direction: column; justify-content: center;\">\n<div style=\"font-size: 13px; color: #166534; font-weight: bold; line-height: 1.1; margin: 0;\">\u2713 Eco-Tasa (Reg. UE 2024\/573) &#8220;INCLUIDA&#8221;<\/div>\n<div style=\"font-size: 13px; color: #64748b; line-height: 1.1; margin-top: 1px;\">Incidencia en el precio: <span style=\"color: #dc2626; font-weight: bold;\">18,27\u20ac<\/span><\/div>\n<\/div>\n<\/div>\n<\/div>\n","protected":false},"featured_media":77077,"template":"","meta":[],"product_cat":[152,155],"product_tag":[502],"acf":{"ai_note":""},"yoast_head":"<!-- This site is optimized with the Yoast SEO plugin v20.2 - https:\/\/yoast.com\/wordpress\/plugins\/seo\/ -->\n<title>Cilindro RECONDICIONADO de gas R32 9 kg V\u00e1lvula W21,7\u00d71\/14 SX | Refrigerant Boys<\/title>\n<meta name=\"description\" content=\"Si busca una Cilindro de gas R32 con una capacidad de 9 kg, \u00a1est\u00e1 en el lugar adecuado! Refrigerant Boys ofrece una amplia gama de refrigerantes de alta calidad para satisfacer sus necesidades.\" \/>\n<meta name=\"robots\" content=\"index, follow, max-snippet:-1, max-image-preview:large, max-video-preview:-1\" \/>\n<link rel=\"canonical\" href=\"https:\/\/www.refrigerantboys.com\/es\/compra\/fluidos-refrigerantes\/r32\/cilindro-recondicionado-de-gas-r32-9-kg-valvula-w217x1-14-sx\/\" \/>\n<meta property=\"og:locale\" content=\"es_ES\" \/>\n<meta property=\"og:type\" content=\"article\" \/>\n<meta property=\"og:title\" content=\"Cilindro RECONDICIONADO de gas R32 9 kg V\u00e1lvula W21,7\u00d71\/14 SX | Refrigerant Boys\" \/>\n<meta property=\"og:description\" content=\"Si busca una Cilindro de gas R32 con una capacidad de 9 kg, \u00a1est\u00e1 en el lugar adecuado! Refrigerant Boys ofrece una amplia gama de refrigerantes de alta calidad para satisfacer sus necesidades.\" \/>\n<meta property=\"og:url\" content=\"https:\/\/www.refrigerantboys.com\/es\/compra\/fluidos-refrigerantes\/r32\/cilindro-recondicionado-de-gas-r32-9-kg-valvula-w217x1-14-sx\/\" \/>\n<meta property=\"og:site_name\" content=\"Refrigerant Boys\" \/>\n<meta property=\"article:modified_time\" content=\"2026-02-26T16:09:35+00:00\" \/>\n<meta property=\"og:image\" content=\"https:\/\/www.refrigerantboys.com\/wp-content\/uploads\/2024\/03\/BB32K9U-1.png\" \/>\n\t<meta property=\"og:image:width\" content=\"330\" \/>\n\t<meta property=\"og:image:height\" content=\"664\" \/>\n\t<meta property=\"og:image:type\" content=\"image\/png\" \/>\n<meta name=\"twitter:card\" content=\"summary_large_image\" \/>\n<meta name=\"twitter:label1\" content=\"Tiempo de lectura\" \/>\n\t<meta name=\"twitter:data1\" content=\"2 minutos\" \/>\n<script type=\"application\/ld+json\" class=\"yoast-schema-graph\">{\"@context\":\"https:\/\/schema.org\",\"@graph\":[{\"@type\":\"WebPage\",\"@id\":\"https:\/\/www.refrigerantboys.com\/es\/compra\/fluidos-refrigerantes\/r32\/cilindro-recondicionado-de-gas-r32-9-kg-valvula-w217x1-14-sx\/\",\"url\":\"https:\/\/www.refrigerantboys.com\/es\/compra\/fluidos-refrigerantes\/r32\/cilindro-recondicionado-de-gas-r32-9-kg-valvula-w217x1-14-sx\/\",\"name\":\"Cilindro RECONDICIONADO de gas R32 9 kg V\u00e1lvula W21,7\u00d71\/14 SX | Refrigerant Boys\",\"isPartOf\":{\"@id\":\"https:\/\/www.refrigerantboys.com\/es\/#website\"},\"datePublished\":\"2024-03-19T10:26:46+00:00\",\"dateModified\":\"2026-02-26T16:09:35+00:00\",\"description\":\"Si busca una Cilindro de gas R32 con una capacidad de 9 kg, \u00a1est\u00e1 en el lugar adecuado! Refrigerant Boys ofrece una amplia gama de refrigerantes de alta calidad para satisfacer sus necesidades.\",\"breadcrumb\":{\"@id\":\"https:\/\/www.refrigerantboys.com\/es\/compra\/fluidos-refrigerantes\/r32\/cilindro-recondicionado-de-gas-r32-9-kg-valvula-w217x1-14-sx\/#breadcrumb\"},\"inLanguage\":\"es\",\"potentialAction\":[{\"@type\":\"ReadAction\",\"target\":[\"https:\/\/www.refrigerantboys.com\/es\/compra\/fluidos-refrigerantes\/r32\/cilindro-recondicionado-de-gas-r32-9-kg-valvula-w217x1-14-sx\/\"]}]},{\"@type\":\"BreadcrumbList\",\"@id\":\"https:\/\/www.refrigerantboys.com\/es\/compra\/fluidos-refrigerantes\/r32\/cilindro-recondicionado-de-gas-r32-9-kg-valvula-w217x1-14-sx\/#breadcrumb\",\"itemListElement\":[{\"@type\":\"ListItem\",\"position\":1,\"name\":\"Home\",\"item\":\"https:\/\/www.refrigerantboys.com\/es\/\"},{\"@type\":\"ListItem\",\"position\":2,\"name\":\"Tienda\",\"item\":\"https:\/\/www.refrigerantboys.com\/es\/tienda\/\"},{\"@type\":\"ListItem\",\"position\":3,\"name\":\"Cilindro RECONDICIONADO de gas R32 9 kg V\u00e1lvula W21,7\u00d71\/14 SX\"}]},{\"@type\":\"WebSite\",\"@id\":\"https:\/\/www.refrigerantboys.com\/es\/#website\",\"url\":\"https:\/\/www.refrigerantboys.com\/es\/\",\"name\":\"Refrigerant Boys\",\"description\":\"Vendita gas refrigeranti\",\"potentialAction\":[{\"@type\":\"SearchAction\",\"target\":{\"@type\":\"EntryPoint\",\"urlTemplate\":\"https:\/\/www.refrigerantboys.com\/es\/?s={search_term_string}\"},\"query-input\":\"required name=search_term_string\"}],\"inLanguage\":\"es\"}]}<\/script>\n<!-- \/ Yoast SEO plugin. -->","yoast_head_json":{"title":"Cilindro RECONDICIONADO de gas R32 9 kg V\u00e1lvula W21,7\u00d71\/14 SX | Refrigerant Boys","description":"Si busca una Cilindro de gas R32 con una capacidad de 9 kg, \u00a1est\u00e1 en el lugar adecuado! Refrigerant Boys ofrece una amplia gama de refrigerantes de alta calidad para satisfacer sus necesidades.","robots":{"index":"index","follow":"follow","max-snippet":"max-snippet:-1","max-image-preview":"max-image-preview:large","max-video-preview":"max-video-preview:-1"},"canonical":"https:\/\/www.refrigerantboys.com\/es\/compra\/fluidos-refrigerantes\/r32\/cilindro-recondicionado-de-gas-r32-9-kg-valvula-w217x1-14-sx\/","og_locale":"es_ES","og_type":"article","og_title":"Cilindro RECONDICIONADO de gas R32 9 kg V\u00e1lvula W21,7\u00d71\/14 SX | Refrigerant Boys","og_description":"Si busca una Cilindro de gas R32 con una capacidad de 9 kg, \u00a1est\u00e1 en el lugar adecuado! Refrigerant Boys ofrece una amplia gama de refrigerantes de alta calidad para satisfacer sus necesidades.","og_url":"https:\/\/www.refrigerantboys.com\/es\/compra\/fluidos-refrigerantes\/r32\/cilindro-recondicionado-de-gas-r32-9-kg-valvula-w217x1-14-sx\/","og_site_name":"Refrigerant Boys","article_modified_time":"2026-02-26T16:09:35+00:00","og_image":[{"width":330,"height":664,"url":"https:\/\/www.refrigerantboys.com\/wp-content\/uploads\/2024\/03\/BB32K9U-1.png","type":"image\/png"}],"twitter_card":"summary_large_image","twitter_misc":{"Tiempo de lectura":"2 minutos"},"schema":{"@context":"https:\/\/schema.org","@graph":[{"@type":"WebPage","@id":"https:\/\/www.refrigerantboys.com\/es\/compra\/fluidos-refrigerantes\/r32\/cilindro-recondicionado-de-gas-r32-9-kg-valvula-w217x1-14-sx\/","url":"https:\/\/www.refrigerantboys.com\/es\/compra\/fluidos-refrigerantes\/r32\/cilindro-recondicionado-de-gas-r32-9-kg-valvula-w217x1-14-sx\/","name":"Cilindro RECONDICIONADO de gas R32 9 kg V\u00e1lvula W21,7\u00d71\/14 SX | Refrigerant Boys","isPartOf":{"@id":"https:\/\/www.refrigerantboys.com\/es\/#website"},"datePublished":"2024-03-19T10:26:46+00:00","dateModified":"2026-02-26T16:09:35+00:00","description":"Si busca una Cilindro de gas R32 con una capacidad de 9 kg, \u00a1est\u00e1 en el lugar adecuado! Refrigerant Boys ofrece una amplia gama de refrigerantes de alta calidad para satisfacer sus necesidades.","breadcrumb":{"@id":"https:\/\/www.refrigerantboys.com\/es\/compra\/fluidos-refrigerantes\/r32\/cilindro-recondicionado-de-gas-r32-9-kg-valvula-w217x1-14-sx\/#breadcrumb"},"inLanguage":"es","potentialAction":[{"@type":"ReadAction","target":["https:\/\/www.refrigerantboys.com\/es\/compra\/fluidos-refrigerantes\/r32\/cilindro-recondicionado-de-gas-r32-9-kg-valvula-w217x1-14-sx\/"]}]},{"@type":"BreadcrumbList","@id":"https:\/\/www.refrigerantboys.com\/es\/compra\/fluidos-refrigerantes\/r32\/cilindro-recondicionado-de-gas-r32-9-kg-valvula-w217x1-14-sx\/#breadcrumb","itemListElement":[{"@type":"ListItem","position":1,"name":"Home","item":"https:\/\/www.refrigerantboys.com\/es\/"},{"@type":"ListItem","position":2,"name":"Tienda","item":"https:\/\/www.refrigerantboys.com\/es\/tienda\/"},{"@type":"ListItem","position":3,"name":"Cilindro RECONDICIONADO de gas R32 9 kg V\u00e1lvula W21,7\u00d71\/14 SX"}]},{"@type":"WebSite","@id":"https:\/\/www.refrigerantboys.com\/es\/#website","url":"https:\/\/www.refrigerantboys.com\/es\/","name":"Refrigerant Boys","description":"Vendita gas refrigeranti","potentialAction":[{"@type":"SearchAction","target":{"@type":"EntryPoint","urlTemplate":"https:\/\/www.refrigerantboys.com\/es\/?s={search_term_string}"},"query-input":"required name=search_term_string"}],"inLanguage":"es"}]}},"_links":{"self":[{"href":"https:\/\/www.refrigerantboys.com\/es\/wp-json\/wp\/v2\/product\/77064"}],"collection":[{"href":"https:\/\/www.refrigerantboys.com\/es\/wp-json\/wp\/v2\/product"}],"about":[{"href":"https:\/\/www.refrigerantboys.com\/es\/wp-json\/wp\/v2\/types\/product"}],"wp:featuredmedia":[{"embeddable":true,"href":"https:\/\/www.refrigerantboys.com\/es\/wp-json\/wp\/v2\/media\/77077"}],"wp:attachment":[{"href":"https:\/\/www.refrigerantboys.com\/es\/wp-json\/wp\/v2\/media?parent=77064"}],"wp:term":[{"taxonomy":"product_cat","embeddable":true,"href":"https:\/\/www.refrigerantboys.com\/es\/wp-json\/wp\/v2\/product_cat?post=77064"},{"taxonomy":"product_tag","embeddable":true,"href":"https:\/\/www.refrigerantboys.com\/es\/wp-json\/wp\/v2\/product_tag?post=77064"}],"curies":[{"name":"wp","href":"https:\/\/api.w.org\/{rel}","templated":true}]}}