{"id":74777,"date":"2023-11-20T15:20:08","date_gmt":"2023-11-20T14:20:09","guid":{"rendered":"https:\/\/www.refrigerantboys.com\/?post_type=product&#038;p=74777"},"modified":"2026-02-13T16:07:59","modified_gmt":"2026-02-13T15:07:59","slug":"bombola-ricaricabile-di-gas-r454b-da-30-kg-valvola-valvola-w-217-x-1-14-sx","status":"publish","type":"product","link":"https:\/\/www.refrigerantboys.com\/es\/compra\/fluidos-refrigerantes\/r410a\/bombola-ricaricabile-di-gas-r454b-da-30-kg-valvola-valvola-w-217-x-1-14-sx\/","title":{"rendered":"Botella de Gas Refrigerante R454B &#8211; 30kg &#8211; (T-PED) &#8211; V\u00e1lvula W 21,7 x 1\/14&#8243; IZQ"},"content":{"rendered":"<ul>\n<li>\n<p data-path-to-node=\"33,0,0\"><b data-path-to-node=\"33,0,0\" data-index-in-node=\"0\">Capacidad Industrial:<\/b> Formato de 30 kg ideal para el llenado inicial y mantenimiento de grandes sistemas centralizados y plantas industriales.<\/p>\n<\/li>\n<li>\n<p data-path-to-node=\"33,1,0\"><b data-path-to-node=\"33,1,0\" data-index-in-node=\"0\">Rendimiento Sostenible:<\/b> Alternativa de vanguardia al R410A con un GWP un 78% inferior. Clasificaci\u00f3n de seguridad: <b data-path-to-node=\"33,1,0\" data-index-in-node=\"115\">A2L<\/b> (ligeramente inflamable).<\/p>\n<\/li>\n<li>\n<p data-path-to-node=\"33,2,0\"><b data-path-to-node=\"33,2,0\" data-index-in-node=\"0\">Seguridad Certificada:<\/b> Botella con certificaci\u00f3n <b data-path-to-node=\"33,2,0\" data-index-in-node=\"49\">T-PED<\/b>. La v\u00e1lvula con rosca a la izquierda evita errores de conexi\u00f3n con equipos no dise\u00f1ados para gases inflamables.<\/p>\n<\/li>\n<li>\n<p data-path-to-node=\"33,3,0\"><b data-path-to-node=\"33,3,0\" data-index-in-node=\"0\">Nota T\u00e9cnica :<\/b> La carga debe realizarse siempre en <b data-path-to-node=\"33,3,0\" data-index-in-node=\"51\">fase l\u00edquida<\/b> (botella invertida) para mantener la mezcla equilibrada.<\/p>\n<\/li>\n<li>\n<p data-path-to-node=\"33,4,0\"><b data-path-to-node=\"33,4,0\" data-index-in-node=\"0\">Nota Normativa :<\/b> Venta restringida a profesionales con certificado F-GAS.<\/p>\n<\/li>\n<\/ul>\n","protected":false},"excerpt":{"rendered":"<div><span style=\"color: #166534; font-weight: bold;\">\u2713 Eco-Tax (Reg. UE 2024\/573)<\/span> <span style=\"color: #dc2626; font-weight: bold; margin-left: 5px;\">1,39 \u20ac\/kg<\/span><\/div>\n<p data-path-to-node=\"31\">Botella recargable de gran capacidad (<b data-path-to-node=\"31\" data-index-in-node=\"38\">30kg<\/b>) de <b data-path-to-node=\"31\" data-index-in-node=\"47\">gas R454B<\/b>, refrigerante HFO de ultra bajo GWP (466). Soluci\u00f3n industrial para enfriadoras y bombas de calor de gran tama\u00f1o. Cumple con la normativa <b data-path-to-node=\"31\" data-index-in-node=\"195\">T-PED \/ EN 13322-1<\/b> y v\u00e1lvula de seguridad <b data-path-to-node=\"31\" data-index-in-node=\"237\">W 21,7 x 1\/14&#8243; rosca izquierda (SX)<\/b>.<\/p>\n<h3 data-path-to-node=\"32\"><\/h3>\n","protected":false},"featured_media":74783,"template":"","meta":[],"product_cat":[152,788,170,358],"product_tag":[],"acf":{"ai_note":""},"yoast_head":"<!-- This site is optimized with the Yoast SEO plugin v20.2 - https:\/\/yoast.com\/wordpress\/plugins\/seo\/ -->\n<title>Botella de Gas Refrigerante R454B - 30kg - (T-PED) - V\u00e1lvula W 21,7 x 1\/14&quot; IZQ | Refrigerant Boys<\/title>\n<meta name=\"description\" content=\"\u2713 Eco-Tax (Reg. UE 2024\/573) 1,39 \u20ac\/kg Botella recargable de gran capacidad (30kg) de gas R454B, refrigerante HFO de ultra bajo GWP (466). Soluci\u00f3n industrial para enfriadoras y bombas de calor de gran tama\u00f1o. Cumple con la normativa T-PED \/ EN 13322-1 y v\u00e1lvula de seguridad W 21,7 x 1\/14&quot; rosca izquierda (SX).\" \/>\n<meta name=\"robots\" content=\"index, follow, max-snippet:-1, max-image-preview:large, max-video-preview:-1\" \/>\n<link rel=\"canonical\" href=\"https:\/\/www.refrigerantboys.com\/es\/compra\/fluidos-refrigerantes\/r410a\/bombola-ricaricabile-di-gas-r454b-da-30-kg-valvola-valvola-w-217-x-1-14-sx\/\" \/>\n<meta property=\"og:locale\" content=\"es_ES\" \/>\n<meta property=\"og:type\" content=\"article\" \/>\n<meta property=\"og:title\" content=\"Botella de Gas Refrigerante R454B - 30kg - (T-PED) - V\u00e1lvula W 21,7 x 1\/14&quot; IZQ | Refrigerant Boys\" \/>\n<meta property=\"og:description\" content=\"\u2713 Eco-Tax (Reg. UE 2024\/573) 1,39 \u20ac\/kg Botella recargable de gran capacidad (30kg) de gas R454B, refrigerante HFO de ultra bajo GWP (466). Soluci\u00f3n industrial para enfriadoras y bombas de calor de gran tama\u00f1o. Cumple con la normativa T-PED \/ EN 13322-1 y v\u00e1lvula de seguridad W 21,7 x 1\/14&quot; rosca izquierda (SX).\" \/>\n<meta property=\"og:url\" content=\"https:\/\/www.refrigerantboys.com\/es\/compra\/fluidos-refrigerantes\/r410a\/bombola-ricaricabile-di-gas-r454b-da-30-kg-valvola-valvola-w-217-x-1-14-sx\/\" \/>\n<meta property=\"og:site_name\" content=\"Refrigerant Boys\" \/>\n<meta property=\"article:modified_time\" content=\"2026-02-13T15:07:59+00:00\" \/>\n<meta property=\"og:image\" content=\"https:\/\/www.refrigerantboys.com\/wp-content\/uploads\/2023\/11\/R454B-LOGO.png\" \/>\n\t<meta property=\"og:image:width\" content=\"348\" \/>\n\t<meta property=\"og:image:height\" content=\"604\" \/>\n\t<meta property=\"og:image:type\" content=\"image\/png\" \/>\n<meta name=\"twitter:card\" content=\"summary_large_image\" \/>\n<meta name=\"twitter:label1\" content=\"Tiempo de lectura\" \/>\n\t<meta name=\"twitter:data1\" content=\"1 minuto\" \/>\n<script type=\"application\/ld+json\" class=\"yoast-schema-graph\">{\"@context\":\"https:\/\/schema.org\",\"@graph\":[{\"@type\":\"WebPage\",\"@id\":\"https:\/\/www.refrigerantboys.com\/es\/compra\/fluidos-refrigerantes\/r410a\/bombola-ricaricabile-di-gas-r454b-da-30-kg-valvola-valvola-w-217-x-1-14-sx\/\",\"url\":\"https:\/\/www.refrigerantboys.com\/es\/compra\/fluidos-refrigerantes\/r410a\/bombola-ricaricabile-di-gas-r454b-da-30-kg-valvola-valvola-w-217-x-1-14-sx\/\",\"name\":\"Botella de Gas Refrigerante R454B - 30kg - (T-PED) - V\u00e1lvula W 21,7 x 1\/14\\\" IZQ | Refrigerant Boys\",\"isPartOf\":{\"@id\":\"https:\/\/www.refrigerantboys.com\/es\/#website\"},\"datePublished\":\"2023-11-20T14:20:09+00:00\",\"dateModified\":\"2026-02-13T15:07:59+00:00\",\"description\":\"\u2713 Eco-Tax (Reg. UE 2024\/573) 1,39 \u20ac\/kg Botella recargable de gran capacidad (30kg) de gas R454B, refrigerante HFO de ultra bajo GWP (466). Soluci\u00f3n industrial para enfriadoras y bombas de calor de gran tama\u00f1o. Cumple con la normativa T-PED \/ EN 13322-1 y v\u00e1lvula de seguridad W 21,7 x 1\/14\\\" rosca izquierda (SX).\",\"breadcrumb\":{\"@id\":\"https:\/\/www.refrigerantboys.com\/es\/compra\/fluidos-refrigerantes\/r410a\/bombola-ricaricabile-di-gas-r454b-da-30-kg-valvola-valvola-w-217-x-1-14-sx\/#breadcrumb\"},\"inLanguage\":\"es\",\"potentialAction\":[{\"@type\":\"ReadAction\",\"target\":[\"https:\/\/www.refrigerantboys.com\/es\/compra\/fluidos-refrigerantes\/r410a\/bombola-ricaricabile-di-gas-r454b-da-30-kg-valvola-valvola-w-217-x-1-14-sx\/\"]}]},{\"@type\":\"BreadcrumbList\",\"@id\":\"https:\/\/www.refrigerantboys.com\/es\/compra\/fluidos-refrigerantes\/r410a\/bombola-ricaricabile-di-gas-r454b-da-30-kg-valvola-valvola-w-217-x-1-14-sx\/#breadcrumb\",\"itemListElement\":[{\"@type\":\"ListItem\",\"position\":1,\"name\":\"Home\",\"item\":\"https:\/\/www.refrigerantboys.com\/es\/\"},{\"@type\":\"ListItem\",\"position\":2,\"name\":\"Tienda\",\"item\":\"https:\/\/www.refrigerantboys.com\/es\/tienda\/\"},{\"@type\":\"ListItem\",\"position\":3,\"name\":\"Botella de Gas Refrigerante R454B &#8211; 30kg &#8211; (T-PED) &#8211; V\u00e1lvula W 21,7 x 1\/14&#8243; IZQ\"}]},{\"@type\":\"WebSite\",\"@id\":\"https:\/\/www.refrigerantboys.com\/es\/#website\",\"url\":\"https:\/\/www.refrigerantboys.com\/es\/\",\"name\":\"Refrigerant Boys\",\"description\":\"Vendita gas refrigeranti\",\"potentialAction\":[{\"@type\":\"SearchAction\",\"target\":{\"@type\":\"EntryPoint\",\"urlTemplate\":\"https:\/\/www.refrigerantboys.com\/es\/?s={search_term_string}\"},\"query-input\":\"required name=search_term_string\"}],\"inLanguage\":\"es\"}]}<\/script>\n<!-- \/ Yoast SEO plugin. -->","yoast_head_json":{"title":"Botella de Gas Refrigerante R454B - 30kg - (T-PED) - V\u00e1lvula W 21,7 x 1\/14\" IZQ | Refrigerant Boys","description":"\u2713 Eco-Tax (Reg. UE 2024\/573) 1,39 \u20ac\/kg Botella recargable de gran capacidad (30kg) de gas R454B, refrigerante HFO de ultra bajo GWP (466). Soluci\u00f3n industrial para enfriadoras y bombas de calor de gran tama\u00f1o. Cumple con la normativa T-PED \/ EN 13322-1 y v\u00e1lvula de seguridad W 21,7 x 1\/14\" rosca izquierda (SX).","robots":{"index":"index","follow":"follow","max-snippet":"max-snippet:-1","max-image-preview":"max-image-preview:large","max-video-preview":"max-video-preview:-1"},"canonical":"https:\/\/www.refrigerantboys.com\/es\/compra\/fluidos-refrigerantes\/r410a\/bombola-ricaricabile-di-gas-r454b-da-30-kg-valvola-valvola-w-217-x-1-14-sx\/","og_locale":"es_ES","og_type":"article","og_title":"Botella de Gas Refrigerante R454B - 30kg - (T-PED) - V\u00e1lvula W 21,7 x 1\/14\" IZQ | Refrigerant Boys","og_description":"\u2713 Eco-Tax (Reg. UE 2024\/573) 1,39 \u20ac\/kg Botella recargable de gran capacidad (30kg) de gas R454B, refrigerante HFO de ultra bajo GWP (466). Soluci\u00f3n industrial para enfriadoras y bombas de calor de gran tama\u00f1o. Cumple con la normativa T-PED \/ EN 13322-1 y v\u00e1lvula de seguridad W 21,7 x 1\/14\" rosca izquierda (SX).","og_url":"https:\/\/www.refrigerantboys.com\/es\/compra\/fluidos-refrigerantes\/r410a\/bombola-ricaricabile-di-gas-r454b-da-30-kg-valvola-valvola-w-217-x-1-14-sx\/","og_site_name":"Refrigerant Boys","article_modified_time":"2026-02-13T15:07:59+00:00","og_image":[{"width":348,"height":604,"url":"https:\/\/www.refrigerantboys.com\/wp-content\/uploads\/2023\/11\/R454B-LOGO.png","type":"image\/png"}],"twitter_card":"summary_large_image","twitter_misc":{"Tiempo de lectura":"1 minuto"},"schema":{"@context":"https:\/\/schema.org","@graph":[{"@type":"WebPage","@id":"https:\/\/www.refrigerantboys.com\/es\/compra\/fluidos-refrigerantes\/r410a\/bombola-ricaricabile-di-gas-r454b-da-30-kg-valvola-valvola-w-217-x-1-14-sx\/","url":"https:\/\/www.refrigerantboys.com\/es\/compra\/fluidos-refrigerantes\/r410a\/bombola-ricaricabile-di-gas-r454b-da-30-kg-valvola-valvola-w-217-x-1-14-sx\/","name":"Botella de Gas Refrigerante R454B - 30kg - (T-PED) - V\u00e1lvula W 21,7 x 1\/14\" IZQ | Refrigerant Boys","isPartOf":{"@id":"https:\/\/www.refrigerantboys.com\/es\/#website"},"datePublished":"2023-11-20T14:20:09+00:00","dateModified":"2026-02-13T15:07:59+00:00","description":"\u2713 Eco-Tax (Reg. UE 2024\/573) 1,39 \u20ac\/kg Botella recargable de gran capacidad (30kg) de gas R454B, refrigerante HFO de ultra bajo GWP (466). Soluci\u00f3n industrial para enfriadoras y bombas de calor de gran tama\u00f1o. Cumple con la normativa T-PED \/ EN 13322-1 y v\u00e1lvula de seguridad W 21,7 x 1\/14\" rosca izquierda (SX).","breadcrumb":{"@id":"https:\/\/www.refrigerantboys.com\/es\/compra\/fluidos-refrigerantes\/r410a\/bombola-ricaricabile-di-gas-r454b-da-30-kg-valvola-valvola-w-217-x-1-14-sx\/#breadcrumb"},"inLanguage":"es","potentialAction":[{"@type":"ReadAction","target":["https:\/\/www.refrigerantboys.com\/es\/compra\/fluidos-refrigerantes\/r410a\/bombola-ricaricabile-di-gas-r454b-da-30-kg-valvola-valvola-w-217-x-1-14-sx\/"]}]},{"@type":"BreadcrumbList","@id":"https:\/\/www.refrigerantboys.com\/es\/compra\/fluidos-refrigerantes\/r410a\/bombola-ricaricabile-di-gas-r454b-da-30-kg-valvola-valvola-w-217-x-1-14-sx\/#breadcrumb","itemListElement":[{"@type":"ListItem","position":1,"name":"Home","item":"https:\/\/www.refrigerantboys.com\/es\/"},{"@type":"ListItem","position":2,"name":"Tienda","item":"https:\/\/www.refrigerantboys.com\/es\/tienda\/"},{"@type":"ListItem","position":3,"name":"Botella de Gas Refrigerante R454B &#8211; 30kg &#8211; (T-PED) &#8211; V\u00e1lvula W 21,7 x 1\/14&#8243; IZQ"}]},{"@type":"WebSite","@id":"https:\/\/www.refrigerantboys.com\/es\/#website","url":"https:\/\/www.refrigerantboys.com\/es\/","name":"Refrigerant Boys","description":"Vendita gas refrigeranti","potentialAction":[{"@type":"SearchAction","target":{"@type":"EntryPoint","urlTemplate":"https:\/\/www.refrigerantboys.com\/es\/?s={search_term_string}"},"query-input":"required name=search_term_string"}],"inLanguage":"es"}]}},"_links":{"self":[{"href":"https:\/\/www.refrigerantboys.com\/es\/wp-json\/wp\/v2\/product\/74777"}],"collection":[{"href":"https:\/\/www.refrigerantboys.com\/es\/wp-json\/wp\/v2\/product"}],"about":[{"href":"https:\/\/www.refrigerantboys.com\/es\/wp-json\/wp\/v2\/types\/product"}],"wp:featuredmedia":[{"embeddable":true,"href":"https:\/\/www.refrigerantboys.com\/es\/wp-json\/wp\/v2\/media\/74783"}],"wp:attachment":[{"href":"https:\/\/www.refrigerantboys.com\/es\/wp-json\/wp\/v2\/media?parent=74777"}],"wp:term":[{"taxonomy":"product_cat","embeddable":true,"href":"https:\/\/www.refrigerantboys.com\/es\/wp-json\/wp\/v2\/product_cat?post=74777"},{"taxonomy":"product_tag","embeddable":true,"href":"https:\/\/www.refrigerantboys.com\/es\/wp-json\/wp\/v2\/product_tag?post=74777"}],"curies":[{"name":"wp","href":"https:\/\/api.w.org\/{rel}","templated":true}]}}