{"id":74758,"date":"2023-11-20T12:07:00","date_gmt":"2023-11-20T11:07:01","guid":{"rendered":"https:\/\/www.refrigerantboys.com\/?post_type=product&#038;p=74758"},"modified":"2026-02-13T15:35:30","modified_gmt":"2026-02-13T14:35:30","slug":"bombola-ricaricabile-da-9-kg-gas-r454b-valvola-valvola-w-217-x-1-14-sx","status":"publish","type":"product","link":"https:\/\/www.refrigerantboys.com\/es\/compra\/fluidos-refrigerantes\/r410a\/bombola-ricaricabile-da-9-kg-gas-r454b-valvola-valvola-w-217-x-1-14-sx\/","title":{"rendered":"Botella de Gas Refrigerante R454B &#8211; 9kg &#8211; (T-PED) &#8211; V\u00e1lvula W 21,7 x 1\/14&#8243; IZQ"},"content":{"rendered":"<ul>\n<li>\n<p data-path-to-node=\"33,0,0\"><b data-path-to-node=\"33,0,0\" data-index-in-node=\"0\">Eficiencia de Vanguardia:<\/b> El R454B es el sustituto principal del R410A, ofreciendo un mejor rendimiento energ\u00e9tico y una reducci\u00f3n del 78% en el GWP.<\/p>\n<\/li>\n<li>\n<p data-path-to-node=\"33,1,0\"><b data-path-to-node=\"33,1,0\" data-index-in-node=\"0\">Clasificaci\u00f3n A2L:<\/b> Gas ligeramente inflamable (A2L). Requiere herramientas espec\u00edficas y procedimientos de seguridad certificados para su manipulaci\u00f3n.<\/p>\n<\/li>\n<li>\n<p data-path-to-node=\"33,2,0\"><b data-path-to-node=\"33,2,0\" data-index-in-node=\"0\">Aplicaciones:<\/b> Dise\u00f1ado espec\u00edficamente para bombas de calor aire-agua y sistemas de climatizaci\u00f3n modernos.<\/p>\n<\/li>\n<li>\n<p data-path-to-node=\"33,3,0\"><b data-path-to-node=\"33,3,0\" data-index-in-node=\"0\">Seguridad:<\/b> Certificaci\u00f3n <b data-path-to-node=\"33,3,0\" data-index-in-node=\"25\">T-PED<\/b>. La v\u00e1lvula de rosca a la izquierda (SX) evita conexiones accidentales con equipos no compatibles.<\/p>\n<\/li>\n<li>\n<p data-path-to-node=\"33,4,0\"><b data-path-to-node=\"33,4,0\" data-index-in-node=\"0\">Nota T\u00e9cnica :<\/b> Se debe realizar la carga siempre en <b data-path-to-node=\"33,4,0\" data-index-in-node=\"52\">fase l\u00edquida<\/b> para asegurar la composici\u00f3n correcta de la mezcla.<\/p>\n<\/li>\n<\/ul>\n","protected":false},"excerpt":{"rendered":"<div><span style=\"color: #166534; font-weight: bold;\">\u2713 Eco-Tax (Reg. UE 2024\/573)<\/span> <span style=\"color: #dc2626; font-weight: bold; margin-left: 5px;\">1,39 \u20ac\/kg<\/span><\/div>\n<p data-path-to-node=\"31\">Botella de <b data-path-to-node=\"31\" data-index-in-node=\"11\">9kg de gas R454B<\/b>, el refrigerante de ultra bajo GWP (466) para bombas de calor y chillers de \u00faltima generaci\u00f3n. Cumple con la normativa <b data-path-to-node=\"31\" data-index-in-node=\"147\">T-PED \/ EN 13322-1<\/b> y cuenta con una v\u00e1lvula de seguridad con rosca a la izquierda <b data-path-to-node=\"31\" data-index-in-node=\"229\">W 21,7 x 1\/14&#8243;<\/b> para gases A2L.<\/p>\n<h3 data-path-to-node=\"32\"><\/h3>\n","protected":false},"featured_media":75661,"template":"","meta":[],"product_cat":[788,170,358],"product_tag":[],"acf":{"ai_note":""},"yoast_head":"<!-- This site is optimized with the Yoast SEO plugin v20.2 - https:\/\/yoast.com\/wordpress\/plugins\/seo\/ -->\n<title>Botella de Gas Refrigerante R454B - 9kg - (T-PED) - V\u00e1lvula W 21,7 x 1\/14&quot; IZQ | Refrigerant Boys<\/title>\n<meta name=\"description\" content=\"\u2713 Eco-Tax (Reg. UE 2024\/573) 1,39 \u20ac\/kg Botella de 9kg de gas R454B, el refrigerante de ultra bajo GWP (466) para bombas de calor y chillers de \u00faltima generaci\u00f3n. Cumple con la normativa T-PED \/ EN 13322-1 y cuenta con una v\u00e1lvula de seguridad con rosca a la izquierda W 21,7 x 1\/14&quot; para gases A2L.\" \/>\n<meta name=\"robots\" content=\"index, follow, max-snippet:-1, max-image-preview:large, max-video-preview:-1\" \/>\n<link rel=\"canonical\" href=\"https:\/\/www.refrigerantboys.com\/es\/compra\/fluidos-refrigerantes\/r410a\/bombola-ricaricabile-da-9-kg-gas-r454b-valvola-valvola-w-217-x-1-14-sx\/\" \/>\n<meta property=\"og:locale\" content=\"es_ES\" \/>\n<meta property=\"og:type\" content=\"article\" \/>\n<meta property=\"og:title\" content=\"Botella de Gas Refrigerante R454B - 9kg - (T-PED) - V\u00e1lvula W 21,7 x 1\/14&quot; IZQ | Refrigerant Boys\" \/>\n<meta property=\"og:description\" content=\"\u2713 Eco-Tax (Reg. UE 2024\/573) 1,39 \u20ac\/kg Botella de 9kg de gas R454B, el refrigerante de ultra bajo GWP (466) para bombas de calor y chillers de \u00faltima generaci\u00f3n. Cumple con la normativa T-PED \/ EN 13322-1 y cuenta con una v\u00e1lvula de seguridad con rosca a la izquierda W 21,7 x 1\/14&quot; para gases A2L.\" \/>\n<meta property=\"og:url\" content=\"https:\/\/www.refrigerantboys.com\/es\/compra\/fluidos-refrigerantes\/r410a\/bombola-ricaricabile-da-9-kg-gas-r454b-valvola-valvola-w-217-x-1-14-sx\/\" \/>\n<meta property=\"og:site_name\" content=\"Refrigerant Boys\" \/>\n<meta property=\"article:modified_time\" content=\"2026-02-13T14:35:30+00:00\" \/>\n<meta property=\"og:image\" content=\"https:\/\/www.refrigerantboys.com\/wp-content\/uploads\/2023\/11\/r454b-9kg.png\" \/>\n\t<meta property=\"og:image:width\" content=\"418\" \/>\n\t<meta property=\"og:image:height\" content=\"664\" \/>\n\t<meta property=\"og:image:type\" content=\"image\/png\" \/>\n<meta name=\"twitter:card\" content=\"summary_large_image\" \/>\n<meta name=\"twitter:label1\" content=\"Tiempo de lectura\" \/>\n\t<meta name=\"twitter:data1\" content=\"1 minuto\" \/>\n<script type=\"application\/ld+json\" class=\"yoast-schema-graph\">{\"@context\":\"https:\/\/schema.org\",\"@graph\":[{\"@type\":\"WebPage\",\"@id\":\"https:\/\/www.refrigerantboys.com\/es\/compra\/fluidos-refrigerantes\/r410a\/bombola-ricaricabile-da-9-kg-gas-r454b-valvola-valvola-w-217-x-1-14-sx\/\",\"url\":\"https:\/\/www.refrigerantboys.com\/es\/compra\/fluidos-refrigerantes\/r410a\/bombola-ricaricabile-da-9-kg-gas-r454b-valvola-valvola-w-217-x-1-14-sx\/\",\"name\":\"Botella de Gas Refrigerante R454B - 9kg - (T-PED) - V\u00e1lvula W 21,7 x 1\/14\\\" IZQ | Refrigerant Boys\",\"isPartOf\":{\"@id\":\"https:\/\/www.refrigerantboys.com\/es\/#website\"},\"datePublished\":\"2023-11-20T11:07:01+00:00\",\"dateModified\":\"2026-02-13T14:35:30+00:00\",\"description\":\"\u2713 Eco-Tax (Reg. UE 2024\/573) 1,39 \u20ac\/kg Botella de 9kg de gas R454B, el refrigerante de ultra bajo GWP (466) para bombas de calor y chillers de \u00faltima generaci\u00f3n. Cumple con la normativa T-PED \/ EN 13322-1 y cuenta con una v\u00e1lvula de seguridad con rosca a la izquierda W 21,7 x 1\/14\\\" para gases A2L.\",\"breadcrumb\":{\"@id\":\"https:\/\/www.refrigerantboys.com\/es\/compra\/fluidos-refrigerantes\/r410a\/bombola-ricaricabile-da-9-kg-gas-r454b-valvola-valvola-w-217-x-1-14-sx\/#breadcrumb\"},\"inLanguage\":\"es\",\"potentialAction\":[{\"@type\":\"ReadAction\",\"target\":[\"https:\/\/www.refrigerantboys.com\/es\/compra\/fluidos-refrigerantes\/r410a\/bombola-ricaricabile-da-9-kg-gas-r454b-valvola-valvola-w-217-x-1-14-sx\/\"]}]},{\"@type\":\"BreadcrumbList\",\"@id\":\"https:\/\/www.refrigerantboys.com\/es\/compra\/fluidos-refrigerantes\/r410a\/bombola-ricaricabile-da-9-kg-gas-r454b-valvola-valvola-w-217-x-1-14-sx\/#breadcrumb\",\"itemListElement\":[{\"@type\":\"ListItem\",\"position\":1,\"name\":\"Home\",\"item\":\"https:\/\/www.refrigerantboys.com\/es\/\"},{\"@type\":\"ListItem\",\"position\":2,\"name\":\"Tienda\",\"item\":\"https:\/\/www.refrigerantboys.com\/es\/tienda\/\"},{\"@type\":\"ListItem\",\"position\":3,\"name\":\"Botella de Gas Refrigerante R454B &#8211; 9kg &#8211; (T-PED) &#8211; V\u00e1lvula W 21,7 x 1\/14&#8243; IZQ\"}]},{\"@type\":\"WebSite\",\"@id\":\"https:\/\/www.refrigerantboys.com\/es\/#website\",\"url\":\"https:\/\/www.refrigerantboys.com\/es\/\",\"name\":\"Refrigerant Boys\",\"description\":\"Vendita gas refrigeranti\",\"potentialAction\":[{\"@type\":\"SearchAction\",\"target\":{\"@type\":\"EntryPoint\",\"urlTemplate\":\"https:\/\/www.refrigerantboys.com\/es\/?s={search_term_string}\"},\"query-input\":\"required name=search_term_string\"}],\"inLanguage\":\"es\"}]}<\/script>\n<!-- \/ Yoast SEO plugin. -->","yoast_head_json":{"title":"Botella de Gas Refrigerante R454B - 9kg - (T-PED) - V\u00e1lvula W 21,7 x 1\/14\" IZQ | Refrigerant Boys","description":"\u2713 Eco-Tax (Reg. UE 2024\/573) 1,39 \u20ac\/kg Botella de 9kg de gas R454B, el refrigerante de ultra bajo GWP (466) para bombas de calor y chillers de \u00faltima generaci\u00f3n. Cumple con la normativa T-PED \/ EN 13322-1 y cuenta con una v\u00e1lvula de seguridad con rosca a la izquierda W 21,7 x 1\/14\" para gases A2L.","robots":{"index":"index","follow":"follow","max-snippet":"max-snippet:-1","max-image-preview":"max-image-preview:large","max-video-preview":"max-video-preview:-1"},"canonical":"https:\/\/www.refrigerantboys.com\/es\/compra\/fluidos-refrigerantes\/r410a\/bombola-ricaricabile-da-9-kg-gas-r454b-valvola-valvola-w-217-x-1-14-sx\/","og_locale":"es_ES","og_type":"article","og_title":"Botella de Gas Refrigerante R454B - 9kg - (T-PED) - V\u00e1lvula W 21,7 x 1\/14\" IZQ | Refrigerant Boys","og_description":"\u2713 Eco-Tax (Reg. UE 2024\/573) 1,39 \u20ac\/kg Botella de 9kg de gas R454B, el refrigerante de ultra bajo GWP (466) para bombas de calor y chillers de \u00faltima generaci\u00f3n. Cumple con la normativa T-PED \/ EN 13322-1 y cuenta con una v\u00e1lvula de seguridad con rosca a la izquierda W 21,7 x 1\/14\" para gases A2L.","og_url":"https:\/\/www.refrigerantboys.com\/es\/compra\/fluidos-refrigerantes\/r410a\/bombola-ricaricabile-da-9-kg-gas-r454b-valvola-valvola-w-217-x-1-14-sx\/","og_site_name":"Refrigerant Boys","article_modified_time":"2026-02-13T14:35:30+00:00","og_image":[{"width":418,"height":664,"url":"https:\/\/www.refrigerantboys.com\/wp-content\/uploads\/2023\/11\/r454b-9kg.png","type":"image\/png"}],"twitter_card":"summary_large_image","twitter_misc":{"Tiempo de lectura":"1 minuto"},"schema":{"@context":"https:\/\/schema.org","@graph":[{"@type":"WebPage","@id":"https:\/\/www.refrigerantboys.com\/es\/compra\/fluidos-refrigerantes\/r410a\/bombola-ricaricabile-da-9-kg-gas-r454b-valvola-valvola-w-217-x-1-14-sx\/","url":"https:\/\/www.refrigerantboys.com\/es\/compra\/fluidos-refrigerantes\/r410a\/bombola-ricaricabile-da-9-kg-gas-r454b-valvola-valvola-w-217-x-1-14-sx\/","name":"Botella de Gas Refrigerante R454B - 9kg - (T-PED) - V\u00e1lvula W 21,7 x 1\/14\" IZQ | Refrigerant Boys","isPartOf":{"@id":"https:\/\/www.refrigerantboys.com\/es\/#website"},"datePublished":"2023-11-20T11:07:01+00:00","dateModified":"2026-02-13T14:35:30+00:00","description":"\u2713 Eco-Tax (Reg. UE 2024\/573) 1,39 \u20ac\/kg Botella de 9kg de gas R454B, el refrigerante de ultra bajo GWP (466) para bombas de calor y chillers de \u00faltima generaci\u00f3n. Cumple con la normativa T-PED \/ EN 13322-1 y cuenta con una v\u00e1lvula de seguridad con rosca a la izquierda W 21,7 x 1\/14\" para gases A2L.","breadcrumb":{"@id":"https:\/\/www.refrigerantboys.com\/es\/compra\/fluidos-refrigerantes\/r410a\/bombola-ricaricabile-da-9-kg-gas-r454b-valvola-valvola-w-217-x-1-14-sx\/#breadcrumb"},"inLanguage":"es","potentialAction":[{"@type":"ReadAction","target":["https:\/\/www.refrigerantboys.com\/es\/compra\/fluidos-refrigerantes\/r410a\/bombola-ricaricabile-da-9-kg-gas-r454b-valvola-valvola-w-217-x-1-14-sx\/"]}]},{"@type":"BreadcrumbList","@id":"https:\/\/www.refrigerantboys.com\/es\/compra\/fluidos-refrigerantes\/r410a\/bombola-ricaricabile-da-9-kg-gas-r454b-valvola-valvola-w-217-x-1-14-sx\/#breadcrumb","itemListElement":[{"@type":"ListItem","position":1,"name":"Home","item":"https:\/\/www.refrigerantboys.com\/es\/"},{"@type":"ListItem","position":2,"name":"Tienda","item":"https:\/\/www.refrigerantboys.com\/es\/tienda\/"},{"@type":"ListItem","position":3,"name":"Botella de Gas Refrigerante R454B &#8211; 9kg &#8211; (T-PED) &#8211; V\u00e1lvula W 21,7 x 1\/14&#8243; IZQ"}]},{"@type":"WebSite","@id":"https:\/\/www.refrigerantboys.com\/es\/#website","url":"https:\/\/www.refrigerantboys.com\/es\/","name":"Refrigerant Boys","description":"Vendita gas refrigeranti","potentialAction":[{"@type":"SearchAction","target":{"@type":"EntryPoint","urlTemplate":"https:\/\/www.refrigerantboys.com\/es\/?s={search_term_string}"},"query-input":"required name=search_term_string"}],"inLanguage":"es"}]}},"_links":{"self":[{"href":"https:\/\/www.refrigerantboys.com\/es\/wp-json\/wp\/v2\/product\/74758"}],"collection":[{"href":"https:\/\/www.refrigerantboys.com\/es\/wp-json\/wp\/v2\/product"}],"about":[{"href":"https:\/\/www.refrigerantboys.com\/es\/wp-json\/wp\/v2\/types\/product"}],"wp:featuredmedia":[{"embeddable":true,"href":"https:\/\/www.refrigerantboys.com\/es\/wp-json\/wp\/v2\/media\/75661"}],"wp:attachment":[{"href":"https:\/\/www.refrigerantboys.com\/es\/wp-json\/wp\/v2\/media?parent=74758"}],"wp:term":[{"taxonomy":"product_cat","embeddable":true,"href":"https:\/\/www.refrigerantboys.com\/es\/wp-json\/wp\/v2\/product_cat?post=74758"},{"taxonomy":"product_tag","embeddable":true,"href":"https:\/\/www.refrigerantboys.com\/es\/wp-json\/wp\/v2\/product_tag?post=74758"}],"curies":[{"name":"wp","href":"https:\/\/api.w.org\/{rel}","templated":true}]}}