{"id":70139,"date":"2023-06-19T17:28:09","date_gmt":"2023-06-19T15:28:09","guid":{"rendered":"https:\/\/www.refrigerantboys.com\/?post_type=product&#038;p=70139"},"modified":"2023-06-27T12:34:30","modified_gmt":"2023-06-27T10:34:30","slug":"filtro-secador-cartucho-solido-con-100-tamiz-molecular-1-2","status":"publish","type":"product","link":"https:\/\/www.refrigerantboys.com\/es\/compra\/componentes-de-refrigeracion\/filtros-es\/filtro-secador-cartucho-solido-con-100-tamiz-molecular-1-2\/","title":{"rendered":"FILTRO SECADOR DE CARTUCHO S\u00d3LIDO CON 100% DE TAMICES MOLECULARES 1\/2"},"content":{"rendered":"<p>Dise\u00f1ado para su instalaci\u00f3n en sistemas de refrigeraci\u00f3n comercial y de aire acondicionado civil e industrial que utilicen refrigerantes HFC, en particular R134A, R404A, R407C, R410A y R507, mezclados con aceites POE.<\/p>\n<ul>\n<li>CASTEL 4316\/4<\/li>\n<\/ul>\n","protected":false},"excerpt":{"rendered":"<p><strong>CASTEL FILTRO SECADOR DE CARTUCHO S\u00d3LIDO CONEXI\u00d3N 1\/2<\/strong><\/p>\n<p><span style=\"color: #ff0000;\"><strong>&#8211; Di\u00e1metro 73 mm<\/strong><\/span><\/p>\n<p><span style=\"color: #ff0000;\"><strong>&#8211; Longitud 174 mm<\/strong><\/span><\/p>\n<p><strong>&#8211; Conexi\u00f3n: 1\/2<\/strong><\/p>\n<p><strong>&#8211; TS [\u00b0C]: min. -40\u00b0 m\u00e1x. +80\u00b0<\/strong><\/p>\n<p><strong>&#8211; PS [bar]: 45.<\/strong><\/p>\n","protected":false},"featured_media":70665,"template":"","meta":[],"product_cat":[318,340],"product_tag":[],"acf":{"ai_note":""},"yoast_head":"<!-- This site is optimized with the Yoast SEO plugin v20.2 - https:\/\/yoast.com\/wordpress\/plugins\/seo\/ -->\n<title>FILTRO SECADOR DE CARTUCHO S\u00d3LIDO CON 100% DE TAMICES MOLECULARES 1\/2 | Refrigerant Boys<\/title>\n<meta name=\"description\" content=\"CASTEL FILTRO SECADOR DE CARTUCHO S\u00d3LIDO CONEXI\u00d3N 1\/2  - Di\u00e1metro 73 mm  - Longitud 174 mm  - Conexi\u00f3n: 1\/2  - TS : min. -40\u00b0 m\u00e1x. +80\u00b0  - PS : 45.\" \/>\n<meta name=\"robots\" content=\"index, follow, max-snippet:-1, max-image-preview:large, max-video-preview:-1\" \/>\n<link rel=\"canonical\" href=\"https:\/\/www.refrigerantboys.com\/es\/compra\/componentes-de-refrigeracion\/filtros-es\/filtro-secador-cartucho-solido-con-100-tamiz-molecular-1-2\/\" \/>\n<meta property=\"og:locale\" content=\"es_ES\" \/>\n<meta property=\"og:type\" content=\"article\" \/>\n<meta property=\"og:title\" content=\"FILTRO SECADOR DE CARTUCHO S\u00d3LIDO CON 100% DE TAMICES MOLECULARES 1\/2 | Refrigerant Boys\" \/>\n<meta property=\"og:description\" content=\"CASTEL FILTRO SECADOR DE CARTUCHO S\u00d3LIDO CONEXI\u00d3N 1\/2  - Di\u00e1metro 73 mm  - Longitud 174 mm  - Conexi\u00f3n: 1\/2  - TS : min. -40\u00b0 m\u00e1x. +80\u00b0  - PS : 45.\" \/>\n<meta property=\"og:url\" content=\"https:\/\/www.refrigerantboys.com\/es\/compra\/componentes-de-refrigeracion\/filtros-es\/filtro-secador-cartucho-solido-con-100-tamiz-molecular-1-2\/\" \/>\n<meta property=\"og:site_name\" content=\"Refrigerant Boys\" \/>\n<meta property=\"article:modified_time\" content=\"2023-06-27T10:34:30+00:00\" \/>\n<meta property=\"og:image\" content=\"https:\/\/www.refrigerantboys.com\/wp-content\/uploads\/2023\/06\/filrto-174-1.png\" \/>\n\t<meta property=\"og:image:width\" content=\"229\" \/>\n\t<meta property=\"og:image:height\" content=\"482\" \/>\n\t<meta property=\"og:image:type\" content=\"image\/png\" \/>\n<meta name=\"twitter:card\" content=\"summary_large_image\" \/>\n<meta name=\"twitter:label1\" content=\"Tiempo de lectura\" \/>\n\t<meta name=\"twitter:data1\" content=\"1 minuto\" \/>\n<script type=\"application\/ld+json\" class=\"yoast-schema-graph\">{\"@context\":\"https:\/\/schema.org\",\"@graph\":[{\"@type\":\"WebPage\",\"@id\":\"https:\/\/www.refrigerantboys.com\/es\/compra\/componentes-de-refrigeracion\/filtros-es\/filtro-secador-cartucho-solido-con-100-tamiz-molecular-1-2\/\",\"url\":\"https:\/\/www.refrigerantboys.com\/es\/compra\/componentes-de-refrigeracion\/filtros-es\/filtro-secador-cartucho-solido-con-100-tamiz-molecular-1-2\/\",\"name\":\"FILTRO SECADOR DE CARTUCHO S\u00d3LIDO CON 100% DE TAMICES MOLECULARES 1\/2 | Refrigerant Boys\",\"isPartOf\":{\"@id\":\"https:\/\/www.refrigerantboys.com\/es\/#website\"},\"datePublished\":\"2023-06-19T15:28:09+00:00\",\"dateModified\":\"2023-06-27T10:34:30+00:00\",\"description\":\"CASTEL FILTRO SECADOR DE CARTUCHO S\u00d3LIDO CONEXI\u00d3N 1\/2 - Di\u00e1metro 73 mm - Longitud 174 mm - Conexi\u00f3n: 1\/2 - TS : min. -40\u00b0 m\u00e1x. +80\u00b0 - PS : 45.\",\"breadcrumb\":{\"@id\":\"https:\/\/www.refrigerantboys.com\/es\/compra\/componentes-de-refrigeracion\/filtros-es\/filtro-secador-cartucho-solido-con-100-tamiz-molecular-1-2\/#breadcrumb\"},\"inLanguage\":\"es\",\"potentialAction\":[{\"@type\":\"ReadAction\",\"target\":[\"https:\/\/www.refrigerantboys.com\/es\/compra\/componentes-de-refrigeracion\/filtros-es\/filtro-secador-cartucho-solido-con-100-tamiz-molecular-1-2\/\"]}]},{\"@type\":\"BreadcrumbList\",\"@id\":\"https:\/\/www.refrigerantboys.com\/es\/compra\/componentes-de-refrigeracion\/filtros-es\/filtro-secador-cartucho-solido-con-100-tamiz-molecular-1-2\/#breadcrumb\",\"itemListElement\":[{\"@type\":\"ListItem\",\"position\":1,\"name\":\"Home\",\"item\":\"https:\/\/www.refrigerantboys.com\/es\/\"},{\"@type\":\"ListItem\",\"position\":2,\"name\":\"Tienda\",\"item\":\"https:\/\/www.refrigerantboys.com\/es\/tienda\/\"},{\"@type\":\"ListItem\",\"position\":3,\"name\":\"FILTRO SECADOR DE CARTUCHO S\u00d3LIDO CON 100% DE TAMICES MOLECULARES 1\/2\"}]},{\"@type\":\"WebSite\",\"@id\":\"https:\/\/www.refrigerantboys.com\/es\/#website\",\"url\":\"https:\/\/www.refrigerantboys.com\/es\/\",\"name\":\"Refrigerant Boys\",\"description\":\"Vendita gas refrigeranti\",\"potentialAction\":[{\"@type\":\"SearchAction\",\"target\":{\"@type\":\"EntryPoint\",\"urlTemplate\":\"https:\/\/www.refrigerantboys.com\/es\/?s={search_term_string}\"},\"query-input\":\"required name=search_term_string\"}],\"inLanguage\":\"es\"}]}<\/script>\n<!-- \/ Yoast SEO plugin. -->","yoast_head_json":{"title":"FILTRO SECADOR DE CARTUCHO S\u00d3LIDO CON 100% DE TAMICES MOLECULARES 1\/2 | Refrigerant Boys","description":"CASTEL FILTRO SECADOR DE CARTUCHO S\u00d3LIDO CONEXI\u00d3N 1\/2  - Di\u00e1metro 73 mm  - Longitud 174 mm  - Conexi\u00f3n: 1\/2  - TS : min. -40\u00b0 m\u00e1x. +80\u00b0  - PS : 45.","robots":{"index":"index","follow":"follow","max-snippet":"max-snippet:-1","max-image-preview":"max-image-preview:large","max-video-preview":"max-video-preview:-1"},"canonical":"https:\/\/www.refrigerantboys.com\/es\/compra\/componentes-de-refrigeracion\/filtros-es\/filtro-secador-cartucho-solido-con-100-tamiz-molecular-1-2\/","og_locale":"es_ES","og_type":"article","og_title":"FILTRO SECADOR DE CARTUCHO S\u00d3LIDO CON 100% DE TAMICES MOLECULARES 1\/2 | Refrigerant Boys","og_description":"CASTEL FILTRO SECADOR DE CARTUCHO S\u00d3LIDO CONEXI\u00d3N 1\/2  - Di\u00e1metro 73 mm  - Longitud 174 mm  - Conexi\u00f3n: 1\/2  - TS : min. -40\u00b0 m\u00e1x. +80\u00b0  - PS : 45.","og_url":"https:\/\/www.refrigerantboys.com\/es\/compra\/componentes-de-refrigeracion\/filtros-es\/filtro-secador-cartucho-solido-con-100-tamiz-molecular-1-2\/","og_site_name":"Refrigerant Boys","article_modified_time":"2023-06-27T10:34:30+00:00","og_image":[{"width":229,"height":482,"url":"https:\/\/www.refrigerantboys.com\/wp-content\/uploads\/2023\/06\/filrto-174-1.png","type":"image\/png"}],"twitter_card":"summary_large_image","twitter_misc":{"Tiempo de lectura":"1 minuto"},"schema":{"@context":"https:\/\/schema.org","@graph":[{"@type":"WebPage","@id":"https:\/\/www.refrigerantboys.com\/es\/compra\/componentes-de-refrigeracion\/filtros-es\/filtro-secador-cartucho-solido-con-100-tamiz-molecular-1-2\/","url":"https:\/\/www.refrigerantboys.com\/es\/compra\/componentes-de-refrigeracion\/filtros-es\/filtro-secador-cartucho-solido-con-100-tamiz-molecular-1-2\/","name":"FILTRO SECADOR DE CARTUCHO S\u00d3LIDO CON 100% DE TAMICES MOLECULARES 1\/2 | Refrigerant Boys","isPartOf":{"@id":"https:\/\/www.refrigerantboys.com\/es\/#website"},"datePublished":"2023-06-19T15:28:09+00:00","dateModified":"2023-06-27T10:34:30+00:00","description":"CASTEL FILTRO SECADOR DE CARTUCHO S\u00d3LIDO CONEXI\u00d3N 1\/2 - Di\u00e1metro 73 mm - Longitud 174 mm - Conexi\u00f3n: 1\/2 - TS : min. -40\u00b0 m\u00e1x. +80\u00b0 - PS : 45.","breadcrumb":{"@id":"https:\/\/www.refrigerantboys.com\/es\/compra\/componentes-de-refrigeracion\/filtros-es\/filtro-secador-cartucho-solido-con-100-tamiz-molecular-1-2\/#breadcrumb"},"inLanguage":"es","potentialAction":[{"@type":"ReadAction","target":["https:\/\/www.refrigerantboys.com\/es\/compra\/componentes-de-refrigeracion\/filtros-es\/filtro-secador-cartucho-solido-con-100-tamiz-molecular-1-2\/"]}]},{"@type":"BreadcrumbList","@id":"https:\/\/www.refrigerantboys.com\/es\/compra\/componentes-de-refrigeracion\/filtros-es\/filtro-secador-cartucho-solido-con-100-tamiz-molecular-1-2\/#breadcrumb","itemListElement":[{"@type":"ListItem","position":1,"name":"Home","item":"https:\/\/www.refrigerantboys.com\/es\/"},{"@type":"ListItem","position":2,"name":"Tienda","item":"https:\/\/www.refrigerantboys.com\/es\/tienda\/"},{"@type":"ListItem","position":3,"name":"FILTRO SECADOR DE CARTUCHO S\u00d3LIDO CON 100% DE TAMICES MOLECULARES 1\/2"}]},{"@type":"WebSite","@id":"https:\/\/www.refrigerantboys.com\/es\/#website","url":"https:\/\/www.refrigerantboys.com\/es\/","name":"Refrigerant Boys","description":"Vendita gas refrigeranti","potentialAction":[{"@type":"SearchAction","target":{"@type":"EntryPoint","urlTemplate":"https:\/\/www.refrigerantboys.com\/es\/?s={search_term_string}"},"query-input":"required name=search_term_string"}],"inLanguage":"es"}]}},"_links":{"self":[{"href":"https:\/\/www.refrigerantboys.com\/es\/wp-json\/wp\/v2\/product\/70139"}],"collection":[{"href":"https:\/\/www.refrigerantboys.com\/es\/wp-json\/wp\/v2\/product"}],"about":[{"href":"https:\/\/www.refrigerantboys.com\/es\/wp-json\/wp\/v2\/types\/product"}],"wp:featuredmedia":[{"embeddable":true,"href":"https:\/\/www.refrigerantboys.com\/es\/wp-json\/wp\/v2\/media\/70665"}],"wp:attachment":[{"href":"https:\/\/www.refrigerantboys.com\/es\/wp-json\/wp\/v2\/media?parent=70139"}],"wp:term":[{"taxonomy":"product_cat","embeddable":true,"href":"https:\/\/www.refrigerantboys.com\/es\/wp-json\/wp\/v2\/product_cat?post=70139"},{"taxonomy":"product_tag","embeddable":true,"href":"https:\/\/www.refrigerantboys.com\/es\/wp-json\/wp\/v2\/product_tag?post=70139"}],"curies":[{"name":"wp","href":"https:\/\/api.w.org\/{rel}","templated":true}]}}