{"id":70089,"date":"2023-06-19T15:59:51","date_gmt":"2023-06-19T13:59:52","guid":{"rendered":"https:\/\/www.refrigerantboys.com\/?post_type=product&#038;p=70089"},"modified":"2023-06-30T14:19:06","modified_gmt":"2023-06-30T12:19:06","slug":"valvula-de-expansion-termostatica-serie-tn2-r134a","status":"publish","type":"product","link":"https:\/\/www.refrigerantboys.com\/es\/compra\/componentes-de-refrigeracion\/valvulas-de-expansion\/valvula-de-expansion-termostatica-serie-tn2-r134a\/","title":{"rendered":"V\u00e1lvula de expansi\u00f3n termost\u00e1tica serie TN2 R134a"},"content":{"rendered":"<p>Regula el flujo de refrigerante en el interior<br \/>\nde los evaporadores; la inyecci\u00f3n de l\u00edquido se controla mediante el<br \/>\nsobrecalentamiento del refrigerante.<br \/>\nLa nueva serie &#8220;T2&#8221; se ha dise\u00f1ado<br \/>\npara trabajar con el conjunto de orificio intercambiable, para<br \/>\ngarantizar la flexibilidad en la elecci\u00f3n del potencial, y<br \/>\npuede utilizarse en una amplia gama de aplicaciones,<br \/>\ncomo se indica a continuaci\u00f3n:<br \/>\n&#8211; Sistemas de refrigeraci\u00f3n (expositores de supermercados,<br \/>\nmostradores refrigerados, m\u00e1quinas de helados y fabricantes de<br \/>\nhielo, transporte refrigerado, etc.)<br \/>\n&#8211; Sistemas de aire acondicionado<br \/>\n&#8211; Sistemas de bomba de calor<br \/>\n&#8211; Enfriador<br \/>\n<span style=\"color: #ff0000;\"><strong>Se utiliza en refrigerantes: R134a<\/strong><\/span><\/p>\n<p><strong>Temperatura en el sensor [\u00b0C]: -40<\/strong><\/p>\n<p><strong>Igualado internamente<\/strong><\/p>\n<p><strong>Longitud del tubo capilar mm 1500 mm<\/strong><\/p>\n","protected":false},"excerpt":{"rendered":"<p>Regula el flujo de refrigerante en el interior de los evaporadores; la inyecci\u00f3n de l\u00edquido se controla mediante el sobrecalentamiento del refrigerante. La nueva serie &#8220;T2&#8221; se ha dise\u00f1ado para trabajar con el conjunto de orificio intercambiable, para garantizar la flexibilidad en la elecci\u00f3n del potencial, y puede utilizarse en una amplia gama de aplicaciones, [&hellip;]<\/p>\n","protected":false},"featured_media":70095,"template":"","meta":[],"product_cat":[318,349],"product_tag":[],"acf":{"ai_note":""},"yoast_head":"<!-- This site is optimized with the Yoast SEO plugin v20.2 - https:\/\/yoast.com\/wordpress\/plugins\/seo\/ -->\n<title>V\u00e1lvula de expansi\u00f3n termost\u00e1tica serie TN2 R134a | Refrigerant Boys<\/title>\n<meta name=\"description\" content=\"Regula el flujo de refrigerante en el interior de los evaporadores; la inyecci\u00f3n de l\u00edquido se controla mediante el sobrecalentamiento del refrigerante.\" \/>\n<meta name=\"robots\" content=\"index, follow, max-snippet:-1, max-image-preview:large, max-video-preview:-1\" \/>\n<link rel=\"canonical\" href=\"https:\/\/www.refrigerantboys.com\/es\/compra\/componentes-de-refrigeracion\/valvulas-de-expansion\/valvula-de-expansion-termostatica-serie-tn2-r134a\/\" \/>\n<meta property=\"og:locale\" content=\"es_ES\" \/>\n<meta property=\"og:type\" content=\"article\" \/>\n<meta property=\"og:title\" content=\"V\u00e1lvula de expansi\u00f3n termost\u00e1tica serie TN2 R134a | Refrigerant Boys\" \/>\n<meta property=\"og:description\" content=\"Regula el flujo de refrigerante en el interior de los evaporadores; la inyecci\u00f3n de l\u00edquido se controla mediante el sobrecalentamiento del refrigerante.\" \/>\n<meta property=\"og:url\" content=\"https:\/\/www.refrigerantboys.com\/es\/compra\/componentes-de-refrigeracion\/valvulas-de-expansion\/valvula-de-expansion-termostatica-serie-tn2-r134a\/\" \/>\n<meta property=\"og:site_name\" content=\"Refrigerant Boys\" \/>\n<meta property=\"article:modified_time\" content=\"2023-06-30T12:19:06+00:00\" \/>\n<meta property=\"og:image\" content=\"https:\/\/www.refrigerantboys.com\/wp-content\/uploads\/2023\/06\/valvola-TN.png\" \/>\n\t<meta property=\"og:image:width\" content=\"426\" \/>\n\t<meta property=\"og:image:height\" content=\"500\" \/>\n\t<meta property=\"og:image:type\" content=\"image\/png\" \/>\n<meta name=\"twitter:card\" content=\"summary_large_image\" \/>\n<meta name=\"twitter:label1\" content=\"Tiempo de lectura\" \/>\n\t<meta name=\"twitter:data1\" content=\"1 minuto\" \/>\n<script type=\"application\/ld+json\" class=\"yoast-schema-graph\">{\"@context\":\"https:\/\/schema.org\",\"@graph\":[{\"@type\":\"WebPage\",\"@id\":\"https:\/\/www.refrigerantboys.com\/es\/compra\/componentes-de-refrigeracion\/valvulas-de-expansion\/valvula-de-expansion-termostatica-serie-tn2-r134a\/\",\"url\":\"https:\/\/www.refrigerantboys.com\/es\/compra\/componentes-de-refrigeracion\/valvulas-de-expansion\/valvula-de-expansion-termostatica-serie-tn2-r134a\/\",\"name\":\"V\u00e1lvula de expansi\u00f3n termost\u00e1tica serie TN2 R134a | Refrigerant Boys\",\"isPartOf\":{\"@id\":\"https:\/\/www.refrigerantboys.com\/es\/#website\"},\"datePublished\":\"2023-06-19T13:59:52+00:00\",\"dateModified\":\"2023-06-30T12:19:06+00:00\",\"description\":\"Regula el flujo de refrigerante en el interior de los evaporadores; la inyecci\u00f3n de l\u00edquido se controla mediante el sobrecalentamiento del refrigerante.\",\"breadcrumb\":{\"@id\":\"https:\/\/www.refrigerantboys.com\/es\/compra\/componentes-de-refrigeracion\/valvulas-de-expansion\/valvula-de-expansion-termostatica-serie-tn2-r134a\/#breadcrumb\"},\"inLanguage\":\"es\",\"potentialAction\":[{\"@type\":\"ReadAction\",\"target\":[\"https:\/\/www.refrigerantboys.com\/es\/compra\/componentes-de-refrigeracion\/valvulas-de-expansion\/valvula-de-expansion-termostatica-serie-tn2-r134a\/\"]}]},{\"@type\":\"BreadcrumbList\",\"@id\":\"https:\/\/www.refrigerantboys.com\/es\/compra\/componentes-de-refrigeracion\/valvulas-de-expansion\/valvula-de-expansion-termostatica-serie-tn2-r134a\/#breadcrumb\",\"itemListElement\":[{\"@type\":\"ListItem\",\"position\":1,\"name\":\"Home\",\"item\":\"https:\/\/www.refrigerantboys.com\/es\/\"},{\"@type\":\"ListItem\",\"position\":2,\"name\":\"Tienda\",\"item\":\"https:\/\/www.refrigerantboys.com\/es\/tienda\/\"},{\"@type\":\"ListItem\",\"position\":3,\"name\":\"V\u00e1lvula de expansi\u00f3n termost\u00e1tica serie TN2 R134a\"}]},{\"@type\":\"WebSite\",\"@id\":\"https:\/\/www.refrigerantboys.com\/es\/#website\",\"url\":\"https:\/\/www.refrigerantboys.com\/es\/\",\"name\":\"Refrigerant Boys\",\"description\":\"Vendita gas refrigeranti\",\"potentialAction\":[{\"@type\":\"SearchAction\",\"target\":{\"@type\":\"EntryPoint\",\"urlTemplate\":\"https:\/\/www.refrigerantboys.com\/es\/?s={search_term_string}\"},\"query-input\":\"required name=search_term_string\"}],\"inLanguage\":\"es\"}]}<\/script>\n<!-- \/ Yoast SEO plugin. -->","yoast_head_json":{"title":"V\u00e1lvula de expansi\u00f3n termost\u00e1tica serie TN2 R134a | Refrigerant Boys","description":"Regula el flujo de refrigerante en el interior de los evaporadores; la inyecci\u00f3n de l\u00edquido se controla mediante el sobrecalentamiento del refrigerante.","robots":{"index":"index","follow":"follow","max-snippet":"max-snippet:-1","max-image-preview":"max-image-preview:large","max-video-preview":"max-video-preview:-1"},"canonical":"https:\/\/www.refrigerantboys.com\/es\/compra\/componentes-de-refrigeracion\/valvulas-de-expansion\/valvula-de-expansion-termostatica-serie-tn2-r134a\/","og_locale":"es_ES","og_type":"article","og_title":"V\u00e1lvula de expansi\u00f3n termost\u00e1tica serie TN2 R134a | Refrigerant Boys","og_description":"Regula el flujo de refrigerante en el interior de los evaporadores; la inyecci\u00f3n de l\u00edquido se controla mediante el sobrecalentamiento del refrigerante.","og_url":"https:\/\/www.refrigerantboys.com\/es\/compra\/componentes-de-refrigeracion\/valvulas-de-expansion\/valvula-de-expansion-termostatica-serie-tn2-r134a\/","og_site_name":"Refrigerant Boys","article_modified_time":"2023-06-30T12:19:06+00:00","og_image":[{"width":426,"height":500,"url":"https:\/\/www.refrigerantboys.com\/wp-content\/uploads\/2023\/06\/valvola-TN.png","type":"image\/png"}],"twitter_card":"summary_large_image","twitter_misc":{"Tiempo de lectura":"1 minuto"},"schema":{"@context":"https:\/\/schema.org","@graph":[{"@type":"WebPage","@id":"https:\/\/www.refrigerantboys.com\/es\/compra\/componentes-de-refrigeracion\/valvulas-de-expansion\/valvula-de-expansion-termostatica-serie-tn2-r134a\/","url":"https:\/\/www.refrigerantboys.com\/es\/compra\/componentes-de-refrigeracion\/valvulas-de-expansion\/valvula-de-expansion-termostatica-serie-tn2-r134a\/","name":"V\u00e1lvula de expansi\u00f3n termost\u00e1tica serie TN2 R134a | Refrigerant Boys","isPartOf":{"@id":"https:\/\/www.refrigerantboys.com\/es\/#website"},"datePublished":"2023-06-19T13:59:52+00:00","dateModified":"2023-06-30T12:19:06+00:00","description":"Regula el flujo de refrigerante en el interior de los evaporadores; la inyecci\u00f3n de l\u00edquido se controla mediante el sobrecalentamiento del refrigerante.","breadcrumb":{"@id":"https:\/\/www.refrigerantboys.com\/es\/compra\/componentes-de-refrigeracion\/valvulas-de-expansion\/valvula-de-expansion-termostatica-serie-tn2-r134a\/#breadcrumb"},"inLanguage":"es","potentialAction":[{"@type":"ReadAction","target":["https:\/\/www.refrigerantboys.com\/es\/compra\/componentes-de-refrigeracion\/valvulas-de-expansion\/valvula-de-expansion-termostatica-serie-tn2-r134a\/"]}]},{"@type":"BreadcrumbList","@id":"https:\/\/www.refrigerantboys.com\/es\/compra\/componentes-de-refrigeracion\/valvulas-de-expansion\/valvula-de-expansion-termostatica-serie-tn2-r134a\/#breadcrumb","itemListElement":[{"@type":"ListItem","position":1,"name":"Home","item":"https:\/\/www.refrigerantboys.com\/es\/"},{"@type":"ListItem","position":2,"name":"Tienda","item":"https:\/\/www.refrigerantboys.com\/es\/tienda\/"},{"@type":"ListItem","position":3,"name":"V\u00e1lvula de expansi\u00f3n termost\u00e1tica serie TN2 R134a"}]},{"@type":"WebSite","@id":"https:\/\/www.refrigerantboys.com\/es\/#website","url":"https:\/\/www.refrigerantboys.com\/es\/","name":"Refrigerant Boys","description":"Vendita gas refrigeranti","potentialAction":[{"@type":"SearchAction","target":{"@type":"EntryPoint","urlTemplate":"https:\/\/www.refrigerantboys.com\/es\/?s={search_term_string}"},"query-input":"required name=search_term_string"}],"inLanguage":"es"}]}},"_links":{"self":[{"href":"https:\/\/www.refrigerantboys.com\/es\/wp-json\/wp\/v2\/product\/70089"}],"collection":[{"href":"https:\/\/www.refrigerantboys.com\/es\/wp-json\/wp\/v2\/product"}],"about":[{"href":"https:\/\/www.refrigerantboys.com\/es\/wp-json\/wp\/v2\/types\/product"}],"wp:featuredmedia":[{"embeddable":true,"href":"https:\/\/www.refrigerantboys.com\/es\/wp-json\/wp\/v2\/media\/70095"}],"wp:attachment":[{"href":"https:\/\/www.refrigerantboys.com\/es\/wp-json\/wp\/v2\/media?parent=70089"}],"wp:term":[{"taxonomy":"product_cat","embeddable":true,"href":"https:\/\/www.refrigerantboys.com\/es\/wp-json\/wp\/v2\/product_cat?post=70089"},{"taxonomy":"product_tag","embeddable":true,"href":"https:\/\/www.refrigerantboys.com\/es\/wp-json\/wp\/v2\/product_tag?post=70089"}],"curies":[{"name":"wp","href":"https:\/\/api.w.org\/{rel}","templated":true}]}}