{"id":68645,"date":"2023-05-18T12:09:10","date_gmt":"2023-05-18T10:09:10","guid":{"rendered":"https:\/\/www.refrigerantboys.com\/?post_type=product&#038;p=68645"},"modified":"2023-05-18T12:19:19","modified_gmt":"2023-05-18T10:19:19","slug":"super-sello-bloqueador-de-perdida-total-completo-con-fijacion-rapida-para-autorefrigeracion-r1234yf","status":"publish","type":"product","link":"https:\/\/www.refrigerantboys.com\/es\/compra\/quimico\/super-sello-bloqueador-de-perdida-total-completo-con-fijacion-rapida-para-autorefrigeracion-r1234yf\/","title":{"rendered":"Tap\u00f3n de fuga total &#8220;Super Seal&#8221; completo con acoplamiento r\u00e1pido para refrigeraci\u00f3n Coche R1234YF"},"content":{"rendered":"<div class=\"page\" title=\"P\u00e1gina 9\">\n<div class=\"section\">\n<div class=\"layoutArea\">\n<div class=\"column\">\n<p>Tap\u00f3n de fugas Total &#8216;Super Seal&#8217; completo con acoplamiento r\u00e1pido para refrigeraci\u00f3n Coche <span style=\"font-size: 20px; color: #339966;\"><strong>R1234YF<\/strong><br \/>\n<\/span><\/p>\n<\/div>\n<\/div>\n<\/div>\n<\/div>\n<ul>\n<li>Reparaci\u00f3n de fugas de piezas met\u00e1licas como (Evaporador Condensador)<\/li>\n<li><span style=\"color: #555555;\"><span style=\"color: #555555;\">Reparaci\u00f3n de fugas en piezas de goma como ( O<\/span><\/span>-anillos juntas de mangueras )<\/li>\n<\/ul>\n<p>Ideal para solucionar los problemas de fugas que se producen en evaporadores, condensadores y otros componentes de metal y caucho. Es el \u00fanico producto que se suministra al vac\u00edo para mantener sus propiedades qu\u00edmicas. La alta tecnolog\u00eda empleada en la fase de producci\u00f3n garantiza la m\u00e1xima calidad del producto.<br \/>\nF\u00e1cil de usar, se adapta incluso con el sistema cargado.<\/p>\n","protected":false},"excerpt":{"rendered":"<p>Tap\u00f3n de fuga total &#8220;Super Seal&#8221; completo con acoplamiento r\u00e1pido para refrigeraci\u00f3n Auto A\/C para<span style=\"color: #339966; font-size: 20px;\"> <strong>R1234YF<\/strong><\/span><\/p>\n","protected":false},"featured_media":68651,"template":"","meta":[],"product_cat":[151],"product_tag":[],"acf":{"ai_note":""},"yoast_head":"<!-- This site is optimized with the Yoast SEO plugin v20.2 - https:\/\/yoast.com\/wordpress\/plugins\/seo\/ -->\n<title>Tap\u00f3n de fuga total &quot;Super Seal&quot; completo con acoplamiento r\u00e1pido para refrigeraci\u00f3n Coche R1234YF | Refrigerant Boys<\/title>\n<meta name=\"description\" content=\"Tap\u00f3n de fuga total &quot;Super Seal&quot; completo con acoplamiento r\u00e1pido para refrigeraci\u00f3n Auto A\/C para R1234YF\" \/>\n<meta name=\"robots\" content=\"index, follow, max-snippet:-1, max-image-preview:large, max-video-preview:-1\" \/>\n<link rel=\"canonical\" href=\"https:\/\/www.refrigerantboys.com\/es\/compra\/quimico\/super-sello-bloqueador-de-perdida-total-completo-con-fijacion-rapida-para-autorefrigeracion-r1234yf\/\" \/>\n<meta property=\"og:locale\" content=\"es_ES\" \/>\n<meta property=\"og:type\" content=\"article\" \/>\n<meta property=\"og:title\" content=\"Tap\u00f3n de fuga total &quot;Super Seal&quot; completo con acoplamiento r\u00e1pido para refrigeraci\u00f3n Coche R1234YF | Refrigerant Boys\" \/>\n<meta property=\"og:description\" content=\"Tap\u00f3n de fuga total &quot;Super Seal&quot; completo con acoplamiento r\u00e1pido para refrigeraci\u00f3n Auto A\/C para R1234YF\" \/>\n<meta property=\"og:url\" content=\"https:\/\/www.refrigerantboys.com\/es\/compra\/quimico\/super-sello-bloqueador-de-perdida-total-completo-con-fijacion-rapida-para-autorefrigeracion-r1234yf\/\" \/>\n<meta property=\"og:site_name\" content=\"Refrigerant Boys\" \/>\n<meta property=\"article:modified_time\" content=\"2023-05-18T10:19:19+00:00\" \/>\n<meta property=\"og:image\" content=\"https:\/\/www.refrigerantboys.com\/wp-content\/uploads\/2023\/05\/BP1234YFSS-672x800.png\" \/>\n\t<meta property=\"og:image:width\" content=\"672\" \/>\n\t<meta property=\"og:image:height\" content=\"800\" \/>\n\t<meta property=\"og:image:type\" content=\"image\/png\" \/>\n<meta name=\"twitter:card\" content=\"summary_large_image\" \/>\n<meta name=\"twitter:label1\" content=\"Tiempo de lectura\" \/>\n\t<meta name=\"twitter:data1\" content=\"1 minuto\" \/>\n<script type=\"application\/ld+json\" class=\"yoast-schema-graph\">{\"@context\":\"https:\/\/schema.org\",\"@graph\":[{\"@type\":\"WebPage\",\"@id\":\"https:\/\/www.refrigerantboys.com\/es\/compra\/quimico\/super-sello-bloqueador-de-perdida-total-completo-con-fijacion-rapida-para-autorefrigeracion-r1234yf\/\",\"url\":\"https:\/\/www.refrigerantboys.com\/es\/compra\/quimico\/super-sello-bloqueador-de-perdida-total-completo-con-fijacion-rapida-para-autorefrigeracion-r1234yf\/\",\"name\":\"Tap\u00f3n de fuga total \\\"Super Seal\\\" completo con acoplamiento r\u00e1pido para refrigeraci\u00f3n Coche R1234YF | Refrigerant Boys\",\"isPartOf\":{\"@id\":\"https:\/\/www.refrigerantboys.com\/es\/#website\"},\"datePublished\":\"2023-05-18T10:09:10+00:00\",\"dateModified\":\"2023-05-18T10:19:19+00:00\",\"description\":\"Tap\u00f3n de fuga total \\\"Super Seal\\\" completo con acoplamiento r\u00e1pido para refrigeraci\u00f3n Auto A\/C para R1234YF\",\"breadcrumb\":{\"@id\":\"https:\/\/www.refrigerantboys.com\/es\/compra\/quimico\/super-sello-bloqueador-de-perdida-total-completo-con-fijacion-rapida-para-autorefrigeracion-r1234yf\/#breadcrumb\"},\"inLanguage\":\"es\",\"potentialAction\":[{\"@type\":\"ReadAction\",\"target\":[\"https:\/\/www.refrigerantboys.com\/es\/compra\/quimico\/super-sello-bloqueador-de-perdida-total-completo-con-fijacion-rapida-para-autorefrigeracion-r1234yf\/\"]}]},{\"@type\":\"BreadcrumbList\",\"@id\":\"https:\/\/www.refrigerantboys.com\/es\/compra\/quimico\/super-sello-bloqueador-de-perdida-total-completo-con-fijacion-rapida-para-autorefrigeracion-r1234yf\/#breadcrumb\",\"itemListElement\":[{\"@type\":\"ListItem\",\"position\":1,\"name\":\"Home\",\"item\":\"https:\/\/www.refrigerantboys.com\/es\/\"},{\"@type\":\"ListItem\",\"position\":2,\"name\":\"Tienda\",\"item\":\"https:\/\/www.refrigerantboys.com\/es\/tienda\/\"},{\"@type\":\"ListItem\",\"position\":3,\"name\":\"Tap\u00f3n de fuga total &#8220;Super Seal&#8221; completo con acoplamiento r\u00e1pido para refrigeraci\u00f3n Coche R1234YF\"}]},{\"@type\":\"WebSite\",\"@id\":\"https:\/\/www.refrigerantboys.com\/es\/#website\",\"url\":\"https:\/\/www.refrigerantboys.com\/es\/\",\"name\":\"Refrigerant Boys\",\"description\":\"Vendita gas refrigeranti\",\"potentialAction\":[{\"@type\":\"SearchAction\",\"target\":{\"@type\":\"EntryPoint\",\"urlTemplate\":\"https:\/\/www.refrigerantboys.com\/es\/?s={search_term_string}\"},\"query-input\":\"required name=search_term_string\"}],\"inLanguage\":\"es\"}]}<\/script>\n<!-- \/ Yoast SEO plugin. -->","yoast_head_json":{"title":"Tap\u00f3n de fuga total \"Super Seal\" completo con acoplamiento r\u00e1pido para refrigeraci\u00f3n Coche R1234YF | Refrigerant Boys","description":"Tap\u00f3n de fuga total \"Super Seal\" completo con acoplamiento r\u00e1pido para refrigeraci\u00f3n Auto A\/C para R1234YF","robots":{"index":"index","follow":"follow","max-snippet":"max-snippet:-1","max-image-preview":"max-image-preview:large","max-video-preview":"max-video-preview:-1"},"canonical":"https:\/\/www.refrigerantboys.com\/es\/compra\/quimico\/super-sello-bloqueador-de-perdida-total-completo-con-fijacion-rapida-para-autorefrigeracion-r1234yf\/","og_locale":"es_ES","og_type":"article","og_title":"Tap\u00f3n de fuga total \"Super Seal\" completo con acoplamiento r\u00e1pido para refrigeraci\u00f3n Coche R1234YF | Refrigerant Boys","og_description":"Tap\u00f3n de fuga total \"Super Seal\" completo con acoplamiento r\u00e1pido para refrigeraci\u00f3n Auto A\/C para R1234YF","og_url":"https:\/\/www.refrigerantboys.com\/es\/compra\/quimico\/super-sello-bloqueador-de-perdida-total-completo-con-fijacion-rapida-para-autorefrigeracion-r1234yf\/","og_site_name":"Refrigerant Boys","article_modified_time":"2023-05-18T10:19:19+00:00","og_image":[{"width":672,"height":800,"url":"https:\/\/www.refrigerantboys.com\/wp-content\/uploads\/2023\/05\/BP1234YFSS-672x800.png","type":"image\/png"}],"twitter_card":"summary_large_image","twitter_misc":{"Tiempo de lectura":"1 minuto"},"schema":{"@context":"https:\/\/schema.org","@graph":[{"@type":"WebPage","@id":"https:\/\/www.refrigerantboys.com\/es\/compra\/quimico\/super-sello-bloqueador-de-perdida-total-completo-con-fijacion-rapida-para-autorefrigeracion-r1234yf\/","url":"https:\/\/www.refrigerantboys.com\/es\/compra\/quimico\/super-sello-bloqueador-de-perdida-total-completo-con-fijacion-rapida-para-autorefrigeracion-r1234yf\/","name":"Tap\u00f3n de fuga total \"Super Seal\" completo con acoplamiento r\u00e1pido para refrigeraci\u00f3n Coche R1234YF | Refrigerant Boys","isPartOf":{"@id":"https:\/\/www.refrigerantboys.com\/es\/#website"},"datePublished":"2023-05-18T10:09:10+00:00","dateModified":"2023-05-18T10:19:19+00:00","description":"Tap\u00f3n de fuga total \"Super Seal\" completo con acoplamiento r\u00e1pido para refrigeraci\u00f3n Auto A\/C para R1234YF","breadcrumb":{"@id":"https:\/\/www.refrigerantboys.com\/es\/compra\/quimico\/super-sello-bloqueador-de-perdida-total-completo-con-fijacion-rapida-para-autorefrigeracion-r1234yf\/#breadcrumb"},"inLanguage":"es","potentialAction":[{"@type":"ReadAction","target":["https:\/\/www.refrigerantboys.com\/es\/compra\/quimico\/super-sello-bloqueador-de-perdida-total-completo-con-fijacion-rapida-para-autorefrigeracion-r1234yf\/"]}]},{"@type":"BreadcrumbList","@id":"https:\/\/www.refrigerantboys.com\/es\/compra\/quimico\/super-sello-bloqueador-de-perdida-total-completo-con-fijacion-rapida-para-autorefrigeracion-r1234yf\/#breadcrumb","itemListElement":[{"@type":"ListItem","position":1,"name":"Home","item":"https:\/\/www.refrigerantboys.com\/es\/"},{"@type":"ListItem","position":2,"name":"Tienda","item":"https:\/\/www.refrigerantboys.com\/es\/tienda\/"},{"@type":"ListItem","position":3,"name":"Tap\u00f3n de fuga total &#8220;Super Seal&#8221; completo con acoplamiento r\u00e1pido para refrigeraci\u00f3n Coche R1234YF"}]},{"@type":"WebSite","@id":"https:\/\/www.refrigerantboys.com\/es\/#website","url":"https:\/\/www.refrigerantboys.com\/es\/","name":"Refrigerant Boys","description":"Vendita gas refrigeranti","potentialAction":[{"@type":"SearchAction","target":{"@type":"EntryPoint","urlTemplate":"https:\/\/www.refrigerantboys.com\/es\/?s={search_term_string}"},"query-input":"required name=search_term_string"}],"inLanguage":"es"}]}},"_links":{"self":[{"href":"https:\/\/www.refrigerantboys.com\/es\/wp-json\/wp\/v2\/product\/68645"}],"collection":[{"href":"https:\/\/www.refrigerantboys.com\/es\/wp-json\/wp\/v2\/product"}],"about":[{"href":"https:\/\/www.refrigerantboys.com\/es\/wp-json\/wp\/v2\/types\/product"}],"wp:featuredmedia":[{"embeddable":true,"href":"https:\/\/www.refrigerantboys.com\/es\/wp-json\/wp\/v2\/media\/68651"}],"wp:attachment":[{"href":"https:\/\/www.refrigerantboys.com\/es\/wp-json\/wp\/v2\/media?parent=68645"}],"wp:term":[{"taxonomy":"product_cat","embeddable":true,"href":"https:\/\/www.refrigerantboys.com\/es\/wp-json\/wp\/v2\/product_cat?post=68645"},{"taxonomy":"product_tag","embeddable":true,"href":"https:\/\/www.refrigerantboys.com\/es\/wp-json\/wp\/v2\/product_tag?post=68645"}],"curies":[{"name":"wp","href":"https:\/\/api.w.org\/{rel}","templated":true}]}}