{"id":68442,"date":"2017-10-28T22:49:46","date_gmt":"2017-10-28T20:49:46","guid":{"rendered":"https:\/\/www.refrigerantboys.com\/acquista\/sin%20categor\u00eda\/gruppo-manometrio-2-vie-alta-e-bassa-pressione-per-gas-r410a-r32\/"},"modified":"2023-05-15T14:31:56","modified_gmt":"2023-05-15T12:31:56","slug":"conjunto-manometro-2-alta-baja-presion-para-gas-r410a-r32","status":"publish","type":"product","link":"https:\/\/www.refrigerantboys.com\/es\/compra\/equipo\/conjunto-manometro-2-alta-baja-presion-para-gas-r410a-r32\/","title":{"rendered":"CONJUNTO DE MAN\u00d3METROS DE ALTA Y BAJA PRESI\u00d3N DE 2 V\u00cdAS PARA GAS R410A-R32"},"content":{"rendered":"<p><strong>Colector de alta y baja presi\u00f3n de 2 v\u00edas para gas<span style=\"color: #ed1c24;\"> R410A-R32<\/span> completo con caja<\/strong><\/p>\n","protected":false},"excerpt":{"rendered":"<p><strong>V\u00e1lvulas 3 x 5\/16&#8243; SAE<\/strong><\/p>\n<p><strong><span style=\"color: #ed1c24;\">Gas R410A-R32<\/span><br \/>\n<\/strong><\/p>\n","protected":false},"featured_media":1194,"template":"","meta":[],"product_cat":[147],"product_tag":[],"acf":{"ai_note":""},"yoast_head":"<!-- This site is optimized with the Yoast SEO plugin v20.2 - https:\/\/yoast.com\/wordpress\/plugins\/seo\/ -->\n<title>CONJUNTO DE MAN\u00d3METROS DE ALTA Y BAJA PRESI\u00d3N DE 2 V\u00cdAS PARA GAS R410A-R32 | Refrigerant Boys<\/title>\n<meta name=\"description\" content=\"V\u00e1lvulas 3 x 5\/16&quot; SAE  Gas R410A-R32\" \/>\n<meta name=\"robots\" content=\"index, follow, max-snippet:-1, max-image-preview:large, max-video-preview:-1\" \/>\n<link rel=\"canonical\" href=\"https:\/\/www.refrigerantboys.com\/es\/compra\/equipo\/conjunto-manometro-2-alta-baja-presion-para-gas-r410a-r32\/\" \/>\n<meta property=\"og:locale\" content=\"es_ES\" \/>\n<meta property=\"og:type\" content=\"article\" \/>\n<meta property=\"og:title\" content=\"CONJUNTO DE MAN\u00d3METROS DE ALTA Y BAJA PRESI\u00d3N DE 2 V\u00cdAS PARA GAS R410A-R32 | Refrigerant Boys\" \/>\n<meta property=\"og:description\" content=\"V\u00e1lvulas 3 x 5\/16&quot; SAE  Gas R410A-R32\" \/>\n<meta property=\"og:url\" content=\"https:\/\/www.refrigerantboys.com\/es\/compra\/equipo\/conjunto-manometro-2-alta-baja-presion-para-gas-r410a-r32\/\" \/>\n<meta property=\"og:site_name\" content=\"Refrigerant Boys\" \/>\n<meta property=\"article:modified_time\" content=\"2023-05-15T12:31:56+00:00\" \/>\n<meta property=\"og:image\" content=\"https:\/\/www.refrigerantboys.com\/wp-content\/uploads\/2017\/10\/0001607_0-1.jpeg\" \/>\n\t<meta property=\"og:image:width\" content=\"960\" \/>\n\t<meta property=\"og:image:height\" content=\"960\" \/>\n\t<meta property=\"og:image:type\" content=\"image\/jpeg\" \/>\n<meta name=\"twitter:card\" content=\"summary_large_image\" \/>\n<meta name=\"twitter:label1\" content=\"Tiempo de lectura\" \/>\n\t<meta name=\"twitter:data1\" content=\"1 minuto\" \/>\n<script type=\"application\/ld+json\" class=\"yoast-schema-graph\">{\"@context\":\"https:\/\/schema.org\",\"@graph\":[{\"@type\":\"WebPage\",\"@id\":\"https:\/\/www.refrigerantboys.com\/es\/compra\/equipo\/conjunto-manometro-2-alta-baja-presion-para-gas-r410a-r32\/\",\"url\":\"https:\/\/www.refrigerantboys.com\/es\/compra\/equipo\/conjunto-manometro-2-alta-baja-presion-para-gas-r410a-r32\/\",\"name\":\"CONJUNTO DE MAN\u00d3METROS DE ALTA Y BAJA PRESI\u00d3N DE 2 V\u00cdAS PARA GAS R410A-R32 | Refrigerant Boys\",\"isPartOf\":{\"@id\":\"https:\/\/www.refrigerantboys.com\/es\/#website\"},\"datePublished\":\"2017-10-28T20:49:46+00:00\",\"dateModified\":\"2023-05-15T12:31:56+00:00\",\"description\":\"V\u00e1lvulas 3 x 5\/16\\\" SAE Gas R410A-R32\",\"breadcrumb\":{\"@id\":\"https:\/\/www.refrigerantboys.com\/es\/compra\/equipo\/conjunto-manometro-2-alta-baja-presion-para-gas-r410a-r32\/#breadcrumb\"},\"inLanguage\":\"es\",\"potentialAction\":[{\"@type\":\"ReadAction\",\"target\":[\"https:\/\/www.refrigerantboys.com\/es\/compra\/equipo\/conjunto-manometro-2-alta-baja-presion-para-gas-r410a-r32\/\"]}]},{\"@type\":\"BreadcrumbList\",\"@id\":\"https:\/\/www.refrigerantboys.com\/es\/compra\/equipo\/conjunto-manometro-2-alta-baja-presion-para-gas-r410a-r32\/#breadcrumb\",\"itemListElement\":[{\"@type\":\"ListItem\",\"position\":1,\"name\":\"Home\",\"item\":\"https:\/\/www.refrigerantboys.com\/es\/\"},{\"@type\":\"ListItem\",\"position\":2,\"name\":\"Tienda\",\"item\":\"https:\/\/www.refrigerantboys.com\/es\/tienda\/\"},{\"@type\":\"ListItem\",\"position\":3,\"name\":\"CONJUNTO DE MAN\u00d3METROS DE ALTA Y BAJA PRESI\u00d3N DE 2 V\u00cdAS PARA GAS R410A-R32\"}]},{\"@type\":\"WebSite\",\"@id\":\"https:\/\/www.refrigerantboys.com\/es\/#website\",\"url\":\"https:\/\/www.refrigerantboys.com\/es\/\",\"name\":\"Refrigerant Boys\",\"description\":\"Vendita gas refrigeranti\",\"potentialAction\":[{\"@type\":\"SearchAction\",\"target\":{\"@type\":\"EntryPoint\",\"urlTemplate\":\"https:\/\/www.refrigerantboys.com\/es\/?s={search_term_string}\"},\"query-input\":\"required name=search_term_string\"}],\"inLanguage\":\"es\"}]}<\/script>\n<!-- \/ Yoast SEO plugin. -->","yoast_head_json":{"title":"CONJUNTO DE MAN\u00d3METROS DE ALTA Y BAJA PRESI\u00d3N DE 2 V\u00cdAS PARA GAS R410A-R32 | Refrigerant Boys","description":"V\u00e1lvulas 3 x 5\/16\" SAE  Gas R410A-R32","robots":{"index":"index","follow":"follow","max-snippet":"max-snippet:-1","max-image-preview":"max-image-preview:large","max-video-preview":"max-video-preview:-1"},"canonical":"https:\/\/www.refrigerantboys.com\/es\/compra\/equipo\/conjunto-manometro-2-alta-baja-presion-para-gas-r410a-r32\/","og_locale":"es_ES","og_type":"article","og_title":"CONJUNTO DE MAN\u00d3METROS DE ALTA Y BAJA PRESI\u00d3N DE 2 V\u00cdAS PARA GAS R410A-R32 | Refrigerant Boys","og_description":"V\u00e1lvulas 3 x 5\/16\" SAE  Gas R410A-R32","og_url":"https:\/\/www.refrigerantboys.com\/es\/compra\/equipo\/conjunto-manometro-2-alta-baja-presion-para-gas-r410a-r32\/","og_site_name":"Refrigerant Boys","article_modified_time":"2023-05-15T12:31:56+00:00","og_image":[{"width":960,"height":960,"url":"https:\/\/www.refrigerantboys.com\/wp-content\/uploads\/2017\/10\/0001607_0-1.jpeg","type":"image\/jpeg"}],"twitter_card":"summary_large_image","twitter_misc":{"Tiempo de lectura":"1 minuto"},"schema":{"@context":"https:\/\/schema.org","@graph":[{"@type":"WebPage","@id":"https:\/\/www.refrigerantboys.com\/es\/compra\/equipo\/conjunto-manometro-2-alta-baja-presion-para-gas-r410a-r32\/","url":"https:\/\/www.refrigerantboys.com\/es\/compra\/equipo\/conjunto-manometro-2-alta-baja-presion-para-gas-r410a-r32\/","name":"CONJUNTO DE MAN\u00d3METROS DE ALTA Y BAJA PRESI\u00d3N DE 2 V\u00cdAS PARA GAS R410A-R32 | Refrigerant Boys","isPartOf":{"@id":"https:\/\/www.refrigerantboys.com\/es\/#website"},"datePublished":"2017-10-28T20:49:46+00:00","dateModified":"2023-05-15T12:31:56+00:00","description":"V\u00e1lvulas 3 x 5\/16\" SAE Gas R410A-R32","breadcrumb":{"@id":"https:\/\/www.refrigerantboys.com\/es\/compra\/equipo\/conjunto-manometro-2-alta-baja-presion-para-gas-r410a-r32\/#breadcrumb"},"inLanguage":"es","potentialAction":[{"@type":"ReadAction","target":["https:\/\/www.refrigerantboys.com\/es\/compra\/equipo\/conjunto-manometro-2-alta-baja-presion-para-gas-r410a-r32\/"]}]},{"@type":"BreadcrumbList","@id":"https:\/\/www.refrigerantboys.com\/es\/compra\/equipo\/conjunto-manometro-2-alta-baja-presion-para-gas-r410a-r32\/#breadcrumb","itemListElement":[{"@type":"ListItem","position":1,"name":"Home","item":"https:\/\/www.refrigerantboys.com\/es\/"},{"@type":"ListItem","position":2,"name":"Tienda","item":"https:\/\/www.refrigerantboys.com\/es\/tienda\/"},{"@type":"ListItem","position":3,"name":"CONJUNTO DE MAN\u00d3METROS DE ALTA Y BAJA PRESI\u00d3N DE 2 V\u00cdAS PARA GAS R410A-R32"}]},{"@type":"WebSite","@id":"https:\/\/www.refrigerantboys.com\/es\/#website","url":"https:\/\/www.refrigerantboys.com\/es\/","name":"Refrigerant Boys","description":"Vendita gas refrigeranti","potentialAction":[{"@type":"SearchAction","target":{"@type":"EntryPoint","urlTemplate":"https:\/\/www.refrigerantboys.com\/es\/?s={search_term_string}"},"query-input":"required name=search_term_string"}],"inLanguage":"es"}]}},"_links":{"self":[{"href":"https:\/\/www.refrigerantboys.com\/es\/wp-json\/wp\/v2\/product\/68442"}],"collection":[{"href":"https:\/\/www.refrigerantboys.com\/es\/wp-json\/wp\/v2\/product"}],"about":[{"href":"https:\/\/www.refrigerantboys.com\/es\/wp-json\/wp\/v2\/types\/product"}],"wp:featuredmedia":[{"embeddable":true,"href":"https:\/\/www.refrigerantboys.com\/es\/wp-json\/wp\/v2\/media\/1194"}],"wp:attachment":[{"href":"https:\/\/www.refrigerantboys.com\/es\/wp-json\/wp\/v2\/media?parent=68442"}],"wp:term":[{"taxonomy":"product_cat","embeddable":true,"href":"https:\/\/www.refrigerantboys.com\/es\/wp-json\/wp\/v2\/product_cat?post=68442"},{"taxonomy":"product_tag","embeddable":true,"href":"https:\/\/www.refrigerantboys.com\/es\/wp-json\/wp\/v2\/product_tag?post=68442"}],"curies":[{"name":"wp","href":"https:\/\/api.w.org\/{rel}","templated":true}]}}