{"id":50258,"date":"2021-10-08T14:07:54","date_gmt":"2021-10-08T13:07:55","guid":{"rendered":"https:\/\/www.refrigerantboys.com\/?post_type=product&#038;p=50258"},"modified":"2026-03-10T15:33:29","modified_gmt":"2026-03-10T14:33:29","slug":"bombola-monouso-di-azoto-110-bar-242-lt","status":"publish","type":"product","link":"https:\/\/www.refrigerantboys.com\/es\/compra\/equipo\/bombola-monouso-di-azoto-110-bar-242-lt\/","title":{"rendered":"Bombona de Nitr\u00f3geno Desechable 2,42 Litros &#8211; 110 Bar | Para Aire Acondicionado y Refrigeraci\u00f3n"},"content":{"rendered":"<p>Optimice sus intervenciones con nuestra <b data-path-to-node=\"4\" data-index-in-node=\"391\">bombona de nitr\u00f3geno desechable de 2,42 litros<\/b>. Dise\u00f1ada espec\u00edficamente para t\u00e9cnicos de climatizaci\u00f3n (HVAC\/R), ofrece una reserva de nitr\u00f3geno seco de alta pureza a una presi\u00f3n de <b data-path-to-node=\"4\" data-index-in-node=\"574\">110 bar<\/b> en un formato extremadamente manejable.<\/p>\n<div class=\"product-collateral\">\n<div class=\"product-grid home-page-product-grid\"><\/div>\n<\/div>\n","protected":false},"excerpt":{"rendered":"<p>Bombona de nitr\u00f3geno comprimido de <b data-path-to-node=\"4\" data-index-in-node=\"158\">2,42L a 110 bar<\/b>. Soluci\u00f3n profesional para pruebas de estanqueidad, limpieza de tuber\u00edas y protecci\u00f3n durante la soldadura. Ligera, port\u00e1til y sin costes de alquiler.<\/p>\n","protected":false},"featured_media":79195,"template":"","meta":[],"product_cat":[147],"product_tag":[],"acf":{"ai_note":""},"yoast_head":"<!-- This site is optimized with the Yoast SEO plugin v20.2 - https:\/\/yoast.com\/wordpress\/plugins\/seo\/ -->\n<title>Bombona de Nitr\u00f3geno Desechable 2,42 Litros - 110 Bar | Para Aire Acondicionado y Refrigeraci\u00f3n | Refrigerant Boys<\/title>\n<meta name=\"description\" content=\"Bombona de nitr\u00f3geno comprimido de 2,42L a 110 bar. Soluci\u00f3n profesional para pruebas de estanqueidad, limpieza de tuber\u00edas y protecci\u00f3n durante la soldadura. Ligera, port\u00e1til y sin costes de alquiler.\" \/>\n<meta name=\"robots\" content=\"index, follow, max-snippet:-1, max-image-preview:large, max-video-preview:-1\" \/>\n<link rel=\"canonical\" href=\"https:\/\/www.refrigerantboys.com\/es\/compra\/equipo\/bombola-monouso-di-azoto-110-bar-242-lt\/\" \/>\n<meta property=\"og:locale\" content=\"es_ES\" \/>\n<meta property=\"og:type\" content=\"article\" \/>\n<meta property=\"og:title\" content=\"Bombona de Nitr\u00f3geno Desechable 2,42 Litros - 110 Bar | Para Aire Acondicionado y Refrigeraci\u00f3n | Refrigerant Boys\" \/>\n<meta property=\"og:description\" content=\"Bombona de nitr\u00f3geno comprimido de 2,42L a 110 bar. Soluci\u00f3n profesional para pruebas de estanqueidad, limpieza de tuber\u00edas y protecci\u00f3n durante la soldadura. Ligera, port\u00e1til y sin costes de alquiler.\" \/>\n<meta property=\"og:url\" content=\"https:\/\/www.refrigerantboys.com\/es\/compra\/equipo\/bombola-monouso-di-azoto-110-bar-242-lt\/\" \/>\n<meta property=\"og:site_name\" content=\"Refrigerant Boys\" \/>\n<meta property=\"article:modified_time\" content=\"2026-03-10T14:33:29+00:00\" \/>\n<meta property=\"og:image\" content=\"https:\/\/www.refrigerantboys.com\/wp-content\/uploads\/2021\/10\/az110-2-3-2.png\" \/>\n\t<meta property=\"og:image:width\" content=\"215\" \/>\n\t<meta property=\"og:image:height\" content=\"701\" \/>\n\t<meta property=\"og:image:type\" content=\"image\/png\" \/>\n<meta name=\"twitter:card\" content=\"summary_large_image\" \/>\n<meta name=\"twitter:label1\" content=\"Tiempo de lectura\" \/>\n\t<meta name=\"twitter:data1\" content=\"1 minuto\" \/>\n<script type=\"application\/ld+json\" class=\"yoast-schema-graph\">{\"@context\":\"https:\/\/schema.org\",\"@graph\":[{\"@type\":\"WebPage\",\"@id\":\"https:\/\/www.refrigerantboys.com\/es\/compra\/equipo\/bombola-monouso-di-azoto-110-bar-242-lt\/\",\"url\":\"https:\/\/www.refrigerantboys.com\/es\/compra\/equipo\/bombola-monouso-di-azoto-110-bar-242-lt\/\",\"name\":\"Bombona de Nitr\u00f3geno Desechable 2,42 Litros - 110 Bar | Para Aire Acondicionado y Refrigeraci\u00f3n | Refrigerant Boys\",\"isPartOf\":{\"@id\":\"https:\/\/www.refrigerantboys.com\/es\/#website\"},\"datePublished\":\"2021-10-08T13:07:55+00:00\",\"dateModified\":\"2026-03-10T14:33:29+00:00\",\"description\":\"Bombona de nitr\u00f3geno comprimido de 2,42L a 110 bar. Soluci\u00f3n profesional para pruebas de estanqueidad, limpieza de tuber\u00edas y protecci\u00f3n durante la soldadura. Ligera, port\u00e1til y sin costes de alquiler.\",\"breadcrumb\":{\"@id\":\"https:\/\/www.refrigerantboys.com\/es\/compra\/equipo\/bombola-monouso-di-azoto-110-bar-242-lt\/#breadcrumb\"},\"inLanguage\":\"es\",\"potentialAction\":[{\"@type\":\"ReadAction\",\"target\":[\"https:\/\/www.refrigerantboys.com\/es\/compra\/equipo\/bombola-monouso-di-azoto-110-bar-242-lt\/\"]}]},{\"@type\":\"BreadcrumbList\",\"@id\":\"https:\/\/www.refrigerantboys.com\/es\/compra\/equipo\/bombola-monouso-di-azoto-110-bar-242-lt\/#breadcrumb\",\"itemListElement\":[{\"@type\":\"ListItem\",\"position\":1,\"name\":\"Home\",\"item\":\"https:\/\/www.refrigerantboys.com\/es\/\"},{\"@type\":\"ListItem\",\"position\":2,\"name\":\"Tienda\",\"item\":\"https:\/\/www.refrigerantboys.com\/es\/tienda\/\"},{\"@type\":\"ListItem\",\"position\":3,\"name\":\"Bombona de Nitr\u00f3geno Desechable 2,42 Litros &#8211; 110 Bar | Para Aire Acondicionado y Refrigeraci\u00f3n\"}]},{\"@type\":\"WebSite\",\"@id\":\"https:\/\/www.refrigerantboys.com\/es\/#website\",\"url\":\"https:\/\/www.refrigerantboys.com\/es\/\",\"name\":\"Refrigerant Boys\",\"description\":\"Vendita gas refrigeranti\",\"potentialAction\":[{\"@type\":\"SearchAction\",\"target\":{\"@type\":\"EntryPoint\",\"urlTemplate\":\"https:\/\/www.refrigerantboys.com\/es\/?s={search_term_string}\"},\"query-input\":\"required name=search_term_string\"}],\"inLanguage\":\"es\"}]}<\/script>\n<!-- \/ Yoast SEO plugin. -->","yoast_head_json":{"title":"Bombona de Nitr\u00f3geno Desechable 2,42 Litros - 110 Bar | Para Aire Acondicionado y Refrigeraci\u00f3n | Refrigerant Boys","description":"Bombona de nitr\u00f3geno comprimido de 2,42L a 110 bar. Soluci\u00f3n profesional para pruebas de estanqueidad, limpieza de tuber\u00edas y protecci\u00f3n durante la soldadura. Ligera, port\u00e1til y sin costes de alquiler.","robots":{"index":"index","follow":"follow","max-snippet":"max-snippet:-1","max-image-preview":"max-image-preview:large","max-video-preview":"max-video-preview:-1"},"canonical":"https:\/\/www.refrigerantboys.com\/es\/compra\/equipo\/bombola-monouso-di-azoto-110-bar-242-lt\/","og_locale":"es_ES","og_type":"article","og_title":"Bombona de Nitr\u00f3geno Desechable 2,42 Litros - 110 Bar | Para Aire Acondicionado y Refrigeraci\u00f3n | Refrigerant Boys","og_description":"Bombona de nitr\u00f3geno comprimido de 2,42L a 110 bar. Soluci\u00f3n profesional para pruebas de estanqueidad, limpieza de tuber\u00edas y protecci\u00f3n durante la soldadura. Ligera, port\u00e1til y sin costes de alquiler.","og_url":"https:\/\/www.refrigerantboys.com\/es\/compra\/equipo\/bombola-monouso-di-azoto-110-bar-242-lt\/","og_site_name":"Refrigerant Boys","article_modified_time":"2026-03-10T14:33:29+00:00","og_image":[{"width":215,"height":701,"url":"https:\/\/www.refrigerantboys.com\/wp-content\/uploads\/2021\/10\/az110-2-3-2.png","type":"image\/png"}],"twitter_card":"summary_large_image","twitter_misc":{"Tiempo de lectura":"1 minuto"},"schema":{"@context":"https:\/\/schema.org","@graph":[{"@type":"WebPage","@id":"https:\/\/www.refrigerantboys.com\/es\/compra\/equipo\/bombola-monouso-di-azoto-110-bar-242-lt\/","url":"https:\/\/www.refrigerantboys.com\/es\/compra\/equipo\/bombola-monouso-di-azoto-110-bar-242-lt\/","name":"Bombona de Nitr\u00f3geno Desechable 2,42 Litros - 110 Bar | Para Aire Acondicionado y Refrigeraci\u00f3n | Refrigerant Boys","isPartOf":{"@id":"https:\/\/www.refrigerantboys.com\/es\/#website"},"datePublished":"2021-10-08T13:07:55+00:00","dateModified":"2026-03-10T14:33:29+00:00","description":"Bombona de nitr\u00f3geno comprimido de 2,42L a 110 bar. Soluci\u00f3n profesional para pruebas de estanqueidad, limpieza de tuber\u00edas y protecci\u00f3n durante la soldadura. Ligera, port\u00e1til y sin costes de alquiler.","breadcrumb":{"@id":"https:\/\/www.refrigerantboys.com\/es\/compra\/equipo\/bombola-monouso-di-azoto-110-bar-242-lt\/#breadcrumb"},"inLanguage":"es","potentialAction":[{"@type":"ReadAction","target":["https:\/\/www.refrigerantboys.com\/es\/compra\/equipo\/bombola-monouso-di-azoto-110-bar-242-lt\/"]}]},{"@type":"BreadcrumbList","@id":"https:\/\/www.refrigerantboys.com\/es\/compra\/equipo\/bombola-monouso-di-azoto-110-bar-242-lt\/#breadcrumb","itemListElement":[{"@type":"ListItem","position":1,"name":"Home","item":"https:\/\/www.refrigerantboys.com\/es\/"},{"@type":"ListItem","position":2,"name":"Tienda","item":"https:\/\/www.refrigerantboys.com\/es\/tienda\/"},{"@type":"ListItem","position":3,"name":"Bombona de Nitr\u00f3geno Desechable 2,42 Litros &#8211; 110 Bar | Para Aire Acondicionado y Refrigeraci\u00f3n"}]},{"@type":"WebSite","@id":"https:\/\/www.refrigerantboys.com\/es\/#website","url":"https:\/\/www.refrigerantboys.com\/es\/","name":"Refrigerant Boys","description":"Vendita gas refrigeranti","potentialAction":[{"@type":"SearchAction","target":{"@type":"EntryPoint","urlTemplate":"https:\/\/www.refrigerantboys.com\/es\/?s={search_term_string}"},"query-input":"required name=search_term_string"}],"inLanguage":"es"}]}},"_links":{"self":[{"href":"https:\/\/www.refrigerantboys.com\/es\/wp-json\/wp\/v2\/product\/50258"}],"collection":[{"href":"https:\/\/www.refrigerantboys.com\/es\/wp-json\/wp\/v2\/product"}],"about":[{"href":"https:\/\/www.refrigerantboys.com\/es\/wp-json\/wp\/v2\/types\/product"}],"wp:featuredmedia":[{"embeddable":true,"href":"https:\/\/www.refrigerantboys.com\/es\/wp-json\/wp\/v2\/media\/79195"}],"wp:attachment":[{"href":"https:\/\/www.refrigerantboys.com\/es\/wp-json\/wp\/v2\/media?parent=50258"}],"wp:term":[{"taxonomy":"product_cat","embeddable":true,"href":"https:\/\/www.refrigerantboys.com\/es\/wp-json\/wp\/v2\/product_cat?post=50258"},{"taxonomy":"product_tag","embeddable":true,"href":"https:\/\/www.refrigerantboys.com\/es\/wp-json\/wp\/v2\/product_tag?post=50258"}],"curies":[{"name":"wp","href":"https:\/\/api.w.org\/{rel}","templated":true}]}}