{"id":3076,"date":"2017-10-28T22:43:26","date_gmt":"2017-10-28T22:43:26","guid":{"rendered":"https:\/\/www.refrigerantboys.com\/sin%20categorizar\/v2bbt\/"},"modified":"2023-05-17T16:49:36","modified_gmt":"2023-05-17T14:49:36","slug":"kit-de-soldadura-2-balas-lata-115-o","status":"publish","type":"product","link":"https:\/\/www.refrigerantboys.com\/es\/compra\/equipo\/kit-de-soldadura-2-balas-lata-115-o\/","title":{"rendered":"Kit de soldadura 2 cilindros Tubo de soplado 11,5 \u00d8"},"content":{"rendered":"<p>Malet\u00edn completo con 2 cilindros + soplete. Muy pr\u00e1ctico para todo tipo de trabajos, gracias a la llama regulable que puede alcanzar temperaturas de m\u00e1s de 2500 \u00b0C.<\/p>\n","protected":false},"excerpt":{"rendered":"<p>Soplete con encendido y regulador de llama di\u00e1metro 11,5 \u00d8<\/p>\n","protected":false},"featured_media":68615,"template":"","meta":[],"product_cat":[147],"product_tag":[],"acf":{"ai_note":""},"yoast_head":"<!-- This site is optimized with the Yoast SEO plugin v20.2 - https:\/\/yoast.com\/wordpress\/plugins\/seo\/ -->\n<title>Kit de soldadura 2 cilindros Tubo de soplado 11,5 \u00d8 | Refrigerant Boys<\/title>\n<meta name=\"description\" content=\"Soplete con encendido y regulador de llama di\u00e1metro 11,5 \u00d8\" \/>\n<meta name=\"robots\" content=\"index, follow, max-snippet:-1, max-image-preview:large, max-video-preview:-1\" \/>\n<link rel=\"canonical\" href=\"https:\/\/www.refrigerantboys.com\/es\/compra\/equipo\/kit-de-soldadura-2-balas-lata-115-o\/\" \/>\n<meta property=\"og:locale\" content=\"es_ES\" \/>\n<meta property=\"og:type\" content=\"article\" \/>\n<meta property=\"og:title\" content=\"Kit de soldadura 2 cilindros Tubo de soplado 11,5 \u00d8 | Refrigerant Boys\" \/>\n<meta property=\"og:description\" content=\"Soplete con encendido y regulador de llama di\u00e1metro 11,5 \u00d8\" \/>\n<meta property=\"og:url\" content=\"https:\/\/www.refrigerantboys.com\/es\/compra\/equipo\/kit-de-soldadura-2-balas-lata-115-o\/\" \/>\n<meta property=\"og:site_name\" content=\"Refrigerant Boys\" \/>\n<meta property=\"article:modified_time\" content=\"2023-05-17T14:49:36+00:00\" \/>\n<meta property=\"og:image\" content=\"https:\/\/www.refrigerantboys.com\/wp-content\/uploads\/2017\/10\/V2BBT-1.jpg\" \/>\n\t<meta property=\"og:image:width\" content=\"1627\" \/>\n\t<meta property=\"og:image:height\" content=\"1936\" \/>\n\t<meta property=\"og:image:type\" content=\"image\/jpeg\" \/>\n<meta name=\"twitter:card\" content=\"summary_large_image\" \/>\n<meta name=\"twitter:label1\" content=\"Tiempo de lectura\" \/>\n\t<meta name=\"twitter:data1\" content=\"1 minuto\" \/>\n<script type=\"application\/ld+json\" class=\"yoast-schema-graph\">{\"@context\":\"https:\/\/schema.org\",\"@graph\":[{\"@type\":\"WebPage\",\"@id\":\"https:\/\/www.refrigerantboys.com\/es\/compra\/equipo\/kit-de-soldadura-2-balas-lata-115-o\/\",\"url\":\"https:\/\/www.refrigerantboys.com\/es\/compra\/equipo\/kit-de-soldadura-2-balas-lata-115-o\/\",\"name\":\"Kit de soldadura 2 cilindros Tubo de soplado 11,5 \u00d8 | Refrigerant Boys\",\"isPartOf\":{\"@id\":\"https:\/\/www.refrigerantboys.com\/es\/#website\"},\"datePublished\":\"2017-10-28T22:43:26+00:00\",\"dateModified\":\"2023-05-17T14:49:36+00:00\",\"description\":\"Soplete con encendido y regulador de llama di\u00e1metro 11,5 \u00d8\",\"breadcrumb\":{\"@id\":\"https:\/\/www.refrigerantboys.com\/es\/compra\/equipo\/kit-de-soldadura-2-balas-lata-115-o\/#breadcrumb\"},\"inLanguage\":\"es\",\"potentialAction\":[{\"@type\":\"ReadAction\",\"target\":[\"https:\/\/www.refrigerantboys.com\/es\/compra\/equipo\/kit-de-soldadura-2-balas-lata-115-o\/\"]}]},{\"@type\":\"BreadcrumbList\",\"@id\":\"https:\/\/www.refrigerantboys.com\/es\/compra\/equipo\/kit-de-soldadura-2-balas-lata-115-o\/#breadcrumb\",\"itemListElement\":[{\"@type\":\"ListItem\",\"position\":1,\"name\":\"Home\",\"item\":\"https:\/\/www.refrigerantboys.com\/es\/\"},{\"@type\":\"ListItem\",\"position\":2,\"name\":\"Tienda\",\"item\":\"https:\/\/www.refrigerantboys.com\/es\/tienda\/\"},{\"@type\":\"ListItem\",\"position\":3,\"name\":\"Kit de soldadura 2 cilindros Tubo de soplado 11,5 \u00d8\"}]},{\"@type\":\"WebSite\",\"@id\":\"https:\/\/www.refrigerantboys.com\/es\/#website\",\"url\":\"https:\/\/www.refrigerantboys.com\/es\/\",\"name\":\"Refrigerant Boys\",\"description\":\"Vendita gas refrigeranti\",\"potentialAction\":[{\"@type\":\"SearchAction\",\"target\":{\"@type\":\"EntryPoint\",\"urlTemplate\":\"https:\/\/www.refrigerantboys.com\/es\/?s={search_term_string}\"},\"query-input\":\"required name=search_term_string\"}],\"inLanguage\":\"es\"}]}<\/script>\n<!-- \/ Yoast SEO plugin. -->","yoast_head_json":{"title":"Kit de soldadura 2 cilindros Tubo de soplado 11,5 \u00d8 | Refrigerant Boys","description":"Soplete con encendido y regulador de llama di\u00e1metro 11,5 \u00d8","robots":{"index":"index","follow":"follow","max-snippet":"max-snippet:-1","max-image-preview":"max-image-preview:large","max-video-preview":"max-video-preview:-1"},"canonical":"https:\/\/www.refrigerantboys.com\/es\/compra\/equipo\/kit-de-soldadura-2-balas-lata-115-o\/","og_locale":"es_ES","og_type":"article","og_title":"Kit de soldadura 2 cilindros Tubo de soplado 11,5 \u00d8 | Refrigerant Boys","og_description":"Soplete con encendido y regulador de llama di\u00e1metro 11,5 \u00d8","og_url":"https:\/\/www.refrigerantboys.com\/es\/compra\/equipo\/kit-de-soldadura-2-balas-lata-115-o\/","og_site_name":"Refrigerant Boys","article_modified_time":"2023-05-17T14:49:36+00:00","og_image":[{"width":1627,"height":1936,"url":"https:\/\/www.refrigerantboys.com\/wp-content\/uploads\/2017\/10\/V2BBT-1.jpg","type":"image\/jpeg"}],"twitter_card":"summary_large_image","twitter_misc":{"Tiempo de lectura":"1 minuto"},"schema":{"@context":"https:\/\/schema.org","@graph":[{"@type":"WebPage","@id":"https:\/\/www.refrigerantboys.com\/es\/compra\/equipo\/kit-de-soldadura-2-balas-lata-115-o\/","url":"https:\/\/www.refrigerantboys.com\/es\/compra\/equipo\/kit-de-soldadura-2-balas-lata-115-o\/","name":"Kit de soldadura 2 cilindros Tubo de soplado 11,5 \u00d8 | Refrigerant Boys","isPartOf":{"@id":"https:\/\/www.refrigerantboys.com\/es\/#website"},"datePublished":"2017-10-28T22:43:26+00:00","dateModified":"2023-05-17T14:49:36+00:00","description":"Soplete con encendido y regulador de llama di\u00e1metro 11,5 \u00d8","breadcrumb":{"@id":"https:\/\/www.refrigerantboys.com\/es\/compra\/equipo\/kit-de-soldadura-2-balas-lata-115-o\/#breadcrumb"},"inLanguage":"es","potentialAction":[{"@type":"ReadAction","target":["https:\/\/www.refrigerantboys.com\/es\/compra\/equipo\/kit-de-soldadura-2-balas-lata-115-o\/"]}]},{"@type":"BreadcrumbList","@id":"https:\/\/www.refrigerantboys.com\/es\/compra\/equipo\/kit-de-soldadura-2-balas-lata-115-o\/#breadcrumb","itemListElement":[{"@type":"ListItem","position":1,"name":"Home","item":"https:\/\/www.refrigerantboys.com\/es\/"},{"@type":"ListItem","position":2,"name":"Tienda","item":"https:\/\/www.refrigerantboys.com\/es\/tienda\/"},{"@type":"ListItem","position":3,"name":"Kit de soldadura 2 cilindros Tubo de soplado 11,5 \u00d8"}]},{"@type":"WebSite","@id":"https:\/\/www.refrigerantboys.com\/es\/#website","url":"https:\/\/www.refrigerantboys.com\/es\/","name":"Refrigerant Boys","description":"Vendita gas refrigeranti","potentialAction":[{"@type":"SearchAction","target":{"@type":"EntryPoint","urlTemplate":"https:\/\/www.refrigerantboys.com\/es\/?s={search_term_string}"},"query-input":"required name=search_term_string"}],"inLanguage":"es"}]}},"_links":{"self":[{"href":"https:\/\/www.refrigerantboys.com\/es\/wp-json\/wp\/v2\/product\/3076"}],"collection":[{"href":"https:\/\/www.refrigerantboys.com\/es\/wp-json\/wp\/v2\/product"}],"about":[{"href":"https:\/\/www.refrigerantboys.com\/es\/wp-json\/wp\/v2\/types\/product"}],"wp:featuredmedia":[{"embeddable":true,"href":"https:\/\/www.refrigerantboys.com\/es\/wp-json\/wp\/v2\/media\/68615"}],"wp:attachment":[{"href":"https:\/\/www.refrigerantboys.com\/es\/wp-json\/wp\/v2\/media?parent=3076"}],"wp:term":[{"taxonomy":"product_cat","embeddable":true,"href":"https:\/\/www.refrigerantboys.com\/es\/wp-json\/wp\/v2\/product_cat?post=3076"},{"taxonomy":"product_tag","embeddable":true,"href":"https:\/\/www.refrigerantboys.com\/es\/wp-json\/wp\/v2\/product_tag?post=3076"}],"curies":[{"name":"wp","href":"https:\/\/api.w.org\/{rel}","templated":true}]}}