{"id":3075,"date":"2017-10-28T22:43:34","date_gmt":"2017-10-28T22:43:34","guid":{"rendered":"https:\/\/www.refrigerantboys.com\/sin%20categorizar\/kvaz\/"},"modified":"2023-05-17T12:01:58","modified_gmt":"2023-05-17T10:01:58","slug":"kit-de-nitrogeno","status":"publish","type":"product","link":"https:\/\/www.refrigerantboys.com\/es\/compra\/equipo\/kit-de-nitrogeno\/","title":{"rendered":"Kit de nitr\u00f3geno para presurizar las instalaciones"},"content":{"rendered":"<p>Malet\u00edn con kit de nitr\u00f3geno, c\u00f3modo y f\u00e1cil de usar. Dise\u00f1ado para encontrar fugas en circuitos de refrigeraci\u00f3n y aire acondicionado, para purgar soldaduras, para comprobar calibraciones de man\u00f3metros y presostatos, y para presurizar sistemas y comprobar carpetas.<\/p>\n","protected":false},"excerpt":{"rendered":"<div class=\"description woocommerce-product-details__short-description\">\n<ul>\n<li><strong>Kit con bombona de 100 litros de capacidad: Nitr\u00f3geno  <\/strong><\/li>\n<\/ul><\/div>\n<div class=\"wpb_custom_0\">\n<div class=\"product_meta\"><\/div>\n<\/p><\/div>\n","protected":false},"featured_media":50305,"template":"","meta":[],"product_cat":[147],"product_tag":[],"acf":{"ai_note":""},"yoast_head":"<!-- This site is optimized with the Yoast SEO plugin v20.2 - https:\/\/yoast.com\/wordpress\/plugins\/seo\/ -->\n<title>Kit de nitr\u00f3geno para presurizar las instalaciones | Refrigerant Boys<\/title>\n<meta name=\"description\" content=\"Kit con bombona de 100 litros de capacidad: Nitr\u00f3geno\" \/>\n<meta name=\"robots\" content=\"index, follow, max-snippet:-1, max-image-preview:large, max-video-preview:-1\" \/>\n<link rel=\"canonical\" href=\"https:\/\/www.refrigerantboys.com\/es\/compra\/equipo\/kit-de-nitrogeno\/\" \/>\n<meta property=\"og:locale\" content=\"es_ES\" \/>\n<meta property=\"og:type\" content=\"article\" \/>\n<meta property=\"og:title\" content=\"Kit de nitr\u00f3geno para presurizar las instalaciones | Refrigerant Boys\" \/>\n<meta property=\"og:description\" content=\"Kit con bombona de 100 litros de capacidad: Nitr\u00f3geno\" \/>\n<meta property=\"og:url\" content=\"https:\/\/www.refrigerantboys.com\/es\/compra\/equipo\/kit-de-nitrogeno\/\" \/>\n<meta property=\"og:site_name\" content=\"Refrigerant Boys\" \/>\n<meta property=\"article:modified_time\" content=\"2023-05-17T10:01:58+00:00\" \/>\n<meta property=\"og:image\" content=\"https:\/\/www.refrigerantboys.com\/wp-content\/uploads\/2017\/10\/kvaz.png\" \/>\n\t<meta property=\"og:image:width\" content=\"978\" \/>\n\t<meta property=\"og:image:height\" content=\"1030\" \/>\n\t<meta property=\"og:image:type\" content=\"image\/png\" \/>\n<meta name=\"twitter:card\" content=\"summary_large_image\" \/>\n<meta name=\"twitter:label1\" content=\"Tiempo de lectura\" \/>\n\t<meta name=\"twitter:data1\" content=\"1 minuto\" \/>\n<script type=\"application\/ld+json\" class=\"yoast-schema-graph\">{\"@context\":\"https:\/\/schema.org\",\"@graph\":[{\"@type\":\"WebPage\",\"@id\":\"https:\/\/www.refrigerantboys.com\/es\/compra\/equipo\/kit-de-nitrogeno\/\",\"url\":\"https:\/\/www.refrigerantboys.com\/es\/compra\/equipo\/kit-de-nitrogeno\/\",\"name\":\"Kit de nitr\u00f3geno para presurizar las instalaciones | Refrigerant Boys\",\"isPartOf\":{\"@id\":\"https:\/\/www.refrigerantboys.com\/es\/#website\"},\"datePublished\":\"2017-10-28T22:43:34+00:00\",\"dateModified\":\"2023-05-17T10:01:58+00:00\",\"description\":\"Kit con bombona de 100 litros de capacidad: Nitr\u00f3geno\",\"breadcrumb\":{\"@id\":\"https:\/\/www.refrigerantboys.com\/es\/compra\/equipo\/kit-de-nitrogeno\/#breadcrumb\"},\"inLanguage\":\"es\",\"potentialAction\":[{\"@type\":\"ReadAction\",\"target\":[\"https:\/\/www.refrigerantboys.com\/es\/compra\/equipo\/kit-de-nitrogeno\/\"]}]},{\"@type\":\"BreadcrumbList\",\"@id\":\"https:\/\/www.refrigerantboys.com\/es\/compra\/equipo\/kit-de-nitrogeno\/#breadcrumb\",\"itemListElement\":[{\"@type\":\"ListItem\",\"position\":1,\"name\":\"Home\",\"item\":\"https:\/\/www.refrigerantboys.com\/es\/\"},{\"@type\":\"ListItem\",\"position\":2,\"name\":\"Tienda\",\"item\":\"https:\/\/www.refrigerantboys.com\/es\/tienda\/\"},{\"@type\":\"ListItem\",\"position\":3,\"name\":\"Kit de nitr\u00f3geno para presurizar las instalaciones\"}]},{\"@type\":\"WebSite\",\"@id\":\"https:\/\/www.refrigerantboys.com\/es\/#website\",\"url\":\"https:\/\/www.refrigerantboys.com\/es\/\",\"name\":\"Refrigerant Boys\",\"description\":\"Vendita gas refrigeranti\",\"potentialAction\":[{\"@type\":\"SearchAction\",\"target\":{\"@type\":\"EntryPoint\",\"urlTemplate\":\"https:\/\/www.refrigerantboys.com\/es\/?s={search_term_string}\"},\"query-input\":\"required name=search_term_string\"}],\"inLanguage\":\"es\"}]}<\/script>\n<!-- \/ Yoast SEO plugin. -->","yoast_head_json":{"title":"Kit de nitr\u00f3geno para presurizar las instalaciones | Refrigerant Boys","description":"Kit con bombona de 100 litros de capacidad: Nitr\u00f3geno","robots":{"index":"index","follow":"follow","max-snippet":"max-snippet:-1","max-image-preview":"max-image-preview:large","max-video-preview":"max-video-preview:-1"},"canonical":"https:\/\/www.refrigerantboys.com\/es\/compra\/equipo\/kit-de-nitrogeno\/","og_locale":"es_ES","og_type":"article","og_title":"Kit de nitr\u00f3geno para presurizar las instalaciones | Refrigerant Boys","og_description":"Kit con bombona de 100 litros de capacidad: Nitr\u00f3geno","og_url":"https:\/\/www.refrigerantboys.com\/es\/compra\/equipo\/kit-de-nitrogeno\/","og_site_name":"Refrigerant Boys","article_modified_time":"2023-05-17T10:01:58+00:00","og_image":[{"width":978,"height":1030,"url":"https:\/\/www.refrigerantboys.com\/wp-content\/uploads\/2017\/10\/kvaz.png","type":"image\/png"}],"twitter_card":"summary_large_image","twitter_misc":{"Tiempo de lectura":"1 minuto"},"schema":{"@context":"https:\/\/schema.org","@graph":[{"@type":"WebPage","@id":"https:\/\/www.refrigerantboys.com\/es\/compra\/equipo\/kit-de-nitrogeno\/","url":"https:\/\/www.refrigerantboys.com\/es\/compra\/equipo\/kit-de-nitrogeno\/","name":"Kit de nitr\u00f3geno para presurizar las instalaciones | Refrigerant Boys","isPartOf":{"@id":"https:\/\/www.refrigerantboys.com\/es\/#website"},"datePublished":"2017-10-28T22:43:34+00:00","dateModified":"2023-05-17T10:01:58+00:00","description":"Kit con bombona de 100 litros de capacidad: Nitr\u00f3geno","breadcrumb":{"@id":"https:\/\/www.refrigerantboys.com\/es\/compra\/equipo\/kit-de-nitrogeno\/#breadcrumb"},"inLanguage":"es","potentialAction":[{"@type":"ReadAction","target":["https:\/\/www.refrigerantboys.com\/es\/compra\/equipo\/kit-de-nitrogeno\/"]}]},{"@type":"BreadcrumbList","@id":"https:\/\/www.refrigerantboys.com\/es\/compra\/equipo\/kit-de-nitrogeno\/#breadcrumb","itemListElement":[{"@type":"ListItem","position":1,"name":"Home","item":"https:\/\/www.refrigerantboys.com\/es\/"},{"@type":"ListItem","position":2,"name":"Tienda","item":"https:\/\/www.refrigerantboys.com\/es\/tienda\/"},{"@type":"ListItem","position":3,"name":"Kit de nitr\u00f3geno para presurizar las instalaciones"}]},{"@type":"WebSite","@id":"https:\/\/www.refrigerantboys.com\/es\/#website","url":"https:\/\/www.refrigerantboys.com\/es\/","name":"Refrigerant Boys","description":"Vendita gas refrigeranti","potentialAction":[{"@type":"SearchAction","target":{"@type":"EntryPoint","urlTemplate":"https:\/\/www.refrigerantboys.com\/es\/?s={search_term_string}"},"query-input":"required name=search_term_string"}],"inLanguage":"es"}]}},"_links":{"self":[{"href":"https:\/\/www.refrigerantboys.com\/es\/wp-json\/wp\/v2\/product\/3075"}],"collection":[{"href":"https:\/\/www.refrigerantboys.com\/es\/wp-json\/wp\/v2\/product"}],"about":[{"href":"https:\/\/www.refrigerantboys.com\/es\/wp-json\/wp\/v2\/types\/product"}],"wp:featuredmedia":[{"embeddable":true,"href":"https:\/\/www.refrigerantboys.com\/es\/wp-json\/wp\/v2\/media\/50305"}],"wp:attachment":[{"href":"https:\/\/www.refrigerantboys.com\/es\/wp-json\/wp\/v2\/media?parent=3075"}],"wp:term":[{"taxonomy":"product_cat","embeddable":true,"href":"https:\/\/www.refrigerantboys.com\/es\/wp-json\/wp\/v2\/product_cat?post=3075"},{"taxonomy":"product_tag","embeddable":true,"href":"https:\/\/www.refrigerantboys.com\/es\/wp-json\/wp\/v2\/product_tag?post=3075"}],"curies":[{"name":"wp","href":"https:\/\/api.w.org\/{rel}","templated":true}]}}