{"id":3018,"date":"2017-10-28T22:45:08","date_gmt":"2017-10-28T22:45:08","guid":{"rendered":"https:\/\/www.refrigerantboys.com\/sin%20categorizar\/co600\/"},"modified":"2026-02-17T10:43:01","modified_gmt":"2026-02-17T09:43:01","slug":"cartucho-de-co%e2%82%82-desechable-de-600-g-gas-refrigerante-r744-y-gas-alimentario-e290","status":"publish","type":"product","link":"https:\/\/www.refrigerantboys.com\/es\/compra\/equipo\/cartucho-de-co%e2%82%82-desechable-de-600-g-gas-refrigerante-r744-y-gas-alimentario-e290\/","title":{"rendered":"Bombona de CO2 Alimentario E290 &#8211; 600g &#8211; Desechable &#8211; Conexi\u00f3n M11x1"},"content":{"rendered":"<p data-path-to-node=\"32\">La bombona de CO2 alimentario de 600g es el formato m\u00e1s popular para el uso diario. Gracias a su tama\u00f1o compacto, encaja perfectamente en los gasificadores dom\u00e9sticos m\u00e1s comunes. Utilizamos \u00fanicamente Di\u00f3xido de Carbono certificado E290.<\/p>\n<ul data-path-to-node=\"33\">\n<li>\n<p data-path-to-node=\"33,0,0\"><b data-path-to-node=\"33,0,0\" data-index-in-node=\"0\">Pureza Certificada:<\/b> Gas CO2 que cumple con las normas de higiene europeas.<\/p>\n<\/li>\n<li>\n<p data-path-to-node=\"33,1,0\"><b data-path-to-node=\"33,1,0\" data-index-in-node=\"0\">Formato Compacto:<\/b> F\u00e1cil de manejar y sustituir en espacios reducidos.<\/p>\n<\/li>\n<li>\n<p data-path-to-node=\"33,2,0\"><b data-path-to-node=\"33,2,0\" data-index-in-node=\"0\">Conexi\u00f3n Est\u00e1ndar:<\/b> Rosca M11x1 universal.<\/p>\n<\/li>\n<\/ul>\n","protected":false},"excerpt":{"rendered":"<p>Pureza a medida para tu hogar. Bombona de CO2 de grado alimentario E290 de 600g. Ideal para gasificadores dom\u00e9sticos. <strong>100% Made in Italy.<\/strong><\/p>\n<p><img decoding=\"async\" loading=\"lazy\" class=\"alignnone wp-image-46010\" src=\"https:\/\/www.refrigerantboys.com\/wp-content\/uploads\/2017\/10\/Immagine-400x400.png\" alt=\"\" width=\"149\" height=\"149\" \/><\/p>\n","protected":false},"featured_media":67012,"template":"","meta":[],"product_cat":[400,147,152],"product_tag":[442,443,428],"acf":{"ai_note":""},"yoast_head":"<!-- This site is optimized with the Yoast SEO plugin v20.2 - https:\/\/yoast.com\/wordpress\/plugins\/seo\/ -->\n<title>Bombona CO2 Alimentario E290 600g | Refrigerant Boys<\/title>\n<meta name=\"description\" content=\"Achetez la bouteille de CO2 alimentaire E290 de 600g pour gaz\u00e9ificateurs d&#039;eau. Puret\u00e9 maximale, raccord M11x1. Livraison rapide sur Refrigerant Boys.\" \/>\n<meta name=\"robots\" content=\"index, follow, max-snippet:-1, max-image-preview:large, max-video-preview:-1\" \/>\n<link rel=\"canonical\" href=\"https:\/\/www.refrigerantboys.com\/es\/compra\/equipo\/cartucho-de-co%e2%82%82-desechable-de-600-g-gas-refrigerante-r744-y-gas-alimentario-e290\/\" \/>\n<meta property=\"og:locale\" content=\"es_ES\" \/>\n<meta property=\"og:type\" content=\"article\" \/>\n<meta property=\"og:title\" content=\"Bombona CO2 Alimentario E290 600g | Refrigerant Boys\" \/>\n<meta property=\"og:description\" content=\"Achetez la bouteille de CO2 alimentaire E290 de 600g pour gaz\u00e9ificateurs d&#039;eau. Puret\u00e9 maximale, raccord M11x1. Livraison rapide sur Refrigerant Boys.\" \/>\n<meta property=\"og:url\" content=\"https:\/\/www.refrigerantboys.com\/es\/compra\/equipo\/cartucho-de-co%e2%82%82-desechable-de-600-g-gas-refrigerante-r744-y-gas-alimentario-e290\/\" \/>\n<meta property=\"og:site_name\" content=\"Refrigerant Boys\" \/>\n<meta property=\"article:modified_time\" content=\"2026-02-17T09:43:01+00:00\" \/>\n<meta property=\"og:image\" content=\"https:\/\/www.refrigerantboys.com\/wp-content\/uploads\/2017\/10\/co2.jpeg\" \/>\n\t<meta property=\"og:image:width\" content=\"225\" \/>\n\t<meta property=\"og:image:height\" content=\"225\" \/>\n\t<meta property=\"og:image:type\" content=\"image\/jpeg\" \/>\n<meta name=\"twitter:card\" content=\"summary_large_image\" \/>\n<meta name=\"twitter:label1\" content=\"Tiempo de lectura\" \/>\n\t<meta name=\"twitter:data1\" content=\"1 minuto\" \/>\n<script type=\"application\/ld+json\" class=\"yoast-schema-graph\">{\"@context\":\"https:\/\/schema.org\",\"@graph\":[{\"@type\":\"WebPage\",\"@id\":\"https:\/\/www.refrigerantboys.com\/es\/compra\/equipo\/cartucho-de-co%e2%82%82-desechable-de-600-g-gas-refrigerante-r744-y-gas-alimentario-e290\/\",\"url\":\"https:\/\/www.refrigerantboys.com\/es\/compra\/equipo\/cartucho-de-co%e2%82%82-desechable-de-600-g-gas-refrigerante-r744-y-gas-alimentario-e290\/\",\"name\":\"Bombona CO2 Alimentario E290 600g | Refrigerant Boys\",\"isPartOf\":{\"@id\":\"https:\/\/www.refrigerantboys.com\/es\/#website\"},\"datePublished\":\"2017-10-28T22:45:08+00:00\",\"dateModified\":\"2026-02-17T09:43:01+00:00\",\"description\":\"Achetez la bouteille de CO2 alimentaire E290 de 600g pour gaz\u00e9ificateurs d'eau. Puret\u00e9 maximale, raccord M11x1. Livraison rapide sur Refrigerant Boys.\",\"breadcrumb\":{\"@id\":\"https:\/\/www.refrigerantboys.com\/es\/compra\/equipo\/cartucho-de-co%e2%82%82-desechable-de-600-g-gas-refrigerante-r744-y-gas-alimentario-e290\/#breadcrumb\"},\"inLanguage\":\"es\",\"potentialAction\":[{\"@type\":\"ReadAction\",\"target\":[\"https:\/\/www.refrigerantboys.com\/es\/compra\/equipo\/cartucho-de-co%e2%82%82-desechable-de-600-g-gas-refrigerante-r744-y-gas-alimentario-e290\/\"]}]},{\"@type\":\"BreadcrumbList\",\"@id\":\"https:\/\/www.refrigerantboys.com\/es\/compra\/equipo\/cartucho-de-co%e2%82%82-desechable-de-600-g-gas-refrigerante-r744-y-gas-alimentario-e290\/#breadcrumb\",\"itemListElement\":[{\"@type\":\"ListItem\",\"position\":1,\"name\":\"Home\",\"item\":\"https:\/\/www.refrigerantboys.com\/es\/\"},{\"@type\":\"ListItem\",\"position\":2,\"name\":\"Tienda\",\"item\":\"https:\/\/www.refrigerantboys.com\/es\/tienda\/\"},{\"@type\":\"ListItem\",\"position\":3,\"name\":\"Bombona de CO2 Alimentario E290 &#8211; 600g &#8211; Desechable &#8211; Conexi\u00f3n M11x1\"}]},{\"@type\":\"WebSite\",\"@id\":\"https:\/\/www.refrigerantboys.com\/es\/#website\",\"url\":\"https:\/\/www.refrigerantboys.com\/es\/\",\"name\":\"Refrigerant Boys\",\"description\":\"Vendita gas refrigeranti\",\"potentialAction\":[{\"@type\":\"SearchAction\",\"target\":{\"@type\":\"EntryPoint\",\"urlTemplate\":\"https:\/\/www.refrigerantboys.com\/es\/?s={search_term_string}\"},\"query-input\":\"required name=search_term_string\"}],\"inLanguage\":\"es\"}]}<\/script>\n<!-- \/ Yoast SEO plugin. -->","yoast_head_json":{"title":"Bombona CO2 Alimentario E290 600g | Refrigerant Boys","description":"Achetez la bouteille de CO2 alimentaire E290 de 600g pour gaz\u00e9ificateurs d'eau. Puret\u00e9 maximale, raccord M11x1. Livraison rapide sur Refrigerant Boys.","robots":{"index":"index","follow":"follow","max-snippet":"max-snippet:-1","max-image-preview":"max-image-preview:large","max-video-preview":"max-video-preview:-1"},"canonical":"https:\/\/www.refrigerantboys.com\/es\/compra\/equipo\/cartucho-de-co%e2%82%82-desechable-de-600-g-gas-refrigerante-r744-y-gas-alimentario-e290\/","og_locale":"es_ES","og_type":"article","og_title":"Bombona CO2 Alimentario E290 600g | Refrigerant Boys","og_description":"Achetez la bouteille de CO2 alimentaire E290 de 600g pour gaz\u00e9ificateurs d'eau. Puret\u00e9 maximale, raccord M11x1. Livraison rapide sur Refrigerant Boys.","og_url":"https:\/\/www.refrigerantboys.com\/es\/compra\/equipo\/cartucho-de-co%e2%82%82-desechable-de-600-g-gas-refrigerante-r744-y-gas-alimentario-e290\/","og_site_name":"Refrigerant Boys","article_modified_time":"2026-02-17T09:43:01+00:00","og_image":[{"width":225,"height":225,"url":"https:\/\/www.refrigerantboys.com\/wp-content\/uploads\/2017\/10\/co2.jpeg","type":"image\/jpeg"}],"twitter_card":"summary_large_image","twitter_misc":{"Tiempo de lectura":"1 minuto"},"schema":{"@context":"https:\/\/schema.org","@graph":[{"@type":"WebPage","@id":"https:\/\/www.refrigerantboys.com\/es\/compra\/equipo\/cartucho-de-co%e2%82%82-desechable-de-600-g-gas-refrigerante-r744-y-gas-alimentario-e290\/","url":"https:\/\/www.refrigerantboys.com\/es\/compra\/equipo\/cartucho-de-co%e2%82%82-desechable-de-600-g-gas-refrigerante-r744-y-gas-alimentario-e290\/","name":"Bombona CO2 Alimentario E290 600g | Refrigerant Boys","isPartOf":{"@id":"https:\/\/www.refrigerantboys.com\/es\/#website"},"datePublished":"2017-10-28T22:45:08+00:00","dateModified":"2026-02-17T09:43:01+00:00","description":"Achetez la bouteille de CO2 alimentaire E290 de 600g pour gaz\u00e9ificateurs d'eau. Puret\u00e9 maximale, raccord M11x1. Livraison rapide sur Refrigerant Boys.","breadcrumb":{"@id":"https:\/\/www.refrigerantboys.com\/es\/compra\/equipo\/cartucho-de-co%e2%82%82-desechable-de-600-g-gas-refrigerante-r744-y-gas-alimentario-e290\/#breadcrumb"},"inLanguage":"es","potentialAction":[{"@type":"ReadAction","target":["https:\/\/www.refrigerantboys.com\/es\/compra\/equipo\/cartucho-de-co%e2%82%82-desechable-de-600-g-gas-refrigerante-r744-y-gas-alimentario-e290\/"]}]},{"@type":"BreadcrumbList","@id":"https:\/\/www.refrigerantboys.com\/es\/compra\/equipo\/cartucho-de-co%e2%82%82-desechable-de-600-g-gas-refrigerante-r744-y-gas-alimentario-e290\/#breadcrumb","itemListElement":[{"@type":"ListItem","position":1,"name":"Home","item":"https:\/\/www.refrigerantboys.com\/es\/"},{"@type":"ListItem","position":2,"name":"Tienda","item":"https:\/\/www.refrigerantboys.com\/es\/tienda\/"},{"@type":"ListItem","position":3,"name":"Bombona de CO2 Alimentario E290 &#8211; 600g &#8211; Desechable &#8211; Conexi\u00f3n M11x1"}]},{"@type":"WebSite","@id":"https:\/\/www.refrigerantboys.com\/es\/#website","url":"https:\/\/www.refrigerantboys.com\/es\/","name":"Refrigerant Boys","description":"Vendita gas refrigeranti","potentialAction":[{"@type":"SearchAction","target":{"@type":"EntryPoint","urlTemplate":"https:\/\/www.refrigerantboys.com\/es\/?s={search_term_string}"},"query-input":"required name=search_term_string"}],"inLanguage":"es"}]}},"_links":{"self":[{"href":"https:\/\/www.refrigerantboys.com\/es\/wp-json\/wp\/v2\/product\/3018"}],"collection":[{"href":"https:\/\/www.refrigerantboys.com\/es\/wp-json\/wp\/v2\/product"}],"about":[{"href":"https:\/\/www.refrigerantboys.com\/es\/wp-json\/wp\/v2\/types\/product"}],"wp:featuredmedia":[{"embeddable":true,"href":"https:\/\/www.refrigerantboys.com\/es\/wp-json\/wp\/v2\/media\/67012"}],"wp:attachment":[{"href":"https:\/\/www.refrigerantboys.com\/es\/wp-json\/wp\/v2\/media?parent=3018"}],"wp:term":[{"taxonomy":"product_cat","embeddable":true,"href":"https:\/\/www.refrigerantboys.com\/es\/wp-json\/wp\/v2\/product_cat?post=3018"},{"taxonomy":"product_tag","embeddable":true,"href":"https:\/\/www.refrigerantboys.com\/es\/wp-json\/wp\/v2\/product_tag?post=3018"}],"curies":[{"name":"wp","href":"https:\/\/api.w.org\/{rel}","templated":true}]}}