{"id":2949,"date":"2017-10-28T22:46:56","date_gmt":"2017-10-28T22:46:56","guid":{"rendered":"https:\/\/www.refrigerantboys.com\/sin%20categorizar\/r32-5kg\/"},"modified":"2026-02-02T18:13:40","modified_gmt":"2026-02-02T17:13:40","slug":"cilindro-de-gas-r32-5-kg-valvula-21-7-x-1-14-izquierda","status":"publish","type":"product","link":"https:\/\/www.refrigerantboys.com\/es\/compra\/fluidos-refrigerantes\/r32\/cilindro-de-gas-r32-5-kg-valvula-21-7-x-1-14-izquierda\/","title":{"rendered":"Bombona de gas R32 con 5 kg (V\u00e1lvula W21,7\u00d71\/14\u2033)"},"content":{"rendered":"<p>\u00a1Si est\u00e1s buscando una bombona de gas R32 con una capacidad de 5 kg, est\u00e1s en el lugar adecuado!<br \/>\nRefrigerant Boys ofrece una amplia gama de refrigerantes de alta calidad para satisfacer todas tus necesidades. Nuestra bombona de gas R32 de 5 kg es ideal para su uso en sistemas de aire acondicionado y bombas de calor, ya que ofrece una eficiencia energ\u00e9tica superior y un impacto medioambiental reducido. Somos conscientes de la importancia de contar con productos fiables que cumplan la normativa vigente, por lo que puedes contar con nuestra bombona de gas R32 para obtener un rendimiento \u00f3ptimo y la m\u00e1xima seguridad. Hazte hoy mismo con tu bombona de gas R32 de 5 kg de Refrigerant Boys y descubre por qu\u00e9 somos la opci\u00f3n preferida de los profesionales del sector.<\/p>\n<p><strong>Aplicaciones:<\/strong><\/p>\n<ul>\n<li>El R32 tiene un rendimiento y una eficiencia energ\u00e9tica equivalentes al R410A.<\/li>\n<li>GWP (Potencial de Calentamiento Global) significativamente menor que el R410A.<\/li>\n<li>No requiere reemplazo de componentes, lubricantes y sellos.<\/li>\n<\/ul>\n<p><span style=\"color: #ff0000;\">El R32 s\u00f3lo se puede utilizar en sistemas nuevos dise\u00f1ados para funcionar con gases ligeramente inflamables (clase A2L)<\/span><\/p>\n<p><span style=\"color: #ff0000;\">El R32 no se puede utilizar como producto de actualizaci\u00f3n para sistemas dise\u00f1ados para funcionar con R410A; Dado que los sistemas R410A no est\u00e1n dise\u00f1ados para funcionar con gases ligeramente inflamables, existe el riesgo de da\u00f1ar el compresor.<\/span><\/p>\n<p><strong><strong>PRECIO CON BOMBONA INCLUIDA, QUE PASAR\u00c1 A SER DE TU PROPIEDAD<\/strong><\/strong><\/p>\n","protected":false},"excerpt":{"rendered":"<p><span style=\"color: #000000;\"><strong>Refrigerante R32 a 5 kg T-DEP EN 13322-1 cilindro recargable\u00a0 nace como una alternativa al gas R410A utilizado por los principales fabricantes de aparatos de aire acondicionado y ayuda a ahorrar energ\u00eda y &#8216;bajo impacto ambiental UN 3252 <span style=\"color: #ed1c24;\">V\u00e1lvula 21.7 &#8220;x 1\/14&#8221; IZQUIERDA<\/span><\/strong><\/span><\/p>\n<pre><span style=\"color: #ff0000; font-size: 20px;\"><strong>GWP[675]<\/strong><\/span><\/pre>\n<div style=\"display: flex; justify-content: flex-start; font-family: 'Segoe UI', Roboto, Helvetica, Arial, sans-serif; margin: 4px 0;\">\n<div style=\"background-color: #ffffff; max-width: 440px; width: 100%; border-radius: 6px; padding: 6px 12px; border: 1px solid #e2e8f0; border-left: 4px solid #e67e22; box-shadow: 0 1px 3px rgba(0,0,0,0.05); display: flex; align-items: center;\">\n<div style=\"display: flex; flex-direction: column; justify-content: center;\">\n<div style=\"font-size: 13px; color: #166534; font-weight: bold; line-height: 1.1; margin: 0;\">\u2713 Eco-Tasa (Reg. UE 2024\/573) &#8220;INCLUIDA&#8221;<\/div>\n<div style=\"font-size: 13px; color: #64748b; line-height: 1.1; margin-top: 1px;\">Incidencia en el precio: <span style=\"color: #dc2626; font-weight: bold;\">10,15\u20ac<\/span><\/div>\n<\/p><\/div>\n<\/p><\/div>\n<\/div>\n","protected":false},"featured_media":68917,"template":"","meta":[],"product_cat":[152,155],"product_tag":[502],"acf":{"ai_note":""},"yoast_head":"<!-- This site is optimized with the Yoast SEO plugin v20.2 - https:\/\/yoast.com\/wordpress\/plugins\/seo\/ -->\n<title>Bombona de gas R32 con 5 kg (V\u00e1lvula W21,7\u00d71\/14\u2033) | Refrigerant Boys<\/title>\n<meta name=\"description\" content=\"Nuestra bombona de gas R32 de 5 kg es ideal para su uso en sistemas de aire acondicionado y bombas de calor, ya que ofrece una eficiencia energ\u00e9tica superior y un impacto medioambiental reducido.\" \/>\n<meta name=\"robots\" content=\"index, follow, max-snippet:-1, max-image-preview:large, max-video-preview:-1\" \/>\n<link rel=\"canonical\" href=\"https:\/\/www.refrigerantboys.com\/es\/compra\/fluidos-refrigerantes\/r32\/cilindro-de-gas-r32-5-kg-valvula-21-7-x-1-14-izquierda\/\" \/>\n<meta property=\"og:locale\" content=\"es_ES\" \/>\n<meta property=\"og:type\" content=\"article\" \/>\n<meta property=\"og:title\" content=\"Bombona de gas R32 con 5 kg (V\u00e1lvula W21,7\u00d71\/14\u2033) | Refrigerant Boys\" \/>\n<meta property=\"og:description\" content=\"Nuestra bombona de gas R32 de 5 kg es ideal para su uso en sistemas de aire acondicionado y bombas de calor, ya que ofrece una eficiencia energ\u00e9tica superior y un impacto medioambiental reducido.\" \/>\n<meta property=\"og:url\" content=\"https:\/\/www.refrigerantboys.com\/es\/compra\/fluidos-refrigerantes\/r32\/cilindro-de-gas-r32-5-kg-valvula-21-7-x-1-14-izquierda\/\" \/>\n<meta property=\"og:site_name\" content=\"Refrigerant Boys\" \/>\n<meta property=\"article:modified_time\" content=\"2026-02-02T17:13:40+00:00\" \/>\n<meta property=\"og:image\" content=\"https:\/\/www.refrigerantboys.com\/wp-content\/uploads\/2017\/10\/r32-5kg-2.png\" \/>\n\t<meta property=\"og:image:width\" content=\"333\" \/>\n\t<meta property=\"og:image:height\" content=\"582\" \/>\n\t<meta property=\"og:image:type\" content=\"image\/png\" \/>\n<meta name=\"twitter:card\" content=\"summary_large_image\" \/>\n<meta name=\"twitter:label1\" content=\"Tiempo de lectura\" \/>\n\t<meta name=\"twitter:data1\" content=\"2 minutos\" \/>\n<script type=\"application\/ld+json\" class=\"yoast-schema-graph\">{\"@context\":\"https:\/\/schema.org\",\"@graph\":[{\"@type\":\"WebPage\",\"@id\":\"https:\/\/www.refrigerantboys.com\/es\/compra\/fluidos-refrigerantes\/r32\/cilindro-de-gas-r32-5-kg-valvula-21-7-x-1-14-izquierda\/\",\"url\":\"https:\/\/www.refrigerantboys.com\/es\/compra\/fluidos-refrigerantes\/r32\/cilindro-de-gas-r32-5-kg-valvula-21-7-x-1-14-izquierda\/\",\"name\":\"Bombona de gas R32 con 5 kg (V\u00e1lvula W21,7\u00d71\/14\u2033) | Refrigerant Boys\",\"isPartOf\":{\"@id\":\"https:\/\/www.refrigerantboys.com\/es\/#website\"},\"datePublished\":\"2017-10-28T22:46:56+00:00\",\"dateModified\":\"2026-02-02T17:13:40+00:00\",\"description\":\"Nuestra bombona de gas R32 de 5 kg es ideal para su uso en sistemas de aire acondicionado y bombas de calor, ya que ofrece una eficiencia energ\u00e9tica superior y un impacto medioambiental reducido.\",\"breadcrumb\":{\"@id\":\"https:\/\/www.refrigerantboys.com\/es\/compra\/fluidos-refrigerantes\/r32\/cilindro-de-gas-r32-5-kg-valvula-21-7-x-1-14-izquierda\/#breadcrumb\"},\"inLanguage\":\"es\",\"potentialAction\":[{\"@type\":\"ReadAction\",\"target\":[\"https:\/\/www.refrigerantboys.com\/es\/compra\/fluidos-refrigerantes\/r32\/cilindro-de-gas-r32-5-kg-valvula-21-7-x-1-14-izquierda\/\"]}]},{\"@type\":\"BreadcrumbList\",\"@id\":\"https:\/\/www.refrigerantboys.com\/es\/compra\/fluidos-refrigerantes\/r32\/cilindro-de-gas-r32-5-kg-valvula-21-7-x-1-14-izquierda\/#breadcrumb\",\"itemListElement\":[{\"@type\":\"ListItem\",\"position\":1,\"name\":\"Home\",\"item\":\"https:\/\/www.refrigerantboys.com\/es\/\"},{\"@type\":\"ListItem\",\"position\":2,\"name\":\"Tienda\",\"item\":\"https:\/\/www.refrigerantboys.com\/es\/tienda\/\"},{\"@type\":\"ListItem\",\"position\":3,\"name\":\"Bombona de gas R32 con 5 kg (V\u00e1lvula W21,7\u00d71\/14\u2033)\"}]},{\"@type\":\"WebSite\",\"@id\":\"https:\/\/www.refrigerantboys.com\/es\/#website\",\"url\":\"https:\/\/www.refrigerantboys.com\/es\/\",\"name\":\"Refrigerant Boys\",\"description\":\"Vendita gas refrigeranti\",\"potentialAction\":[{\"@type\":\"SearchAction\",\"target\":{\"@type\":\"EntryPoint\",\"urlTemplate\":\"https:\/\/www.refrigerantboys.com\/es\/?s={search_term_string}\"},\"query-input\":\"required name=search_term_string\"}],\"inLanguage\":\"es\"}]}<\/script>\n<!-- \/ Yoast SEO plugin. -->","yoast_head_json":{"title":"Bombona de gas R32 con 5 kg (V\u00e1lvula W21,7\u00d71\/14\u2033) | Refrigerant Boys","description":"Nuestra bombona de gas R32 de 5 kg es ideal para su uso en sistemas de aire acondicionado y bombas de calor, ya que ofrece una eficiencia energ\u00e9tica superior y un impacto medioambiental reducido.","robots":{"index":"index","follow":"follow","max-snippet":"max-snippet:-1","max-image-preview":"max-image-preview:large","max-video-preview":"max-video-preview:-1"},"canonical":"https:\/\/www.refrigerantboys.com\/es\/compra\/fluidos-refrigerantes\/r32\/cilindro-de-gas-r32-5-kg-valvula-21-7-x-1-14-izquierda\/","og_locale":"es_ES","og_type":"article","og_title":"Bombona de gas R32 con 5 kg (V\u00e1lvula W21,7\u00d71\/14\u2033) | Refrigerant Boys","og_description":"Nuestra bombona de gas R32 de 5 kg es ideal para su uso en sistemas de aire acondicionado y bombas de calor, ya que ofrece una eficiencia energ\u00e9tica superior y un impacto medioambiental reducido.","og_url":"https:\/\/www.refrigerantboys.com\/es\/compra\/fluidos-refrigerantes\/r32\/cilindro-de-gas-r32-5-kg-valvula-21-7-x-1-14-izquierda\/","og_site_name":"Refrigerant Boys","article_modified_time":"2026-02-02T17:13:40+00:00","og_image":[{"width":333,"height":582,"url":"https:\/\/www.refrigerantboys.com\/wp-content\/uploads\/2017\/10\/r32-5kg-2.png","type":"image\/png"}],"twitter_card":"summary_large_image","twitter_misc":{"Tiempo de lectura":"2 minutos"},"schema":{"@context":"https:\/\/schema.org","@graph":[{"@type":"WebPage","@id":"https:\/\/www.refrigerantboys.com\/es\/compra\/fluidos-refrigerantes\/r32\/cilindro-de-gas-r32-5-kg-valvula-21-7-x-1-14-izquierda\/","url":"https:\/\/www.refrigerantboys.com\/es\/compra\/fluidos-refrigerantes\/r32\/cilindro-de-gas-r32-5-kg-valvula-21-7-x-1-14-izquierda\/","name":"Bombona de gas R32 con 5 kg (V\u00e1lvula W21,7\u00d71\/14\u2033) | Refrigerant Boys","isPartOf":{"@id":"https:\/\/www.refrigerantboys.com\/es\/#website"},"datePublished":"2017-10-28T22:46:56+00:00","dateModified":"2026-02-02T17:13:40+00:00","description":"Nuestra bombona de gas R32 de 5 kg es ideal para su uso en sistemas de aire acondicionado y bombas de calor, ya que ofrece una eficiencia energ\u00e9tica superior y un impacto medioambiental reducido.","breadcrumb":{"@id":"https:\/\/www.refrigerantboys.com\/es\/compra\/fluidos-refrigerantes\/r32\/cilindro-de-gas-r32-5-kg-valvula-21-7-x-1-14-izquierda\/#breadcrumb"},"inLanguage":"es","potentialAction":[{"@type":"ReadAction","target":["https:\/\/www.refrigerantboys.com\/es\/compra\/fluidos-refrigerantes\/r32\/cilindro-de-gas-r32-5-kg-valvula-21-7-x-1-14-izquierda\/"]}]},{"@type":"BreadcrumbList","@id":"https:\/\/www.refrigerantboys.com\/es\/compra\/fluidos-refrigerantes\/r32\/cilindro-de-gas-r32-5-kg-valvula-21-7-x-1-14-izquierda\/#breadcrumb","itemListElement":[{"@type":"ListItem","position":1,"name":"Home","item":"https:\/\/www.refrigerantboys.com\/es\/"},{"@type":"ListItem","position":2,"name":"Tienda","item":"https:\/\/www.refrigerantboys.com\/es\/tienda\/"},{"@type":"ListItem","position":3,"name":"Bombona de gas R32 con 5 kg (V\u00e1lvula W21,7\u00d71\/14\u2033)"}]},{"@type":"WebSite","@id":"https:\/\/www.refrigerantboys.com\/es\/#website","url":"https:\/\/www.refrigerantboys.com\/es\/","name":"Refrigerant Boys","description":"Vendita gas refrigeranti","potentialAction":[{"@type":"SearchAction","target":{"@type":"EntryPoint","urlTemplate":"https:\/\/www.refrigerantboys.com\/es\/?s={search_term_string}"},"query-input":"required name=search_term_string"}],"inLanguage":"es"}]}},"_links":{"self":[{"href":"https:\/\/www.refrigerantboys.com\/es\/wp-json\/wp\/v2\/product\/2949"}],"collection":[{"href":"https:\/\/www.refrigerantboys.com\/es\/wp-json\/wp\/v2\/product"}],"about":[{"href":"https:\/\/www.refrigerantboys.com\/es\/wp-json\/wp\/v2\/types\/product"}],"wp:featuredmedia":[{"embeddable":true,"href":"https:\/\/www.refrigerantboys.com\/es\/wp-json\/wp\/v2\/media\/68917"}],"wp:attachment":[{"href":"https:\/\/www.refrigerantboys.com\/es\/wp-json\/wp\/v2\/media?parent=2949"}],"wp:term":[{"taxonomy":"product_cat","embeddable":true,"href":"https:\/\/www.refrigerantboys.com\/es\/wp-json\/wp\/v2\/product_cat?post=2949"},{"taxonomy":"product_tag","embeddable":true,"href":"https:\/\/www.refrigerantboys.com\/es\/wp-json\/wp\/v2\/product_tag?post=2949"}],"curies":[{"name":"wp","href":"https:\/\/api.w.org\/{rel}","templated":true}]}}