{"id":2904,"date":"2017-10-28T22:47:12","date_gmt":"2017-10-28T22:47:12","guid":{"rendered":"https:\/\/www.refrigerantboys.com\/sin%20categorizar\/ig400f\/"},"modified":"2021-03-24T13:17:17","modified_gmt":"2021-03-24T12:17:17","slug":"desinfectante-400ml","status":"publish","type":"product","link":"https:\/\/www.refrigerantboys.com\/es\/compra\/quimico\/desinfectante-400ml\/","title":{"rendered":"desinfectante 400ml"},"content":{"rendered":"<p><strong>Desinfectante bactericida<\/strong>, ideal contra moho, bacterias, malos olores. Paquete de 400 ml, se puede utilizar en aires acondicionados autom\u00e1ticos, aires acondicionados divididos y por conductos. Har\u00e1 que el aire sea m\u00e1s saludable, limpio, desinfectado y perfumado tambi\u00e9n gracias a su fragancia Frash.<\/p>\n<p>&nbsp;<\/p>\n<p>&nbsp;<\/p>\n","protected":false},"excerpt":{"rendered":"<div><img decoding=\"async\" loading=\"lazy\" class=\"alignnone  wp-image-46233\" src=\"https:\/\/www.refrigerantboys.com\/wp-content\/uploads\/2017\/10\/Immagine523.png\" alt=\"\" width=\"172\" height=\"100\" \/><\/div>\n<div><\/div>\n<div><\/div>\n","protected":false},"featured_media":19544,"template":"","meta":[],"product_cat":[151],"product_tag":[],"acf":{"ai_note":""},"yoast_head":"<!-- This site is optimized with the Yoast SEO plugin v20.2 - https:\/\/yoast.com\/wordpress\/plugins\/seo\/ -->\n<title>desinfectante 400ml | Refrigerant Boys<\/title>\n<meta name=\"robots\" content=\"index, follow, max-snippet:-1, max-image-preview:large, max-video-preview:-1\" \/>\n<link rel=\"canonical\" href=\"https:\/\/www.refrigerantboys.com\/es\/compra\/quimico\/desinfectante-400ml\/\" \/>\n<meta property=\"og:locale\" content=\"es_ES\" \/>\n<meta property=\"og:type\" content=\"article\" \/>\n<meta property=\"og:title\" content=\"desinfectante 400ml | Refrigerant Boys\" \/>\n<meta property=\"og:url\" content=\"https:\/\/www.refrigerantboys.com\/es\/compra\/quimico\/desinfectante-400ml\/\" \/>\n<meta property=\"og:site_name\" content=\"Refrigerant Boys\" \/>\n<meta property=\"article:modified_time\" content=\"2021-03-24T12:17:17+00:00\" \/>\n<meta property=\"og:image\" content=\"https:\/\/www.refrigerantboys.com\/wp-content\/uploads\/2017\/10\/Immagine23-1.png\" \/>\n\t<meta property=\"og:image:width\" content=\"290\" \/>\n\t<meta property=\"og:image:height\" content=\"532\" \/>\n\t<meta property=\"og:image:type\" content=\"image\/png\" \/>\n<meta name=\"twitter:card\" content=\"summary_large_image\" \/>\n<script type=\"application\/ld+json\" class=\"yoast-schema-graph\">{\"@context\":\"https:\/\/schema.org\",\"@graph\":[{\"@type\":\"WebPage\",\"@id\":\"https:\/\/www.refrigerantboys.com\/es\/compra\/quimico\/desinfectante-400ml\/\",\"url\":\"https:\/\/www.refrigerantboys.com\/es\/compra\/quimico\/desinfectante-400ml\/\",\"name\":\"desinfectante 400ml | Refrigerant Boys\",\"isPartOf\":{\"@id\":\"https:\/\/www.refrigerantboys.com\/es\/#website\"},\"datePublished\":\"2017-10-28T22:47:12+00:00\",\"dateModified\":\"2021-03-24T12:17:17+00:00\",\"breadcrumb\":{\"@id\":\"https:\/\/www.refrigerantboys.com\/es\/compra\/quimico\/desinfectante-400ml\/#breadcrumb\"},\"inLanguage\":\"es\",\"potentialAction\":[{\"@type\":\"ReadAction\",\"target\":[\"https:\/\/www.refrigerantboys.com\/es\/compra\/quimico\/desinfectante-400ml\/\"]}]},{\"@type\":\"BreadcrumbList\",\"@id\":\"https:\/\/www.refrigerantboys.com\/es\/compra\/quimico\/desinfectante-400ml\/#breadcrumb\",\"itemListElement\":[{\"@type\":\"ListItem\",\"position\":1,\"name\":\"Home\",\"item\":\"https:\/\/www.refrigerantboys.com\/es\/\"},{\"@type\":\"ListItem\",\"position\":2,\"name\":\"Tienda\",\"item\":\"https:\/\/www.refrigerantboys.com\/es\/tienda\/\"},{\"@type\":\"ListItem\",\"position\":3,\"name\":\"desinfectante 400ml\"}]},{\"@type\":\"WebSite\",\"@id\":\"https:\/\/www.refrigerantboys.com\/es\/#website\",\"url\":\"https:\/\/www.refrigerantboys.com\/es\/\",\"name\":\"Refrigerant Boys\",\"description\":\"Vendita gas refrigeranti\",\"potentialAction\":[{\"@type\":\"SearchAction\",\"target\":{\"@type\":\"EntryPoint\",\"urlTemplate\":\"https:\/\/www.refrigerantboys.com\/es\/?s={search_term_string}\"},\"query-input\":\"required name=search_term_string\"}],\"inLanguage\":\"es\"}]}<\/script>\n<!-- \/ Yoast SEO plugin. -->","yoast_head_json":{"title":"desinfectante 400ml | Refrigerant Boys","robots":{"index":"index","follow":"follow","max-snippet":"max-snippet:-1","max-image-preview":"max-image-preview:large","max-video-preview":"max-video-preview:-1"},"canonical":"https:\/\/www.refrigerantboys.com\/es\/compra\/quimico\/desinfectante-400ml\/","og_locale":"es_ES","og_type":"article","og_title":"desinfectante 400ml | Refrigerant Boys","og_url":"https:\/\/www.refrigerantboys.com\/es\/compra\/quimico\/desinfectante-400ml\/","og_site_name":"Refrigerant Boys","article_modified_time":"2021-03-24T12:17:17+00:00","og_image":[{"width":290,"height":532,"url":"https:\/\/www.refrigerantboys.com\/wp-content\/uploads\/2017\/10\/Immagine23-1.png","type":"image\/png"}],"twitter_card":"summary_large_image","schema":{"@context":"https:\/\/schema.org","@graph":[{"@type":"WebPage","@id":"https:\/\/www.refrigerantboys.com\/es\/compra\/quimico\/desinfectante-400ml\/","url":"https:\/\/www.refrigerantboys.com\/es\/compra\/quimico\/desinfectante-400ml\/","name":"desinfectante 400ml | Refrigerant Boys","isPartOf":{"@id":"https:\/\/www.refrigerantboys.com\/es\/#website"},"datePublished":"2017-10-28T22:47:12+00:00","dateModified":"2021-03-24T12:17:17+00:00","breadcrumb":{"@id":"https:\/\/www.refrigerantboys.com\/es\/compra\/quimico\/desinfectante-400ml\/#breadcrumb"},"inLanguage":"es","potentialAction":[{"@type":"ReadAction","target":["https:\/\/www.refrigerantboys.com\/es\/compra\/quimico\/desinfectante-400ml\/"]}]},{"@type":"BreadcrumbList","@id":"https:\/\/www.refrigerantboys.com\/es\/compra\/quimico\/desinfectante-400ml\/#breadcrumb","itemListElement":[{"@type":"ListItem","position":1,"name":"Home","item":"https:\/\/www.refrigerantboys.com\/es\/"},{"@type":"ListItem","position":2,"name":"Tienda","item":"https:\/\/www.refrigerantboys.com\/es\/tienda\/"},{"@type":"ListItem","position":3,"name":"desinfectante 400ml"}]},{"@type":"WebSite","@id":"https:\/\/www.refrigerantboys.com\/es\/#website","url":"https:\/\/www.refrigerantboys.com\/es\/","name":"Refrigerant Boys","description":"Vendita gas refrigeranti","potentialAction":[{"@type":"SearchAction","target":{"@type":"EntryPoint","urlTemplate":"https:\/\/www.refrigerantboys.com\/es\/?s={search_term_string}"},"query-input":"required name=search_term_string"}],"inLanguage":"es"}]}},"_links":{"self":[{"href":"https:\/\/www.refrigerantboys.com\/es\/wp-json\/wp\/v2\/product\/2904"}],"collection":[{"href":"https:\/\/www.refrigerantboys.com\/es\/wp-json\/wp\/v2\/product"}],"about":[{"href":"https:\/\/www.refrigerantboys.com\/es\/wp-json\/wp\/v2\/types\/product"}],"wp:featuredmedia":[{"embeddable":true,"href":"https:\/\/www.refrigerantboys.com\/es\/wp-json\/wp\/v2\/media\/19544"}],"wp:attachment":[{"href":"https:\/\/www.refrigerantboys.com\/es\/wp-json\/wp\/v2\/media?parent=2904"}],"wp:term":[{"taxonomy":"product_cat","embeddable":true,"href":"https:\/\/www.refrigerantboys.com\/es\/wp-json\/wp\/v2\/product_cat?post=2904"},{"taxonomy":"product_tag","embeddable":true,"href":"https:\/\/www.refrigerantboys.com\/es\/wp-json\/wp\/v2\/product_tag?post=2904"}],"curies":[{"name":"wp","href":"https:\/\/api.w.org\/{rel}","templated":true}]}}