{"id":2846,"date":"2017-10-28T22:48:52","date_gmt":"2017-10-28T22:48:52","guid":{"rendered":"https:\/\/www.refrigerantboys.com\/sin%20categorizar\/k90t\/"},"modified":"2023-02-06T16:48:15","modified_gmt":"2023-02-06T15:48:15","slug":"kit-de-soldadura-portatil","status":"publish","type":"product","link":"https:\/\/www.refrigerantboys.com\/es\/compra\/equipo\/kit-de-soldadura-portatil\/","title":{"rendered":"Kit de soldadura port\u00e1til 3050\u00b0 &#8211; 100 lt"},"content":{"rendered":"<p>El sistema m\u00e1s peque\u00f1o de soldadura aut\u00f3gena con el cilindro desechable y cartucho en un carro de metal elegante de reducidas dimensiones.<br \/>\nCompacto, permite la soldadura profesional.<br \/>\nEspecialmente adecuado para la hidr\u00e1ulica, aire acondicionado y refrigeraci\u00f3n.<\/p>\n<p>&nbsp;<\/p>\n","protected":false},"excerpt":{"rendered":"<p>L tanque de ox\u00edgeno 100 &#8211; 110 Bares<br \/>\nCilindro de gas mix \u00a0450 g<br \/>\nreductor de ox\u00edgeno y grifo de gas con v\u00e1lvulas de retenci\u00f3n<br \/>\ndoble protecci\u00f3n<br \/>\nmetal de aporte con desoxidante<br \/>\nconjuntos de manguera de 2 metros<br \/>\nManejar con v\u00e1lvulas de regulaci\u00f3n y lanzamientos<br \/>\nMicroset (conjunto de microagujas)<br \/>\ngafas de protecci\u00f3n<br \/>\nmultiusos clave<br \/>\nencendedor<\/p>\n","protected":false},"featured_media":68304,"template":"","meta":[],"product_cat":[147],"product_tag":[],"acf":{"ai_note":""},"yoast_head":"<!-- This site is optimized with the Yoast SEO plugin v20.2 - https:\/\/yoast.com\/wordpress\/plugins\/seo\/ -->\n<title>Kit de soldadura port\u00e1til 3050\u00b0 - 100 lt | Refrigerant Boys<\/title>\n<meta name=\"description\" content=\"L tanque de ox\u00edgeno 100 - 110 Bares Cilindro de gas mix \u00a0450 g reductor de ox\u00edgeno y grifo de gas con v\u00e1lvulas de retenci\u00f3n doble protecci\u00f3n metal de aporte con desoxidante conjuntos de manguera de 2 metros Manejar con v\u00e1lvulas de regulaci\u00f3n y lanzamientos Microset (conjunto de microagujas) gafas de protecci\u00f3n multiusos clave encendedor\" \/>\n<meta name=\"robots\" content=\"index, follow, max-snippet:-1, max-image-preview:large, max-video-preview:-1\" \/>\n<link rel=\"canonical\" href=\"https:\/\/www.refrigerantboys.com\/es\/compra\/equipo\/kit-de-soldadura-portatil\/\" \/>\n<meta property=\"og:locale\" content=\"es_ES\" \/>\n<meta property=\"og:type\" content=\"article\" \/>\n<meta property=\"og:title\" content=\"Kit de soldadura port\u00e1til 3050\u00b0 - 100 lt | Refrigerant Boys\" \/>\n<meta property=\"og:description\" content=\"L tanque de ox\u00edgeno 100 - 110 Bares Cilindro de gas mix \u00a0450 g reductor de ox\u00edgeno y grifo de gas con v\u00e1lvulas de retenci\u00f3n doble protecci\u00f3n metal de aporte con desoxidante conjuntos de manguera de 2 metros Manejar con v\u00e1lvulas de regulaci\u00f3n y lanzamientos Microset (conjunto de microagujas) gafas de protecci\u00f3n multiusos clave encendedor\" \/>\n<meta property=\"og:url\" content=\"https:\/\/www.refrigerantboys.com\/es\/compra\/equipo\/kit-de-soldadura-portatil\/\" \/>\n<meta property=\"og:site_name\" content=\"Refrigerant Boys\" \/>\n<meta property=\"article:modified_time\" content=\"2023-02-06T15:48:15+00:00\" \/>\n<meta property=\"og:image\" content=\"https:\/\/www.refrigerantboys.com\/wp-content\/uploads\/2017\/10\/prowelding-fronte-1-495x800.png\" \/>\n\t<meta property=\"og:image:width\" content=\"495\" \/>\n\t<meta property=\"og:image:height\" content=\"800\" \/>\n\t<meta property=\"og:image:type\" content=\"image\/png\" \/>\n<meta name=\"twitter:card\" content=\"summary_large_image\" \/>\n<meta name=\"twitter:label1\" content=\"Tiempo de lectura\" \/>\n\t<meta name=\"twitter:data1\" content=\"1 minuto\" \/>\n<script type=\"application\/ld+json\" class=\"yoast-schema-graph\">{\"@context\":\"https:\/\/schema.org\",\"@graph\":[{\"@type\":\"WebPage\",\"@id\":\"https:\/\/www.refrigerantboys.com\/es\/compra\/equipo\/kit-de-soldadura-portatil\/\",\"url\":\"https:\/\/www.refrigerantboys.com\/es\/compra\/equipo\/kit-de-soldadura-portatil\/\",\"name\":\"Kit de soldadura port\u00e1til 3050\u00b0 - 100 lt | Refrigerant Boys\",\"isPartOf\":{\"@id\":\"https:\/\/www.refrigerantboys.com\/es\/#website\"},\"datePublished\":\"2017-10-28T22:48:52+00:00\",\"dateModified\":\"2023-02-06T15:48:15+00:00\",\"description\":\"L tanque de ox\u00edgeno 100 - 110 Bares Cilindro de gas mix \u00a0450 g reductor de ox\u00edgeno y grifo de gas con v\u00e1lvulas de retenci\u00f3n doble protecci\u00f3n metal de aporte con desoxidante conjuntos de manguera de 2 metros Manejar con v\u00e1lvulas de regulaci\u00f3n y lanzamientos Microset (conjunto de microagujas) gafas de protecci\u00f3n multiusos clave encendedor\",\"breadcrumb\":{\"@id\":\"https:\/\/www.refrigerantboys.com\/es\/compra\/equipo\/kit-de-soldadura-portatil\/#breadcrumb\"},\"inLanguage\":\"es\",\"potentialAction\":[{\"@type\":\"ReadAction\",\"target\":[\"https:\/\/www.refrigerantboys.com\/es\/compra\/equipo\/kit-de-soldadura-portatil\/\"]}]},{\"@type\":\"BreadcrumbList\",\"@id\":\"https:\/\/www.refrigerantboys.com\/es\/compra\/equipo\/kit-de-soldadura-portatil\/#breadcrumb\",\"itemListElement\":[{\"@type\":\"ListItem\",\"position\":1,\"name\":\"Home\",\"item\":\"https:\/\/www.refrigerantboys.com\/es\/\"},{\"@type\":\"ListItem\",\"position\":2,\"name\":\"Tienda\",\"item\":\"https:\/\/www.refrigerantboys.com\/es\/tienda\/\"},{\"@type\":\"ListItem\",\"position\":3,\"name\":\"Kit de soldadura port\u00e1til 3050\u00b0 &#8211; 100 lt\"}]},{\"@type\":\"WebSite\",\"@id\":\"https:\/\/www.refrigerantboys.com\/es\/#website\",\"url\":\"https:\/\/www.refrigerantboys.com\/es\/\",\"name\":\"Refrigerant Boys\",\"description\":\"Vendita gas refrigeranti\",\"potentialAction\":[{\"@type\":\"SearchAction\",\"target\":{\"@type\":\"EntryPoint\",\"urlTemplate\":\"https:\/\/www.refrigerantboys.com\/es\/?s={search_term_string}\"},\"query-input\":\"required name=search_term_string\"}],\"inLanguage\":\"es\"}]}<\/script>\n<!-- \/ Yoast SEO plugin. -->","yoast_head_json":{"title":"Kit de soldadura port\u00e1til 3050\u00b0 - 100 lt | Refrigerant Boys","description":"L tanque de ox\u00edgeno 100 - 110 Bares Cilindro de gas mix \u00a0450 g reductor de ox\u00edgeno y grifo de gas con v\u00e1lvulas de retenci\u00f3n doble protecci\u00f3n metal de aporte con desoxidante conjuntos de manguera de 2 metros Manejar con v\u00e1lvulas de regulaci\u00f3n y lanzamientos Microset (conjunto de microagujas) gafas de protecci\u00f3n multiusos clave encendedor","robots":{"index":"index","follow":"follow","max-snippet":"max-snippet:-1","max-image-preview":"max-image-preview:large","max-video-preview":"max-video-preview:-1"},"canonical":"https:\/\/www.refrigerantboys.com\/es\/compra\/equipo\/kit-de-soldadura-portatil\/","og_locale":"es_ES","og_type":"article","og_title":"Kit de soldadura port\u00e1til 3050\u00b0 - 100 lt | Refrigerant Boys","og_description":"L tanque de ox\u00edgeno 100 - 110 Bares Cilindro de gas mix \u00a0450 g reductor de ox\u00edgeno y grifo de gas con v\u00e1lvulas de retenci\u00f3n doble protecci\u00f3n metal de aporte con desoxidante conjuntos de manguera de 2 metros Manejar con v\u00e1lvulas de regulaci\u00f3n y lanzamientos Microset (conjunto de microagujas) gafas de protecci\u00f3n multiusos clave encendedor","og_url":"https:\/\/www.refrigerantboys.com\/es\/compra\/equipo\/kit-de-soldadura-portatil\/","og_site_name":"Refrigerant Boys","article_modified_time":"2023-02-06T15:48:15+00:00","og_image":[{"width":495,"height":800,"url":"https:\/\/www.refrigerantboys.com\/wp-content\/uploads\/2017\/10\/prowelding-fronte-1-495x800.png","type":"image\/png"}],"twitter_card":"summary_large_image","twitter_misc":{"Tiempo de lectura":"1 minuto"},"schema":{"@context":"https:\/\/schema.org","@graph":[{"@type":"WebPage","@id":"https:\/\/www.refrigerantboys.com\/es\/compra\/equipo\/kit-de-soldadura-portatil\/","url":"https:\/\/www.refrigerantboys.com\/es\/compra\/equipo\/kit-de-soldadura-portatil\/","name":"Kit de soldadura port\u00e1til 3050\u00b0 - 100 lt | Refrigerant Boys","isPartOf":{"@id":"https:\/\/www.refrigerantboys.com\/es\/#website"},"datePublished":"2017-10-28T22:48:52+00:00","dateModified":"2023-02-06T15:48:15+00:00","description":"L tanque de ox\u00edgeno 100 - 110 Bares Cilindro de gas mix \u00a0450 g reductor de ox\u00edgeno y grifo de gas con v\u00e1lvulas de retenci\u00f3n doble protecci\u00f3n metal de aporte con desoxidante conjuntos de manguera de 2 metros Manejar con v\u00e1lvulas de regulaci\u00f3n y lanzamientos Microset (conjunto de microagujas) gafas de protecci\u00f3n multiusos clave encendedor","breadcrumb":{"@id":"https:\/\/www.refrigerantboys.com\/es\/compra\/equipo\/kit-de-soldadura-portatil\/#breadcrumb"},"inLanguage":"es","potentialAction":[{"@type":"ReadAction","target":["https:\/\/www.refrigerantboys.com\/es\/compra\/equipo\/kit-de-soldadura-portatil\/"]}]},{"@type":"BreadcrumbList","@id":"https:\/\/www.refrigerantboys.com\/es\/compra\/equipo\/kit-de-soldadura-portatil\/#breadcrumb","itemListElement":[{"@type":"ListItem","position":1,"name":"Home","item":"https:\/\/www.refrigerantboys.com\/es\/"},{"@type":"ListItem","position":2,"name":"Tienda","item":"https:\/\/www.refrigerantboys.com\/es\/tienda\/"},{"@type":"ListItem","position":3,"name":"Kit de soldadura port\u00e1til 3050\u00b0 &#8211; 100 lt"}]},{"@type":"WebSite","@id":"https:\/\/www.refrigerantboys.com\/es\/#website","url":"https:\/\/www.refrigerantboys.com\/es\/","name":"Refrigerant Boys","description":"Vendita gas refrigeranti","potentialAction":[{"@type":"SearchAction","target":{"@type":"EntryPoint","urlTemplate":"https:\/\/www.refrigerantboys.com\/es\/?s={search_term_string}"},"query-input":"required name=search_term_string"}],"inLanguage":"es"}]}},"_links":{"self":[{"href":"https:\/\/www.refrigerantboys.com\/es\/wp-json\/wp\/v2\/product\/2846"}],"collection":[{"href":"https:\/\/www.refrigerantboys.com\/es\/wp-json\/wp\/v2\/product"}],"about":[{"href":"https:\/\/www.refrigerantboys.com\/es\/wp-json\/wp\/v2\/types\/product"}],"wp:featuredmedia":[{"embeddable":true,"href":"https:\/\/www.refrigerantboys.com\/es\/wp-json\/wp\/v2\/media\/68304"}],"wp:attachment":[{"href":"https:\/\/www.refrigerantboys.com\/es\/wp-json\/wp\/v2\/media?parent=2846"}],"wp:term":[{"taxonomy":"product_cat","embeddable":true,"href":"https:\/\/www.refrigerantboys.com\/es\/wp-json\/wp\/v2\/product_cat?post=2846"},{"taxonomy":"product_tag","embeddable":true,"href":"https:\/\/www.refrigerantboys.com\/es\/wp-json\/wp\/v2\/product_tag?post=2846"}],"curies":[{"name":"wp","href":"https:\/\/api.w.org\/{rel}","templated":true}]}}