{"id":2768,"date":"2017-10-28T22:51:13","date_gmt":"2017-10-28T22:51:13","guid":{"rendered":"https:\/\/www.refrigerantboys.com\/sin%20categorizar\/at1234yf-a\/"},"modified":"2021-10-06T15:28:57","modified_gmt":"2021-10-06T14:28:57","slug":"acoplamiento-rapido-alta-presion-para-el-gas-r1234yf","status":"publish","type":"product","link":"https:\/\/www.refrigerantboys.com\/es\/compra\/equipo\/acoplamiento-rapido-alta-presion-para-el-gas-r1234yf\/","title":{"rendered":"Acoplamiento r\u00e1pido alta presi\u00f3n para el gas R1234yf"},"content":{"rendered":"<div class=\"page product-details-page panel panel-default form-panel\">\n<div class=\"panel-body\">\n<form id=\"product-details-form\" action=\"https:\/\/www.refrigerantboys.it\/es\/qc-hmcyfb\" method=\"post\" novalidate=\"novalidate\">\n<div data-productid=\"693\">\n<div class=\" product-essential\">\n<div class=\"tab-content\">\n<div id=\"description\" class=\"full-description tab-pane active\">\n<div class=\"accordion-item\">\n<div class=\"accordion-inner\">\n<p>Acoplamiento r\u00e1pido ALTA PRESI\u00d3N con conexi\u00f3n volante 1\/4 &#8220;SAE M + 12 mm F GAS R1234YF<\/p>\n<\/div>\n<\/div>\n<div class=\"accordion-item\"><\/div>\n<\/div>\n<\/div>\n<\/div>\n<\/div>\n<\/form>\n<\/div>\n<\/div>\n<div class=\"product-collateral\">\n<div class=\"product-grid home-page-product-grid\"><\/div>\n<\/div>\n","protected":false},"excerpt":{"rendered":"<p><!--more--><\/p>\n","protected":false},"featured_media":50147,"template":"","meta":[],"product_cat":[147],"product_tag":[],"acf":{"ai_note":""},"yoast_head":"<!-- This site is optimized with the Yoast SEO plugin v20.2 - https:\/\/yoast.com\/wordpress\/plugins\/seo\/ -->\n<title>Acoplamiento r\u00e1pido alta presi\u00f3n para el gas R1234yf | Refrigerant Boys<\/title>\n<meta name=\"robots\" content=\"index, follow, max-snippet:-1, max-image-preview:large, max-video-preview:-1\" \/>\n<link rel=\"canonical\" href=\"https:\/\/www.refrigerantboys.com\/es\/compra\/equipo\/acoplamiento-rapido-alta-presion-para-el-gas-r1234yf\/\" \/>\n<meta property=\"og:locale\" content=\"es_ES\" \/>\n<meta property=\"og:type\" content=\"article\" \/>\n<meta property=\"og:title\" content=\"Acoplamiento r\u00e1pido alta presi\u00f3n para el gas R1234yf | Refrigerant Boys\" \/>\n<meta property=\"og:url\" content=\"https:\/\/www.refrigerantboys.com\/es\/compra\/equipo\/acoplamiento-rapido-alta-presion-para-el-gas-r1234yf\/\" \/>\n<meta property=\"og:site_name\" content=\"Refrigerant Boys\" \/>\n<meta property=\"article:modified_time\" content=\"2021-10-06T14:28:57+00:00\" \/>\n<meta property=\"og:image\" content=\"https:\/\/www.refrigerantboys.com\/wp-content\/uploads\/2017\/10\/AT1234YF-A.jpg\" \/>\n\t<meta property=\"og:image:width\" content=\"337\" \/>\n\t<meta property=\"og:image:height\" content=\"473\" \/>\n\t<meta property=\"og:image:type\" content=\"image\/jpeg\" \/>\n<meta name=\"twitter:card\" content=\"summary_large_image\" \/>\n<meta name=\"twitter:label1\" content=\"Tiempo de lectura\" \/>\n\t<meta name=\"twitter:data1\" content=\"1 minuto\" \/>\n<script type=\"application\/ld+json\" class=\"yoast-schema-graph\">{\"@context\":\"https:\/\/schema.org\",\"@graph\":[{\"@type\":\"WebPage\",\"@id\":\"https:\/\/www.refrigerantboys.com\/es\/compra\/equipo\/acoplamiento-rapido-alta-presion-para-el-gas-r1234yf\/\",\"url\":\"https:\/\/www.refrigerantboys.com\/es\/compra\/equipo\/acoplamiento-rapido-alta-presion-para-el-gas-r1234yf\/\",\"name\":\"Acoplamiento r\u00e1pido alta presi\u00f3n para el gas R1234yf | Refrigerant Boys\",\"isPartOf\":{\"@id\":\"https:\/\/www.refrigerantboys.com\/es\/#website\"},\"datePublished\":\"2017-10-28T22:51:13+00:00\",\"dateModified\":\"2021-10-06T14:28:57+00:00\",\"breadcrumb\":{\"@id\":\"https:\/\/www.refrigerantboys.com\/es\/compra\/equipo\/acoplamiento-rapido-alta-presion-para-el-gas-r1234yf\/#breadcrumb\"},\"inLanguage\":\"es\",\"potentialAction\":[{\"@type\":\"ReadAction\",\"target\":[\"https:\/\/www.refrigerantboys.com\/es\/compra\/equipo\/acoplamiento-rapido-alta-presion-para-el-gas-r1234yf\/\"]}]},{\"@type\":\"BreadcrumbList\",\"@id\":\"https:\/\/www.refrigerantboys.com\/es\/compra\/equipo\/acoplamiento-rapido-alta-presion-para-el-gas-r1234yf\/#breadcrumb\",\"itemListElement\":[{\"@type\":\"ListItem\",\"position\":1,\"name\":\"Home\",\"item\":\"https:\/\/www.refrigerantboys.com\/es\/\"},{\"@type\":\"ListItem\",\"position\":2,\"name\":\"Tienda\",\"item\":\"https:\/\/www.refrigerantboys.com\/es\/tienda\/\"},{\"@type\":\"ListItem\",\"position\":3,\"name\":\"Acoplamiento r\u00e1pido alta presi\u00f3n para el gas R1234yf\"}]},{\"@type\":\"WebSite\",\"@id\":\"https:\/\/www.refrigerantboys.com\/es\/#website\",\"url\":\"https:\/\/www.refrigerantboys.com\/es\/\",\"name\":\"Refrigerant Boys\",\"description\":\"Vendita gas refrigeranti\",\"potentialAction\":[{\"@type\":\"SearchAction\",\"target\":{\"@type\":\"EntryPoint\",\"urlTemplate\":\"https:\/\/www.refrigerantboys.com\/es\/?s={search_term_string}\"},\"query-input\":\"required name=search_term_string\"}],\"inLanguage\":\"es\"}]}<\/script>\n<!-- \/ Yoast SEO plugin. -->","yoast_head_json":{"title":"Acoplamiento r\u00e1pido alta presi\u00f3n para el gas R1234yf | Refrigerant Boys","robots":{"index":"index","follow":"follow","max-snippet":"max-snippet:-1","max-image-preview":"max-image-preview:large","max-video-preview":"max-video-preview:-1"},"canonical":"https:\/\/www.refrigerantboys.com\/es\/compra\/equipo\/acoplamiento-rapido-alta-presion-para-el-gas-r1234yf\/","og_locale":"es_ES","og_type":"article","og_title":"Acoplamiento r\u00e1pido alta presi\u00f3n para el gas R1234yf | Refrigerant Boys","og_url":"https:\/\/www.refrigerantboys.com\/es\/compra\/equipo\/acoplamiento-rapido-alta-presion-para-el-gas-r1234yf\/","og_site_name":"Refrigerant Boys","article_modified_time":"2021-10-06T14:28:57+00:00","og_image":[{"width":337,"height":473,"url":"https:\/\/www.refrigerantboys.com\/wp-content\/uploads\/2017\/10\/AT1234YF-A.jpg","type":"image\/jpeg"}],"twitter_card":"summary_large_image","twitter_misc":{"Tiempo de lectura":"1 minuto"},"schema":{"@context":"https:\/\/schema.org","@graph":[{"@type":"WebPage","@id":"https:\/\/www.refrigerantboys.com\/es\/compra\/equipo\/acoplamiento-rapido-alta-presion-para-el-gas-r1234yf\/","url":"https:\/\/www.refrigerantboys.com\/es\/compra\/equipo\/acoplamiento-rapido-alta-presion-para-el-gas-r1234yf\/","name":"Acoplamiento r\u00e1pido alta presi\u00f3n para el gas R1234yf | Refrigerant Boys","isPartOf":{"@id":"https:\/\/www.refrigerantboys.com\/es\/#website"},"datePublished":"2017-10-28T22:51:13+00:00","dateModified":"2021-10-06T14:28:57+00:00","breadcrumb":{"@id":"https:\/\/www.refrigerantboys.com\/es\/compra\/equipo\/acoplamiento-rapido-alta-presion-para-el-gas-r1234yf\/#breadcrumb"},"inLanguage":"es","potentialAction":[{"@type":"ReadAction","target":["https:\/\/www.refrigerantboys.com\/es\/compra\/equipo\/acoplamiento-rapido-alta-presion-para-el-gas-r1234yf\/"]}]},{"@type":"BreadcrumbList","@id":"https:\/\/www.refrigerantboys.com\/es\/compra\/equipo\/acoplamiento-rapido-alta-presion-para-el-gas-r1234yf\/#breadcrumb","itemListElement":[{"@type":"ListItem","position":1,"name":"Home","item":"https:\/\/www.refrigerantboys.com\/es\/"},{"@type":"ListItem","position":2,"name":"Tienda","item":"https:\/\/www.refrigerantboys.com\/es\/tienda\/"},{"@type":"ListItem","position":3,"name":"Acoplamiento r\u00e1pido alta presi\u00f3n para el gas R1234yf"}]},{"@type":"WebSite","@id":"https:\/\/www.refrigerantboys.com\/es\/#website","url":"https:\/\/www.refrigerantboys.com\/es\/","name":"Refrigerant Boys","description":"Vendita gas refrigeranti","potentialAction":[{"@type":"SearchAction","target":{"@type":"EntryPoint","urlTemplate":"https:\/\/www.refrigerantboys.com\/es\/?s={search_term_string}"},"query-input":"required name=search_term_string"}],"inLanguage":"es"}]}},"_links":{"self":[{"href":"https:\/\/www.refrigerantboys.com\/es\/wp-json\/wp\/v2\/product\/2768"}],"collection":[{"href":"https:\/\/www.refrigerantboys.com\/es\/wp-json\/wp\/v2\/product"}],"about":[{"href":"https:\/\/www.refrigerantboys.com\/es\/wp-json\/wp\/v2\/types\/product"}],"wp:featuredmedia":[{"embeddable":true,"href":"https:\/\/www.refrigerantboys.com\/es\/wp-json\/wp\/v2\/media\/50147"}],"wp:attachment":[{"href":"https:\/\/www.refrigerantboys.com\/es\/wp-json\/wp\/v2\/media?parent=2768"}],"wp:term":[{"taxonomy":"product_cat","embeddable":true,"href":"https:\/\/www.refrigerantboys.com\/es\/wp-json\/wp\/v2\/product_cat?post=2768"},{"taxonomy":"product_tag","embeddable":true,"href":"https:\/\/www.refrigerantboys.com\/es\/wp-json\/wp\/v2\/product_tag?post=2768"}],"curies":[{"name":"wp","href":"https:\/\/api.w.org\/{rel}","templated":true}]}}