{"id":2706,"date":"2017-10-28T22:52:03","date_gmt":"2017-10-28T22:52:03","guid":{"rendered":"https:\/\/www.refrigerantboys.com\/sin%20categorizar\/bb448k08\/"},"modified":"2026-02-12T15:23:44","modified_gmt":"2026-02-12T14:23:44","slug":"botella-de-r448a-800-gr-valvula-de-1-4","status":"publish","type":"product","link":"https:\/\/www.refrigerantboys.com\/es\/compra\/fluidos-refrigerantes\/botella-de-r448a-800-gr-valvula-de-1-4\/","title":{"rendered":"Gas Refrigerante R448A \u2013 Bombona 800g V\u00e1lvula de 1\/4&#8243;"},"content":{"rendered":"<p data-path-to-node=\"34,0\"><b data-path-to-node=\"34,0\" data-index-in-node=\"0\">Eficiencia del futuro para refrigeraci\u00f3n profesional<\/b> Mezcla no inflamable (A1) de HFO y HFC. Excelente para refrigeraci\u00f3n comercial y log\u00edstica del fr\u00edo.<\/p>\n<ul data-path-to-node=\"34,1\">\n<li>\n<p data-path-to-node=\"34,1,0,0\"><b data-path-to-node=\"34,1,0,0\" data-index-in-node=\"0\">Ahorro Energ\u00e9tico:<\/b> Reduce el consumo hasta un 10%.<\/p>\n<\/li>\n<li>\n<p data-path-to-node=\"34,1,1,0\"><b data-path-to-node=\"34,1,1,0\" data-index-in-node=\"0\">Calidad Certificada:<\/b> Envases bajo normativa europea <b data-path-to-node=\"34,1,1,0\" data-index-in-node=\"52\">T-PED<\/b>.<\/p>\n<\/li>\n<li>\n<p data-path-to-node=\"34,1,2,0\"><b data-path-to-node=\"34,1,2,0\" data-index-in-node=\"0\">Uso Profesional:<\/b> V\u00e1lvula <b data-path-to-node=\"34,1,2,0\" data-index-in-node=\"25\">1\/4&#8243; SAE<\/b> compatible con herramientas est\u00e1ndar.<\/p>\n<\/li>\n<\/ul>\n<p>&nbsp;<\/p>\n","protected":false},"excerpt":{"rendered":"<div><span style=\"color: #166534; font-weight: bold;\">\u2713 Eco-Tax (Reg. UE 2024\/573)<\/span> <span style=\"color: #dc2626; font-weight: bold; margin-left: 5px;\">4,16 \u20ac\/kg<\/span><\/div>\n<p data-path-to-node=\"32,0\">El <b data-path-to-node=\"32,0\" data-index-in-node=\"3\">R448A (Solstice\u00ae N40)<\/b> es el refrigerante HFO de pr\u00f3xima generaci\u00f3n. Sustituto premium para R404A y R507, reduce el GWP en un 68%.<\/p>\n<ul data-path-to-node=\"32,1\">\n<li>\n<p data-path-to-node=\"32,1,0,0\"><b data-path-to-node=\"32,1,0,0\" data-index-in-node=\"0\">Formato:<\/b> Bombona compacta de 800g.<\/p>\n<\/li>\n<li>\n<p data-path-to-node=\"32,1,1,0\"><b data-path-to-node=\"32,1,1,0\" data-index-in-node=\"0\">Seguridad:<\/b> Cumple <b data-path-to-node=\"32,1,1,0\" data-index-in-node=\"18\">T-PED \/ EN 13322-1<\/b>.<\/p>\n<\/li>\n<li>\n<p data-path-to-node=\"32,1,2,0\"><b data-path-to-node=\"32,1,2,0\" data-index-in-node=\"0\">Conexi\u00f3n:<\/b> V\u00e1lvula <b data-path-to-node=\"32,1,2,0\" data-index-in-node=\"18\">1\/4&#8243; SAE<\/b>.<\/p>\n<\/li>\n<\/ul>\n","protected":false},"featured_media":8068,"template":"","meta":[],"product_cat":[152,172],"product_tag":[],"acf":{"ai_note":""},"yoast_head":"<!-- This site is optimized with the Yoast SEO plugin v20.2 - https:\/\/yoast.com\/wordpress\/plugins\/seo\/ -->\n<title>Gas Refrigerante R448A \u2013 Bombona 800g V\u00e1lvula de 1\/4&quot; | Refrigerant Boys<\/title>\n<meta name=\"description\" content=\"\u2713 Eco-Tax (Reg. UE 2024\/573) 4,16 \u20ac\/kg El R448A (Solstice\u00ae N40) es el refrigerante HFO de pr\u00f3xima generaci\u00f3n. Sustituto premium para R404A y R507, reduce el GWP en un 68%.     Formato: Bombona compacta de 800g.    Seguridad: Cumple T-PED \/ EN 13322-1.    Conexi\u00f3n: V\u00e1lvula 1\/4&quot; SAE.\" \/>\n<meta name=\"robots\" content=\"index, follow, max-snippet:-1, max-image-preview:large, max-video-preview:-1\" \/>\n<link rel=\"canonical\" href=\"https:\/\/www.refrigerantboys.com\/es\/compra\/fluidos-refrigerantes\/botella-de-r448a-800-gr-valvula-de-1-4\/\" \/>\n<meta property=\"og:locale\" content=\"es_ES\" \/>\n<meta property=\"og:type\" content=\"article\" \/>\n<meta property=\"og:title\" content=\"Gas Refrigerante R448A \u2013 Bombona 800g V\u00e1lvula de 1\/4&quot; | Refrigerant Boys\" \/>\n<meta property=\"og:description\" content=\"\u2713 Eco-Tax (Reg. UE 2024\/573) 4,16 \u20ac\/kg El R448A (Solstice\u00ae N40) es el refrigerante HFO de pr\u00f3xima generaci\u00f3n. Sustituto premium para R404A y R507, reduce el GWP en un 68%.     Formato: Bombona compacta de 800g.    Seguridad: Cumple T-PED \/ EN 13322-1.    Conexi\u00f3n: V\u00e1lvula 1\/4&quot; SAE.\" \/>\n<meta property=\"og:url\" content=\"https:\/\/www.refrigerantboys.com\/es\/compra\/fluidos-refrigerantes\/botella-de-r448a-800-gr-valvula-de-1-4\/\" \/>\n<meta property=\"og:site_name\" content=\"Refrigerant Boys\" \/>\n<meta property=\"article:modified_time\" content=\"2026-02-12T14:23:44+00:00\" \/>\n<meta property=\"og:image\" content=\"https:\/\/www.refrigerantboys.com\/wp-content\/uploads\/2017\/10\/0001723_0-1-1-260x457-1.jpeg\" \/>\n\t<meta property=\"og:image:width\" content=\"198\" \/>\n\t<meta property=\"og:image:height\" content=\"464\" \/>\n\t<meta property=\"og:image:type\" content=\"image\/jpeg\" \/>\n<meta name=\"twitter:card\" content=\"summary_large_image\" \/>\n<meta name=\"twitter:label1\" content=\"Tiempo de lectura\" \/>\n\t<meta name=\"twitter:data1\" content=\"1 minuto\" \/>\n<script type=\"application\/ld+json\" class=\"yoast-schema-graph\">{\"@context\":\"https:\/\/schema.org\",\"@graph\":[{\"@type\":\"WebPage\",\"@id\":\"https:\/\/www.refrigerantboys.com\/es\/compra\/fluidos-refrigerantes\/botella-de-r448a-800-gr-valvula-de-1-4\/\",\"url\":\"https:\/\/www.refrigerantboys.com\/es\/compra\/fluidos-refrigerantes\/botella-de-r448a-800-gr-valvula-de-1-4\/\",\"name\":\"Gas Refrigerante R448A \u2013 Bombona 800g V\u00e1lvula de 1\/4\\\" | Refrigerant Boys\",\"isPartOf\":{\"@id\":\"https:\/\/www.refrigerantboys.com\/es\/#website\"},\"datePublished\":\"2017-10-28T22:52:03+00:00\",\"dateModified\":\"2026-02-12T14:23:44+00:00\",\"description\":\"\u2713 Eco-Tax (Reg. UE 2024\/573) 4,16 \u20ac\/kg El R448A (Solstice\u00ae N40) es el refrigerante HFO de pr\u00f3xima generaci\u00f3n. Sustituto premium para R404A y R507, reduce el GWP en un 68%. Formato: Bombona compacta de 800g. Seguridad: Cumple T-PED \/ EN 13322-1. Conexi\u00f3n: V\u00e1lvula 1\/4\\\" SAE.\",\"breadcrumb\":{\"@id\":\"https:\/\/www.refrigerantboys.com\/es\/compra\/fluidos-refrigerantes\/botella-de-r448a-800-gr-valvula-de-1-4\/#breadcrumb\"},\"inLanguage\":\"es\",\"potentialAction\":[{\"@type\":\"ReadAction\",\"target\":[\"https:\/\/www.refrigerantboys.com\/es\/compra\/fluidos-refrigerantes\/botella-de-r448a-800-gr-valvula-de-1-4\/\"]}]},{\"@type\":\"BreadcrumbList\",\"@id\":\"https:\/\/www.refrigerantboys.com\/es\/compra\/fluidos-refrigerantes\/botella-de-r448a-800-gr-valvula-de-1-4\/#breadcrumb\",\"itemListElement\":[{\"@type\":\"ListItem\",\"position\":1,\"name\":\"Home\",\"item\":\"https:\/\/www.refrigerantboys.com\/es\/\"},{\"@type\":\"ListItem\",\"position\":2,\"name\":\"Tienda\",\"item\":\"https:\/\/www.refrigerantboys.com\/es\/tienda\/\"},{\"@type\":\"ListItem\",\"position\":3,\"name\":\"Gas Refrigerante R448A \u2013 Bombona 800g V\u00e1lvula de 1\/4&#8243;\"}]},{\"@type\":\"WebSite\",\"@id\":\"https:\/\/www.refrigerantboys.com\/es\/#website\",\"url\":\"https:\/\/www.refrigerantboys.com\/es\/\",\"name\":\"Refrigerant Boys\",\"description\":\"Vendita gas refrigeranti\",\"potentialAction\":[{\"@type\":\"SearchAction\",\"target\":{\"@type\":\"EntryPoint\",\"urlTemplate\":\"https:\/\/www.refrigerantboys.com\/es\/?s={search_term_string}\"},\"query-input\":\"required name=search_term_string\"}],\"inLanguage\":\"es\"}]}<\/script>\n<!-- \/ Yoast SEO plugin. -->","yoast_head_json":{"title":"Gas Refrigerante R448A \u2013 Bombona 800g V\u00e1lvula de 1\/4\" | Refrigerant Boys","description":"\u2713 Eco-Tax (Reg. UE 2024\/573) 4,16 \u20ac\/kg El R448A (Solstice\u00ae N40) es el refrigerante HFO de pr\u00f3xima generaci\u00f3n. Sustituto premium para R404A y R507, reduce el GWP en un 68%.     Formato: Bombona compacta de 800g.    Seguridad: Cumple T-PED \/ EN 13322-1.    Conexi\u00f3n: V\u00e1lvula 1\/4\" SAE.","robots":{"index":"index","follow":"follow","max-snippet":"max-snippet:-1","max-image-preview":"max-image-preview:large","max-video-preview":"max-video-preview:-1"},"canonical":"https:\/\/www.refrigerantboys.com\/es\/compra\/fluidos-refrigerantes\/botella-de-r448a-800-gr-valvula-de-1-4\/","og_locale":"es_ES","og_type":"article","og_title":"Gas Refrigerante R448A \u2013 Bombona 800g V\u00e1lvula de 1\/4\" | Refrigerant Boys","og_description":"\u2713 Eco-Tax (Reg. UE 2024\/573) 4,16 \u20ac\/kg El R448A (Solstice\u00ae N40) es el refrigerante HFO de pr\u00f3xima generaci\u00f3n. Sustituto premium para R404A y R507, reduce el GWP en un 68%.     Formato: Bombona compacta de 800g.    Seguridad: Cumple T-PED \/ EN 13322-1.    Conexi\u00f3n: V\u00e1lvula 1\/4\" SAE.","og_url":"https:\/\/www.refrigerantboys.com\/es\/compra\/fluidos-refrigerantes\/botella-de-r448a-800-gr-valvula-de-1-4\/","og_site_name":"Refrigerant Boys","article_modified_time":"2026-02-12T14:23:44+00:00","og_image":[{"width":198,"height":464,"url":"https:\/\/www.refrigerantboys.com\/wp-content\/uploads\/2017\/10\/0001723_0-1-1-260x457-1.jpeg","type":"image\/jpeg"}],"twitter_card":"summary_large_image","twitter_misc":{"Tiempo de lectura":"1 minuto"},"schema":{"@context":"https:\/\/schema.org","@graph":[{"@type":"WebPage","@id":"https:\/\/www.refrigerantboys.com\/es\/compra\/fluidos-refrigerantes\/botella-de-r448a-800-gr-valvula-de-1-4\/","url":"https:\/\/www.refrigerantboys.com\/es\/compra\/fluidos-refrigerantes\/botella-de-r448a-800-gr-valvula-de-1-4\/","name":"Gas Refrigerante R448A \u2013 Bombona 800g V\u00e1lvula de 1\/4\" | Refrigerant Boys","isPartOf":{"@id":"https:\/\/www.refrigerantboys.com\/es\/#website"},"datePublished":"2017-10-28T22:52:03+00:00","dateModified":"2026-02-12T14:23:44+00:00","description":"\u2713 Eco-Tax (Reg. UE 2024\/573) 4,16 \u20ac\/kg El R448A (Solstice\u00ae N40) es el refrigerante HFO de pr\u00f3xima generaci\u00f3n. Sustituto premium para R404A y R507, reduce el GWP en un 68%. Formato: Bombona compacta de 800g. Seguridad: Cumple T-PED \/ EN 13322-1. Conexi\u00f3n: V\u00e1lvula 1\/4\" SAE.","breadcrumb":{"@id":"https:\/\/www.refrigerantboys.com\/es\/compra\/fluidos-refrigerantes\/botella-de-r448a-800-gr-valvula-de-1-4\/#breadcrumb"},"inLanguage":"es","potentialAction":[{"@type":"ReadAction","target":["https:\/\/www.refrigerantboys.com\/es\/compra\/fluidos-refrigerantes\/botella-de-r448a-800-gr-valvula-de-1-4\/"]}]},{"@type":"BreadcrumbList","@id":"https:\/\/www.refrigerantboys.com\/es\/compra\/fluidos-refrigerantes\/botella-de-r448a-800-gr-valvula-de-1-4\/#breadcrumb","itemListElement":[{"@type":"ListItem","position":1,"name":"Home","item":"https:\/\/www.refrigerantboys.com\/es\/"},{"@type":"ListItem","position":2,"name":"Tienda","item":"https:\/\/www.refrigerantboys.com\/es\/tienda\/"},{"@type":"ListItem","position":3,"name":"Gas Refrigerante R448A \u2013 Bombona 800g V\u00e1lvula de 1\/4&#8243;"}]},{"@type":"WebSite","@id":"https:\/\/www.refrigerantboys.com\/es\/#website","url":"https:\/\/www.refrigerantboys.com\/es\/","name":"Refrigerant Boys","description":"Vendita gas refrigeranti","potentialAction":[{"@type":"SearchAction","target":{"@type":"EntryPoint","urlTemplate":"https:\/\/www.refrigerantboys.com\/es\/?s={search_term_string}"},"query-input":"required name=search_term_string"}],"inLanguage":"es"}]}},"_links":{"self":[{"href":"https:\/\/www.refrigerantboys.com\/es\/wp-json\/wp\/v2\/product\/2706"}],"collection":[{"href":"https:\/\/www.refrigerantboys.com\/es\/wp-json\/wp\/v2\/product"}],"about":[{"href":"https:\/\/www.refrigerantboys.com\/es\/wp-json\/wp\/v2\/types\/product"}],"wp:featuredmedia":[{"embeddable":true,"href":"https:\/\/www.refrigerantboys.com\/es\/wp-json\/wp\/v2\/media\/8068"}],"wp:attachment":[{"href":"https:\/\/www.refrigerantboys.com\/es\/wp-json\/wp\/v2\/media?parent=2706"}],"wp:term":[{"taxonomy":"product_cat","embeddable":true,"href":"https:\/\/www.refrigerantboys.com\/es\/wp-json\/wp\/v2\/product_cat?post=2706"},{"taxonomy":"product_tag","embeddable":true,"href":"https:\/\/www.refrigerantboys.com\/es\/wp-json\/wp\/v2\/product_tag?post=2706"}],"curies":[{"name":"wp","href":"https:\/\/api.w.org\/{rel}","templated":true}]}}