{"id":2687,"date":"2017-10-28T22:52:19","date_gmt":"2017-10-28T22:52:19","guid":{"rendered":"https:\/\/www.refrigerantboys.com\/sin%20categorizar\/kvidaz\/"},"modified":"2023-05-17T11:15:28","modified_gmt":"2023-05-17T09:15:28","slug":"kit-micro-micro-nitrogeno-hidrogeno-100-lt","status":"publish","type":"product","link":"https:\/\/www.refrigerantboys.com\/es\/compra\/equipo\/kit-micro-micro-nitrogeno-hidrogeno-100-lt\/","title":{"rendered":"Kit Microfugas Nitr\u00f3geno Hidr\u00f3geno 100 lt"},"content":{"rendered":"<p>Estuche con kit de microfugas, c\u00f3modo y f\u00e1cil de usar. B\u00fasqueda de microfugas en circuitos de refrigeraci\u00f3n &#8211; aire acondicionado &#8211; climatizaci\u00f3n de autom\u00f3viles, gracias a la fin\u00edsima mol\u00e9cula de hidr\u00f3geno .<\/p>\n<ul>\n<li>\n<div>El t\u00e9cnico debe presurizar el sistema a la presi\u00f3n correcta en funci\u00f3n del tipo de gas refrigerante utilizado; la presi\u00f3n de funcionamiento se muestra mediante el man\u00f3metro, <span style=\"color: #ff0000;\"><strong>las fugas se detectar\u00e1n f\u00e1cilmente leyendo el man\u00f3metro y el detector de fugas.<\/strong><\/span><\/div>\n<div><\/div>\n<\/li>\n<\/ul>\n<p style=\"text-align: left;\">&#8211; Pruebas de estanqueidad en sistemas de calefacci\u00f3n, ventilaci\u00f3n y aire acondicionado<br \/>\n&#8211; Control de fugas del evaporador y el condensador<br \/>\n&#8211; Limpieza de sistemas HVAC y A\/C<br \/>\n&#8211; Fundente en la fase de soldadura<br \/>\n&#8211; Comprobaci\u00f3n de la calibraci\u00f3n de man\u00f3metros \/ presostatos<\/p>\n<div class=\"page\" title=\"P\u00e1gina 1\">\n<div class=\"section\">\n<div class=\"layoutArea\">\n<div class=\"column\"><\/div>\n<\/div>\n<\/div>\n<\/div>\n","protected":false},"excerpt":{"rendered":"<ul>\n<li><strong>Kit con botella de<span style=\"font-size: 20px;\"> 100 litros de<\/span> capacidad: 5% hidr\u00f3geno 95% nitr\u00f3geno <\/strong><\/li>\n<\/ul>\n","protected":false},"featured_media":68542,"template":"","meta":[],"product_cat":[147],"product_tag":[],"acf":{"ai_note":""},"yoast_head":"<!-- This site is optimized with the Yoast SEO plugin v20.2 - https:\/\/yoast.com\/wordpress\/plugins\/seo\/ -->\n<title>Kit Microfugas Nitr\u00f3geno Hidr\u00f3geno 100 lt | Refrigerant Boys<\/title>\n<meta name=\"description\" content=\"Kit con botella de 100 litros de capacidad: 5% hidr\u00f3geno 95% nitr\u00f3geno\" \/>\n<meta name=\"robots\" content=\"index, follow, max-snippet:-1, max-image-preview:large, max-video-preview:-1\" \/>\n<link rel=\"canonical\" href=\"https:\/\/www.refrigerantboys.com\/es\/compra\/equipo\/kit-micro-micro-nitrogeno-hidrogeno-100-lt\/\" \/>\n<meta property=\"og:locale\" content=\"es_ES\" \/>\n<meta property=\"og:type\" content=\"article\" \/>\n<meta property=\"og:title\" content=\"Kit Microfugas Nitr\u00f3geno Hidr\u00f3geno 100 lt | Refrigerant Boys\" \/>\n<meta property=\"og:description\" content=\"Kit con botella de 100 litros de capacidad: 5% hidr\u00f3geno 95% nitr\u00f3geno\" \/>\n<meta property=\"og:url\" content=\"https:\/\/www.refrigerantboys.com\/es\/compra\/equipo\/kit-micro-micro-nitrogeno-hidrogeno-100-lt\/\" \/>\n<meta property=\"og:site_name\" content=\"Refrigerant Boys\" \/>\n<meta property=\"article:modified_time\" content=\"2023-05-17T09:15:28+00:00\" \/>\n<meta property=\"og:image\" content=\"https:\/\/www.refrigerantboys.com\/wp-content\/uploads\/2017\/10\/KVIDAZ-1-scaled.jpg\" \/>\n\t<meta property=\"og:image:width\" content=\"2422\" \/>\n\t<meta property=\"og:image:height\" content=\"2560\" \/>\n\t<meta property=\"og:image:type\" content=\"image\/jpeg\" \/>\n<meta name=\"twitter:card\" content=\"summary_large_image\" \/>\n<meta name=\"twitter:label1\" content=\"Tiempo de lectura\" \/>\n\t<meta name=\"twitter:data1\" content=\"1 minuto\" \/>\n<script type=\"application\/ld+json\" class=\"yoast-schema-graph\">{\"@context\":\"https:\/\/schema.org\",\"@graph\":[{\"@type\":\"WebPage\",\"@id\":\"https:\/\/www.refrigerantboys.com\/es\/compra\/equipo\/kit-micro-micro-nitrogeno-hidrogeno-100-lt\/\",\"url\":\"https:\/\/www.refrigerantboys.com\/es\/compra\/equipo\/kit-micro-micro-nitrogeno-hidrogeno-100-lt\/\",\"name\":\"Kit Microfugas Nitr\u00f3geno Hidr\u00f3geno 100 lt | Refrigerant Boys\",\"isPartOf\":{\"@id\":\"https:\/\/www.refrigerantboys.com\/es\/#website\"},\"datePublished\":\"2017-10-28T22:52:19+00:00\",\"dateModified\":\"2023-05-17T09:15:28+00:00\",\"description\":\"Kit con botella de 100 litros de capacidad: 5% hidr\u00f3geno 95% nitr\u00f3geno\",\"breadcrumb\":{\"@id\":\"https:\/\/www.refrigerantboys.com\/es\/compra\/equipo\/kit-micro-micro-nitrogeno-hidrogeno-100-lt\/#breadcrumb\"},\"inLanguage\":\"es\",\"potentialAction\":[{\"@type\":\"ReadAction\",\"target\":[\"https:\/\/www.refrigerantboys.com\/es\/compra\/equipo\/kit-micro-micro-nitrogeno-hidrogeno-100-lt\/\"]}]},{\"@type\":\"BreadcrumbList\",\"@id\":\"https:\/\/www.refrigerantboys.com\/es\/compra\/equipo\/kit-micro-micro-nitrogeno-hidrogeno-100-lt\/#breadcrumb\",\"itemListElement\":[{\"@type\":\"ListItem\",\"position\":1,\"name\":\"Home\",\"item\":\"https:\/\/www.refrigerantboys.com\/es\/\"},{\"@type\":\"ListItem\",\"position\":2,\"name\":\"Tienda\",\"item\":\"https:\/\/www.refrigerantboys.com\/es\/tienda\/\"},{\"@type\":\"ListItem\",\"position\":3,\"name\":\"Kit Microfugas Nitr\u00f3geno Hidr\u00f3geno 100 lt\"}]},{\"@type\":\"WebSite\",\"@id\":\"https:\/\/www.refrigerantboys.com\/es\/#website\",\"url\":\"https:\/\/www.refrigerantboys.com\/es\/\",\"name\":\"Refrigerant Boys\",\"description\":\"Vendita gas refrigeranti\",\"potentialAction\":[{\"@type\":\"SearchAction\",\"target\":{\"@type\":\"EntryPoint\",\"urlTemplate\":\"https:\/\/www.refrigerantboys.com\/es\/?s={search_term_string}\"},\"query-input\":\"required name=search_term_string\"}],\"inLanguage\":\"es\"}]}<\/script>\n<!-- \/ Yoast SEO plugin. -->","yoast_head_json":{"title":"Kit Microfugas Nitr\u00f3geno Hidr\u00f3geno 100 lt | Refrigerant Boys","description":"Kit con botella de 100 litros de capacidad: 5% hidr\u00f3geno 95% nitr\u00f3geno","robots":{"index":"index","follow":"follow","max-snippet":"max-snippet:-1","max-image-preview":"max-image-preview:large","max-video-preview":"max-video-preview:-1"},"canonical":"https:\/\/www.refrigerantboys.com\/es\/compra\/equipo\/kit-micro-micro-nitrogeno-hidrogeno-100-lt\/","og_locale":"es_ES","og_type":"article","og_title":"Kit Microfugas Nitr\u00f3geno Hidr\u00f3geno 100 lt | Refrigerant Boys","og_description":"Kit con botella de 100 litros de capacidad: 5% hidr\u00f3geno 95% nitr\u00f3geno","og_url":"https:\/\/www.refrigerantboys.com\/es\/compra\/equipo\/kit-micro-micro-nitrogeno-hidrogeno-100-lt\/","og_site_name":"Refrigerant Boys","article_modified_time":"2023-05-17T09:15:28+00:00","og_image":[{"width":2422,"height":2560,"url":"https:\/\/www.refrigerantboys.com\/wp-content\/uploads\/2017\/10\/KVIDAZ-1-scaled.jpg","type":"image\/jpeg"}],"twitter_card":"summary_large_image","twitter_misc":{"Tiempo de lectura":"1 minuto"},"schema":{"@context":"https:\/\/schema.org","@graph":[{"@type":"WebPage","@id":"https:\/\/www.refrigerantboys.com\/es\/compra\/equipo\/kit-micro-micro-nitrogeno-hidrogeno-100-lt\/","url":"https:\/\/www.refrigerantboys.com\/es\/compra\/equipo\/kit-micro-micro-nitrogeno-hidrogeno-100-lt\/","name":"Kit Microfugas Nitr\u00f3geno Hidr\u00f3geno 100 lt | Refrigerant Boys","isPartOf":{"@id":"https:\/\/www.refrigerantboys.com\/es\/#website"},"datePublished":"2017-10-28T22:52:19+00:00","dateModified":"2023-05-17T09:15:28+00:00","description":"Kit con botella de 100 litros de capacidad: 5% hidr\u00f3geno 95% nitr\u00f3geno","breadcrumb":{"@id":"https:\/\/www.refrigerantboys.com\/es\/compra\/equipo\/kit-micro-micro-nitrogeno-hidrogeno-100-lt\/#breadcrumb"},"inLanguage":"es","potentialAction":[{"@type":"ReadAction","target":["https:\/\/www.refrigerantboys.com\/es\/compra\/equipo\/kit-micro-micro-nitrogeno-hidrogeno-100-lt\/"]}]},{"@type":"BreadcrumbList","@id":"https:\/\/www.refrigerantboys.com\/es\/compra\/equipo\/kit-micro-micro-nitrogeno-hidrogeno-100-lt\/#breadcrumb","itemListElement":[{"@type":"ListItem","position":1,"name":"Home","item":"https:\/\/www.refrigerantboys.com\/es\/"},{"@type":"ListItem","position":2,"name":"Tienda","item":"https:\/\/www.refrigerantboys.com\/es\/tienda\/"},{"@type":"ListItem","position":3,"name":"Kit Microfugas Nitr\u00f3geno Hidr\u00f3geno 100 lt"}]},{"@type":"WebSite","@id":"https:\/\/www.refrigerantboys.com\/es\/#website","url":"https:\/\/www.refrigerantboys.com\/es\/","name":"Refrigerant Boys","description":"Vendita gas refrigeranti","potentialAction":[{"@type":"SearchAction","target":{"@type":"EntryPoint","urlTemplate":"https:\/\/www.refrigerantboys.com\/es\/?s={search_term_string}"},"query-input":"required name=search_term_string"}],"inLanguage":"es"}]}},"_links":{"self":[{"href":"https:\/\/www.refrigerantboys.com\/es\/wp-json\/wp\/v2\/product\/2687"}],"collection":[{"href":"https:\/\/www.refrigerantboys.com\/es\/wp-json\/wp\/v2\/product"}],"about":[{"href":"https:\/\/www.refrigerantboys.com\/es\/wp-json\/wp\/v2\/types\/product"}],"wp:featuredmedia":[{"embeddable":true,"href":"https:\/\/www.refrigerantboys.com\/es\/wp-json\/wp\/v2\/media\/68542"}],"wp:attachment":[{"href":"https:\/\/www.refrigerantboys.com\/es\/wp-json\/wp\/v2\/media?parent=2687"}],"wp:term":[{"taxonomy":"product_cat","embeddable":true,"href":"https:\/\/www.refrigerantboys.com\/es\/wp-json\/wp\/v2\/product_cat?post=2687"},{"taxonomy":"product_tag","embeddable":true,"href":"https:\/\/www.refrigerantboys.com\/es\/wp-json\/wp\/v2\/product_tag?post=2687"}],"curies":[{"name":"wp","href":"https:\/\/api.w.org\/{rel}","templated":true}]}}